{"id":91,"date":"2014-03-04T17:34:10","date_gmt":"2014-03-04T22:34:10","guid":{"rendered":"http:\/\/testkitplus.com\/fr\/?post_type=product&#038;p=91"},"modified":"2024-01-03T16:19:32","modified_gmt":"2024-01-03T21:19:32","slug":"kit-de-test-coupe-cocaine","status":"publish","type":"product","link":"https:\/\/testkitplus.com\/fr\/produit\/kit-de-test-coupe-cocaine","title":{"rendered":"Kit de test des produits de coupe de la Coca\u00efne"},"content":{"rendered":"<p>Ceci est un test simple et rapide pour d\u00e9terminer les produits de coupe de la coca\u00efne.<\/p>\n<h2>Pourquoi ce test est-il important?<\/h2>\n<p>Les dealers coupent en g\u00e9n\u00e9ral la coca\u00efne pour augmenter leurs marges. Les substances utilis\u00e9es pour la coupe sont parfois inoffensives, mais il arrive souvent que des substances dangeureuses soient ajout\u00e9es.<\/p>\n<p>Ce kit d\u00e9tecte les produits de coupe les plus habituels et dangeureux, y compris:<\/p>\n<ul>\n<li>Levamisole<\/li>\n<li>Phenacentine<\/li>\n<li>Eph\u00e9drine<\/li>\n<\/ul>\n<p>La coca\u00efne non coup\u00e9e ne r\u00e9agit pas \u00e0 ce test!!<\/p>\n<h3>Le kit de test des produits de coupe de la conca\u00efne contient<\/h3>\n<ul>\n<li>10 tests de coupe de la coca\u00efne<\/li>\n<li>10 spatules<\/li>\n<li>Une notice d&rsquo;utilisation<\/li>\n<\/ul>\n<p>Comparez simplement les r\u00e9sulats du test avec le tableau de couleurs fourni avec ce kit pour savoir si votre coca\u00efne est frelat\u00e9e.<\/p>\n<div class=\"wp-caption aligncenter\" style=\"width: 575px;\"><img loading=\"lazy\" decoding=\"async\" title=\"Coca\u00efne Purity Test Color Chart\" alt=\"Tableau de couleurs du Kit de test des produits de coupe de la Coca\u00efne\" src=\"\/wp-content\/uploads\/images\/reactions\/cocaine-cuts-test-kit-color-chart.jpg\" width=\"575\" height=\"263\" \/><\/p>\n<p class=\"wp-caption-text\">Kit de test des produits de coupe de la Coca\u00efne<\/p>\n<\/div>\n<h2>Qu&rsquo;est-ce que le Levamisole et pourquoi est-ce mauvais?<\/h2>\n<p>Le Levamisole est un m\u00e9dicament qui est typiquement utilis\u00e9 pour vermifuger le b\u00e9tail, mais chez les \u00eatres humains, il peut d\u00e9clencher un crash du syst\u00e8me immunitaire d\u00e9vastateur appel\u00e9\u00a0<a href=\"http:\/\/fr.wikipedia.org\/wiki\/Agranulocytose\">agranulocytose<\/a>. En d&rsquo;autres termes, le levamisole peut d\u00e9truire vos globules blancs, vous rendant vuln\u00e9rable aux infections.<\/p>\n<h2>Quelle est la chance de trouver du Levamisole dans la coca\u00efne?<\/h2>\n<p>Il fut un temps o\u00f9 l&rsquo;on trouvait rarement du levamisole dans la coca\u00efne (dans 1.9% des \u00e9chantillons en 2005), mais depuis juillet 2009, la DEA a rapport\u00e9 qu&rsquo;environ 70% de la coca\u00efne arrivant aux Etats-Unis contenait du levamisole.<sup>1<\/sup> Il a \u00e9t\u00e9 rapport\u00e9 que la proportion de coca\u00efne coup\u00e9e au levamisole a augment\u00e9 jusqu&rsquo;\u00e0 <strong>82%<\/strong> des \u00e9chantillons test\u00e9s en 2011.<sup>2<\/sup><\/p>\n<h2>Qu&rsquo;en est-il du test de puret\u00e9 de la coca\u00efne?<\/h2>\n<p>Ce test ne donne pas d&rsquo;indication en ce qui concerne la puret\u00e9 de votre coca\u00efne. A ce sujet, nous recommandons le <a title=\"Kit de test de puret\u00e9 de la Coca\u00efne\" href=\"\/fr\/produit\/kit-de-test-purete-cocaine\/\">Kit de test de puret\u00e9 de la Coca\u00efne<\/a>.<\/p>\n<h3>Autres lectures<\/h3>\n<p><a rel=\"nofollow noopener noreferrer\" href=\"http:\/\/www.thestranger.com\/seattle\/the-mystery-of-the-tainted-cocaine\/Content?oid=4683741\">Le myst\u00e8re de la coca\u00efne impure<\/a><\/p>\n<hr \/>\n<ol>\n<li style=\"font-size: smaller;\"><a rel=\"noopener\" href=\"http:\/\/www.ncbi.nlm.nih.gov\/pmc\/articles\/PMC3498128\/\">Les complications associ\u00e9es \u00e0 l&rsquo;utilisation de coca\u00efne l\u00e9vamisole contamin\u00e9e: Un d\u00e9fi de sant\u00e9 publique croissant<\/a><\/li>\n<li style=\"font-size: smaller;\"><a rel=\"noopener\" href=\"http:\/\/abcnews.go.com\/Health\/Wellness\/flesh-eating-cocaine-laced-veterinary-drug-levamisole\/story?id=13902353\">La coca\u00efne coup\u00e9e au m\u00e9dicament v\u00e9t\u00e9rinaire Levamisole ronge la chair<\/a><\/li>\n<\/ol>\n","protected":false},"excerpt":{"rendered":"<p>Ceci est un test simple et rapide pour d\u00e9terminer les produits de coupe de la coca\u00efne. Pourquoi ce test est-il important? Les dealers coupent en g\u00e9n\u00e9ral la coca\u00efne pour augmenter leurs marges. Les substances utilis\u00e9es pour la coupe sont parfois inoffensives, mais il arrive souvent que des substances dangeureuses soient ajout\u00e9es. Ce kit d\u00e9tecte les [&hellip;]<\/p>\n","protected":false},"featured_media":92,"template":"","meta":[],"product_brand":[],"product_cat":[17,42],"product_tag":[],"class_list":{"0":"post-91","1":"product","2":"type-product","3":"status-publish","4":"has-post-thumbnail","6":"product_cat-kits-de-test","7":"product_cat-kits-test-cocaine","9":"first","10":"instock","11":"taxable","12":"shipping-taxable","13":"purchasable","14":"product-type-simple"},"_links":{"self":[{"href":"https:\/\/testkitplus.com\/fr\/wp-json\/wp\/v2\/product\/91","targetHints":{"allow":["GET"]}}],"collection":[{"href":"https:\/\/testkitplus.com\/fr\/wp-json\/wp\/v2\/product"}],"about":[{"href":"https:\/\/testkitplus.com\/fr\/wp-json\/wp\/v2\/types\/product"}],"wp:featuredmedia":[{"embeddable":true,"href":"https:\/\/testkitplus.com\/fr\/wp-json\/wp\/v2\/media\/92"}],"wp:attachment":[{"href":"https:\/\/testkitplus.com\/fr\/wp-json\/wp\/v2\/media?parent=91"}],"wp:term":[{"taxonomy":"product_brand","embeddable":true,"href":"https:\/\/testkitplus.com\/fr\/wp-json\/wp\/v2\/product_brand?post=91"},{"taxonomy":"product_cat","embeddable":true,"href":"https:\/\/testkitplus.com\/fr\/wp-json\/wp\/v2\/product_cat?post=91"},{"taxonomy":"product_tag","embeddable":true,"href":"https:\/\/testkitplus.com\/fr\/wp-json\/wp\/v2\/product_tag?post=91"}],"curies":[{"name":"wp","href":"https:\/\/api.w.org\/{rel}","templated":true}]}}