{"id":89,"date":"2014-03-04T17:28:26","date_gmt":"2014-03-04T22:28:26","guid":{"rendered":"http:\/\/testkitplus.com\/fr\/?post_type=product&#038;p=89"},"modified":"2023-11-13T14:11:32","modified_gmt":"2023-11-13T19:11:32","slug":"kit-de-test-purete-cocaine","status":"publish","type":"product","link":"https:\/\/testkitplus.com\/fr\/produit\/kit-de-test-purete-cocaine","title":{"rendered":"Kit de test de puret\u00e9 de la Coca\u00efne"},"content":{"rendered":"<p>Utilisez le kit de test de puret\u00e9 de la Coca\u00efne afin d&rsquo;avoir une bonne id\u00e9e en ce qui concerne la puret\u00e9 de votre coca\u00efne. Il est \u00e9tonnement pr\u00e9cis et ne n\u00e9cessite qu&rsquo;un \u00e9chantillon tr\u00e8s petit. Vous n&rsquo;avez besoin que de 20 mg de coca\u00efne, ce qui repr\u00e9sente envisron la taille de la t\u00eate d&rsquo;un \u00e9pingle.<\/p>\n<p>Comparez facilement le r\u00e9sultat du test avec le tableau de couleurs fourni avec le kit afin de savoir \u00e0 quel point votre coca\u00efne est pure.<\/p>\n<div class=\"wp-caption aligncenter\" style=\"width: 575px;\"><img loading=\"lazy\" decoding=\"async\" title=\"Tableau de couleurs de la puret\u00e9 de la Coca\u00efne\" alt=\"Tableau de couleurs de la puret\u00e9 de la Coca\u00efne\" src=\"\/wp-content\/uploads\/images\/reactions\/cocaine-purity-test-kit-color-chart.jpg\" width=\"565\" height=\"258\" \/><\/p>\n<p class=\"wp-caption-text\">Tableau de couleurs de la puret\u00e9 de la Coca\u00efne<\/p>\n<\/div>\n<h3>Photo des diff\u00e9rences de puret\u00e9 de divers \u00e9chantillons de coca\u00efne<\/h3>\n<p><strong>Les r\u00e9sultats des tests effectu\u00e9s ci-dessus peuvent \u00eatre lus de la fa\u00e7on suivante:<\/strong><\/p>\n<ol>\n<li>La premi\u00e8re ampoule (o\u00f9 la couche du fond ressemble presque \u00e0 du caf\u00e9) \u00e9tait un \u00e9chantillon <strong>pur \u00e0 90%<\/strong> et vaut <strong>5 \u00e9toiles<\/strong>.<\/li>\n<li><span style=\"line-height: 1.5em;\">La seconde ampoule \u00e9tait un \u00e9chantillon <strong>pur \u00e0 70%<\/strong> et re\u00e7oit <strong>4 \u00e9toiles<\/strong>.<\/span><\/li>\n<li><span style=\"line-height: 1.5em;\">La troisi\u00e8me ampoule \u00e9tait un \u00e9chantillon <strong>pur \u00e0 60%<\/strong> et re\u00e7oit <strong>3 \u00e0 4 \u00e9toiles<\/strong>.<\/span><\/li>\n<li><span style=\"line-height: 1.5em;\">La quatri\u00e8me ampoule \u00e9tait un \u00e9chantillon <strong>pur \u00e0 50%<\/strong> (tr\u00e8s commun \u00e0 la vente sur les trottoirs) et m\u00e9rite de <strong>2 \u00e0 3 \u00e9toiles<\/strong>.<\/span><\/li>\n<li><span style=\"line-height: 1.5em;\">La derni\u00e8re ampoule ne contient presque <strong>pas de cocaine<\/strong>. Elle n&rsquo;atteint m\u00eame pas une \u00e9toile en puret\u00e9 (c&rsquo;\u00e9tait un \u00e9chantillon <strong>pur \u00e0 10%<\/strong>).<\/span><\/li>\n<\/ol>\n<p>L&rsquo;absence de coloration brune indique une faible quantit\u00e9 de cocca\u00efne: moins de 10%.<\/p>\n<h2>Le Kit de test de puret\u00e9 de la Coca\u00efne contient<\/h2>\n<ul>\n<li>10 tests de pur\u00e9t\u00e9 de la cocaine<\/li>\n<li><span style=\"line-height: 1.5em;\">10 spatules<\/span><\/li>\n<li><span> Une notice d&rsquo;utilisation<\/span><\/li>\n<\/ul>\n<h2>Important<\/h2>\n<p>N&rsquo;utilisez que 20mg (une petite portion) de votre \u00e9chantillon. Si vous en utilisez trop, le r\u00e9sultat sera fauss\u00e9! Lorsque vous comparez plusieurs \u00e9chantillons, utilisez la m\u00eame quantit\u00e9 d&rsquo;\u00e9chantillon pour chaque test. Vous pouvez utiliser le mat\u00e9riel qui est fourni avec le kit pour choisir la bonne quantit\u00e9. Mais pour un parfait r\u00e9sultat, utilisez plutot une <a href=\"\/fr\/produit\/balance-numerique-de-poche\" title=\"Digital Scale\">balance<\/a> qui vous permettra de peser l&rsquo;exacte quantit\u00e9 n\u00e9cessaire. Vous pouvez acheter une bonne balance portable depuis ce lien:<\/p>\n<p><a class=\"woo-sc-button\" href=\"\/fr\/produit\/balance-numerique-de-poche\" title=\"Balance num\u00e9rique pr\u00e9cise au milligramme\">Balance num\u00e9rique pr\u00e9cise au milligramme \u00bb<\/a><\/p>\n<h2>Astuce<\/h2>\n<p>Testez des \u00e9chantillons de diff\u00e9rentes provenances en m\u00eame temps, de fa\u00e7on \u00e0 plus facilement comparer les r\u00e9sultats. Prenez des photos des r\u00e9sultats des tests sous le m\u00eame \u00e9clairage et avec le m\u00eame appareil-photo. Utilisez les photos pour comparer les r\u00e9sultats avec vos futurs tests.<\/p>\n<h2>Produits de coupe de la Coca\u00efne<\/h2>\n<p>Ce test ne vous renseigne en rien au sujet des produits qui ont \u00e9t\u00e9 utilis\u00e9s pour couper l&rsquo;\u00e9chantillon. Afin de d\u00e9tecter les substances dangeureuses qui pourraient avoir \u00e9t\u00e9 ajout\u00e9es \u00e0 votre coca\u00efne, utilisez le <a title=\"Kit de test des produits de coupe de la Coca\u00efne\" href=\"\/fr\/produit\/kit-de-test-coupe-cocaine\/\">Kit de test des produits de coupe de la Coca\u00efne<\/a>.<\/p>\n<h2>Instructions en Vid\u00e9o du Test de Puret\u00e9 de la Coca\u00efne<\/h2>\n<p><!--[content_control status=\"logged_out\"][xoo_el_action type=\"login\" display=\"button\" text=\"Connectez-vous pour voir la vid\u00e9o \u00bb\" redirect_to=\"same\"][\/content_control][content_control]--><\/p>\n<div style=\"padding:56.25% 0 0 0;position:relative;\"><iframe src=\"https:\/\/player.vimeo.com\/video\/226028984\" frameborder=\"0\" allow=\"autoplay; fullscreen; picture-in-picture\" allowfullscreen style=\"position:absolute;top:0;left:0;width:100%;height:100%;\" title=\"Purity Tests Instruction Video\"><\/iframe><\/div>\n<p><script src=\"https:\/\/player.vimeo.com\/api\/player.js\"><\/script><!--[\/content_control]--><\/p>\n<h2>Note<\/h2>\n<p>Aucune drogue (qu&rsquo;elle soit l\u00e9gale ou ill\u00e9gale) n&rsquo;est enti\u00e8rement sans danger, nous recommandons d&rsquo;\u00e9viter l&rsquo;utilisation de toutes les drogues r\u00e9cr\u00e9atives.<\/p>\n","protected":false},"excerpt":{"rendered":"<p>Utilisez le kit de test de puret\u00e9 de la Coca\u00efne afin d&rsquo;avoir une bonne id\u00e9e en ce qui concerne la puret\u00e9 de votre coca\u00efne. Il est \u00e9tonnement pr\u00e9cis et ne n\u00e9cessite qu&rsquo;un \u00e9chantillon tr\u00e8s petit. Vous n&rsquo;avez besoin que de 20 mg de coca\u00efne, ce qui repr\u00e9sente envisron la taille de la t\u00eate d&rsquo;un \u00e9pingle. [&hellip;]<\/p>\n","protected":false},"featured_media":685,"template":"","meta":[],"product_brand":[],"product_cat":[17,42],"product_tag":[],"class_list":{"0":"post-89","1":"product","2":"type-product","3":"status-publish","4":"has-post-thumbnail","6":"product_cat-kits-de-test","7":"product_cat-kits-test-cocaine","9":"first","10":"instock","11":"taxable","12":"shipping-taxable","13":"purchasable","14":"product-type-simple"},"_links":{"self":[{"href":"https:\/\/testkitplus.com\/fr\/wp-json\/wp\/v2\/product\/89","targetHints":{"allow":["GET"]}}],"collection":[{"href":"https:\/\/testkitplus.com\/fr\/wp-json\/wp\/v2\/product"}],"about":[{"href":"https:\/\/testkitplus.com\/fr\/wp-json\/wp\/v2\/types\/product"}],"wp:featuredmedia":[{"embeddable":true,"href":"https:\/\/testkitplus.com\/fr\/wp-json\/wp\/v2\/media\/685"}],"wp:attachment":[{"href":"https:\/\/testkitplus.com\/fr\/wp-json\/wp\/v2\/media?parent=89"}],"wp:term":[{"taxonomy":"product_brand","embeddable":true,"href":"https:\/\/testkitplus.com\/fr\/wp-json\/wp\/v2\/product_brand?post=89"},{"taxonomy":"product_cat","embeddable":true,"href":"https:\/\/testkitplus.com\/fr\/wp-json\/wp\/v2\/product_cat?post=89"},{"taxonomy":"product_tag","embeddable":true,"href":"https:\/\/testkitplus.com\/fr\/wp-json\/wp\/v2\/product_tag?post=89"}],"curies":[{"name":"wp","href":"https:\/\/api.w.org\/{rel}","templated":true}]}}