{"id":87,"date":"2014-03-04T17:22:42","date_gmt":"2014-03-04T22:22:42","guid":{"rendered":"http:\/\/testkitplus.com\/fr\/?post_type=product&#038;p=87"},"modified":"2023-10-07T12:19:56","modified_gmt":"2023-10-07T16:19:56","slug":"fioles-de-test-supplementaires-pack-de-5-fioles","status":"publish","type":"product","link":"https:\/\/testkitplus.com\/fr\/produit\/fioles-de-test-supplementaires-pack-de-5-fioles","title":{"rendered":"Fioles de test suppl\u00e9mentaires \u2013 Pack de 5 fioles"},"content":{"rendered":"<p>Recevez des fioles de test suppl\u00e9mentaires, elles sont tr\u00e8s utiles! Le couvercle solidaire \u00e0 la fiole assure une bonne \u00e9tanch\u00e9it\u00e9, conservant le liquide de test \u00e0 l&rsquo;int\u00e9rieur de la fiole.<\/p>\n<p>Elles sont vendues par pack de 5.<\/p>\n<p>A utiliser avec:<\/p>\n<ul>\n<li><a title=\"Kit de test MDMA (Ecstasy)\" href=\"\/fr\/produit\/kit-de-test-mdma-ecstasy\">le kit de test MDMA (Ecstasy)<\/a><\/li>\n<li><a title=\"Kit de test K\u00e9tamine\/PMA\" href=\"\/fr\/produit\/kit-de-test-ketamine-pma\">le kit de test K\u00e9tamine\/PMA<\/a><\/li>\n<li><a title=\"Kit de test Opiac\u00e9s (Mecke)\" href=\"\/fr\/produit\/kit-de-test-opiaces-mecke\">le kit de test Opiac\u00e9s (Mecke)<\/a><\/li>\n<li><a title=\"Kit de d\u00e9pistage complet (Tout-En-Un)\" href=\"\/fr\/produit\/kit-de-depistage-complet-en\/\">le kit de test complet (Tout-En-Un)<\/a><\/li>\n<li><a title=\"Kit de test LSD\" href=\"\/fr\/produit\/kit-de-test-lsd\">Kit de test LSD<\/a><\/li>\n<\/ul>\n","protected":false},"excerpt":{"rendered":"<p>Recevez des fioles de test suppl\u00e9mentaires, elles sont tr\u00e8s utiles! Le couvercle solidaire \u00e0 la fiole assure une bonne \u00e9tanch\u00e9it\u00e9, conservant le liquide de test \u00e0 l&rsquo;int\u00e9rieur de la fiole. Elles sont vendues par pack de 5. A utiliser avec: le kit de test MDMA (Ecstasy) le kit de test K\u00e9tamine\/PMA le kit de test [&hellip;]<\/p>\n","protected":false},"featured_media":88,"template":"","meta":[],"product_brand":[],"product_cat":[18],"product_tag":[],"class_list":{"0":"post-87","1":"product","2":"type-product","3":"status-publish","4":"has-post-thumbnail","6":"product_cat-accessoires","8":"first","9":"instock","10":"taxable","11":"shipping-taxable","12":"purchasable","13":"product-type-simple"},"_links":{"self":[{"href":"https:\/\/testkitplus.com\/fr\/wp-json\/wp\/v2\/product\/87","targetHints":{"allow":["GET"]}}],"collection":[{"href":"https:\/\/testkitplus.com\/fr\/wp-json\/wp\/v2\/product"}],"about":[{"href":"https:\/\/testkitplus.com\/fr\/wp-json\/wp\/v2\/types\/product"}],"wp:featuredmedia":[{"embeddable":true,"href":"https:\/\/testkitplus.com\/fr\/wp-json\/wp\/v2\/media\/88"}],"wp:attachment":[{"href":"https:\/\/testkitplus.com\/fr\/wp-json\/wp\/v2\/media?parent=87"}],"wp:term":[{"taxonomy":"product_brand","embeddable":true,"href":"https:\/\/testkitplus.com\/fr\/wp-json\/wp\/v2\/product_brand?post=87"},{"taxonomy":"product_cat","embeddable":true,"href":"https:\/\/testkitplus.com\/fr\/wp-json\/wp\/v2\/product_cat?post=87"},{"taxonomy":"product_tag","embeddable":true,"href":"https:\/\/testkitplus.com\/fr\/wp-json\/wp\/v2\/product_tag?post=87"}],"curies":[{"name":"wp","href":"https:\/\/api.w.org\/{rel}","templated":true}]}}