{"id":83,"date":"2014-03-04T16:17:48","date_gmt":"2014-03-04T21:17:48","guid":{"rendered":"http:\/\/testkitplus.com\/fr\/?post_type=product&#038;p=83"},"modified":"2023-11-13T14:08:19","modified_gmt":"2023-11-13T19:08:19","slug":"kit-de-test-lsd","status":"publish","type":"product","link":"https:\/\/testkitplus.com\/fr\/produit\/kit-de-test-lsd","title":{"rendered":"Kit de test LSD"},"content":{"rendered":"<p>Utilisez ce kit pour tester la pr\u00e9sence de LSD.<\/p>\n<p>Les produits chimiques n\u00e9cessaires \u00e0 la synth\u00e8se du LSD sont difficiles \u00e0 obtenir. C&rsquo;est pourquoi les buvards ne contiennent souvent pas de LSD du tout. \u00c0 la place, ils contiennent des amph\u00e9tamines psych\u00e9d\u00e9liques comme le DOB, le DOI, le 2C-I-NBOMe, qui peuvent avoir des effets secondaires tr\u00e8s nocifs.<\/p>\n<p>Notre kit de test LSD contient ce qui est \u00e9galement connu sous le nom de test Ehrlich am\u00e9lior\u00e9, \u00ab\u00a0r\u00e9actif hallucinog\u00e8ne am\u00e9lior\u00e9\u00a0\u00bb, \u00ab\u00a0test DMAB modifi\u00e9\u00a0\u00bb et \u00ab\u00a0Ehrlich 2.0\u00a0\u00bb. Il a une dur\u00e9e de conservation plus longue, produit moins de vapeurs et fonctionne aussi bien que le test Ehrlich classique.<\/p>\n<p>Ce kit de test d\u00e9tecte les m\u00e9dicaments de la classe des \u00ab\u00a0indoles\u00a0\u00bb, tels que le LSD, le DMT, le 5-MeO-DMT, le 5-MeO-DIPT, la psilocybine, la psilocine, l&rsquo;AMT, et d&rsquo;autres.<br \/>\nUn tableau des r\u00e9actions de couleur, ainsi qu&rsquo;une fiole de test r\u00e9utilisable, sont \u00e9galement inclus dans le kit.<\/p>\n<table>\n<tbody>\n<tr>\n<th colspan=\"2\">Le Kit de Test LSD Comprend<\/th>\n<\/tr>\n<tr>\n<td><strong>Kit de base :<\/strong><\/p>\n<ul>\n<li>Flacon avec liquide de <a title=\"R\u00e9actif Ehrlich\" href=\"\/fr\/produit\/reactif-ehrlich\">test Ehrlich<\/a><\/li>\n<li>Tableau de couleurs avec instructions<\/li>\n<li>Fiole de test r\u00e9utilisable<\/li>\n<li>Bocal de protection pour le transport et le stockage.<\/li>\n<\/ul>\n<\/td>\n<td><strong>Package complet :<\/strong><\/p>\n<ul>\n<li>1 x flacon de <a title=\"R\u00e9actif Ehrlich\" href=\"\/fr\/produit\/reactif-ehrlich\">Ehrlich<\/a><\/li>\n<li>1 x flacon de <a title=\"R\u00e9actif Hofmann\" href=\"\/fr\/produit\/reactif-hofmann\">Hofmann<\/a><\/li>\n<li>Tableau de couleurs avec instructions pour chaque test<\/li>\n<li>2 x fioles de test r\u00e9utilisables<\/li>\n<li>Bocal de protection pour le transport et le stockage.<\/li>\n<\/ul>\n<\/td>\n<\/tr>\n<\/tbody>\n<\/table>\n<p><!--\n\n\n<h2>LSD Test - Video Demo<\/h2>\n\n\n<iframe loading=\"lazy\" width=\"560\" height=\"315\" src=\"https:\/\/www.youtube.com\/embed\/JQolfubmFSs\" frameborder=\"0\" allowfullscreen><\/iframe>\nSpecial thanks to <a href=\"https:\/\/www.youtube.com\/channel\/UCn8V3KNSgDr1Dai77_y8JrQ\" target=\"_blank\" rel=\"nofollow noopener noreferrer\">PsychedSubstance<\/a> for this video.--><br \/>\n<!--<iframe loading=\"lazy\" width=\"560\" height=\"315\" src=\"https:\/\/www.youtube.com\/embed\/9KZyA5KgphY\" frameborder=\"0\" allow=\"accelerometer; autoplay; encrypted-media; gyroscope; picture-in-picture\" allowfullscreen><\/iframe>--><\/p>\n<h3>Utilisation du Kit de Test LSD pour Tester le LSD<\/h3>\n<table>\n<tbody>\n<tr>\n<td><a title=\"R\u00e9actif Ehrlich\" href=\"\/fr\/produit\/reactif-ehrlich\"><img loading=\"lazy\" decoding=\"async\" class=\"allInOneProdImages\" alt=\"Image r\u00e9duite du r\u00e9actif Ehrlich.\" src=\"\/fr\/wp-content\/uploads\/lsd-test-kit-ehrlich-100x100.jpg\" width=\"100\" height=\"100\" \/><\/a><\/td>\n<td><strong>\u00c9tape 1)<\/strong> Commencez par le <a title=\"R\u00e9actif Ehrlich\" href=\"\/fr\/produit\/reactif-ehrlich\">test Ehrlich<\/a>. Si votre \u00e9chantillon ne produit pas une couleur violette au fil du temps (20 minutes ou plus) avec ce test, ce que vous avez n&rsquo;est pas du LSD. Aucun autre test n&rsquo;est n\u00e9cessaire. Si votre \u00e9chantillon devient violet, passez \u00e0 l&rsquo;\u00e9tape suivante.<\/p>\n<p><strong><a title=\"R\u00e9actif Ehrlich\" href=\"\/fr\/produit\/reactif-ehrlich\">R\u00e9actif Ehrlich<\/a> :\u00a0<\/strong>C&rsquo;est le kit de test principal pour le LSD. Il d\u00e9tecte la pr\u00e9sence de compos\u00e9s appel\u00e9s indoles, ce qui vous aide \u00e0 \u00e9viter les compos\u00e9s nocifs souvent vendus \u00e0 tort comme du LSD. D\u00e9tails du produit : <a title=\"R\u00e9actif Ehrlich\" href=\"\/fr\/produit\/reactif-ehrlich\">R\u00e9actif Ehrlich \u00bb<\/a><\/td>\n<\/tr>\n<tr>\n<td><a title=\"R\u00e9actif Hofmann\" href=\"\/fr\/produit\/reactif-hofmann\"><img loading=\"lazy\" decoding=\"async\" class=\"allInOneProdImages\" style=\"margin-bottom: 0px;\" src=\"\/fr\/wp-content\/uploads\/reactif-hofmann-100x100.webp\" alt=\"Kit de test Hofmann\" width=\"100\" height=\"100\" \/><\/a><\/td>\n<td><strong>\u00c9tape 2)<\/strong> Ensuite, testez votre \u00e9chantillon avec le <a title=\"R\u00e9actif Hofmann\" href=\"\/fr\/produit\/reactif-hofmann\">test Hofmann<\/a> si votre kit en est \u00e9quip\u00e9. Si la r\u00e9action de couleur entre votre \u00e9chantillon et le liquide de test ne s&rsquo;assombrit pas avec le temps (g\u00e9n\u00e9ralement un bleu marine), ce que vous avez n&rsquo;est pas du LSD. Notez que pour ce test, le temps de r\u00e9action sera plus lent que le test Ehrlich. Il peut prendre plus d&rsquo;une heure pour voir un changement de couleur.<\/p>\n<p><strong><a title=\"R\u00e9actif Hofmann\" href=\"\/product\/hofmann-reagent\">Hofmann reagent<\/a>:\u00a0<\/strong>Ce test produit des r\u00e9sultats distincts avec le LSD. Il est \u00e9galement un bon test pour le DMT. D\u00e9tails du produit : <a title=\"R\u00e9actif Hofmann\" href=\"\/product\/hofmann-reagent\">R\u00e9actif Hofmann \u00bb<\/a><\/td>\n<\/tr>\n<\/tbody>\n<\/table>\n<h3>D\u00e9monstration vid\u00e9o du kit de test pour LSD (LSD et 1P-LSD) [en anglais]<\/h3>\n<p><!--[content_control status=\"logged_out\"][xoo_el_action type=\"login\" display=\"button\" text=\"Connectez-vous pour voir la vid\u00e9o \u00bb\" redirect_to=\"same\"][\/content_control][content_control]--><iframe loading=\"lazy\" src=\"https:\/\/player.vimeo.com\/video\/836264843\" width=\"640\" height=\"360\" frameborder=\"0\" allowfullscreen=\"allowfullscreen\"><\/iframe><!--[\/content_control]--><\/p>\n<h2>Instructions du Kit de Test<\/h2>\n<ol>\n<li>Placez un petit \u00e9chantillon dans la fiole de test. Si vous testez du papier, coupez un coin. Les geltabs (petits carr\u00e9s de g\u00e9latine contenant du LSD) peuvent \u00eatre test\u00e9s en pla\u00e7ant une goutte ou deux du liquide de test sur une tr\u00e8s petite quantit\u00e9 de geltab. Les \u00e9chantillons plus importants en g\u00e9latine (comme les carr\u00e9s de jello) ne peuvent pas \u00eatre test\u00e9s. Les brownies, les cubes de sucre, les cookies, etc. ne peuvent pas \u00eatre test\u00e9s avec le kit car ils contiennent trop de mati\u00e8res \u00e9trang\u00e8res. Votre \u00e9chantillon devrait \u00eatre d&rsquo;environ cette taille : (\u25cf)<\/li>\n<li>Placez 1 \u00e0 2 gouttes du liquide de test du flacon compte-gouttes sur l&rsquo;\u00e9chantillon. NE laissez PAS l&rsquo;\u00e9chantillon toucher l&#8217;embout du flacon, sinon le r\u00e9actif sera contamin\u00e9 !<\/li>\n<li>Tenez la fiole de test au-dessus du pot en plastique ouvert, de sorte qu&rsquo;une goutte qui \u00e9chapperait \u00e0 la fiole atterrirait dans le pot. L&rsquo;utilisation d&rsquo;un plateau de test en c\u00e9ramique blanche peut vous aider \u00e0 voir les r\u00e9sultats plus facilement.<\/li>\n<li>Regardez le changement de couleur pendant 30 secondes \u00e0 3 minutes. Si vous testez du LSD sur buvard ou des geltabs, vous verrez probablement des couleurs moins vives par rapport au test de quelque chose de plus concentr\u00e9, comme un cristal. Vous devrez peut-\u00eatre lui donner un certain temps pour voir un changement de couleur (environ 3 minutes). Cependant, vous finirez par voir un changement de couleur si vous avez du LSD. Le 1P-LSD r\u00e9agira lentement avec ce test. Vous ne remarquerez peut-\u00eatre un changement de couleur qu&rsquo;apr\u00e8s 1 \u00e0 3 heures, et la couleur peut \u00eatre plus subtile qu&rsquo;avec le \u00ab\u00a0LSD normal\u00a0\u00bb.<\/li>\n<li>Comparez la couleur de la r\u00e9action avec le tableau des couleurs fourni.<\/li>\n<li>Fermez bien le flacon compte-gouttes. Si vous utilisez plus d&rsquo;un liquide de test, assurez-vous d&rsquo;ouvrir une seule bouteille \u00e0 la fois. Si vous inversez accidentellement les bouchons, le liquide de test sera contamin\u00e9 et g\u00e2ch\u00e9.<\/li>\n<li>Lavez soigneusement la fiole de test apr\u00e8s chaque utilisation.<\/li>\n<li>Conservez le flacon compte-gouttes dans un endroit frais pour maximiser sa dur\u00e9e de conservation, comme un cong\u00e9lateur.<\/li>\n<\/ol>\n<h2>Conseils pour le test de LSD<\/h2>\n<ul>\n<li>Si vous testez du LSD sur du papier buvard ou des geltabs, vous risquez de voir des couleurs moins vives par rapport au test de substances plus concentr\u00e9es, comme un cristal. Vous devrez peut-\u00eatre attendre un certain temps pour voir un changement de couleur (environ 3 minutes). Cependant, vous finirez par observer un changement de couleur si vous avez du LSD.<\/li>\n<li>Les g\u00e9lules (ou geltabs) (de petits carr\u00e9s de g\u00e9latine contenant du LSD) peuvent \u00eatre test\u00e9s en pla\u00e7ant une ou deux gouttes du liquide de test sur une tr\u00e8s petite quantit\u00e9 de g\u00e9lules. Avec le temps, une r\u00e9action de couleur appara\u00eetra si du LSD est pr\u00e9sent. Les \u00e9chantillons de g\u00e9latine plus volumineux (comme les carr\u00e9s de g\u00e9latine \u00e0 la gel\u00e9e) ne peuvent pas \u00eatre test\u00e9s. Les brownies, les morceaux de sucre, les biscuits, etc. ne peuvent pas \u00eatre test\u00e9s avec le kit car ils contiennent trop de mati\u00e8res \u00e9trang\u00e8res.<\/li>\n<li>Le flacon de test inclus dans le kit emp\u00eache votre peau de venir en contact avec le r\u00e9actif pendant le test. Des flacons de test suppl\u00e9mentaires sont \u00e9galement pratiques lorsque vous \u00eates en d\u00e9placement. Cependant, l&rsquo;utilisation d&rsquo;un plateau de test en c\u00e9ramique blanche peut vous aider \u00e0 voir les r\u00e9sultats plus facilement.<\/li>\n<li>Le <strong>1P-LSD<\/strong> r\u00e9agira lentement \u00e0 ce test. Vous ne remarquerez peut-\u00eatre un changement de couleur qu&rsquo;apr\u00e8s 1 \u00e0 3 heures, et la couleur peut \u00eatre plus subtile qu&rsquo;avec le \u00ab\u00a0LSD ordinaire\u00a0\u00bb.<\/li>\n<\/ul>\n<h3>Avis<\/h3>\n<p>Bien que le test r\u00e9actif soit la meilleure m\u00e9thode pour un test sur place, il n\u2019est jamais concluant \u00e0 100%. De nombreuses variables peuvent avoir un impact sur l\u2019aspect de la r\u00e9action. L\u2019\u00e9clairage, les impuret\u00e9s et les substances ind\u00e9sirables pr\u00e9sentes dans votre \u00e9chantillon peuvent tous jouer un r\u00f4le.<\/p>\n<p>Aucune drogue (l\u00e9gale ou ill\u00e9gale) n\u2019est totalement s\u00fbre, nous vous recommandons d\u2019\u00e9viter toute consommation de drogues \u00e0 usage r\u00e9cr\u00e9atif.<\/p>\n","protected":false},"excerpt":{"rendered":"<p>Confirmez que votre LSD est vraiment du LSD. Choisissez le package complet ou le kit de base. Notre kit de base comprend le test principal pour le LSD. Le package comprend deux kits suppl\u00e9mentaires pour identifier plus d\u00e9finitivement le LSD et exclure les faux positifs.<\/p>\n","protected":false},"featured_media":1736,"template":"","meta":[],"product_brand":[],"product_cat":[17],"product_tag":[],"class_list":{"0":"post-83","1":"product","2":"type-product","3":"status-publish","4":"has-post-thumbnail","6":"product_cat-kits-de-test","8":"first","9":"instock","10":"taxable","11":"shipping-taxable","12":"purchasable","13":"product-type-variable"},"_links":{"self":[{"href":"https:\/\/testkitplus.com\/fr\/wp-json\/wp\/v2\/product\/83","targetHints":{"allow":["GET"]}}],"collection":[{"href":"https:\/\/testkitplus.com\/fr\/wp-json\/wp\/v2\/product"}],"about":[{"href":"https:\/\/testkitplus.com\/fr\/wp-json\/wp\/v2\/types\/product"}],"wp:featuredmedia":[{"embeddable":true,"href":"https:\/\/testkitplus.com\/fr\/wp-json\/wp\/v2\/media\/1736"}],"wp:attachment":[{"href":"https:\/\/testkitplus.com\/fr\/wp-json\/wp\/v2\/media?parent=83"}],"wp:term":[{"taxonomy":"product_brand","embeddable":true,"href":"https:\/\/testkitplus.com\/fr\/wp-json\/wp\/v2\/product_brand?post=83"},{"taxonomy":"product_cat","embeddable":true,"href":"https:\/\/testkitplus.com\/fr\/wp-json\/wp\/v2\/product_cat?post=83"},{"taxonomy":"product_tag","embeddable":true,"href":"https:\/\/testkitplus.com\/fr\/wp-json\/wp\/v2\/product_tag?post=83"}],"curies":[{"name":"wp","href":"https:\/\/api.w.org\/{rel}","templated":true}]}}