{"id":79,"date":"2014-03-04T16:07:46","date_gmt":"2014-03-04T21:07:46","guid":{"rendered":"http:\/\/testkitplus.com\/fr\/?post_type=product&#038;p=79"},"modified":"2023-12-04T18:40:52","modified_gmt":"2023-12-04T23:40:52","slug":"kit-de-depistage-essentiel","status":"publish","type":"product","link":"https:\/\/testkitplus.com\/fr\/produit\/kit-de-depistage-essentiel","title":{"rendered":"Kit de d\u00e9pistage essentiel (3 en 1)"},"content":{"rendered":"<p>Procurez-vous ce forfait pour tester une large gamme de substances sans vous ruiner. Ce forfait comprend 3 de nos kits de test les plus populaires \u00e0 un prix r\u00e9duit. Il peut identifier la MDMA, la m\u00e9th\/amph\u00e9tamine, la k\u00e9tamine, la coca\u00efne, le LSD, le DMT, et bien plus encore.<\/p>\n<p>Chacun des six kits comprend suffisamment de liquide pour effectuer jusqu&rsquo;\u00e0 <strong>100 tests<\/strong>.<\/p>\n<h3>Contenu du Kit 3-en-1<\/h3>\n<table>\n<tr>\n<td><a title=\"R\u00e9actif Marquis\" href=\"\/fr\/produit\/reactif-marquis\"><img loading=\"lazy\" decoding=\"async\" class=\"allInOneProdImages\" alt=\"Image r\u00e9duite du r\u00e9actif Marquis.\" src=\"\/fr\/wp-content\/uploads\/reactif-marquis-100x100.webp\" width=\"100\" height=\"100\" \/><\/a><\/td>\n<td><strong><a title=\"Marquis reagent\" href=\"\/fr\/produit\/reactif-marquis\">Kit de Test Marquis<\/a> : <\/strong>Il s&rsquo;agit du kit de test principal pour la MDMA (Molly\/Extasy). Il est \u00e9galement un excellent test pour les amph\u00e9tamines et permet de d\u00e9tecter une large gamme d&rsquo;autres substances.<\/p>\n<p>D\u00e9tails du produit : <a title=\"R\u00e9actif Marquis\" href=\"\/fr\/produit\/reactif-marquis\">Kit de Test Marquis \u00bb<\/a><\/td>\n<\/tr>\n<tr>\n<td><a title=\"R\u00e9actif Morris\" href=\"\/fr\/produit\/reactif-morris\"><img loading=\"lazy\" decoding=\"async\" class=\"allInOneProdImages\" alt=\"Image r\u00e9duite du r\u00e9actif Morris.\" src=\"\/fr\/wp-content\/uploads\/kit-de-test-au-reactif-de-morris-100x100.webp\" width=\"100\" height=\"100\" \/><\/a><\/td>\n<td><strong><a title=\"R\u00e9actif Morris\" href=\"\/fr\/produit\/reactif-morris\">Kit de Test Morris<\/a> : <\/strong>Il s&rsquo;agit du kit de test principal pour la k\u00e9tamine. Morris est consid\u00e9r\u00e9 comme un test fiable pour la k\u00e9tamine car il n&rsquo;a pas \u00e9t\u00e9 trouv\u00e9 qu&rsquo;il changeait de couleur avec une autre substance test\u00e9e jusqu&rsquo;\u00e0 pr\u00e9sent. Morris est \u00e9galement un bon test pour la coca\u00efne.<br \/>\nD\u00e9tails du produit : <a title=\"Kit de Test Morris\" href=\"\/fr\/produit\/reactif-morris\">Kit de Test Morris \u00bb<\/a>\n<\/td>\n<\/tr>\n<tr>\n<td><a title=\"R\u00e9actif Ehrlich\" href=\"\/fr\/produit\/reactif-ehrlich\"><img loading=\"lazy\" decoding=\"async\" class=\"allInOneProdImages\" alt=\"Image r\u00e9duite du r\u00e9actif Ehrlich.\" src=\"\/fr\/wp-content\/uploads\/lsd-test-kit-ehrlich-100x100.jpg\" width=\"100\" height=\"100\" \/><\/a><\/td>\n<td><strong><a title=\"R\u00e9actif Ehrlich\" href=\"\/fr\/produit\/reactif-ehrlich\">Kit de Test Ehrlich<\/a> : <\/strong>Ce kit teste la pr\u00e9sence de LSD et d&rsquo;autres compos\u00e9s tels que le DMT. Utilisez-le pour \u00e9viter les compos\u00e9s nocifs \u00ab\u00a0NBOMEe\u00a0\u00bb qui sont souvent mal vendus comme du LSD.<\/p>\n<p>D\u00e9tails du produit : <a title=\"Kit de Test Ehrlich\" href=\"\/fr\/produit\/reactif-ehrlich\">Kit de Test Ehrlich \u00bb<\/a>\n<\/td>\n<\/tr>\n<\/table>\n<h3>Le kit de test contient :<\/h3>\n<ul>\n<li>3 flacons de r\u00e9actifs (chaque flacon contient suffisamment de liquide pour effectuer 100 tests)<\/li>\n<li>Un tableau de couleurs avec les instructions pour chaque test<\/li>\n<li>3 fioles de test r\u00e9utilisables<\/li>\n<li>Bocal de protection pour le transport et le stockage<\/li>\n<\/ul>\n<h3>Test LSD \u2013 Vid\u00e9o de D\u00e9monstration [en anglais]<\/h3>\n<p><!--<iframe loading=\"lazy\" width=\"560\" height=\"315\" src=\"https:\/\/www.youtube.com\/embed\/9KZyA5KgphY\" title=\"YouTube video player\" frameborder=\"0\" allow=\"accelerometer; autoplay; clipboard-write; encrypted-media; gyroscope; picture-in-picture\" allowfullscreen><\/iframe>--><br \/>\n<!--[content_control status=\"logged_out\"][xoo_el_action type=\"login\" display=\"button\" text=\"Connectez-vous pour voir la vid\u00e9o \u00bb\" redirect_to=\"same\"][\/content_control][content_control]--><iframe loading=\"lazy\" src=\"https:\/\/player.vimeo.com\/video\/836264843\" width=\"640\" height=\"360\" frameborder=\"0\" allow=\"autoplay; fullscreen; picture-in-picture\" allowfullscreen><\/iframe><!--[\/content_control]--><br \/>\nD\u00e9monstration du test LSD avec les tests <a href=\"\/fr\/produit\/reactif-ehrlich\">Ehrlich<\/a>  et <a href=\"\/fr\/produit\/reactif-hofmann\">Hofmann<\/a>. Le test <a href=\"\/fr\/produit\/reactif-ehrlich\">Ehrlich<\/a> est inclus dans ce forfait. Les r\u00e9sultats peuvent varier en fonction des impuret\u00e9s de l&rsquo;\u00e9chantillon, des adulterants et d&rsquo;autres facteurs.<\/p>\n<h3>Molly\/Ecstacy Test &#8211; Video Demo<\/h3>\n<p><!--<iframe loading=\"lazy\" width=\"560\" height=\"315\" src=\"https:\/\/www.youtube.com\/embed\/WQe4vNap168\" title=\"YouTube video player\" frameborder=\"0\" allow=\"accelerometer; autoplay; clipboard-write; encrypted-media; gyroscope; picture-in-picture\" allowfullscreen><\/iframe>--><br \/>\n<!--[content_control status=\"logged_out\"][xoo_el_action type=\"login\" display=\"button\" text=\"Connectez-vous pour voir la vid\u00e9o \u00bb\" redirect_to=\"same\"][\/content_control][content_control]--><iframe loading=\"lazy\" src=\"https:\/\/player.vimeo.com\/video\/836320440\" width=\"640\" height=\"360\" frameborder=\"0\" allow=\"autoplay; fullscreen; picture-in-picture\" allowfullscreen><\/iframe><!--[\/content_control]--><br \/>\nCette vid\u00e9o montre un test MDMA avec le test <a href=\"\/fr\/produit\/reactif-marquis\">Marquis<\/a>, ainsi que les tests <a href=\"\/fr\/produit\/reactif-mecke\">Mecke<\/a> et <a href=\"\/fr\/produit\/reactif-ehrlich\">Simon<\/a>. Les r\u00e9sultats peuvent varier en fonction des impuret\u00e9s de l&rsquo;\u00e9chantillon, des adulterants et d&rsquo;autres facteurs. Si votre principal objectif est de tester la MDMA, envisagez d&rsquo;obtenir notre Forfait Kit de Test MDMA. Il permet un test plus approfondi que le test <a href=\"\/fr\/produit\/reactif-ehrlich\">Marquis<\/a> seul.<\/p>\n<h3>Test de la K\u00e9tamine &#038; de la Coca\u00efne \u2013 Vid\u00e9o de D\u00e9monstration<\/h3>\n<p><!--<iframe loading=\"lazy\" width=\"560\" height=\"315\" src=\"https:\/\/www.youtube.com\/embed\/Lyvhv2b_iZ8\" title=\"YouTube video player\" frameborder=\"0\" allow=\"accelerometer; autoplay; clipboard-write; encrypted-media; gyroscope; picture-in-picture\" allowfullscreen><\/iframe>--><br \/>\n<!--[content_control status=\"logged_out\"][xoo_el_action type=\"login\" display=\"button\" text=\"Connectez-vous pour voir la vid\u00e9o \u00bb\" redirect_to=\"same\"][\/content_control][content_control]--><iframe loading=\"lazy\" src=\"https:\/\/player.vimeo.com\/video\/831513269\" width=\"640\" height=\"360\" frameborder=\"0\" allow=\"autoplay; fullscreen; picture-in-picture\" allowfullscreen><\/iframe><!--[\/content_control]--><\/p>\n<h3>Notification<\/h3>\n<p>Bien que les tests par r\u00e9actifs constituent la meilleure m\u00e9thode de test sur-le-champ, ils ne sont jamais d\u00e9finitifs \u00e0 100%. Il y a de nombreuses variables qui peuvent influer sur l&rsquo;aspect de la r\u00e9action. L&rsquo;\u00e9clairage, les impuret\u00e9s, et des substances ind\u00e9sirables dans votre \u00e9chantillon peuvent tous jouer un r\u00f4le.<\/p>\n<p>Aucune drogue (qu&rsquo;elle soit l\u00e9gale ou ill\u00e9gale) n&rsquo;est enti\u00e8rement sans danger, nous recommandons d&rsquo;\u00e9viter l&rsquo;utilisation de toutes les drogues r\u00e9cr\u00e9atives.<\/p>\n","protected":false},"excerpt":{"rendered":"<p>Procurez-vous ce forfait pour tester une large gamme de substances sans vous ruiner. Ce forfait comprend 3 de nos kits de test les plus populaires \u00e0 un prix r\u00e9duit. Il peut identifier la MDMA, la m\u00e9th\/amph\u00e9tamine, la k\u00e9tamine, la coca\u00efne, le LSD, le DMT, et bien plus encore. Chacun des six kits comprend suffisamment de [&hellip;]<\/p>\n","protected":false},"featured_media":1725,"template":"","meta":[],"product_brand":[],"product_cat":[17],"product_tag":[],"class_list":{"0":"post-79","1":"product","2":"type-product","3":"status-publish","4":"has-post-thumbnail","6":"product_cat-kits-de-test","8":"first","9":"instock","10":"taxable","11":"shipping-taxable","12":"purchasable","13":"product-type-simple"},"_links":{"self":[{"href":"https:\/\/testkitplus.com\/fr\/wp-json\/wp\/v2\/product\/79","targetHints":{"allow":["GET"]}}],"collection":[{"href":"https:\/\/testkitplus.com\/fr\/wp-json\/wp\/v2\/product"}],"about":[{"href":"https:\/\/testkitplus.com\/fr\/wp-json\/wp\/v2\/types\/product"}],"wp:featuredmedia":[{"embeddable":true,"href":"https:\/\/testkitplus.com\/fr\/wp-json\/wp\/v2\/media\/1725"}],"wp:attachment":[{"href":"https:\/\/testkitplus.com\/fr\/wp-json\/wp\/v2\/media?parent=79"}],"wp:term":[{"taxonomy":"product_brand","embeddable":true,"href":"https:\/\/testkitplus.com\/fr\/wp-json\/wp\/v2\/product_brand?post=79"},{"taxonomy":"product_cat","embeddable":true,"href":"https:\/\/testkitplus.com\/fr\/wp-json\/wp\/v2\/product_cat?post=79"},{"taxonomy":"product_tag","embeddable":true,"href":"https:\/\/testkitplus.com\/fr\/wp-json\/wp\/v2\/product_tag?post=79"}],"curies":[{"name":"wp","href":"https:\/\/api.w.org\/{rel}","templated":true}]}}