{"id":74,"date":"2014-03-04T15:42:40","date_gmt":"2014-03-04T20:42:40","guid":{"rendered":"http:\/\/testkitplus.com\/fr\/?post_type=product&#038;p=74"},"modified":"2023-10-06T19:13:31","modified_gmt":"2023-10-06T23:13:31","slug":"kit-de-test-opioides","status":"publish","type":"product","link":"https:\/\/testkitplus.com\/fr\/produit\/kit-de-test-opioides","title":{"rendered":"Kit de test pour les opio\u00efdes"},"content":{"rendered":"<p>Utilisez notre kit de test d&rsquo;opio\u00efdes pour identifier les opio\u00efdes comme l&rsquo;h\u00e9ro\u00efne, la morphine, la cod\u00e9ine, l&rsquo;oxycodone, le fentanyl et plus encore. Le kit comprend trois r\u00e9actifs diff\u00e9rents pour identifier avec pr\u00e9cision les opio\u00efdes, ainsi que des bandelettes de test de fentanyl.<\/p>\n<h3>Le kit de test d&rsquo;opio\u00efdes comprend<\/h3>\n<ul>\n<li>1 x flacon de <a title=\"R\u00e9actif Mecke\" href=\"\/fr\/produit\/reactif-mecke\">Mecke<\/a><\/li>\n<li>1 x flacon de <a title=\"R\u00e9actif Marquis\" href=\"\/fr\/produit\/reactif-marquis\">Marquis<\/a><\/li>\n<li>1 x flacon de <a title=\"Kit de Test Froehde\" href=\"\/fr\/produit\/reactif-froehde\">Froehde<\/a><\/li>\n<li>10 x <a title=\"Bandes de Test de Fentanyl\" href=\"\/fr\/produit\/bandelettes-de-test-fentanyl\">bandes de test de fentanyl<\/a><\/li>\n<li>Nuancier avec instructions pour chaque test<\/li>\n<li>3 x fiole de test r\u00e9utilisables<\/li>\n<li>Bocal de protection pour le transport et le stockage<\/li>\n<\/ul>\n<h2>Instructions du Kit de Test de R\u00e9actifs<\/h2>\n<ol>\n<li>Mettez un petit \u00e9chantillon dans la fiole de test. Votre \u00e9chantillon devrait \u00eatre d&rsquo;environ cette taille : (\u25cf)<\/li>\n<li>Tenez la fiole de test au-dessus du pot en plastique ouvert, de mani\u00e8re \u00e0 ce que si une goutte manque la fiole, elle atterrisse dans le pot.<\/li>\n<li>D\u00e9posez 1 \u00e0 2 gouttes du liquide de test provenant de la bouteille compte-gouttes sur l&rsquo;\u00e9chantillon. NE laissez PAS l&rsquo;\u00e9chantillon toucher l&#8217;embout de la bouteille, sinon le r\u00e9actif sera contamin\u00e9 !<\/li>\n<li>Observez le changement de couleur pendant 30 \u00e0 60 secondes. Certaines r\u00e9actions se produisent rapidement, d&rsquo;autres peuvent prendre plus de temps.<\/li>\n<li>Comparez la couleur de la r\u00e9action avec le tableau des couleurs fourni.<\/li>\n<li>Fermez soigneusement la bouteille compte-gouttes. Si vous utilisez plus d&rsquo;un liquide de test, assurez-vous d&rsquo;ouvrir une seule bouteille \u00e0 la fois. Si vous inversez accidentellement les bouchons, le liquide de test sera contamin\u00e9 et g\u00e2ch\u00e9.<\/li>\n<li>Lavez soigneusement la fiole de test apr\u00e8s chaque utilisation.<\/li>\n<li>Conservez la bouteille compte-gouttes dans un endroit frais pour maximiser sa dur\u00e9e de conservation, comme un cong\u00e9lateur.<\/li>\n<\/ol>\n<h3>Avis<\/h3>\n<p>Bien que le test r\u00e9actif soit la meilleure m\u00e9thode pour un test sur place, il n\u2019est jamais concluant \u00e0 100%. De nombreuses variables peuvent avoir un impact sur l\u2019aspect de la r\u00e9action. L\u2019\u00e9clairage, les impuret\u00e9s et les substances ind\u00e9sirables pr\u00e9sentes dans votre \u00e9chantillon peuvent tous jouer un r\u00f4le.<\/p>\n<p>Aucune drogue (l\u00e9gale ou ill\u00e9gale) n\u2019est totalement s\u00fbre, nous vous recommandons d\u2019\u00e9viter toute consommation de drogues \u00e0 usage r\u00e9cr\u00e9atif.<\/p>\n","protected":false},"excerpt":{"rendered":"<p>Notre kit de test d&rsquo;opio\u00efdes comprend 3 kits de test diff\u00e9rents pour identifier avec pr\u00e9cision les opio\u00efdes, ainsi que 10 bandelettes de test de fentanyl.<\/p>\n","protected":false},"featured_media":1775,"template":"","meta":[],"product_brand":[],"product_cat":[17],"product_tag":[],"class_list":{"0":"post-74","1":"product","2":"type-product","3":"status-publish","4":"has-post-thumbnail","6":"product_cat-kits-de-test","8":"first","9":"instock","10":"taxable","11":"shipping-taxable","12":"purchasable","13":"product-type-simple"},"_links":{"self":[{"href":"https:\/\/testkitplus.com\/fr\/wp-json\/wp\/v2\/product\/74","targetHints":{"allow":["GET"]}}],"collection":[{"href":"https:\/\/testkitplus.com\/fr\/wp-json\/wp\/v2\/product"}],"about":[{"href":"https:\/\/testkitplus.com\/fr\/wp-json\/wp\/v2\/types\/product"}],"wp:featuredmedia":[{"embeddable":true,"href":"https:\/\/testkitplus.com\/fr\/wp-json\/wp\/v2\/media\/1775"}],"wp:attachment":[{"href":"https:\/\/testkitplus.com\/fr\/wp-json\/wp\/v2\/media?parent=74"}],"wp:term":[{"taxonomy":"product_brand","embeddable":true,"href":"https:\/\/testkitplus.com\/fr\/wp-json\/wp\/v2\/product_brand?post=74"},{"taxonomy":"product_cat","embeddable":true,"href":"https:\/\/testkitplus.com\/fr\/wp-json\/wp\/v2\/product_cat?post=74"},{"taxonomy":"product_tag","embeddable":true,"href":"https:\/\/testkitplus.com\/fr\/wp-json\/wp\/v2\/product_tag?post=74"}],"curies":[{"name":"wp","href":"https:\/\/api.w.org\/{rel}","templated":true}]}}