{"id":70,"date":"2014-03-04T15:25:02","date_gmt":"2014-03-04T20:25:02","guid":{"rendered":"http:\/\/testkitplus.com\/fr\/?post_type=product&#038;p=70"},"modified":"2023-12-04T16:24:58","modified_gmt":"2023-12-04T21:24:58","slug":"kit-de-test-ketamine","status":"publish","type":"product","link":"https:\/\/testkitplus.com\/fr\/produit\/kit-de-test-ketamine","title":{"rendered":"Kit de test K\u00e9tamine"},"content":{"rendered":"<h2>Ketamine Test Kit Description<\/h2>\n<p>Procurez-vous ce kit pour identifier la k\u00e9tamine (Special K) et \u00e9liminer les m\u00e9dicaments vendus \u00e0 tort comme de la k\u00e9tamine. Avec la popularit\u00e9 croissante de la k\u00e9tamine, de nouveaux dissociatifs sont de plus en plus souvent vendus comme de la k\u00e9tamine. Il s&rsquo;agit notamment de substances telles que le 2F-FDCK et le DCK, ainsi que d&rsquo;analogues du PCP comme le 3-Hydroxy-PCP. Ces m\u00e9dicaments ont des temps d&rsquo;apparition, des dur\u00e9es, des normes de dosage et des profils de risque diff\u00e9rents.<\/p>\n<table>\n<tbody>\n<tr>\n<th colspan=\"2\">Kit de Test de la K\u00e9tamine Comprend<\/th>\n<\/tr>\n<tr>\n<td><strong>Kit de base :<\/strong><\/p>\n<ul>\n<li>Flacon avec liquide de <a title=\"R\u00e9actif Marquis\" href=\"\/fr\/produit\/reactif-morris\">test Morris<\/a><\/li>\n<li>Tableau de couleurs avec instructions<\/li>\n<li>Fiole de test r\u00e9utilisable<\/li>\n<li>Bocal de protection pour le transport et le stockage<\/li>\n<\/ul>\n<\/td>\n<td><strong>Complete package:<\/strong><\/p>\n<ul>\n<li>1 x Flacon de <a title=\"R\u00e9actif Morris\" href=\"\/fr\/produit\/reactif-marquis\">Morris<\/a><\/li>\n<li>1 x Flacon de <a title=\"R\u00e9actif Mandelin\" href=\"\/fr\/produit\/reactif-mandelin\">Mandelin<\/a><\/li>\n<li>1 x Flacon de <a title=\"R\u00e9actif Froehde\" href=\"\/fr\/produit\/reactif-froehde\">Froehde<\/a><\/li>\n<li>1 x Flacon de <a title=\"R\u00e9actif Liebermann\" href=\"\/fr\/produit\/reactif-liebermann\">Liebermann<\/a><\/li>\n<li>Tableau de couleurs avec instructions pour chaque test<\/li>\n<li>4 x Fioles de test r\u00e9utilisables<\/li>\n<li>Bocal de protection pour le transport et le stockage<\/li>\n<\/ul>\n<\/td>\n<\/tr>\n<\/tbody>\n<\/table>\n<h3>Utilisation du Forfait de Test de la K\u00e9tamine pour Tester la K\u00e9tamine (Special K)<\/h3>\n<table>\n<tr>\n<td><a title=\"R\u00e9actif Morris\" href=\"\/fr\/produit\/reactif-morris\"><img loading=\"lazy\" decoding=\"async\" class=\"allInOneProdImages\" alt=\"Image r\u00e9duite du r\u00e9actif Morris.\" src=\"\/fr\/wp-content\/uploads\/kit-de-test-au-reactif-de-morris-100x100.webp\" width=\"100\" height=\"100\" \/><\/a><\/td>\n<td><strong><a title=\"R\u00e9actif Morris\" href=\"\/fr\/produit\/reactif-morris\">Kit de Test Morris<\/a> : <\/strong>Il s&rsquo;agit du kit de test principal pour la k\u00e9tamine. Morris est consid\u00e9r\u00e9 comme un test fiable pour la k\u00e9tamine car il n&rsquo;a pas \u00e9t\u00e9 trouv\u00e9 qu&rsquo;il changeait de couleur avec une autre substance test\u00e9e jusqu&rsquo;\u00e0 pr\u00e9sent. Morris est \u00e9galement un bon test pour la coca\u00efne. Il est diff\u00e9rent de la plupart des autres tests \u00e0 quelques \u00e9gards &#8211; veuillez consulter la page des d\u00e9tails du produit pour plus d&rsquo;informations.<\/p>\n<p>D\u00e9tails du produit : <a title=\"Kit de Test Morris\" href=\"\/fr\/produit\/reactif-morris\">Kit de Test Morris \u00bb<\/a>\n<\/td>\n<\/tr>\n<tr>\n<td>\n<a title=\"R\u00e9actif Mandelin\" href=\"\/fr\/produit\/reactif-mandelin\"><img loading=\"lazy\" decoding=\"async\" class=\"allInOneProdImages\" alt=\"Image r\u00e9duite du r\u00e9actif Mandelin.\" src=\"\/fr\/wp-content\/uploads\/kit-de-test-au-reactif-de-mandelin-100x100.webp\" width=\"100\" height=\"100\" \/><\/a>\n<\/td>\n<td>\n<strong><a title=\"Kit de Test Mandelin\" href=\"\/fr\/produit\/reactif-morris\">Kit de Test Mandelin<\/a> : <\/strong>Mandelin est un excellent test secondaire pour la k\u00e9tamine. Il produit une couleur orange rouge\u00e2tre profonde avec la k\u00e9tamine et est utile pour tester des substances nocives telles que le PMA\/PMMA.<\/p>\n<p>D\u00e9tails du produit : <a title=\"Kit de Test Mandelin\" href=\"\/fr\/produit\/reactif-mandelin\">Kit de Test Mandelin \u00bb<\/a>\n<\/td>\n<\/tr>\n<tr>\n<td>\n<a title=\"Kit de Test Froehde\" href=\"\/fr\/produit\/reactif-froehde\"><img loading=\"lazy\" decoding=\"async\" class=\"allInOneProdImages\" alt=\"Kit de Test Froehde\" src=\"\/wp-content\/uploads\/froehde-reagent-test-kit-100x100.jpg\" width=\"100\" height=\"100\" \/><\/a>\n<\/td>\n<td>\n<strong><a title=\"Kit de Test Froehde\" href=\"\/fr\/produit\/reactif-froehde\">Kit de Test Froehde<\/a> : <\/strong>Le test Froehde aide \u00e0 d\u00e9tecter diverses coupes telles que le MXP, le 4-MeO-PCP, le 3-HO-PCE. Frohede ne produit pas de changement de couleur avec de la k\u00e9tamine pure.<\/p>\n<p>D\u00e9tails du produit : <a title=\"Kit de Test Froehde\" href=\"\/fr\/produit\/reactif-froehde\">Kit de Test Froehde \u00bb<\/a>\n<\/td>\n<\/tr>\n<tr>\n<td>\n<a title=\"Liebermann Test Kit\" href=\"\/fr\/produit\/reactif-liebermann\"><img loading=\"lazy\" decoding=\"async\" class=\"allInOneProdImages\" alt=\"Liebermann Test Kit\" src=\"\/wp-content\/uploads\/liebermann-reagent-test-kit-100x100.jpg\" width=\"100\" height=\"100\" \/><\/a>\n<\/td>\n<td>\n<p><strong><a title=\"Kit de Test Liebermann\" href=\"\/fr\/produit\/reactif-liebermann\">Kit de Test Liebermann<\/a>: <\/strong>Liebermann peut diff\u00e9rencier la k\u00e9tamine de l&rsquo;analogique de la k\u00e9tamine, le 2-MeO-k\u00e9tamine (M\u00e9thoxyk\u00e9tamine). <a title=\"Kit de Test Liebermann\" href=\"\/fr\/produit\/reactif-liebermann\">Liebermann<\/a> est \u00e9galement utile pour \u00e9liminer le DXM, le 3-HO-PCE et d&rsquo;autres adulterants.<br \/>\nD\u00e9tails du produit : <a title=\"Kit de Test Liebermann\" href=\"\/fr\/produit\/reactif-liebermann\">Kit de Test Liebermann \u00bb<\/a>\n<\/td>\n<\/tr>\n<\/table>\n<h2>Tests de K\u00e9tamine &#8211; Vid\u00e9os de D\u00e9monstration [en anglais]<\/h2>\n<p><!-- <iframe loading=\"lazy\" width=\"560\" height=\"315\" src=\"https:\/\/www.youtube.com\/embed\/Lyvhv2b_iZ8\" title=\"YouTube video player\" frameborder=\"0\" allow=\"accelerometer; autoplay; clipboard-write; encrypted-media; gyroscope; picture-in-picture\" allowfullscreen><\/iframe>\n\n<iframe loading=\"lazy\" width=\"560\" height=\"315\" src=\"https:\/\/www.youtube.com\/embed\/G1fE990o6bA\" title=\"YouTube video player\" frameborder=\"0\" allow=\"accelerometer; autoplay; clipboard-write; encrypted-media; gyroscope; picture-in-picture\" allowfullscreen><\/iframe>--><\/p>\n<p><!--[content_control status=\"logged_out\"][xoo_el_action type=\"login\" display=\"button\" text=\"Connectez-vous pour voir la vid\u00e9o \u00bb\" redirect_to=\"same\"][\/content_control][content_control]--><br \/>\n<iframe loading=\"lazy\" src=\"https:\/\/player.vimeo.com\/video\/831513269\" width=\"640\" height=\"360\" frameborder=\"0\" allow=\"autoplay; fullscreen; picture-in-picture\" allowfullscreen><\/iframe><\/p>\n<p><iframe loading=\"lazy\" src=\"https:\/\/player.vimeo.com\/video\/835624057\" width=\"640\" height=\"360\" frameborder=\"0\" allow=\"autoplay; fullscreen; picture-in-picture\" allowfullscreen><\/iframe><br \/>\n<!--[\/content_control]--><\/p>\n<h3>Notification<\/h3>\n<p>Bien que les tests par r\u00e9actifs constituent la meilleure m\u00e9thode de test sur-le-champ, ils ne sont jamais d\u00e9finitifs \u00e0 100%. Il y a de nombreuses variables qui peuvent influer sur l&rsquo;aspect de la r\u00e9action. L&rsquo;\u00e9clairage, les impuret\u00e9s, et des substances ind\u00e9sirables dans votre \u00e9chantillon peuvent tous jouer un r\u00f4le.<\/p>\n<p>Aucune drogue (qu&rsquo;elle soit l\u00e9gale ou ill\u00e9gale) n&rsquo;est enti\u00e8rement sans danger, nous recommandons d&rsquo;\u00e9viter l&rsquo;utilisation de toutes les drogues r\u00e9cr\u00e9atives.<\/p>\n","protected":false},"excerpt":{"rendered":"<p>Confirmez que votre k\u00e9tamine est effectivement de la k\u00e9tamine et \u00e9liminez les m\u00e9dicaments vendus \u00e0 tort comme de la k\u00e9tamine. Choisissez le forfait complet ou le kit de test de base. Notre kit de base comprend le test principal pour la k\u00e9tamine. Le forfait comprend 4 kits pour identifier plus d\u00e9finitivement la k\u00e9tamine, \u00e9liminer les faux positifs et d\u00e9tecter les coupes.<\/p>\n","protected":false},"featured_media":1733,"template":"","meta":[],"product_brand":[],"product_cat":[17],"product_tag":[],"class_list":{"0":"post-70","1":"product","2":"type-product","3":"status-publish","4":"has-post-thumbnail","6":"product_cat-kits-de-test","8":"first","9":"instock","10":"taxable","11":"shipping-taxable","12":"purchasable","13":"product-type-variable"},"_links":{"self":[{"href":"https:\/\/testkitplus.com\/fr\/wp-json\/wp\/v2\/product\/70","targetHints":{"allow":["GET"]}}],"collection":[{"href":"https:\/\/testkitplus.com\/fr\/wp-json\/wp\/v2\/product"}],"about":[{"href":"https:\/\/testkitplus.com\/fr\/wp-json\/wp\/v2\/types\/product"}],"wp:featuredmedia":[{"embeddable":true,"href":"https:\/\/testkitplus.com\/fr\/wp-json\/wp\/v2\/media\/1733"}],"wp:attachment":[{"href":"https:\/\/testkitplus.com\/fr\/wp-json\/wp\/v2\/media?parent=70"}],"wp:term":[{"taxonomy":"product_brand","embeddable":true,"href":"https:\/\/testkitplus.com\/fr\/wp-json\/wp\/v2\/product_brand?post=70"},{"taxonomy":"product_cat","embeddable":true,"href":"https:\/\/testkitplus.com\/fr\/wp-json\/wp\/v2\/product_cat?post=70"},{"taxonomy":"product_tag","embeddable":true,"href":"https:\/\/testkitplus.com\/fr\/wp-json\/wp\/v2\/product_tag?post=70"}],"curies":[{"name":"wp","href":"https:\/\/api.w.org\/{rel}","templated":true}]}}