{"id":66,"date":"2014-03-04T15:07:09","date_gmt":"2014-03-04T20:07:09","guid":{"rendered":"http:\/\/testkitplus.com\/fr\/?post_type=product&#038;p=66"},"modified":"2023-12-04T16:24:29","modified_gmt":"2023-12-04T21:24:29","slug":"kit-de-test-mdma-ecstasy","status":"publish","type":"product","link":"https:\/\/testkitplus.com\/fr\/produit\/kit-de-test-mdma-ecstasy","title":{"rendered":"Kit de test MDMA"},"content":{"rendered":"<p>Utilisez ce kit pour tester la pr\u00e9sence de MDMA et de MDA (un compos\u00e9 \u00e9troitement apparent\u00e9). \u00ab\u00a0Molly\u00a0\u00bb et \u00ab\u00a0Ecstasy\u00a0\u00bb sont des noms de rue pour la MDMA. Les revendeurs essaient d&rsquo;augmenter leurs marges b\u00e9n\u00e9ficiaires, d&rsquo;autres m\u00e9dicaments sont donc souvent mal vendus comme de la MDMA. Cela est dangereux car les niveaux de toxicit\u00e9 de ces autres m\u00e9dicaments peuvent \u00eatre inconnus ou consid\u00e9rablement plus \u00e9lev\u00e9s que ceux de la MDMA. Les d\u00e9lais d&rsquo;apparition peuvent \u00eatre plus longs qu&rsquo;avec de la vraie MDMA, ce qui peut amener une personne \u00e0 en reprendre. Ces facteurs ont entra\u00een\u00e9 de nombreux cas de dommages corporels et de d\u00e9c\u00e8s par overdose.<\/p>\n<p>Drogues vendus \u00e0 tort comme de la MDMA :<\/p>\n<ul>\n<li>Speed (amph\u00e9tamine)<\/li>\n<li>DXM (un anesth\u00e9sique dissociatif trouv\u00e9 dans les m\u00e9dicaments contre la toux)<\/li>\n<li>M\u00e9thamph\u00e9tamine (Crystal, Ice)<\/li>\n<li>M\u00e9thylone et d&rsquo;autres m\u00e9dicaments d&rsquo;une classe appel\u00e9e cathinones synth\u00e9tiques<\/li>\n<li>PMA\/PMMA<\/li>\n<li>Beaucoup d&rsquo;autres<\/li>\n<\/ul>\n<p>Un tableau de r\u00e9action des couleurs, ainsi qu&rsquo;une fiole de test r\u00e9utilisable, sont \u00e9galement inclus avec le kit.<\/p>\n<table>\n<tbody>\n<tr>\n<th colspan=\"2\">Kit de Test MDMA Comprend<\/th>\n<\/tr>\n<tr>\n<td><strong>Kit de base :<\/strong><\/p>\n<ul>\n<li>Flacon avec liquide de <a title=\"R\u00e9actif Marquis\" href=\"\/fr\/produit\/reactif-marquis\">test Marquis<\/a><\/li>\n<li>Tableau de couleurs avec instructions<\/li>\n<li>Fiole de test r\u00e9utilisable<\/li>\n<li>Bocal de protection pour le transport et le stockage<\/li>\n<\/ul>\n<\/td>\n<td><strong>Forfait complet :<\/strong><\/p>\n<ul>\n<li>1 x flacon de <a title=\"R\u00e9actif Marquis\" href=\"\/fr\/produit\/reactif-marquis\">Marquis<\/a><\/li>\n<li>1 x flacon de <a title=\"R\u00e9actif Froehde\" href=\"\/fr\/produit\/reactif-froehde\">Froehde<\/a><\/li>\n<li>1 x flacon de <a title=\"R\u00e9actif Simon\" href=\"\/fr\/produit\/reactif-simon\">Simon<\/a><\/li>\n<li>Tableau de couleurs avec instructions pour chaque test<\/li>\n<li>3 x fioles de test r\u00e9utilisables<\/li>\n<li>Bocal de protection pour le transport et le stockage<\/li>\n<\/ul>\n<\/td>\n<\/tr>\n<\/tbody>\n<\/table>\n<h3>Utilisation du Forfait de Test MDMA pour Tester la Molly\/Ecstasy (MDMA\/MDA)<\/h3>\n<table>\n<tbody>\n<tr>\n<td><a title=\"R\u00e9actif Marquis\" href=\"\/fr\/produit\/reactif-marquis\"><img loading=\"lazy\" decoding=\"async\" class=\"allInOneProdImages\" src=\"\/fr\/wp-content\/uploads\/reactif-marquis-100x100.webp\" alt=\"Image r\u00e9duite du r\u00e9actif Marquis.\" width=\"100\" height=\"100\" \/><\/a><\/td>\n<td><strong>\u00c9tape 1)<\/strong> Commencez par le <a title=\"R\u00e9actif Marquis\" href=\"\/fr\/produit\/reactif-marquis\">test Marquis<\/a>. Si votre \u00e9chantillon ne produit pas une couleur violet fonc\u00e9\/noir avec ce test, ce que vous avez n&rsquo;est certainement pas de la Molly. Aucun autre test n&rsquo;est n\u00e9cessaire. Si votre \u00e9chantillon devient violet fonc\u00e9\/noir, passez \u00e0 la deuxi\u00e8me \u00e9tape.<\/p>\n<p><strong> <a title=\"R\u00e9actif Marquis\" href=\"\/fr\/produit\/reactif-marquis\">Kit de Test Marquis<\/a> : <\/strong>Il s&rsquo;agit du kit de test principal pour la Molly. Il permet \u00e9galement de d\u00e9tecter une large gamme d&rsquo;autres substances. D\u00e9tails du produit : <a title=\"R\u00e9actif Marquis\" href=\"\/fr\/produit\/reactif-marquis\">Kit de Test Marquis \u00bb<\/a><\/td>\n<\/tr>\n<tr>\n<td><a title=\"R\u00e9actif Froehde\" href=\"\/fr\/produit\/reactif-froehde\"><img loading=\"lazy\" decoding=\"async\" class=\"allInOneProdImages\" src=\"\/fr\/wp-content\/uploads\/reactif-froehde-100x100.webp\" alt=\"Kit de test Froehde\" width=\"100\" height=\"100\" \/><\/a><\/td>\n<td><strong>\u00c9tape 2)<\/strong> Ensuite, testez votre \u00e9chantillon avec le test Froehde. Si la r\u00e9action de couleur entre votre \u00e9chantillon et le liquide de test devient noire rapidement, passez \u00e0 l&rsquo;\u00e9tape 3. Sinon, ce que vous avez n&rsquo;est pas de la Molly\/Ecstasy et aucun autre test n&rsquo;est n\u00e9cessaire.<\/p>\n<p><strong><a title=\"Kit de Test Froehde\" href=\"\/fr\/produit\/reactif-froehde\">Kit de Test Froehde<\/a>: <\/strong>Ce test produit des r\u00e9sultats distincts avec l&rsquo;Ecstasy ainsi qu&rsquo;avec le 5-APB et le 6-APB (qui sont souvent vendus comme de la fausse Molly). C&rsquo;est \u00e9galement un bon test pour les coupes dangereuses, la PMA et la PMMA. D\u00e9tails du produit : <a title=\"Froehde Test Kit\" href=\"\/fr\/produit\/reactif-froehde\">Kit de Test Froehde \u00bb<\/a><\/td>\n<\/tr>\n<tr>\n<td><a title=\"R\u00e9actif Simon\" href=\"\/fr\/produit\/reactif-simon\"><img loading=\"lazy\" decoding=\"async\" class=\"allInOneProdImages\" src=\"\/fr\/wp-content\/uploads\/reactif-simon-100x100.webp\" alt=\"Simons Test Kit\" width=\"100\" height=\"100\" \/><\/a><\/td>\n<td><strong>\u00c9tape 3)<\/strong> Enfin, utilisez le <a title=\"Simon's reagent\" href=\"\/fr\/produit\/reactif-simon\">test Simon<\/a> sur votre \u00e9chantillon. La r\u00e9action produira imm\u00e9diatement une couleur bleue, sinon, votre \u00e9chantillon n&rsquo;est pas de la Molly.<\/p>\n<p><strong><a title=\"R\u00e9actif Simon\" href=\"\/fr\/produit\/reactif-simon\">Kit de Test Simon<\/a> : <\/strong>Ce test permet de diff\u00e9rencier la MDMA (Molly) de la MDA (un compos\u00e9 apparent\u00e9). Il diff\u00e9rencie \u00e9galement l&rsquo;amph\u00e9tamine de la m\u00e9thamph\u00e9tamine. D\u00e9tails du produit : <a title=\"R\u00e9actif Simon\" href=\"\/fr\/produit\/reactif-simon\">Kit de Test Simon \u00bb<\/a><\/td>\n<\/tr>\n<\/tbody>\n<\/table>\n<h2>Instructions du Kit de Test<\/h2>\n<ol>\n<li>Mettez un petit \u00e9chantillon dans la fiole de test. Votre \u00e9chantillon devrait \u00eatre d&rsquo;environ cette taille : (\u25cf)<\/li>\n<li>Tenez la fiole de test au-dessus du pot en plastique ouvert, de sorte que si une goutte manque la fiole, elle atterrira dans le pot.<\/li>\n<li>Placez 1 \u00e0 2 gouttes du liquide de test du flacon compte-gouttes sur l&rsquo;\u00e9chantillon. NE laissez PAS l&rsquo;\u00e9chantillon toucher l&#8217;embout du flacon, sinon le r\u00e9actif sera contamin\u00e9 !<\/li>\n<li>Observez le changement de couleur pendant 30 \u00e0 60 secondes. Certaines r\u00e9actions se produisent rapidement (la MDMA met seulement quelques secondes \u00e0 devenir violette fonc\u00e9e\/noire). D&rsquo;autres r\u00e9actions prennent plus de temps (l&rsquo;aspirine et le sucre changent progressivement de couleur en quelques minutes).<\/li>\n<li>Comparez la couleur de la r\u00e9action avec le tableau de couleurs fourni.<\/li>\n<li>Fermez bien le flacon compte-gouttes. Si vous utilisez plusieurs liquides de test, assurez-vous d&rsquo;ouvrir un flacon \u00e0 la fois. Si vous \u00e9changez accidentellement les bouchons, le liquide de test sera contamin\u00e9 et g\u00e2ch\u00e9.<\/li>\n<li>Lavez soigneusement la fiole de test apr\u00e8s chaque utilisation.<\/li>\n<li>Conservez le flacon compte-gouttes dans un endroit frais pour maximiser sa dur\u00e9e de conservation, comme un cong\u00e9lateur.<\/li>\n<\/ol>\n<h2>Notes sur le Test de la MDMA<\/h2>\n<ul>\n<li>La MDMA et les substances similaires \u00e0 la MDMA (MDA, MDE) produiront des changements de couleur relativement rapides lors du test, g\u00e9n\u00e9ralement en moins de 10 secondes. Pour diff\u00e9rencier la MDMA de la MDA, utilisez le <a title=\"R\u00e9actif Simon\" href=\"\/fr\/produit\/reactif-simon\">test Simon<\/a>.<\/li>\n<li><a href=\"http:\/\/en.wikipedia.org\/wiki\/Dextromethorphan\">La DXM<\/a>  (utilis\u00e9e dans les m\u00e9dicaments contre la toux) passe relativement progressivement du gris au noir. Par cons\u00e9quent, si vous ne voyez pas de violet fonc\u00e9 ou de noir pendant les premi\u00e8res secondes de la r\u00e9action, ce que vous avez pourrait ne pas \u00eatre de la MDMA.<\/li>\n<li>Le Speed (amph\u00e9tamine) passe d&rsquo;une couleur orange \u00e0 rouge\u00e2tre avec le <a href=\"\/fr\/produit\/reactif-marquis\">Marquis<\/a>.<\/li>\n<li>Si votre \u00e9chantillon contient \u00e0 la fois du Speed et de la MDMA, les deux substances r\u00e9agiront en m\u00eame temps, produisant peut-\u00eatre une couleur rouge\u00e2tre ou boueuse.<\/li>\n<li>La fiole de test fournie avec le kit aide \u00e0 emp\u00eacher votre peau de toucher le r\u00e9actif pendant le test. Des fioles de test suppl\u00e9mentaires sont \u00e9galement pratiques lorsque vous \u00eates en d\u00e9placement. Cependant, l&rsquo;utilisation d&rsquo;un plateau de test en c\u00e9ramique blanche peut vous aider \u00e0 voir les r\u00e9sultats plus facilement.<\/li>\n<li>Il est toujours pr\u00e9f\u00e9rable de tester avec plusieurs liquides de test, \u00e0 titre de double v\u00e9rification et pour d\u00e9tecter les substances qui ne r\u00e9agissent pas avec le test que vous utilisez. C&rsquo;est pourquoi nous recommandons le forfait de test plut\u00f4t que le kit de base.<\/li>\n<\/ul>\n<h2>Test de la MDMA \u2013 Vid\u00e9o de D\u00e9monstration [en anglais]<\/h2>\n<p><!--<iframe loading=\"lazy\" width=\"420\" height=\"315\" src=\"\/\/www.youtube.com\/embed\/WQe4vNap168\" frameborder=\"0\" allowfullscreen><\/iframe>--><br \/>\n<!--[content_control status=\"logged_out\"][xoo_el_action type=\"login\" display=\"button\" text=\"Connectez-vous pour voir la vid\u00e9o \u00bb\" redirect_to=\"same\"][\/content_control][content_control]--><iframe loading=\"lazy\" title=\"Molly (MDMA) Test Kit Demo - Color Reactions With Three Tests (Marquis, Mecke, Simon's)\" src=\"https:\/\/player.vimeo.com\/video\/836320440\" width=\"640\" height=\"360\" frameborder=\"0\" allowfullscreen=\"allowfullscreen\"><\/iframe><!--[\/content_control]--><br \/>\nCette vid\u00e9o montre un test de la MDMA avec le test <a title=\"R\u00e9actif Marquis\" href=\"\/fr\/produit\/reactif-marquis\">Marquis<\/a>, ainsi que les tests <a title=\"R\u00e9actif Mecke\" href=\"\/fr\/produit\/reactif-mecke\">Mecke<\/a> et <a title=\"R\u00e9actif Simon\" href=\"\/fr\/produit\/reactif-simon\">Simon<\/a>. Les r\u00e9sultats peuvent varier en fonction des impuret\u00e9s de l&rsquo;\u00e9chantillon, des adulterants et d&rsquo;autres facteurs. Si votre principal objectif est de tester la MDMA, envisagez de choisir le forfait de test MDMA. Il permet un test plus approfondi que le kit de base.<\/p>\n<h3>Notification<\/h3>\n<p>Bien que les tests par r\u00e9actifs constituent la meilleure m\u00e9thode de test sur-le-champ, ils ne sont jamais d\u00e9finitifs \u00e0 100%. Il y a de nombreuses variables qui peuvent influer sur l&rsquo;aspect de la r\u00e9action. L&rsquo;\u00e9clairage, les impuret\u00e9s, et des substances ind\u00e9sirables dans votre \u00e9chantillon peuvent tous jouer un r\u00f4le.<\/p>\n<p>Aucune drogue (qu&rsquo;elle soit l\u00e9gale ou ill\u00e9gale) n&rsquo;est enti\u00e8rement sans danger, nous recommandons d&rsquo;\u00e9viter l&rsquo;utilisation de toutes les drogues r\u00e9cr\u00e9atives.<\/p>\n","protected":false},"excerpt":{"rendered":"<p>V\u00e9rifiez que votre MDMA est effectivement de la MDMA et \u00e9liminez les m\u00e9dicaments vendus \u00e0 tort comme de la MDMA. Choisissez le forfait complet ou le kit de test de base. Notre kit de base comprend le test principal de la MDMA. Le forfait comprend 3 kits pour identifier plus d\u00e9finitivement la MDMA et \u00e9liminer les faux positifs.<\/p>\n","protected":false},"featured_media":1729,"template":"","meta":[],"product_brand":[],"product_cat":[43,17],"product_tag":[],"class_list":{"0":"post-66","1":"product","2":"type-product","3":"status-publish","4":"has-post-thumbnail","6":"product_cat-kits-test-mdma","7":"product_cat-kits-de-test","9":"first","10":"instock","11":"taxable","12":"shipping-taxable","13":"purchasable","14":"product-type-variable"},"_links":{"self":[{"href":"https:\/\/testkitplus.com\/fr\/wp-json\/wp\/v2\/product\/66","targetHints":{"allow":["GET"]}}],"collection":[{"href":"https:\/\/testkitplus.com\/fr\/wp-json\/wp\/v2\/product"}],"about":[{"href":"https:\/\/testkitplus.com\/fr\/wp-json\/wp\/v2\/types\/product"}],"wp:featuredmedia":[{"embeddable":true,"href":"https:\/\/testkitplus.com\/fr\/wp-json\/wp\/v2\/media\/1729"}],"wp:attachment":[{"href":"https:\/\/testkitplus.com\/fr\/wp-json\/wp\/v2\/media?parent=66"}],"wp:term":[{"taxonomy":"product_brand","embeddable":true,"href":"https:\/\/testkitplus.com\/fr\/wp-json\/wp\/v2\/product_brand?post=66"},{"taxonomy":"product_cat","embeddable":true,"href":"https:\/\/testkitplus.com\/fr\/wp-json\/wp\/v2\/product_cat?post=66"},{"taxonomy":"product_tag","embeddable":true,"href":"https:\/\/testkitplus.com\/fr\/wp-json\/wp\/v2\/product_tag?post=66"}],"curies":[{"name":"wp","href":"https:\/\/api.w.org\/{rel}","templated":true}]}}