{"id":271,"date":"2015-09-30T23:16:57","date_gmt":"2015-10-01T03:16:57","guid":{"rendered":"http:\/\/testkitplus.com\/fr\/?post_type=product&#038;p=271"},"modified":"2023-10-07T12:19:44","modified_gmt":"2023-10-07T16:19:44","slug":"balance-numerique-de-poche","status":"publish","type":"product","link":"https:\/\/testkitplus.com\/fr\/produit\/balance-numerique-de-poche","title":{"rendered":"Balance Num\u00e9rique de Poche"},"content":{"rendered":"<p>Cette balance num\u00e9rique haute pr\u00e9cision de l&rsquo;ordre du milligramme vous permet de pr\u00e9lever des doses tr\u00e8s pr\u00e9cises de vos \u00e9chantillons. Utilisez cette balance en compl\u00e9ment du <a title=\"Kit de Test de Puret\u00e9 de Coca\u00efne\" href=\"\/fr\/produit\/kit-de-test-purete-cocaine\">kit de test de puret\u00e9 de coca\u00efne<\/a> ou du <a title=\"Kit de Test de Puret\u00e9 pour MDMA\" href=\"\/fr\/produit\/kit-de-test-purete-pour-mdma\">kit de test de puret\u00e9 pour MDMA<\/a> pour obtenir des r\u00e9sultats plus pr\u00e9cis.<\/p>\n<p>Parmi toutes les balances num\u00e9riques que nous avons test\u00e9es, celle-ci vous offrira la meilleure performance pour votre argent. Elle est la plus facile \u00e0 utiliser et tr\u00e8s pr\u00e9cise.<\/p>\n<h2>Fonctionnalit\u00e9s\/Sp\u00e9cifications<\/h2>\n<ul>\n<li>6 modes diff\u00e9rents de pes\u00e9e<\/li>\n<li>Affichage: \u00e9cran LCD r\u00e9tro\u00e9clair\u00e9 avec 5 chiffres bleus<\/li>\n<li>Bouton de tare \u2013 poids dans un contenant \u2013 le bouton de tare soustraira automatiquement du total affich\u00e9 le poid du contenant<\/li>\n<li>Large plateforme de pes\u00e9e<\/li>\n<li>Ecran LCD r\u00e9tro\u00e9clair\u00e9<\/li>\n<li>La balance s&rsquo;\u00e9teint au bout de 3 minutes d&rsquo;inactivit\u00e9 pour \u00e9conomiser les batteries<\/li>\n<li>Alarme pr\u00e9ventive lorsque les batteries sont presque vides<\/li>\n<li>Couverture et pochette de protection lorsque la balance n&rsquo;est pas utilis\u00e9e<\/li>\n<li>Dimensions de la balance: 115 x 65 x 17mm (4.53 x 2.56 x 0.67 \u00ab\u00a0)<\/li>\n<li>Dimensions de l&rsquo;\u00e9cran: 32mm x 22mm (1.2 x 0.5 \u201d)<\/li>\n<li>Diam\u00e8tre de la plateforme de pes\u00e9e: 20mm (0.7&Prime;)<\/li>\n<li>Poids maximum: 20g\/0.001g, 0.7055oz\/0.0001oz, 100.00ct\/0.005ct, 0.6430ozt\/0.0001ozt, 12.860dwt\/0.001dwt, 308.65gn\/0.001gn<\/li>\n<li>2 batteries AAA (non incluses)<\/li>\n<li>Temp\u00e9rature d&rsquo;utilisation: 8 \u2013 30\u00b0C<\/li>\n<\/ul>\n<h3>Ce qui est inclue dans la Balance Num\u00e9rique de Poche:<\/h3>\n<ul>\n<li>1 x Balance num\u00e9rique de poche (0.001g &#8211; 20g)<\/li>\n<li>1 x Couverture de plastique robuste<\/li>\n<li>1 x Poids de calibration de 10g<\/li>\n<li>1 x Plateau de pes\u00e9e<\/li>\n<li>1 x Manuel d&rsquo;utilisation (en anglais)<\/li>\n<p><!--\t\n\n<li>1 x Pochette de cuir<\/li>\n\n-->\n<\/ul>\n","protected":false},"excerpt":{"rendered":"<p>Cette balance num\u00e9rique haute pr\u00e9cision de l&rsquo;ordre du milligramme vous permet de pr\u00e9lever des doses tr\u00e8s pr\u00e9cises de vos \u00e9chantillons. Utilisez cette balance en compl\u00e9ment du kit de test de puret\u00e9 de coca\u00efne ou du kit de test de puret\u00e9 pour MDMA pour obtenir des r\u00e9sultats plus pr\u00e9cis. Parmi toutes les balances num\u00e9riques que nous [&hellip;]<\/p>\n","protected":false},"featured_media":272,"template":"","meta":[],"product_brand":[],"product_cat":[18],"product_tag":[],"class_list":{"0":"post-271","1":"product","2":"type-product","3":"status-publish","4":"has-post-thumbnail","6":"product_cat-accessoires","8":"first","9":"instock","10":"taxable","11":"shipping-taxable","12":"purchasable","13":"product-type-simple"},"_links":{"self":[{"href":"https:\/\/testkitplus.com\/fr\/wp-json\/wp\/v2\/product\/271","targetHints":{"allow":["GET"]}}],"collection":[{"href":"https:\/\/testkitplus.com\/fr\/wp-json\/wp\/v2\/product"}],"about":[{"href":"https:\/\/testkitplus.com\/fr\/wp-json\/wp\/v2\/types\/product"}],"wp:featuredmedia":[{"embeddable":true,"href":"https:\/\/testkitplus.com\/fr\/wp-json\/wp\/v2\/media\/272"}],"wp:attachment":[{"href":"https:\/\/testkitplus.com\/fr\/wp-json\/wp\/v2\/media?parent=271"}],"wp:term":[{"taxonomy":"product_brand","embeddable":true,"href":"https:\/\/testkitplus.com\/fr\/wp-json\/wp\/v2\/product_brand?post=271"},{"taxonomy":"product_cat","embeddable":true,"href":"https:\/\/testkitplus.com\/fr\/wp-json\/wp\/v2\/product_cat?post=271"},{"taxonomy":"product_tag","embeddable":true,"href":"https:\/\/testkitplus.com\/fr\/wp-json\/wp\/v2\/product_tag?post=271"}],"curies":[{"name":"wp","href":"https:\/\/api.w.org\/{rel}","templated":true}]}}