{"id":269,"date":"2015-09-30T20:54:59","date_gmt":"2015-10-01T00:54:59","guid":{"rendered":"http:\/\/testkitplus.com\/fr\/?post_type=product&#038;p=269"},"modified":"2026-02-16T12:56:55","modified_gmt":"2026-02-16T17:56:55","slug":"kit-de-test-purete-pour-mdma","status":"publish","type":"product","link":"https:\/\/testkitplus.com\/fr\/produit\/kit-de-test-purete-pour-mdma","title":{"rendered":"Kit de test de puret\u00e9 pour MDMA"},"content":{"rendered":"<p>Ce kit de test de puret\u00e9 pour MDMA est un test vous donnant rapidement une id\u00e9e de la puret\u00e9 de votre \u00e9chantillon de MDMA. Vous pouvez l&rsquo;utiliser apr\u00e8s avoir test\u00e9 votre \u00e9chantillon avec le <a href=\"\/fr\/produit\/kit-de-test-mdma-ecstasy\">test MDMA (Ecstasy)<\/a>, qui vous indique la pr\u00e9sence ou non de MDMA.<\/p>\n<p>Les dealers coupent parfois la MDMA pour augmenter leurs marges. Avec ce test, vous pourrez savoir votre MDMA a \u00e9t\u00e9 coup\u00e9 et si oui, en quelles proportions. En r\u00e8gle g\u00e9n\u00e9rale, plus le pourcentage de MDMA pr\u00e9sent dans l&rsquo;\u00e9chantillon est \u00e9lev\u00e9, plus vous \u00eates proche de la source de base, ce qui signifie aussi qu&rsquo;il contient moins d&rsquo;additifs potentiellement nocifs.<\/p>\n<figure style=\"width: 565px\" class=\"wp-caption alignleft\"><a href=\"\/wp-content\/uploads\/images\/reactions\/mdma-purity-test-color-reactions.jpg\"><img loading=\"lazy\" decoding=\"async\" title=\"Correspondance entre la couleur du r\u00e9sultat du test et la puret\u00e9 de la MDMA\" src=\"\/wp-content\/uploads\/images\/reactions\/mdma-purity-test-kit-color-chart.jpg\" alt=\"Correspondance entre la couleur du r\u00e9sultat du test et la puret\u00e9 de la MDMA\" width=\"565\" height=\"258\" \/><\/a><figcaption class=\"wp-caption-text\">Cette photo a \u00e9t\u00e9 prise 60 minutes apr\u00e8s le d\u00e9but du test. De gauche \u00e0 droite, le taux de MDMA augmente: 0%, 10%, 25%, 50%, 75%, 100%. Plus vous patientez lors du test, plus la couleur indiquera pr\u00e9cis\u00e9ment la concentration de l&rsquo;\u00e9chantillon.<\/figcaption><\/figure>\n<h2>Ce qui est inclue dans le Kit de Test de Puret\u00e9 pour MDMA<\/h2>\n<ul>\n<li>10 tests de puret\u00e9 pour MDMA<\/li>\n<li><span style=\"line-height: 1.5em;\">10 spatules<\/span><\/li>\n<li><span style=\"line-height: 1.5em;\">Une fiche d&rsquo;instructions<\/span><\/li>\n<\/ul>\n<h2>Important<\/h2>\n<p>N&rsquo;utilisez que 20mg (une petite portion) de votre \u00e9chantillon. Si vous en utilisez trop, le r\u00e9sultat sera fauss\u00e9! Lorsque vous comparez plusieurs \u00e9chantillons, utilisez la m\u00eame quantit\u00e9 d&rsquo;\u00e9chantillon pour chaque test. Vous pouvez utiliser le mat\u00e9riel qui est fourni avec le kit pour choisir la bonne quantit\u00e9. Mais pour un parfait r\u00e9sultat, utilisez plutot une <a href=\"\/fr\/produit\/balance-numerique-de-poche\" title=\"Digital Scale\">balance<\/a> qui vous permettra de peser l&rsquo;exacte quantit\u00e9 n\u00e9cessaire. Vous pouvez acheter une bonne balance portable depuis ce lien:<\/p>\n<p><a class=\"woo-sc-button\" href=\"\/fr\/produit\/balance-numerique-de-poche\" title=\"Balance num\u00e9rique pr\u00e9cise au milligramme\">Balance num\u00e9rique pr\u00e9cise au milligramme \u00bb<\/a><\/p>\n<h2>Conseils<\/h2>\n<p>Lorsque vous testez plusieurs \u00e9chantillons, faites le au m\u00eame moment, puisque la couleur du r\u00e9sultat d\u00e9pend de la dur\u00e9e depuis le d\u00e9but du test. Prenez de m\u00eame des photos des r\u00e9sultats en utilisant la m\u00eame cam\u00e9ra et les m\u00eames conditions de lumi\u00e8re pour chaque \u00e9chantillon. Vous pourrez ainsi comparer les r\u00e9sultats avec des tests futurs.<\/p>\n<h2>Coupes de MDMA<\/h2>\n<p>Lorsque la MDMA a \u00e9t\u00e9 coup\u00e9e avec d&rsquo;autres substances, d&rsquo;autres r\u00e9actions peuvent appara\u00eetre lors du test. La couleur du r\u00e9sultat peut \u00eatre alt\u00e9r\u00e9e par la r\u00e9action avec les additifs de la coupe. Voici une liste d&rsquo;agents pouvant interferer ainsi que leurs cons\u00e9quences associ\u00e9es:<\/p>\n<table border=\"1\" cellspacing=\"0\" cellpadding=\"0\">\n<tbody>\n<tr>\n<td>Substance<\/td>\n<td>R\u00e9action<\/td>\n<\/tr>\n<tr>\n<td>Benzoca\u00efne<\/td>\n<td>Couleur jaune tr\u00e8s l\u00e9g\u00e8re dans le bas de l&rsquo;\u00e9prouvette. Pas d&rsquo;interf\u00e9rence dans les couches du haut. (La MDMA ne colore que les couches du haut)<\/td>\n<\/tr>\n<tr>\n<td>BZP<\/td>\n<td>Jaune brillant dans les couches du haut et produit des r\u00e9sidus sur les bords de l&rsquo;ampoule entre les deux couches. (La MDMA ne produit pas de r\u00e9sidus)<\/td>\n<\/tr>\n<tr>\n<td>mCPP<\/td>\n<td>Jaune orang\u00e9 brillant dans la couche sup\u00e9rieure et produit des r\u00e9sidus sur les bords de l&rsquo;ampoule entre les deux couches. (La MDMA ne produit pas de r\u00e9sidus)<\/td>\n<\/tr>\n<tr>\n<td>MDA<\/td>\n<td>M\u00eame r\u00e9actions que la MDMA<\/td>\n<\/tr>\n<tr>\n<td>Parac\u00e9tamol (Ac\u00e9taminoph\u00e8ne)<\/td>\n<td>Les couches sup\u00e9rieures et inf\u00e9rieures sont jaunes (La MDMA ne colore que les couches du haut)<\/td>\n<\/tr>\n<tr>\n<td>Ph\u00e9nac\u00e9tine<\/td>\n<td>Les couches sup\u00e9rieures et inf\u00e9rieures sont jaunes (La MDMA ne colore que les couches du haut)<\/td>\n<\/tr>\n<tr>\n<td>TFMPP<\/td>\n<td>Jaune brillant dans les couches du haut et produit des r\u00e9sidus sur les bords de l&rsquo;ampoule entre les deux couches. (La MDMA ne produit pas de r\u00e9sidus)<\/p>\n<div><\/div>\n<\/td>\n<\/tr>\n<\/tbody>\n<\/table>\n<p>Si vous observez l&rsquo;une des r\u00e9actions pr\u00e9c\u00e9dentes, vous ne pourrez pas conclure de la puret\u00e9 de votre MDMA avec ce test. En effet, comme ces couleurs interf\u00e8rent avec la couleur per\u00e7ue, le test ne veut plus dire grand-chose et les proportions en MDMA de l&rsquo;\u00e9chantillon ne sont ainsi plus correctement repr\u00e9sent\u00e9es.<\/p>\n<h2>Instructions en Vid\u00e9o du Test de Puret\u00e9 de MDMA<\/h2>\n<p><!--[content_control status=\"logged_out\"][xoo_el_action type=\"login\" display=\"button\" text=\"Connectez-vous pour voir la vid\u00e9o \u00bb\" redirect_to=\"same\"][\/content_control][content_control]--><\/p>\n<div style=\"padding:60% 0 0 0;position:relative;\"><iframe src=\"https:\/\/player.vimeo.com\/video\/226028984\" frameborder=\"0\" allow=\"autoplay; fullscreen; picture-in-picture\" allowfullscreen style=\"position:absolute;top:0;left:0;width:100%;height:100%;\" title=\"Kit de test de puret\u00e9 pour MDMA demo\"><\/iframe><\/div>\n<p><script src=\"https:\/\/player.vimeo.com\/api\/player.js\"><\/script><!--[\/content_control]--><br \/>\n<strong>Remarque :<\/strong> ce test <em>ne n\u00e9cessite pas<\/em> l&rsquo;utilisation d&rsquo;une solution tampon comme indiqu\u00e9 dans la vid\u00e9o ci-dessus. Le MDMA colore la couche sup\u00e9rieure de l&rsquo;ampoule, et non la couche inf\u00e9rieure. La <a href=\"\/fr\/produit\/balance-numerique-de-poche\">balance num\u00e9rique<\/a> n&rsquo;est pas incluse, mais vous pouvez vous la procurer s\u00e9par\u00e9ment.<\/p>\n<h2>Note<\/h2>\n<p>Aucune drogue, (qu&rsquo;elle soit l\u00e9gale ou non) est enti\u00e8rement sans danger. Nous vous recommandons d&rsquo;\u00e9viter toute utilisation r\u00e9cr\u00e9ative de drogue.<\/p>\n","protected":false},"excerpt":{"rendered":"<p>Ce kit de test de puret\u00e9 pour MDMA est un test vous donnant rapidement une id\u00e9e de la puret\u00e9 de votre \u00e9chantillon de MDMA. Vous pouvez l&rsquo;utiliser apr\u00e8s avoir test\u00e9 votre \u00e9chantillon avec le test MDMA (Ecstasy), qui vous indique la pr\u00e9sence ou non de MDMA. Les dealers coupent parfois la MDMA pour augmenter leurs [&hellip;]<\/p>\n","protected":false},"featured_media":270,"template":"","meta":[],"product_brand":[],"product_cat":[43,17],"product_tag":[],"class_list":{"0":"post-269","1":"product","2":"type-product","3":"status-publish","4":"has-post-thumbnail","6":"product_cat-kits-test-mdma","7":"product_cat-kits-de-test","9":"first","10":"instock","11":"taxable","12":"shipping-taxable","13":"purchasable","14":"product-type-simple"},"_links":{"self":[{"href":"https:\/\/testkitplus.com\/fr\/wp-json\/wp\/v2\/product\/269","targetHints":{"allow":["GET"]}}],"collection":[{"href":"https:\/\/testkitplus.com\/fr\/wp-json\/wp\/v2\/product"}],"about":[{"href":"https:\/\/testkitplus.com\/fr\/wp-json\/wp\/v2\/types\/product"}],"wp:featuredmedia":[{"embeddable":true,"href":"https:\/\/testkitplus.com\/fr\/wp-json\/wp\/v2\/media\/270"}],"wp:attachment":[{"href":"https:\/\/testkitplus.com\/fr\/wp-json\/wp\/v2\/media?parent=269"}],"wp:term":[{"taxonomy":"product_brand","embeddable":true,"href":"https:\/\/testkitplus.com\/fr\/wp-json\/wp\/v2\/product_brand?post=269"},{"taxonomy":"product_cat","embeddable":true,"href":"https:\/\/testkitplus.com\/fr\/wp-json\/wp\/v2\/product_cat?post=269"},{"taxonomy":"product_tag","embeddable":true,"href":"https:\/\/testkitplus.com\/fr\/wp-json\/wp\/v2\/product_tag?post=269"}],"curies":[{"name":"wp","href":"https:\/\/api.w.org\/{rel}","templated":true}]}}