{"id":1930,"date":"2023-12-04T16:18:38","date_gmt":"2023-12-04T21:18:38","guid":{"rendered":"https:\/\/testkitplus.com\/fr\/?post_type=product&#038;p=1930"},"modified":"2023-12-04T16:23:58","modified_gmt":"2023-12-04T21:23:58","slug":"kit-de-test-de-drogue-elite-10-en-1","status":"publish","type":"product","link":"https:\/\/testkitplus.com\/fr\/produit\/kit-de-test-de-drogue-elite-10-en-1","title":{"rendered":"Kit de test de drogue \u00e9lite (10 en 1)"},"content":{"rendered":"<p>Un d\u00e9pistage de drogue appropri\u00e9 est un processus en plusieurs \u00e9tapes, ce package peut identifier la plus large gamme de substances. Il comprend 10 kits de test diff\u00e9rents \u2014 <strong>\u00e0 prix r\u00e9duit<\/strong>.<\/p>\n<p>Chacun des dix kits comprend suffisamment de liquide pour effectuer jusqu&rsquo;\u00e0 <strong>100 tests<\/strong>.<\/p>\n<h3>Contenu du kit de test de drogue \u00e9lite 10 en 1<\/h3>\n<table>\n<tr>\n<td><a title=\"R\u00e9actif Marquis\" href=\"\/fr\/produit\/reactif-marquis\"><img loading=\"lazy\" decoding=\"async\" class=\"allInOneProdImages\" alt=\"Petite image du r\u00e9actif Marquis.\" src=\"\/wp-content\/uploads\/mdma-molly-test-kit-100x100.jpg\" width=\"100\" height=\"100\" \/><\/a><\/td>\n<td><strong><a title=\"Kit de test Marquis\" href=\"\/fr\/produit\/reactif-marquis\">Kit de test Marquis<\/a>: <\/strong>C&rsquo;est le kit de test principal pour la MDMA &#8211; Molly\/Extasy. Il est \u00e9galement un excellent test pour les amph\u00e9tamines et filtre une large gamme d&rsquo;autres substances.<\/p>\n<p>D\u00e9tails du produit: <a title=\"R\u00e9actif Marquis\" href=\"\/fr\/produit\/reactif-marquis\">Kit de test Marquis \u00bb<\/a><\/td>\n<\/tr>\n<tr>\n<td><a title=\"Kit de test Morris Reagent\" href=\"\/fr\/produit\/reactif-morris\"><img loading=\"lazy\" decoding=\"async\" class=\"allInOneProdImages\" alt=\"\" src=\"\/wp-content\/uploads\/morris-reagent-100x100.jpg\" width=\"100\" height=\"100\" \/><\/a><\/td>\n<td><strong><a title=\"Kit de test Morris\" href=\"\/fr\/produit\/reactif-morris\">Kit de test Morris<\/a>: <\/strong>C&rsquo;est le kit de test principal pour la k\u00e9tamine. Il est consid\u00e9r\u00e9 comme un test fiable pour la k\u00e9tamine car il n&rsquo;a pas \u00e9t\u00e9 trouv\u00e9 pour changer de couleur avec une autre substance test\u00e9e jusqu&rsquo;\u00e0 pr\u00e9sent. Morris est \u00e9galement un bon test pour la coca\u00efne.<\/p>\n<p>D\u00e9tails du produit: <a title=\"Kit de test k\u00e9tamine\" href=\"\/fr\/produit\/reactif-morris\">Kit de test Morris \u00bb<\/a>\n<\/td>\n<\/tr>\n<tr>\n<td><a title=\"Kit de test Mandelin Reagent\" href=\"\/fr\/produit\/reactif-mandelin\"><img loading=\"lazy\" decoding=\"async\" class=\"allInOneProdImages\" alt=\"Petite image de la bouteille de r\u00e9actif Mandelin\" src=\"\/wp-content\/uploads\/mandelin-reagent-100x100.jpg\" width=\"100\" height=\"100\" \/><\/a><\/td>\n<td><strong><a title=\"Kit de test Mandelin\" href=\"\/fr\/produit\/reactif-mandelin\">Kit de test Mandelin<\/a>: <\/strong>Mandelin est un bon test pour de nombreuses substances, y compris la MDMA, la k\u00e9tamine, et est particuli\u00e8rement utile pour tester les coupes nocives PMA et PMMA.<\/p>\n<p>D\u00e9tails du produit: <a title=\"Kit de test k\u00e9tamine\" href=\"\/fr\/produit\/reactif-mandelin\">Kit de test Mandelin \u00bb<\/a><\/td>\n<\/tr>\n<tr>\n<td><a title=\"Kit de test aux opiac\u00e9s (Mecke)\" href=\"\/fr\/produit\/reactif-mecke\"><img loading=\"lazy\" decoding=\"async\" class=\"allInOneProdImages\" alt=\"Petite image de la bouteille de r\u00e9actif Mecke\" src=\"\/wp-content\/uploads\/mecke-test-kit-1-100x100.jpg\" width=\"100\" height=\"100\" \/><\/a><\/td>\n<td><strong><a title=\"Kit de test Mecke\" href=\"\/fr\/produit\/reactif-mecke\">Kit de test Mecke <\/a>: <\/strong>Ce test produit des r\u00e9sultats distincts avec Molly ainsi qu&rsquo;avec le DXM (qui est souvent vendu comme une fausse extase). C&rsquo;est \u00e9galement un bon test pour les opiac\u00e9s tels que l&rsquo;h\u00e9ro\u00efne, la morphine et la cod\u00e9ine.<\/p>\n<p>D\u00e9tails du produit: <a title=\"Kit de test aux opiac\u00e9s (Mecke)\" href=\"\/fr\/produit\/reactif-mecke\">Kit de test Mecke \u00bb<\/a><\/td>\n<\/tr>\n<tr>\n<td><a title=\"Kit de test Liebermann\" href=\"\/fr\/produit\/reactif-liebermann\"><img loading=\"lazy\" decoding=\"async\" class=\"allInOneProdImages\" alt=\"Kit de test Liebermann\" src=\"\/wp-content\/uploads\/liebermann-reagent-100x100.jpg\" width=\"100\" height=\"100\" \/><\/a><\/td>\n<td><strong><a title=\"Kit de test Liebermann\" href=\"\/fr\/produit\/reactif-liebermann\">Kit de test Liebermann<\/a>: <\/strong>Ce test est utile pour identifier les coupes de coca\u00efne telles que le l\u00e9vamisole et est un bon test pour la m\u00e9thamph\u00e9tamine, les \u00ab\u00a0sels de bain\u00a0\u00bb (cathinones) et de nombreuses autres substances.<\/p>\n<p>D\u00e9tails du produit: <a title=\"Kit de test Liebermann\" href=\"\/fr\/produit\/reactif-liebermann\">Kit de test Liebermann \u00bb<\/a><\/td>\n<\/tr>\n<tr>\n<td><a title=\"Kit de test Froehde\" href=\"\/fr\/produit\/reactif-froehde\"><img loading=\"lazy\" decoding=\"async\" class=\"allInOneProdImages\" alt=\"Petite image de la bouteille de r\u00e9actif Froehde\" src=\"\/wp-content\/uploads\/froehde-reagent-100x100.jpg\" width=\"100\" height=\"100\" \/><\/a><\/td>\n<td><strong><a title=\"Kit de test Froehde\" href=\"\/fr\/produit\/reactif-froehde\">Kit de test Froehde<\/a>: <\/strong>Ce test est bon pour identifier une gamme de substances telles que la MDMA (Molly), la morphine, l&rsquo;h\u00e9ro\u00efne, le PMA\/PMMA et plus encore.<\/p>\n<p>D\u00e9tails du produit: <a title=\"Kit de test Froehde\" href=\"\/fr\/produit\/reactif-froehde\">Kit de test Froehde \u00bb<\/a>\n<\/td>\n<\/tr>\n<tr>\n<td><a title=\"Kit de test LSD\" href=\"\/fr\/produit\/reactif-ehrlich\"><img loading=\"lazy\" decoding=\"async\" class=\"allInOneProdImages\" alt=\"Kit de test LSD montrant la petite image de la bouteille de r\u00e9actif Ehrlich.\" src=\"\/wp-content\/uploads\/ehrlich-reagent-100x100.jpg\" width=\"100\" height=\"100\" \/><\/a><\/td>\n<td><strong><a title=\"Kit de test LSD\" href=\"\/fr\/produit\/reactif-ehrlich\">Kit de test Ehrlich<\/a>: <\/strong>Ce kit teste la pr\u00e9sence de LSD et d&rsquo;autres compos\u00e9s tels que le DMT. Utilisez-le pour vous aider \u00e0 \u00e9viter les compos\u00e9s \u00ab\u00a0NBOMEe\u00a0\u00bb nocifs qui sont souvent mal vendus comme du LSD.<\/p>\n<p>D\u00e9tails du produit: <a title=\"Kit de test LSD\" href=\"\/fr\/produit\/reactif-ehrlich\">Kit de test Ehrlich \u00bb<\/a>\n<\/td>\n<\/tr>\n<tr>\n<td><a title=\"Kit de test DMT\" href=\"\/fr\/produit\/reactif-hofmann\"><img loading=\"lazy\" decoding=\"async\" class=\"allInOneProdImages\" alt=\"Kit de test DMT\" src=\"\/wp-content\/uploads\/dmt-test-kit-100x100.jpg\" width=\"100\" height=\"100\" \/><\/a><\/td>\n<td><strong><a title=\"Kit de test DMT\" href=\"\/fr\/produit\/reactif-hofmann\">Kit de test Hofmann<\/a>: <\/strong>Ce kit de test est le test principal pour le DMT et le 5-MeO-DMT. C&rsquo;est aussi un bon test de suivi pour le LSD.<\/p>\n<p>D\u00e9tails du produit: <a title=\"Kit de test DMT\" href=\"\/fr\/produit\/reactif-hofmann\">Kit de test Hofmann \u00bb<\/a><\/td>\n<\/tr>\n<tr>\n<td><a title=\"Kit de test de la pip\u00e9razine (Folin)\" href=\"\/fr\/produit\/reactif-folin\"><img loading=\"lazy\" decoding=\"async\" class=\"allInOneProdImages\" alt=\"Petite image de la bouteille de r\u00e9actif Folin\" src=\"\/wp-content\/uploads\/piperazine-folin-test-kit-100x100.jpg\" width=\"100\" height=\"100\" \/><\/a><\/td>\n<td><strong><a title=\"Kit de test Folin\" href=\"\/fr\/produit\/reactif-folin\">Kit de test Folin<\/a>: <\/strong>C&rsquo;est un test qui d\u00e9tecte les pip\u00e9razines (comme le BZP et le TFMPP). C&rsquo;est un test en 2 \u00e9tapes, ce qui signifie que vous devez appliquer une goutte de liquide de chacune des deux bouteilles fournies.<\/p>\n<p>D\u00e9tails du produit: <a title=\"Kit de test Folin\" href=\"\/fr\/produit\/reactif-folin\">Kit de test Folin \u00bb<\/a><\/td>\n<\/tr>\n<tr>\n<td><a title=\"Kit de test secondaire (Simon)\" href=\"\/fr\/produit\/reactif-simon\"><img loading=\"lazy\" decoding=\"async\" class=\"allInOneProdImages\" alt=\"Petite image de la bouteille de r\u00e9actif Simon\" src=\"\/wp-content\/uploads\/simons-reagent-100x100.jpg\" width=\"100\" height=\"100\" \/><\/a><\/td>\n<td><strong><a title=\"Kit de test Simon\" href=\"\/fr\/produit\/reactif-simon\">Kit de test Simon<\/a>: <\/strong>Simon est un test en 2 \u00e9tapes. Il est utilis\u00e9 comme test secondaire pour diff\u00e9rencier l&rsquo;amph\u00e9tamine de la m\u00e9thamph\u00e9tamine, et entre la MDMA et la MDA.<\/p>\n<p>D\u00e9tails du produit: <a title=\"Kit de test Simon\" href=\"\/fr\/produit\/reactif-simon\">Kit de test Simon \u00bb<\/a><\/td>\n<\/tr>\n<\/table>\n<h3>Le kit comprend \u00e9galement<\/h3>\n<ul>\n<li>Tableau des couleurs et instructions pour chaque test<\/li>\n<li>10 x fiole de test r\u00e9utilisable<\/li>\n<li>3 x bocaux de transport de protection<\/li>\n<\/ul>\n<h3>Plus d&rsquo;informations<\/h3>\n<p>Pour les r\u00e9sultats de r\u00e9action colorim\u00e9trique les plus r\u00e9cents, consultez notre page de <a href=\"\/drug-test-kit-color-reaction-results\">r\u00e9sultats de tests de drogue<\/a> (en anglais).<\/p>\n<h3>Avis<\/h3>\n<p>Bien que le test de r\u00e9actif soit la meilleure m\u00e9thode pour les tests sur place, il n&rsquo;est jamais totalement concluant \u00e0 100 %. De nombreuses variables peuvent influencer l&rsquo;aspect de la r\u00e9action. L&rsquo;\u00e9clairage, les impuret\u00e9s et les substances ind\u00e9sirables dans votre \u00e9chantillon peuvent tous jouer un r\u00f4le.<\/p>\n<p>Aucune drogue (qu&rsquo;elle soit l\u00e9gale ou ill\u00e9gale) n&rsquo;est totalement s\u00fbre. Nous recommandons d&rsquo;\u00e9viter toute consommation r\u00e9cr\u00e9ative de drogue.<\/p>\n","protected":false},"excerpt":{"rendered":"<p>Un d\u00e9pistage de drogue appropri\u00e9 est un processus en plusieurs \u00e9tapes, ce package peut identifier la plus large gamme de substances. Il comprend 10 kits de test diff\u00e9rents \u2014 \u00e0 prix r\u00e9duit. Chacun des dix kits comprend suffisamment de liquide pour effectuer jusqu&rsquo;\u00e0 100 tests. Contenu du kit de test de drogue \u00e9lite 10 en [&hellip;]<\/p>\n","protected":false},"featured_media":1931,"template":"","meta":[],"product_brand":[],"product_cat":[17],"product_tag":[],"class_list":{"0":"post-1930","1":"product","2":"type-product","3":"status-publish","4":"has-post-thumbnail","6":"product_cat-kits-de-test","8":"first","9":"instock","10":"taxable","11":"shipping-taxable","12":"purchasable","13":"product-type-simple"},"_links":{"self":[{"href":"https:\/\/testkitplus.com\/fr\/wp-json\/wp\/v2\/product\/1930","targetHints":{"allow":["GET"]}}],"collection":[{"href":"https:\/\/testkitplus.com\/fr\/wp-json\/wp\/v2\/product"}],"about":[{"href":"https:\/\/testkitplus.com\/fr\/wp-json\/wp\/v2\/types\/product"}],"wp:featuredmedia":[{"embeddable":true,"href":"https:\/\/testkitplus.com\/fr\/wp-json\/wp\/v2\/media\/1931"}],"wp:attachment":[{"href":"https:\/\/testkitplus.com\/fr\/wp-json\/wp\/v2\/media?parent=1930"}],"wp:term":[{"taxonomy":"product_brand","embeddable":true,"href":"https:\/\/testkitplus.com\/fr\/wp-json\/wp\/v2\/product_brand?post=1930"},{"taxonomy":"product_cat","embeddable":true,"href":"https:\/\/testkitplus.com\/fr\/wp-json\/wp\/v2\/product_cat?post=1930"},{"taxonomy":"product_tag","embeddable":true,"href":"https:\/\/testkitplus.com\/fr\/wp-json\/wp\/v2\/product_tag?post=1930"}],"curies":[{"name":"wp","href":"https:\/\/api.w.org\/{rel}","templated":true}]}}