{"id":1916,"date":"2023-11-15T19:14:32","date_gmt":"2023-11-16T00:14:32","guid":{"rendered":"https:\/\/testkitplus.com\/fr\/?post_type=product&#038;p=1916"},"modified":"2023-12-04T18:40:42","modified_gmt":"2023-12-04T23:40:42","slug":"kit-de-depistage-pro-6-en-1","status":"publish","type":"product","link":"https:\/\/testkitplus.com\/fr\/produit\/kit-de-depistage-pro-6-en-1","title":{"rendered":"Kit de d\u00e9pistage pro (6 en 1)"},"content":{"rendered":"<p>Un d\u00e9pistage de drogue appropri\u00e9 est un processus en plusieurs \u00e9tapes. Notre kit de test de drogue professionnel (6-en-1) permet de d\u00e9tecter toute une gamme de substances \u2014 <strong>\u00e0 prix r\u00e9duit<\/strong>. Optez pour ce kit de 6 tests si vous pouvez vous permettre quelque chose de plus que notre <a href=\"\/fr\/produit\/kit-de-depistage-essentiel\">Kit de d\u00e9pistage essentiel (3-en-1)<\/a>. Ce pack permet des tests plus complets de MDMA, coca\u00efne, m\u00e9thamph\u00e9tamine, k\u00e9tamine, LSD, DMT, et plus encore.<\/p>\n<p>Chacun des six kits comprend suffisamment de liquide pour effectuer jusqu&rsquo;\u00e0 <strong>100 tests<\/strong>.<\/p>\n<h3>Contenu du Kit de Test de Drogue 6-en-1<\/h3>\n<table>\n<tr>\n<td><a title=\"R\u00e9actif Marquis\" href=\"\/fr\/produit\/reactif-marquis\"><img loading=\"lazy\" decoding=\"async\" class=\"allInOneProdImages\" alt=\"Petite image du r\u00e9actif Marquis.\" src=\"\/wp-content\/uploads\/mdma-molly-test-kit-100x100.jpg\" width=\"100\" height=\"100\" \/><\/a><\/td>\n<td><strong><a title=\"R\u00e9actif Marquis\" href=\"\/fr\/produit\/reactif-marquis\">Kit de Test Marquis<\/a>: <\/strong>C&rsquo;est le kit de test principal pour la MDMA &#8211; Molly\/Extasy. Il est \u00e9galement excellent pour les amph\u00e9tamines et d\u00e9tecte une large gamme d&rsquo;autres substances.<\/td>\n<\/tr>\n<tr>\n<td><a title=\"Kit de Test Morris Reagent\" href=\"\/fr\/produit\/reactif-morris\"><img loading=\"lazy\" decoding=\"async\" class=\"allInOneProdImages\" alt=\"\" src=\"\/wp-content\/uploads\/morris-reagent-100x100.jpg\" width=\"100\" height=\"100\" \/><\/a><\/td>\n<td><strong><a title=\"Kit de Test Morris\" href=\"\/fr\/produit\/reactif-morris\">Kit de Test Morris<\/a>: <\/strong>C&rsquo;est le kit de test principal pour la k\u00e9tamine. Il est consid\u00e9r\u00e9 comme un test fiable pour la k\u00e9tamine car il n&rsquo;a pas \u00e9t\u00e9 trouv\u00e9 pour changer de couleur avec une autre substance test\u00e9e jusqu&rsquo;\u00e0 pr\u00e9sent. Morris est \u00e9galement un bon test pour la coca\u00efne.<\/td>\n<\/tr>\n<tr>\n<td><a title=\"Kit de Test Liebermann\" href=\"\/fr\/produit\/reactif-liebermann\"><img loading=\"lazy\" decoding=\"async\" class=\"allInOneProdImages\" alt=\"Kit de Test Liebermann\" src=\"\/wp-content\/uploads\/liebermann-reagent-100x100.jpg\" width=\"100\" height=\"100\" \/><\/a><\/td>\n<td><strong><a title=\"Kit de Test Liebermann\" href=\"\/fr\/produit\/reactif-liebermann\">Kit de Test Liebermann<\/a>: <\/strong>Ce test est utile pour identifier les coupes de coca\u00efne telles que le l\u00e9vamisole et est un bon test pour la m\u00e9thamph\u00e9tamine, les \u00ab\u00a0sels de bain\u00a0\u00bb (cathinones) et de nombreuses autres substances.<\/td>\n<\/tr>\n<tr>\n<td><a title=\"Kit de Test Froehde\" href=\"\/fr\/produit\/reactif-froehde\"><img loading=\"lazy\" decoding=\"async\" class=\"allInOneProdImages\" alt=\"Kit de Test Froehde\" src=\"\/wp-content\/uploads\/froehde-reagent-100x100.jpg\" width=\"100\" height=\"100\" \/><\/a><\/td>\n<td><strong><a title=\"Kit de Test Froehde\" href=\"\/fr\/produit\/reactif-froehde\">Kit de Test Froehde<\/a>: <\/strong>Ce test est bon pour identifier une gamme de substances telles que la MDMA (Molly), la morphine, l&rsquo;h\u00e9ro\u00efne, la PMA\/PMMA, et plus encore.<\/td>\n<\/tr>\n<tr>\n<td><a title=\"R\u00e9actif Ehrlich\" href=\"\/fr\/produit\/reactif-ehrlich\"><img loading=\"lazy\" decoding=\"async\" class=\"allInOneProdImages\" alt=\"Petite image du kit de test du r\u00e9actif Ehrlich.\" src=\"\/wp-content\/uploads\/lsd-test-kit-100x100.jpg\" width=\"100\" height=\"100\" \/><\/a><\/td>\n<td><strong><a title=\"R\u00e9actif Ehrlich\" href=\"\/fr\/produit\/reactif-ehrlich\">Kit de Test Ehrlich<\/a>: <\/strong>Ce kit teste la pr\u00e9sence de LSD et d&rsquo;autres compos\u00e9s tels que le DMT. Utilisez-le pour \u00e9viter les compos\u00e9s \u00ab\u00a0NBOMEe\u00a0\u00bb nocifs qui sont souvent mal vendus comme du LSD.<\/td>\n<\/tr>\n<tr>\n<td><a title=\"Kit de Test Secondaire (Simon's)\" href=\"\/fr\/produit\/reactif-simon\"><img loading=\"lazy\" decoding=\"async\" class=\"allInOneProdImages\" alt=\"Kit de Test du R\u00e9actif Simon's\" src=\"\/wp-content\/uploads\/simons-reagent-100x100.jpg\" width=\"100\" height=\"100\" \/><\/a><\/td>\n<td><strong><a title=\"Kit de Test Simon's\" href=\"\/fr\/produit\/reactif-simon\">Kit de Test Simon&rsquo;s<\/a>: <\/strong>Simon&rsquo;s est un test en 2 \u00e9tapes. Il est utilis\u00e9 comme test secondaire pour diff\u00e9rencier entre l&rsquo;amph\u00e9tamine et la m\u00e9thamph\u00e9tamine, et entre la MDMA et la MDA.<\/td>\n<\/tr>\n<\/table>\n<h3>Le Kit Comprend \u00c9galement<\/h3>\n<ul>\n<li>Tableau des couleurs et instructions pour chaque test<\/li>\n<li>6 x Fiole de test r\u00e9utilisable<\/li>\n<li>Pot de transport protecteur<\/li>\n<\/ul>\n<h3>Plus d&rsquo;Informations<\/h3>\n<p>Pour les r\u00e9sultats de r\u00e9action couleur les plus r\u00e9cents, consultez notre page de <a href=\"\/drug-test-kit-color-reaction-results\">r\u00e9sultats de tests de drogue<\/a> (en anglais).<\/p>\n<h3>Avis<\/h3>\n<p> Bien que le test r\u00e9actif soit la meilleure m\u00e9thode pour les tests instantan\u00e9s, il n&rsquo;est jamais \u00e0 100% concluant. De nombreuses variables peuvent influencer l&rsquo;apparence de la r\u00e9action. L&rsquo;\u00e9clairage, les impuret\u00e9s et les substances ind\u00e9sirables dans votre \u00e9chantillon peuvent tous jouer un r\u00f4le.<\/p>\n<p>Aucune drogue (qu&rsquo;elle soit l\u00e9gale ou ill\u00e9gale) n&rsquo;est compl\u00e8tement s\u00fbre. Nous recommandons d&rsquo;\u00e9viter toute utilisation r\u00e9cr\u00e9ative de drogues.<\/p>\n","protected":false},"excerpt":{"rendered":"<p>Un d\u00e9pistage de drogue appropri\u00e9 est un processus en plusieurs \u00e9tapes. Notre kit de test de drogue professionnel (6-en-1) permet de d\u00e9tecter toute une gamme de substances \u2014 \u00e0 prix r\u00e9duit. Optez pour ce kit de 6 tests si vous pouvez vous permettre quelque chose de plus que notre Kit de d\u00e9pistage essentiel (3-en-1). Ce [&hellip;]<\/p>\n","protected":false},"featured_media":1918,"template":"","meta":[],"product_brand":[],"product_cat":[17],"product_tag":[],"class_list":{"0":"post-1916","1":"product","2":"type-product","3":"status-publish","4":"has-post-thumbnail","6":"product_cat-kits-de-test","8":"first","9":"instock","10":"taxable","11":"shipping-taxable","12":"purchasable","13":"product-type-simple"},"_links":{"self":[{"href":"https:\/\/testkitplus.com\/fr\/wp-json\/wp\/v2\/product\/1916","targetHints":{"allow":["GET"]}}],"collection":[{"href":"https:\/\/testkitplus.com\/fr\/wp-json\/wp\/v2\/product"}],"about":[{"href":"https:\/\/testkitplus.com\/fr\/wp-json\/wp\/v2\/types\/product"}],"wp:featuredmedia":[{"embeddable":true,"href":"https:\/\/testkitplus.com\/fr\/wp-json\/wp\/v2\/media\/1918"}],"wp:attachment":[{"href":"https:\/\/testkitplus.com\/fr\/wp-json\/wp\/v2\/media?parent=1916"}],"wp:term":[{"taxonomy":"product_brand","embeddable":true,"href":"https:\/\/testkitplus.com\/fr\/wp-json\/wp\/v2\/product_brand?post=1916"},{"taxonomy":"product_cat","embeddable":true,"href":"https:\/\/testkitplus.com\/fr\/wp-json\/wp\/v2\/product_cat?post=1916"},{"taxonomy":"product_tag","embeddable":true,"href":"https:\/\/testkitplus.com\/fr\/wp-json\/wp\/v2\/product_tag?post=1916"}],"curies":[{"name":"wp","href":"https:\/\/api.w.org\/{rel}","templated":true}]}}