{"id":1801,"date":"2023-10-07T12:06:46","date_gmt":"2023-10-07T16:06:46","guid":{"rendered":"https:\/\/testkitplus.com\/fr\/?post_type=product&#038;p=1801"},"modified":"2023-10-07T12:20:25","modified_gmt":"2023-10-07T16:20:25","slug":"plaque-de-reaction-porcelaine","status":"publish","type":"product","link":"https:\/\/testkitplus.com\/fr\/produit\/plaque-de-reaction-porcelaine","title":{"rendered":"Plaque de r\u00e9action en porcelaine (6 puits)"},"content":{"rendered":"<p>Ce plateau en porcelaine\/c\u00e9ramique \u00e0 6 puits facilite les tests d&rsquo;\u00e9chantillons. Sa surface sup\u00e9rieure \u00e9maill\u00e9e r\u00e9siste aux liquides corrosifs, et son fond blanc am\u00e9liore la visualisation des changements de couleur de r\u00e9action.<\/p>\n","protected":false},"excerpt":{"rendered":"<p>Ce plateau en porcelaine\/c\u00e9ramique \u00e0 6 puits facilite les tests d&rsquo;\u00e9chantillons. Sa surface sup\u00e9rieure \u00e9maill\u00e9e r\u00e9siste aux liquides corrosifs, et son fond blanc am\u00e9liore la visualisation des changements de couleur de r\u00e9action.<\/p>\n","protected":false},"featured_media":1802,"template":"","meta":[],"product_brand":[],"product_cat":[18],"product_tag":[],"class_list":{"0":"post-1801","1":"product","2":"type-product","3":"status-publish","4":"has-post-thumbnail","6":"product_cat-accessoires","8":"first","9":"instock","10":"taxable","11":"shipping-taxable","12":"purchasable","13":"product-type-simple"},"_links":{"self":[{"href":"https:\/\/testkitplus.com\/fr\/wp-json\/wp\/v2\/product\/1801","targetHints":{"allow":["GET"]}}],"collection":[{"href":"https:\/\/testkitplus.com\/fr\/wp-json\/wp\/v2\/product"}],"about":[{"href":"https:\/\/testkitplus.com\/fr\/wp-json\/wp\/v2\/types\/product"}],"wp:featuredmedia":[{"embeddable":true,"href":"https:\/\/testkitplus.com\/fr\/wp-json\/wp\/v2\/media\/1802"}],"wp:attachment":[{"href":"https:\/\/testkitplus.com\/fr\/wp-json\/wp\/v2\/media?parent=1801"}],"wp:term":[{"taxonomy":"product_brand","embeddable":true,"href":"https:\/\/testkitplus.com\/fr\/wp-json\/wp\/v2\/product_brand?post=1801"},{"taxonomy":"product_cat","embeddable":true,"href":"https:\/\/testkitplus.com\/fr\/wp-json\/wp\/v2\/product_cat?post=1801"},{"taxonomy":"product_tag","embeddable":true,"href":"https:\/\/testkitplus.com\/fr\/wp-json\/wp\/v2\/product_tag?post=1801"}],"curies":[{"name":"wp","href":"https:\/\/api.w.org\/{rel}","templated":true}]}}