{"id":1771,"date":"2023-10-02T19:03:22","date_gmt":"2023-10-02T23:03:22","guid":{"rendered":"https:\/\/testkitplus.com\/fr\/?post_type=product&#038;p=1771"},"modified":"2023-10-07T12:20:33","modified_gmt":"2023-10-07T16:20:33","slug":"cuilleres-micro-de-10-mg","status":"publish","type":"product","link":"https:\/\/testkitplus.com\/fr\/produit\/cuilleres-micro-de-10-mg","title":{"rendered":"Cuill\u00e8res micro de 10 mg"},"content":{"rendered":"<p>Utilisez ces cuill\u00e8res micro pour vous aider \u00e0 obtenir environ 10 mg d&rsquo;\u00e9chantillon de poudre. La quantit\u00e9 d&rsquo;\u00e9chantillon est importante lors de l&rsquo;utilisation de <a title=\"bandelettes de test de fentanyl\" href=\"\/fr\/produit\/bandelettes-de-test-fentanyl\">bandelettes de test de fentanyl<\/a>, de <a title=\"bandelettes de test de fentanyl\" href=\"\/fr\/produit\/bandelettes-de-test-xylazine\">bandelettes de test de xylazine<\/a> et du kit de <a title=\"test de k\u00e9tamine\" href=\"\/fr\/produit\/kit-de-test-ketamine\">test de k\u00e9tamine<\/a>. Ces cuill\u00e8res en polypropyl\u00e8ne donnent environ 10 mg d&rsquo;\u00e9chantillon pour la plupart des poudres, y compris la coca\u00efne, la m\u00e9thamph\u00e9tamine, la MDMA et la k\u00e9tamine.<\/p>\n<p>Inclus : 10 cuill\u00e8res micro de 10 mg.<\/p>\n","protected":false},"excerpt":{"rendered":"<p>Utilisez ces cuill\u00e8res micro pour vous aider \u00e0 obtenir environ 10 mg d&rsquo;\u00e9chantillon de poudre. La quantit\u00e9 d&rsquo;\u00e9chantillon est importante lors de l&rsquo;utilisation de bandelettes de test de fentanyl, de bandelettes de test de xylazine et du kit de test de k\u00e9tamine. Ces cuill\u00e8res en polypropyl\u00e8ne donnent environ 10 mg d&rsquo;\u00e9chantillon pour la plupart des [&hellip;]<\/p>\n","protected":false},"featured_media":1774,"template":"","meta":[],"product_brand":[],"product_cat":[18],"product_tag":[],"class_list":{"0":"post-1771","1":"product","2":"type-product","3":"status-publish","4":"has-post-thumbnail","6":"product_cat-accessoires","8":"first","9":"instock","10":"taxable","11":"shipping-taxable","12":"purchasable","13":"product-type-variable","14":"has-default-attributes"},"_links":{"self":[{"href":"https:\/\/testkitplus.com\/fr\/wp-json\/wp\/v2\/product\/1771","targetHints":{"allow":["GET"]}}],"collection":[{"href":"https:\/\/testkitplus.com\/fr\/wp-json\/wp\/v2\/product"}],"about":[{"href":"https:\/\/testkitplus.com\/fr\/wp-json\/wp\/v2\/types\/product"}],"wp:featuredmedia":[{"embeddable":true,"href":"https:\/\/testkitplus.com\/fr\/wp-json\/wp\/v2\/media\/1774"}],"wp:attachment":[{"href":"https:\/\/testkitplus.com\/fr\/wp-json\/wp\/v2\/media?parent=1771"}],"wp:term":[{"taxonomy":"product_brand","embeddable":true,"href":"https:\/\/testkitplus.com\/fr\/wp-json\/wp\/v2\/product_brand?post=1771"},{"taxonomy":"product_cat","embeddable":true,"href":"https:\/\/testkitplus.com\/fr\/wp-json\/wp\/v2\/product_cat?post=1771"},{"taxonomy":"product_tag","embeddable":true,"href":"https:\/\/testkitplus.com\/fr\/wp-json\/wp\/v2\/product_tag?post=1771"}],"curies":[{"name":"wp","href":"https:\/\/api.w.org\/{rel}","templated":true}]}}