{"id":1750,"date":"2023-09-29T18:38:16","date_gmt":"2023-09-29T22:38:16","guid":{"rendered":"https:\/\/testkitplus.com\/fr\/?post_type=product&#038;p=1750"},"modified":"2023-10-07T12:23:07","modified_gmt":"2023-10-07T16:23:07","slug":"bandelettes-de-test-fentanyl","status":"publish","type":"product","link":"https:\/\/testkitplus.com\/fr\/produit\/bandelettes-de-test-fentanyl","title":{"rendered":"Bandelettes de test Fentanyl"},"content":{"rendered":"<p>Le fentanyl est un opio\u00efde synth\u00e9tique, jusqu&rsquo;\u00e0 100 fois plus puissant que la morphine. Ingestion d&rsquo;une petite quantit\u00e9 de fentanyl peut \u00eatre mortelle. Il est parfois vendu comme de l&rsquo;h\u00e9ro\u00efne, m\u00e9lang\u00e9 avec de l&rsquo;h\u00e9ro\u00efne, comprim\u00e9 en comprim\u00e9s, et utilis\u00e9 comme agent de coupe dans d&rsquo;autres drogues.<\/p>\n<p>Avec ce test de fentanyl, vous pouvez rapidement d\u00e9terminer si votre \u00e9chantillon contient du fentanyl ou non. La limite de d\u00e9tection de ce test est inf\u00e9rieure \u00e0 200 ng (200 milliardi\u00e8mes de gramme). Nos bandelettes de test de fentanyl ont un taux de pr\u00e9cision de plus de 98 %.<\/p>\n<h3>Test des drogues non inject\u00e9es<\/h3>\n<ol>\n<li>Si votre \u00e9chantillon est sous forme de comprim\u00e9 ou de cristal, broyez-le en poudre.<\/li>\n<li>Placez la poudre dans un verre et ajoutez de l&rsquo;eau. Pour la MDMA et la m\u00e9thamph\u00e9tamine, ajoutez environ 5 ml (une cuill\u00e8re \u00e0 caf\u00e9) pour chaque 10 mg de poudre. Cela permet d&rsquo;\u00e9viter les faux positifs tout en d\u00e9tectant toute quantit\u00e9 significative de fentanyl. Pour d&rsquo;autres drogues en poudre telles que la coca\u00efne, ajoutez 10 ml (deux cuill\u00e8res \u00e0 caf\u00e9) d&rsquo;eau pour chaque 100 mg d&rsquo;\u00e9chantillon. Vous pouvez utiliser une <a title=\"Cuill\u00e8res micro de 10 mg\" href=\"\/fr\/produit\/cuilleres-micro-de-10-mg\">micro-cuill\u00e8re<\/a> pour vous aider \u00e0 obtenir la bonne quantit\u00e9.<\/li>\n<li>Remuez bien le contenu. Il est acceptable que certaines parties de l&rsquo;\u00e9chantillon ne se dissolvent pas.<\/li>\n<li>Ins\u00e9rez la bandelette de test pas plus loin que la ligne bleue.<\/li>\n<li>En tenant la bandelette de test par l&rsquo;extr\u00e9mit\u00e9 bleue, ins\u00e9rez-la dans la solution (ne d\u00e9passez pas la ligne bleue).<\/li>\n<li>Attendez que le liquide remonte sur la bandelette jusqu&rsquo;\u00e0 la zone de test (environ 15 secondes).<\/li>\n<li>Retirez la bandelette de l&rsquo;eau et attendez environ deux minutes.<\/li>\n<li>Interpr\u00e9tez les r\u00e9sultats comme indiqu\u00e9 ci-dessous.<\/li>\n<\/ol>\n<p><strong>Important :<\/strong> Le fentanyl n&rsquo;est jamais m\u00e9lang\u00e9 uniform\u00e9ment avec d&rsquo;autres drogues. Une dose mortelle de fentanyl peut \u00eatre pr\u00e9sente dans une petite partie de l&rsquo;\u00e9chantillon. Nous recommandons de tester l&rsquo;int\u00e9gralit\u00e9 de votre \u00e9chantillon. Si cela n&rsquo;est pas possible, tester les r\u00e9sidus \u00e0 l&rsquo;int\u00e9rieur de votre contenant ou de votre sachet est pr\u00e9f\u00e9rable que rien. Faites-le en dissolvant les r\u00e9sidus dans environ 2,5 ml (une demi-cuill\u00e8re \u00e0 caf\u00e9) d&rsquo;eau et en ins\u00e9rant la bandelette de fentanyl dans l&rsquo;eau.<\/p>\n<h3>Test des drogues inject\u00e9es<\/h3>\n<ol>\n<li>Pr\u00e9parez votre injection et aspirez-la dans une seringue en laissant plusieurs gouttes dans le r\u00e9cipient. Ne vous injectez pas encore !<\/li>\n<li>Mettez de c\u00f4t\u00e9 la seringue charg\u00e9e et videz une ampoule st\u00e9rile de 5 ml d&rsquo;eau dans le r\u00e9cipient.<\/li>\n<li>Remuez le m\u00e9lange.<\/li>\n<li>En tenant la bandelette de test par l&rsquo;extr\u00e9mit\u00e9 bleue, ins\u00e9rez-la dans la solution (ne d\u00e9passez pas la ligne bleue).<\/li>\n<li>Attendez que le liquide remonte sur la bandelette jusqu&rsquo;\u00e0 la zone de test (environ 15 secondes).<\/li>\n<li>Jetez le r\u00e9cipient et tout liquide restant. Toute solution restante est maintenant toxique.<\/li>\n<li>Interpr\u00e9tez les r\u00e9sultats comme indiqu\u00e9 ci-dessous.<\/li>\n<\/ol>\n<h2>R\u00e9sultats du test de fentanyl<\/h2>\n<p><img loading=\"lazy\" decoding=\"async\" src=\"\/fr\/wp-content\/uploads\/images\/reactions\/resultats-bandelettes-test-fentanyl.webp\" alt=\"R\u00e9sultats des bandelettes de test de fentanyl\" width=\"700\" height=\"118\" \/><\/p>\n<p>En plus du fentanyl, les analogues de fentanyl suivants peuvent \u00e9galement \u00eatre d\u00e9tect\u00e9s de mani\u00e8re positive :<\/p>\n<table>\n<tbody>\n<tr>\n<td>\n<ul>\n<li>3-M\u00e9thylfentanyl<\/li>\n<li>4-Fluorofentany<\/li>\n<li>Acetylfentanyl<\/li>\n<li>Alfentanil<\/li>\n<li>Butyrfentanyl<\/li>\n<li>Carfentanil<\/li>\n<\/ul>\n<\/td>\n<td>\n<ul>\n<li>Fluoroisobutyrfentanyl<\/li>\n<li>Furanylfentanyl<\/li>\n<li>Ocfentanil<\/li>\n<li>Remifentanil<\/li>\n<li>Sufentanil<\/li>\n<li>Thiofentanyl<\/li>\n<\/ul>\n<\/td>\n<\/tr>\n<\/tbody>\n<\/table>\n<p><strong>Remarque :<\/strong> Toutes les marques de bandelettes de test de fentanyl ne sont pas identiques ! Certains fournisseurs annoncent des bandelettes qui ne n\u00e9cessitent pas de dilution mesur\u00e9e avec de l&rsquo;eau. Le probl\u00e8me, c&rsquo;est que ces bandelettes ne peuvent pas d\u00e9tecter des analogues de fentanyl hautement puissants et mortels comme le carfentanil. Bien qu&rsquo;aucune bandelette de fentanyl ne puisse d\u00e9tecter tous les analogues, nous croyons que nos bandelettes sont les meilleures car elles peuvent d\u00e9tecter le carfentanil, qui est courant et extr\u00eamement dangereux. Nos bandelettes de fentanyl sont autoris\u00e9es et approuv\u00e9es par Sant\u00e9 Canada.<\/p>\n<h2>Avis important<\/h2>\n<p>Aucun dispositif de test ne donne des r\u00e9sultats d\u00e9finitifs \u00e0 100 %. Un r\u00e9sultat n\u00e9gatif ne signifie pas que la substance examin\u00e9e est s\u00fbre \u00e0 consommer.<\/p>\n<p>Aucune drogue (qu&rsquo;elle soit l\u00e9gale ou ill\u00e9gale) n&rsquo;est compl\u00e8tement s\u00fbre, nous recommandons d&rsquo;\u00e9viter toute consommation de drogue r\u00e9cr\u00e9ative.<\/p>\n","protected":false},"excerpt":{"rendered":"<p>Testez facilement le fentanyl et ses analogues avec ces bandelettes de test. Disponible en paquets de 2, 10 ou 100 bandes.<\/p>\n","protected":false},"featured_media":1757,"template":"","meta":[],"product_brand":[],"product_cat":[17],"product_tag":[],"class_list":{"0":"post-1750","1":"product","2":"type-product","3":"status-publish","4":"has-post-thumbnail","6":"product_cat-kits-de-test","8":"first","9":"instock","10":"taxable","11":"shipping-taxable","12":"purchasable","13":"product-type-variable"},"_links":{"self":[{"href":"https:\/\/testkitplus.com\/fr\/wp-json\/wp\/v2\/product\/1750","targetHints":{"allow":["GET"]}}],"collection":[{"href":"https:\/\/testkitplus.com\/fr\/wp-json\/wp\/v2\/product"}],"about":[{"href":"https:\/\/testkitplus.com\/fr\/wp-json\/wp\/v2\/types\/product"}],"wp:featuredmedia":[{"embeddable":true,"href":"https:\/\/testkitplus.com\/fr\/wp-json\/wp\/v2\/media\/1757"}],"wp:attachment":[{"href":"https:\/\/testkitplus.com\/fr\/wp-json\/wp\/v2\/media?parent=1750"}],"wp:term":[{"taxonomy":"product_brand","embeddable":true,"href":"https:\/\/testkitplus.com\/fr\/wp-json\/wp\/v2\/product_brand?post=1750"},{"taxonomy":"product_cat","embeddable":true,"href":"https:\/\/testkitplus.com\/fr\/wp-json\/wp\/v2\/product_cat?post=1750"},{"taxonomy":"product_tag","embeddable":true,"href":"https:\/\/testkitplus.com\/fr\/wp-json\/wp\/v2\/product_tag?post=1750"}],"curies":[{"name":"wp","href":"https:\/\/api.w.org\/{rel}","templated":true}]}}