{"id":1745,"date":"2023-09-29T12:04:50","date_gmt":"2023-09-29T16:04:50","guid":{"rendered":"https:\/\/testkitplus.com\/fr\/?post_type=product&#038;p=1745"},"modified":"2023-11-13T14:07:00","modified_gmt":"2023-11-13T19:07:00","slug":"kit-de-test-meth-amphetamine","status":"publish","type":"product","link":"https:\/\/testkitplus.com\/fr\/produit\/kit-de-test-meth-amphetamine","title":{"rendered":"Kit de test Meth\/Amph\u00e9tamine"},"content":{"rendered":"<p>Utilisez ce kit pour tester l&rsquo;amph\u00e9tamine (Speed, Adderall) et la m\u00e9thamph\u00e9tamine (alias Meth, Crystal, Ice). Un d\u00e9pistage appropri\u00e9 est un processus en plusieurs \u00e9tapes, c&rsquo;est pourquoi nous recommandons ce package pour identifier la meth\/amph\u00e9tamine. Il comprend trois tests soigneusement choisis, qui aident \u00e0 identifier et \u00e0 diff\u00e9rencier la m\u00e9thamph\u00e9tamine de l&rsquo;amph\u00e9tamine et \u00e0 d\u00e9pister les adulterants.<\/p>\n<table>\n<tr>\n<td><a title=\"R\u00e9actif Marquis\" href=\"\/fr\/produit\/reactif-marquis\"><img loading=\"lazy\" decoding=\"async\" class=\"allInOneProdImages\" alt=\"R\u00e9actif Marquis.\" src=\"\/fr\/wp-content\/uploads\/reactif-marquis.webp\" width=\"100\" height=\"100\" \/><\/a><\/td>\n<td><strong><a title=\"R\u00e9actif Marquis\" href=\"\/fr\/produit\/reactif-marquis\">Kit de test Marquis<\/a> : <\/strong>Il s&rsquo;agit du test principal pour l&rsquo;amph\u00e9tamine et la m\u00e9thamph\u00e9tamine. Il permet \u00e9galement de d\u00e9pister un large \u00e9ventail d&rsquo;autres substances telles que la MDMA, l&rsquo;h\u00e9ro\u00efne, la mescaline et d&rsquo;autres. Si vous ne pouvez vous permettre qu&rsquo;un seul test pour la meth\/amph\u00e9tamine, c&rsquo;est celui-ci qu&rsquo;il faut choisir.<\/p>\n<p>D\u00e9tails du produit : <a title=\"Kit de test Marquis\" href=\"\/fr\/produit\/reactif-marquis\">Kit de test Marquis \u00bb<\/a><\/td>\n<\/tr>\n<tr>\n<td><a title=\"Kit de test Liebermann\" href=\"\/fr\/produit\/reactif-liebermann\"><img loading=\"lazy\" decoding=\"async\" class=\"allInOneProdImages\" alt=\"Kit de test Liebermann\" src=\"\/fr\/wp-content\/uploads\/reactif-marquis.webp\" width=\"100\" height=\"100\" \/><\/a><\/td>\n<td><strong><a title=\"Liebermann Test Kit\" href=\"\/fr\/produit\/reactif-liebermann\">Kit de test Liebermann<\/a> : <\/strong>Ce test r\u00e9agit avec l&rsquo;amph\u00e9tamine et la m\u00e9thamph\u00e9tamine. C&rsquo;est \u00e9galement un bon test de suivi pour la MDMA (Molly), la k\u00e9tamine, la coca\u00efne et l&rsquo;h\u00e9ro\u00efne.<\/p>\n<p>D\u00e9tails du produit : <a title=\"Kit de test Liebermann\" href=\"\/fr\/produit\/reactif-liebermann\">Kit de test Liebermann \u00bb<\/a><\/td>\n<\/tr>\n<tr>\n<td><a title=\"Kit de test Simon\" href=\"\/fr\/produit\/reactif-simon\"><img loading=\"lazy\" decoding=\"async\" class=\"allInOneProdImages\" alt=\"Kit de test Simon\" src=\"\/fr\/wp-content\/uploads\/reactif-marquis.webp\" width=\"100\" height=\"100\" \/><\/a><\/td>\n<td><strong><a title=\"Kit de test Simon\" href=\"\/fr\/produit\/reactif-simon\">Kit de test Simon<\/a> : <\/strong>Ce test permet de diff\u00e9rencier l&rsquo;amph\u00e9tamine (speed) de la m\u00e9thamph\u00e9tamine. L&rsquo;amph\u00e9tamine ne produit pas de changement de couleur avec ce test, tandis que la m\u00e9thamph\u00e9tamine produira une couleur bleue.<\/p>\n<p>Product details: <a title=\"Kit de test Simon\" href=\"\/fr\/produit\/reactif-simon\">Kit de test Simon \u00bb<\/a><\/td>\n<\/tr>\n<\/table>\n<h3>Le kit comprend<\/h3>\n<ul>\n<li>1 x flacon de <a title=\"R\u00e9actif Marquis\" href=\"\/fr\/produit\/reactif-marquis\">Marquis<\/a><\/li>\n<li>1 x flacon de <a title=\"R\u00e9actif Froehde\" href=\"\/fr\/produit\/reactif-froehde\">Froehde<\/a><\/li>\n<li>1 x flacon de <a title=\"R\u00e9actif Simon\" href=\"\/fr\/produit\/reactif-simon\">Simon<\/a><\/li>\n<li>Tableau de couleurs avec instructions pour chaque test<\/li>\n<li>3 x fioles de test r\u00e9utilisables<\/li>\n<li>Bocal de protection pour le transport et le stockage<\/li>\n<\/ul>\n<p><!--\n\n\n<h3>Vid\u00e9o de d\u00e9monstration du package du kit de test Meth\/Amph\u00e9tamine [en anglais]<\/h3>\n\n\n\n\n<div style=\"padding:56.25% 0 0 0;position:relative;\"><iframe src=\"https:\/\/player.vimeo.com\/video\/808755923\" frameborder=\"0\" allow=\"autoplay; fullscreen; picture-in-picture\" allowfullscreen style=\"position:absolute;top:0;left:0;width:100%;height:100%;\" title=\"methamphetamine-test-kit\"><\/iframe><\/div>\n\n<script src=\"https:\/\/player.vimeo.com\/api\/player.js\"><\/script>\n<iframe loading=\"lazy\" width=\"560\" height=\"315\" src=\"https:\/\/www.youtube.com\/embed\/l0wrA8avR2k\" title=\"YouTube video player\" frameborder=\"0\" allow=\"accelerometer; autoplay; clipboard-write; encrypted-media; gyroscope; picture-in-picture\" allowfullscreen><\/iframe>\n--><\/p>\n<h3>Utilisation du package du kit de test Meth\/Amph\u00e9tamine pour tester l&rsquo;amph\u00e9tamine et la m\u00e9thamph\u00e9tamine<\/h3>\n<p><strong>Instructions :<\/strong><\/p>\n<p><strong>\u00c9tape 1)<\/strong> Commencez par le <a title=\"R\u00e9actif Marquis\" href=\"\/fr\/produit\/reactif-marquis\">test Marquis<\/a>. Si votre \u00e9chantillon ne produit pas une couleur orange rouge\u00e2tre avec ce test, ce que vous avez n&rsquo;est certainement ni de l&rsquo;amph\u00e9tamine ni de la m\u00e9thamph\u00e9tamine. Aucun autre test n&rsquo;est n\u00e9cessaire. Si votre \u00e9chantillon devient rouge orang\u00e9, passez \u00e0 l&rsquo;\u00e9tape deux.<\/p>\n<p><strong>\u00c9tape 2)<\/strong> Ensuite, testez votre \u00e9chantillon avec le <a title=\"Liebermann Test Kit\" href=\"\/fr\/produit\/reactif-liebermann\">test Liebermann<\/a>. Ce test produit \u00e9galement une couleur rouge orange pour l&rsquo;amph\u00e9tamine et la m\u00e9thamph\u00e9tamine. Si vous observez une r\u00e9action de couleur diff\u00e9rente, vous pouvez vous arr\u00eater ici car ce que vous avez n&rsquo;est pas de la meth\/amph\u00e9tamine. Sinon, passez \u00e0 l&rsquo;\u00e9tape 3.<\/p>\n<p><strong>\u00c9tape 3)<\/strong> Enfin, utilisez le <a title=\"Kit de test Simon\" href=\"\/fr\/produit\/reactif-simon\">test Simon<\/a> sur votre \u00e9chantillon. Il permettra de diff\u00e9rencier l&rsquo;amph\u00e9tamine de la m\u00e9thamph\u00e9tamine. La r\u00e9action produira une couleur bleue avec la m\u00e9thamph\u00e9tamine, aucune modification de couleur avec l&rsquo;amph\u00e9tamine.<\/p>\n<h3>Vid\u00e9o de d\u00e9monstration du package du kit de test Meth\/Amph\u00e9tamine [en anglais]<\/h3>\n<p><!--[content_control status=\"logged_out\"][xoo_el_action type=\"login\" display=\"button\" text=\"Connectez-vous pour voir la vid\u00e9o \u00bb\" redirect_to=\"same\"]\n\n<p style=\"margin-top: 1em;\">Pourquoi? Parce que cette vid\u00e9o sur les tests de d\u00e9pistage de drogues comprend ce qui pourrait \u00eatre consid\u00e9r\u00e9 comme du contenu r\u00e9serv\u00e9 aux adultes.<\/p>\n\n[\/content_control][content_control]--><\/p>\n<div style=\"padding:60% 0 0 0;position:relative;\"><iframe src=\"https:\/\/player.vimeo.com\/video\/808755923\" frameborder=\"0\" allow=\"autoplay; fullscreen; picture-in-picture\" allowfullscreen style=\"position:absolute;top:0;left:0;width:100%;height:100%;\" title=\"Meth\/Amphetamine Test Kit Demo\"><\/iframe><\/div>\n<p><script src=\"https:\/\/player.vimeo.com\/api\/player.js\"><\/script><!--[\/content_control]--><\/p>\n<h2>Avis<\/h2>\n<p>Bien que le test r\u00e9actif soit la meilleure m\u00e9thode pour un test sur place, il n\u2019est jamais concluant \u00e0 100%. De nombreuses variables peuvent avoir un impact sur l\u2019aspect de la r\u00e9action. L\u2019\u00e9clairage, les impuret\u00e9s et les substances ind\u00e9sirables pr\u00e9sentes dans votre \u00e9chantillon peuvent tous jouer un r\u00f4le.<\/p>\n<p>Aucune drogue (l\u00e9gale ou ill\u00e9gale) n\u2019est totalement s\u00fbre, nous vous recommandons d\u2019\u00e9viter toute consommation de drogues \u00e0 usage r\u00e9cr\u00e9atif.<\/p>\n","protected":false},"excerpt":{"rendered":"<p>Utilisez ce kit pour tester l&rsquo;amph\u00e9tamine (Speed, Adderall) et la m\u00e9thamph\u00e9tamine (alias Meth, Crystal, Ice). Un d\u00e9pistage appropri\u00e9 est un processus en plusieurs \u00e9tapes, c&rsquo;est pourquoi nous recommandons ce package pour identifier la meth\/amph\u00e9tamine. Il comprend trois tests soigneusement choisis, qui aident \u00e0 identifier et \u00e0 diff\u00e9rencier la m\u00e9thamph\u00e9tamine de l&rsquo;amph\u00e9tamine et \u00e0 d\u00e9pister les [&hellip;]<\/p>\n","protected":false},"featured_media":1747,"template":"","meta":[],"product_brand":[],"product_cat":[41],"product_tag":[],"class_list":{"0":"post-1745","1":"product","2":"type-product","3":"status-publish","4":"has-post-thumbnail","6":"product_cat-reactifs","8":"first","9":"instock","10":"taxable","11":"shipping-taxable","12":"purchasable","13":"product-type-simple"},"_links":{"self":[{"href":"https:\/\/testkitplus.com\/fr\/wp-json\/wp\/v2\/product\/1745","targetHints":{"allow":["GET"]}}],"collection":[{"href":"https:\/\/testkitplus.com\/fr\/wp-json\/wp\/v2\/product"}],"about":[{"href":"https:\/\/testkitplus.com\/fr\/wp-json\/wp\/v2\/types\/product"}],"wp:featuredmedia":[{"embeddable":true,"href":"https:\/\/testkitplus.com\/fr\/wp-json\/wp\/v2\/media\/1747"}],"wp:attachment":[{"href":"https:\/\/testkitplus.com\/fr\/wp-json\/wp\/v2\/media?parent=1745"}],"wp:term":[{"taxonomy":"product_brand","embeddable":true,"href":"https:\/\/testkitplus.com\/fr\/wp-json\/wp\/v2\/product_brand?post=1745"},{"taxonomy":"product_cat","embeddable":true,"href":"https:\/\/testkitplus.com\/fr\/wp-json\/wp\/v2\/product_cat?post=1745"},{"taxonomy":"product_tag","embeddable":true,"href":"https:\/\/testkitplus.com\/fr\/wp-json\/wp\/v2\/product_tag?post=1745"}],"curies":[{"name":"wp","href":"https:\/\/api.w.org\/{rel}","templated":true}]}}