{"id":1737,"date":"2023-09-28T23:58:31","date_gmt":"2023-09-29T03:58:31","guid":{"rendered":"https:\/\/testkitplus.com\/fr\/?post_type=product&#038;p=1737"},"modified":"2023-11-13T14:10:58","modified_gmt":"2023-11-13T19:10:58","slug":"kit-de-test-dmt","status":"publish","type":"product","link":"https:\/\/testkitplus.com\/fr\/produit\/kit-de-test-dmt","title":{"rendered":"Kit de test DMT"},"content":{"rendered":"<p>Confirmez que votre DMT est effectivement de la DMT. Choisissez le package complet ou le kit de base. Notre kit de base comprend le test principal pour la DMT. Le package inclut un deuxi\u00e8me kit pour identifier plus d\u00e9finitivement la LSD et \u00e9liminer les faux positifs.<\/p>\n<table>\n<tbody>\n<tr>\n<th colspan=\"2\">Le Kit de Test DMT Comprend<\/th>\n<\/tr>\n<tr>\n<td><strong>Kit de base :<\/strong><\/p>\n<ul>\n<li>Flacon avec liquide de <a title=\"R\u00e9actif Hofmann\" href=\"\/fr\/produit\/reactif-hofmann\">test Hofmann<\/a><\/li>\n<li>Tableau de couleurs avec instructions<\/li>\n<li>Fiole de test r\u00e9utilisable<\/li>\n<li>Bocal de protection pour le transport et le stockage<\/li>\n<\/ul>\n<p>Ce kit contient le <a title=\"R\u00e9actif Hofmann\" href=\"\/fr\/produit\/reactif-hofmann\">test Hofmann<\/a>, qui est le test principal pour la DMT. Hofmann est recommand\u00e9 comme test secondaire pour la LSD. Notre kit de test LSD (Ehrlich) est le test principal pour la LSD.<\/p>\n<\/td>\n<td><strong>Package complet :<\/strong><\/p>\n<ul>\n<li>1 x flacon de <a title=\"R\u00e9actif Hofmann\" href=\"\/fr\/produit\/reactif-hofmann\">Hofmann<\/a><\/li>\n<li>1 x flacon de <a title=\"R\u00e9actif Marquis\" href=\"\/fr\/produit\/reactif-marquis\">Marquis<\/a><\/li>\n<li>1 x flacon de <a title=\"R\u00e9actif Ehrlich\" href=\"\/fr\/produit\/reactif-ehrlich\">Ehrlich<\/a><\/li>\n<li>Tableau de couleurs avec instructions pour chaque test<\/li>\n<li>2 x Fioles de test r\u00e9utilisables<\/li>\n<li>Bocal de protection pour le transport et le stockage<\/li>\n<\/ul>\n<p>Obtenez le kit de test DMT si vous pouvez vous permettre quelque chose de plus que le kit de base. Un d\u00e9pistage appropri\u00e9 est un processus en plusieurs \u00e9tapes, c&rsquo;est pourquoi nous recommandons ce package pour identifier la DMT. Il comprend trois tests soigneusement choisis (appel\u00e9s <a title=\"Hofmann reagent\" href=\"\/fr\/produit\/reactif-hofmann\">Hofmann<\/a>, <a title=\"Marquis reagent\" href=\"\/fr\/produit\/reactif-marquis\">Marquis<\/a> et <a title=\"Ehrlich\" href=\"\/fr\/produit\/reactif-ehrlich\">Ehrlich<\/a>), ce qui r\u00e9duit consid\u00e9rablement les chances d&rsquo;obtenir un faux positif et peut aider \u00e0 identifier la pr\u00e9sence d&rsquo;adult\u00e9rants.<\/p>\n<\/td>\n<\/tr>\n<\/tbody>\n<\/table>\n<h3>Vid\u00e9o de d\u00e9monstration du kit de test DMT  [en anglais]<\/h3>\n<div style=\"padding:56.25% 0 0 0;position:relative;\"><iframe src=\"https:\/\/player.vimeo.com\/video\/836244641\" frameborder=\"0\" allow=\"autoplay; fullscreen; picture-in-picture\" allowfullscreen style=\"position:absolute;top:0;left:0;width:100%;height:100%;\" title=\"DMT-test-kit-demo\"><\/iframe><\/div>\n<p><script src=\"https:\/\/player.vimeo.com\/api\/player.js\"><\/script><br \/>\n<!--<iframe loading=\"lazy\" width=\"560\" height=\"315\" src=\"https:\/\/www.youtube.com\/embed\/pwMr0cqCq8k\" frameborder=\"0\" allow=\"accelerometer; autoplay; clipboard-write; encrypted-media; gyroscope; picture-in-picture\" allowfullscreen><\/iframe>--><\/p>\n<h3>Utilisation du Kit de Test DMT pour Tester le DMT<\/h3>\n<table>\n<tr>\n<td>\n<a title=\"R\u00e9actif hofmann\" href=\"\/fr\/produit\/reactif-hofmann\"><img loading=\"lazy\" decoding=\"async\" class=\"allInOneProdImages\" style=\"margin-bottom:0px;\" alt=\"Hofmann reagent\" src=\"\/fr\/wp-content\/uploads\/reactif-hofmann-100x100.webp\" width=\"100\" height=\"100\" \/><\/a><\/td>\n<td><strong>\u00c9tape 1)<\/strong> Commencez par le <a title=\"R\u00e9actif hofmann\" href=\"\/fr\/produit\/reactif-hofmann\">test Hofmann<\/a>. Si votre \u00e9chantillon ne produit pas de couleur jaune avec ce test, ce que vous avez n&rsquo;est pas de la DMT. Aucun autre test n&rsquo;est n\u00e9cessaire. Si votre \u00e9chantillon devient jaune, passez \u00e0 l&rsquo;\u00e9tape deux.<br \/>\n<strong><a title=\"Hofmann reagent\" href=\"\/fr\/produit\/reactif-hofmann\">Test Hofmann<\/a>: <\/strong>Il s&rsquo;agit du test principal pour la DMT.<\/p>\n<p>D\u00e9tails du produit: <a title=\"Hofmann reagent\" href=\"\/product\/hofmann-reagent\">Kit de test Hofmann \u00bb<\/a>\n<\/td>\n<\/tr>\n<tr>\n<td>\n<a title=\"R\u00e9actif Marquis\" href=\"\/fr\/produit\/reactif-marquis\"><img loading=\"lazy\" decoding=\"async\" class=\"allInOneProdImages\"  style=\"margin-bottom:0px;\" alt=\"\" src=\"\/fr\/wp-content\/uploads\/reactif-marquis-100x100.webp\" width=\"100\" height=\"100\" \/><\/a><\/td>\n<td><strong>\u00c9tape 2)<\/strong> Ensuite, testez votre \u00e9chantillon avec le <a title=\"Kit de test Marquis\" href=\"\/fr\/produit\/reactif-\">test Marquis<\/a>. Si la r\u00e9action de couleur entre votre \u00e9chantillon et le liquide de test ne devient pas brune \u00e0 partir de jaune, ce que vous avez n&rsquo;est pas de la DMT. Marquis est \u00e9galement capable de d\u00e9pister de nombreuses autres substances.<br \/>\n<strong><a title=\"R\u00e9actif Marquis\" href=\"\/fr\/produit\/reactif-\">Kit de test Marquis <\/a>: <\/strong>Outre la DMT, ce test peut identifier des m\u00e9dicaments dans d&rsquo;autres cat\u00e9gories comme les opiac\u00e9s, les cathinones et les empathog\u00e8nes (comme la MDMA).<\/p>\n<p>D\u00e9tails du produit : <a title=\"Kit de test Marquis\" href=\"\/product\/marquis-reagent\">Kit de test Marquis \u00bb<\/a>\n<\/td>\n<\/tr>\n<tr>\n<td>\n<a title=\"Kit de test Ehrlich\" href=\"\/fr\/produit\/reactif-ehrlich\"><img loading=\"lazy\" decoding=\"async\" class=\"allInOneProdImages\"  style=\"margin-bottom:0px;\" alt=\"\" src=\"\/fr\/wp-content\/uploads\/lsd-test-kit-ehrlich-100x100.jpg\" width=\"100\" height=\"100\" \/><\/a><\/td>\n<td><strong>\u00c9tape 3)<\/strong> Enfin, testez votre \u00e9chantillon avec le <a title=\"R\u00e9actif Ehrlich\" href=\"\/fr\/produit\/reactif-ehrlich\">test Ehrlich<\/a>. Ce test confirme la pr\u00e9sence de ce que l&rsquo;on appelle les compos\u00e9s indoles. La DMT est un indole et produira une couleur rose \u00e0 violet clair avec ce test. Si vous ne voyez pas de r\u00e9action ici, vous pouvez \u00eatre assez s\u00fbr que votre \u00e9chantillon ne contient pas de quantit\u00e9s significatives de DMT.<br \/>\n<strong><a title=\"Kit de test Ehrlich\" href=\"\/fr\/produit\/reactif-ehrlich\">Kit de test Ehrlich<\/a>: <\/strong>Ehrlich est un excellent test de suivi pour la DMT et un bon test pour la LSD.<\/p>\n<p>D\u00e9tails du produit : <a title=\"Kit de test Ehrlich\" href=\"\/fr\/produit\/reactif-ehrlich\">Kit de test Ehrlich \u00bb<\/a>\n<\/td>\n<\/tr>\n<\/table>\n<p><!--\n\n<h3>Vid\u00e9o de d\u00e9monstration du kit de test DMT  [en anglais]<\/h3>\n\n\n[content_control status=\"logged_out\"][xoo_el_action type=\"login\" display=\"button\" text=\"Connectez-vous pour voir la vid\u00e9o \u00bb\" redirect_to=\"same\"][\/content_control][content_control]\n\n<div style=\"padding:56.25% 0 0 0;position:relative;\"><iframe src=\"https:\/\/player.vimeo.com\/video\/836244641\" frameborder=\"0\" allow=\"autoplay; fullscreen; picture-in-picture\" allowfullscreen style=\"position:absolute;top:0;left:0;width:100%;height:100%;\" title=\"DMT-test-kit-demo\"><\/iframe><\/div>\n\n<script src=\"https:\/\/player.vimeo.com\/api\/player.js\"><\/script>[\/content_control]--><\/p>\n<h3>Avis<\/h3>\n<p>Bien que le test r\u00e9actif soit la meilleure m\u00e9thode pour un test sur place, il n\u2019est jamais concluant \u00e0 100%. De nombreuses variables peuvent avoir un impact sur l\u2019aspect de la r\u00e9action. L\u2019\u00e9clairage, les impuret\u00e9s et les substances ind\u00e9sirables pr\u00e9sentes dans votre \u00e9chantillon peuvent tous jouer un r\u00f4le.<\/p>\n<p>Aucune drogue (l\u00e9gale ou ill\u00e9gale) n\u2019est totalement s\u00fbre, nous vous recommandons d\u2019\u00e9viter toute consommation de drogues \u00e0 usage r\u00e9cr\u00e9atif.<\/p>\n","protected":false},"excerpt":{"rendered":"<p>Confirmez que votre DMT est bien du DMT et excluez les m\u00e9dicaments vendus \u00e0 tort sous le nom de DMT. Choisissez le package complet ou le kit de test de base. Notre kit de base comprend le test primaire pour le DMT. Le forfait comprend 3 kits pour identifier plus d\u00e9finitivement le DMT et exclure les faux positifs.<\/p>\n","protected":false},"featured_media":1741,"template":"","meta":[],"product_brand":[],"product_cat":[17],"product_tag":[],"class_list":{"0":"post-1737","1":"product","2":"type-product","3":"status-publish","4":"has-post-thumbnail","6":"product_cat-kits-de-test","8":"first","9":"instock","10":"taxable","11":"shipping-taxable","12":"purchasable","13":"product-type-variable"},"_links":{"self":[{"href":"https:\/\/testkitplus.com\/fr\/wp-json\/wp\/v2\/product\/1737","targetHints":{"allow":["GET"]}}],"collection":[{"href":"https:\/\/testkitplus.com\/fr\/wp-json\/wp\/v2\/product"}],"about":[{"href":"https:\/\/testkitplus.com\/fr\/wp-json\/wp\/v2\/types\/product"}],"wp:featuredmedia":[{"embeddable":true,"href":"https:\/\/testkitplus.com\/fr\/wp-json\/wp\/v2\/media\/1741"}],"wp:attachment":[{"href":"https:\/\/testkitplus.com\/fr\/wp-json\/wp\/v2\/media?parent=1737"}],"wp:term":[{"taxonomy":"product_brand","embeddable":true,"href":"https:\/\/testkitplus.com\/fr\/wp-json\/wp\/v2\/product_brand?post=1737"},{"taxonomy":"product_cat","embeddable":true,"href":"https:\/\/testkitplus.com\/fr\/wp-json\/wp\/v2\/product_cat?post=1737"},{"taxonomy":"product_tag","embeddable":true,"href":"https:\/\/testkitplus.com\/fr\/wp-json\/wp\/v2\/product_tag?post=1737"}],"curies":[{"name":"wp","href":"https:\/\/api.w.org\/{rel}","templated":true}]}}