{"id":1695,"date":"2023-09-28T12:42:48","date_gmt":"2023-09-28T16:42:48","guid":{"rendered":"https:\/\/testkitplus.com\/fr\/?post_type=product&#038;p=1695"},"modified":"2023-12-28T21:45:16","modified_gmt":"2023-12-29T02:45:16","slug":"reactif-simon","status":"publish","type":"product","link":"https:\/\/testkitplus.com\/fr\/produit\/reactif-simon","title":{"rendered":"R\u00e9actif Simon"},"content":{"rendered":"<p>Utilisez le kit de test au r\u00e9actif Simon pour :<\/p>\n<ul>\n<li>Diff\u00e9rencier la MDMA de la MDA\n<li>Diff\u00e9rencier l&rsquo;amph\u00e9tamine de la m\u00e9thamph\u00e9tamine\n<\/ul>\n<p>Le test Simon ne doit \u00eatre utilis\u00e9 qu&rsquo;apr\u00e8s avoir effectu\u00e9 un premier test avec les r\u00e9actifs <a href=\"\/fr\/produit\/reactif-marquis\" title=\"R\u00e9actif Marquis\">Marquis<\/a>, <a href=\"\/fr\/produit\/reactif-liebermann\" title=\"R\u00e9actif Liebermann\">Liebermann<\/a>, <a href=\"\/fr\/produit\/reactif-froehde\" title=\"R\u00e9actif Froehde\">Froehde<\/a>, <a href=\"\/fr\/produit\/reactif-mandelin\" title=\"R\u00e9actif Mandelin\">Mandelin<\/a> et\/ou <a href=\"\/fr\/produit\/reactif-mecke\" title=\"R\u00e9actif Mecke\">Mecke<\/a>. Plus vous utilisez de tests, moins vous avez de chances d&rsquo;obtenir de faux positifs.<\/p>\n<p><strong>Pour la MDMA :<\/strong> Votre \u00e9chantillon contient probablement de la MDMA s&rsquo;il produit la r\u00e9action de couleur correspondante avec les r\u00e9actifs <a href=\"\/fr\/produit\/reactif-marquis\" title=\"R\u00e9actif Marquis\">Marquis<\/a>, <a href=\"\/fr\/produit\/reactif-mandelin\" title=\"R\u00e9actif Mandelin\">Mandelin<\/a> et <a href=\"\/fr\/produit\/reactif-mecke\" title=\"R\u00e9actif Mecke\">Mecke<\/a>, et qu&rsquo;il devient bleu avec le Simon.<\/p>\n<p><strong>Pour la m\u00e9thamph\u00e9tamine :<\/strong> Votre \u00e9chantillon contient probablement de la m\u00e9thamph\u00e9tamine s&rsquo;il produit la r\u00e9action de couleur correspondante avec les r\u00e9actifs <a href=\"\/fr\/produit\/reactif-marquis\" title=\"R\u00e9actif Marquis\">Marquis<\/a>, <a href=\"\/fr\/produit\/reactif-liebermann\" title=\"R\u00e9actif Liebermann\">Liebermann<\/a> et <a href=\"\/fr\/produit\/reactif-mecke\" title=\"R\u00e9actif Mecke\">Mecke<\/a>, et qu&rsquo;il devient bleu avec le Simon.<\/p>\n<p><strong>Stockage :<\/strong> Conservez les flacons au cong\u00e9lateur et laissez le liquide d\u00e9congeler avant utilisation. Cela permettra \u00e0 votre kit de test de durer des ann\u00e9es. Il n&rsquo;est pas recommand\u00e9 de le stocker \u00e0 temp\u00e9rature ambiante, car le liquide de test se d\u00e9gradera en quelques mois.<\/p>\n<h3>Le kit de test contient:<\/h3>\n<ul>\n<li>2 flacons (Simon A et Simon B) avec liquide de test (assez pour jusqu\u2019\u00e0 100 tests)\n<li>Le tableau de couleurs avec les instructions\n<li>Une fiole de test r\u00e9utilisable\n<li>Pot de stockage\/transport de protection\n<\/ul>\n<p>Bien que d&rsquo;autres substances puissent \u00e9galement provoquer des changements de couleur, nous avons constat\u00e9 que le r\u00e9actif Simon change de couleur avec :<br \/>\n2C-E, lisdexamf\u00e9tamine (Vyvanse), MDE, MDMA, meph\u00e9drone, m\u00e9thamph\u00e9tamine, m\u00e9thylone,<\/p>\n","protected":false},"excerpt":{"rendered":"<p>Utilisez le kit de test au r\u00e9actif Simon pour : Diff\u00e9rencier la MDMA de la MDA Diff\u00e9rencier l&rsquo;amph\u00e9tamine de la m\u00e9thamph\u00e9tamine Le test Simon ne doit \u00eatre utilis\u00e9 qu&rsquo;apr\u00e8s avoir effectu\u00e9 un premier test avec les r\u00e9actifs Marquis, Liebermann, Froehde, Mandelin et\/ou Mecke. Plus vous utilisez de tests, moins vous avez de chances d&rsquo;obtenir de [&hellip;]<\/p>\n","protected":false},"featured_media":1698,"template":"","meta":[],"product_brand":[],"product_cat":[41],"product_tag":[],"class_list":{"0":"post-1695","1":"product","2":"type-product","3":"status-publish","4":"has-post-thumbnail","6":"product_cat-reactifs","8":"first","9":"instock","10":"taxable","11":"shipping-taxable","12":"purchasable","13":"product-type-simple"},"_links":{"self":[{"href":"https:\/\/testkitplus.com\/fr\/wp-json\/wp\/v2\/product\/1695","targetHints":{"allow":["GET"]}}],"collection":[{"href":"https:\/\/testkitplus.com\/fr\/wp-json\/wp\/v2\/product"}],"about":[{"href":"https:\/\/testkitplus.com\/fr\/wp-json\/wp\/v2\/types\/product"}],"wp:featuredmedia":[{"embeddable":true,"href":"https:\/\/testkitplus.com\/fr\/wp-json\/wp\/v2\/media\/1698"}],"wp:attachment":[{"href":"https:\/\/testkitplus.com\/fr\/wp-json\/wp\/v2\/media?parent=1695"}],"wp:term":[{"taxonomy":"product_brand","embeddable":true,"href":"https:\/\/testkitplus.com\/fr\/wp-json\/wp\/v2\/product_brand?post=1695"},{"taxonomy":"product_cat","embeddable":true,"href":"https:\/\/testkitplus.com\/fr\/wp-json\/wp\/v2\/product_cat?post=1695"},{"taxonomy":"product_tag","embeddable":true,"href":"https:\/\/testkitplus.com\/fr\/wp-json\/wp\/v2\/product_tag?post=1695"}],"curies":[{"name":"wp","href":"https:\/\/api.w.org\/{rel}","templated":true}]}}