{"id":1692,"date":"2023-09-28T12:32:20","date_gmt":"2023-09-28T16:32:20","guid":{"rendered":"https:\/\/testkitplus.com\/fr\/?post_type=product&#038;p=1692"},"modified":"2023-11-13T14:03:52","modified_gmt":"2023-11-13T19:03:52","slug":"reactif-morris","status":"publish","type":"product","link":"https:\/\/testkitplus.com\/fr\/produit\/reactif-morris","title":{"rendered":"R\u00e9actif Morris"},"content":{"rendered":"<p>Le r\u00e9actif Morris est un test primaire pour identifier la k\u00e9tamine et constitue \u00e9galement un bon test pour la coca\u00efne.<\/p>\n<p>Le r\u00e9actif Morris est relativement nouveau, cr\u00e9\u00e9 par Jeremiah Morris en 2006, et est consid\u00e9r\u00e9 comme une am\u00e9lioration par rapport au r\u00e9actif Scott. Il pr\u00e9sente quelques diff\u00e9rences par rapport \u00e0 la plupart des autres tests au r\u00e9actif :<\/p>\n<ol>\n<li>Le test Morris est compos\u00e9 de deux parties, ce qui signifie que 2 r\u00e9actifs diff\u00e9rents (\u00e9tiquet\u00e9s Morris A et Morris B) sont ajout\u00e9s \u00e0 l&rsquo;\u00e9chantillon.\n<li>Le m\u00e9lange est agit\u00e9 pendant 30 secondes pour obtenir le r\u00e9sultat final.\n<li>Le r\u00e9actif est sensible \u00e0 la quantit\u00e9 d&rsquo;\u00e9chantillon. Pour de meilleurs r\u00e9sultats, utilisez un \u00e9chantillon de 5 \u00e0 10 mg. Vous pouvez utiliser <a href=\"\/fr\/produit\/cuilleres-micro-de-10-mg\" title=\"microcuill\u00e8re\">une microcuill\u00e8re<\/a> pour vous aider \u00e0 obtenir la bonne quantit\u00e9.\n<li>Aucune r\u00e9action, ou un r\u00e9sultat n\u00e9gatif, produit une couleur verte comme indiqu\u00e9 dans le tableau des couleurs fourni. M\u00e9langer Morris A et Morris B ensemble sans \u00e9chantillon produit la m\u00eame couleur verte.\n<li>Le r\u00e9actif Morris se lie \u00e0 l&rsquo;\u00e9chantillon en produisant un changement de couleur, tandis que la plupart des autres r\u00e9actifs dissolvent l&rsquo;\u00e9chantillon pendant la r\u00e9action chimique.\n<\/ol>\n<p>Pour faciliter la recherche de ce produit, nous r\u00e9pertorions \u00e9galement le r\u00e9actif Morris en tant que <a href=\"\/fr\/produit\/kit-de-test-ketamine\" title=\"kit de test de la k\u00e9tamine\">kit de test de la k\u00e9tamine<\/a> sur notre site.<\/p>\n<h2>Test Morris (K\u00e9tamine et Coca\u00efne) &#8211; Vid\u00e9o de D\u00e9monstration<\/h2>\n<div style=\"padding:60% 0 0 0;position:relative;\"><iframe src=\"https:\/\/player.vimeo.com\/video\/831513269\" frameborder=\"0\" allow=\"autoplay; fullscreen; picture-in-picture\" allowfullscreen style=\"position:absolute;top:0;left:0;width:100%;height:100%;\" title=\"Ketamine-Cocaine-Testing-Morris\"><\/iframe><\/div>\n<p><script src=\"https:\/\/player.vimeo.com\/api\/player.js\"><\/script><\/p>\n<h3>Le kit de test contient:<\/h3>\n<ul>\n<li>2 flacons (Morris A et Morris B) avec liquide de test (assez pour jusqu\u2019\u00e0 100 tests)\n<li>Le tableau de couleurs avec les instructions\n<li>Une fiole de test r\u00e9utilisable\n<li>Pot de stockage\/transport de protection<br \/>\n<\/u><\/p>\n<table style=\"width: auto\">\n<tr>\n<th colspan=\"3\">R\u00e9actions du R\u00e9actif Morris Apr\u00e8s 30 Secondes d&rsquo;Agitation (\u00c9chantillon de 5 \u00e0 10 mg)<\/th>\n<\/tr>\n<tr>\n<td>\n<figure>\n    <img loading=\"lazy\" decoding=\"async\" src=\"\/wp-content\/uploads\/morris-no-reaction.jpg\" width=\"165\" height=\"165\" alt=\"R\u00e9action Nulle du Morris\"><figcaption>Aucun \u00e9chantillon\/r\u00e9action<\/figcaption><\/figure>\n<\/td>\n<td>\n<figure>\n    <img loading=\"lazy\" decoding=\"async\" src=\"\/wp-content\/uploads\/morris-ketamine.jpg\" width=\"165\" height=\"165\" alt=\"R\u00e9action \u00e0 la K\u00e9tamine du Morris\"><figcaption>R\u00e9action \u00e0 la k\u00e9tamine<\/figcaption><\/figure>\n<\/td>\n<td>\n<figure>\n    <img loading=\"lazy\" decoding=\"async\" src=\"\/wp-content\/uploads\/morris-cocaine.jpg\" width=\"165\" height=\"165\" alt=\"R\u00e9action \u00e0 la Coca\u00efne du Morris\"><figcaption>R\u00e9action \u00e0 la coca\u00efne<\/figcaption><\/figure>\n<\/td>\n<\/tr>\n<\/table>\n<p><!--\n\n<h2>Test Morris (K\u00e9tamine et Coca\u00efne) - Vid\u00e9o de D\u00e9monstration<\/h2>\n\n\n[content_control status=\"logged_out\"][xoo_el_action type=\"login\" display=\"button\" text=\"Connectez-vous pour voir la vid\u00e9o \u00bb\" redirect_to=\"same\"][\/content_control][content_control]\n\n<div style=\"padding:60% 0 0 0;position:relative;\"><iframe src=\"https:\/\/player.vimeo.com\/video\/831513269\" frameborder=\"0\" allow=\"autoplay; fullscreen; picture-in-picture\" allowfullscreen style=\"position:absolute;top:0;left:0;width:100%;height:100%;\" title=\"Ketamine-Cocaine-Testing-Morris\"><\/iframe><\/div>\n\n<script src=\"https:\/\/player.vimeo.com\/api\/player.js\"><\/script>[\/content_control]--><\/p>\n<h3>Image du Tableau des Couleurs du R\u00e9actif Morris<\/h3>\n<p><img loading=\"lazy\" decoding=\"async\" class=\"img-color-reaction\" alt=\"Morris Reagent Color Reactions\" src=\"\/wp-content\/uploads\/images\/reactions\/morris-reagent-color-reactions.jpg\" width=\"650\" height=\"601\" \/><\/p>\n<p>Bien que d\u2019autres substances puissent \u00e9galement produire des changements de couleur, nous avons constat\u00e9 que Morris change de couleur avec :<br \/>\n2F-FDCK, aspirine, coca\u00efne, DCK, k\u00e9tamine, l\u00e9vamisole, lidoca\u00efne, xylazine<\/p>\n<h3>Notification<\/h3>\n<p>Bien que les tests par r\u00e9actifs constituent la meilleure m\u00e9thode de test sur-le-champ, ils ne sont jamais d\u00e9finitifs \u00e0 100%. Il y a de nombreuses variables qui peuvent influer sur l&rsquo;aspect de la r\u00e9action. L&rsquo;\u00e9clairage, les impuret\u00e9s, et des substances ind\u00e9sirables dans votre \u00e9chantillon peuvent tous jouer un r\u00f4le.<\/p>\n<p>Aucune drogue (qu&rsquo;elle soit l\u00e9gale ou ill\u00e9gale) n&rsquo;est enti\u00e8rement sans danger, nous recommandons d&rsquo;\u00e9viter l&rsquo;utilisation de toutes les drogues r\u00e9cr\u00e9atives.<\/p>\n","protected":false},"excerpt":{"rendered":"<p>Le r\u00e9actif Morris est un test primaire pour identifier la k\u00e9tamine et constitue \u00e9galement un bon test pour la coca\u00efne. Le r\u00e9actif Morris est relativement nouveau, cr\u00e9\u00e9 par Jeremiah Morris en 2006, et est consid\u00e9r\u00e9 comme une am\u00e9lioration par rapport au r\u00e9actif Scott. Il pr\u00e9sente quelques diff\u00e9rences par rapport \u00e0 la plupart des autres tests [&hellip;]<\/p>\n","protected":false},"featured_media":1693,"template":"","meta":[],"product_brand":[],"product_cat":[41],"product_tag":[],"class_list":{"0":"post-1692","1":"product","2":"type-product","3":"status-publish","4":"has-post-thumbnail","6":"product_cat-reactifs","8":"first","9":"instock","10":"taxable","11":"shipping-taxable","12":"purchasable","13":"product-type-simple"},"_links":{"self":[{"href":"https:\/\/testkitplus.com\/fr\/wp-json\/wp\/v2\/product\/1692","targetHints":{"allow":["GET"]}}],"collection":[{"href":"https:\/\/testkitplus.com\/fr\/wp-json\/wp\/v2\/product"}],"about":[{"href":"https:\/\/testkitplus.com\/fr\/wp-json\/wp\/v2\/types\/product"}],"wp:featuredmedia":[{"embeddable":true,"href":"https:\/\/testkitplus.com\/fr\/wp-json\/wp\/v2\/media\/1693"}],"wp:attachment":[{"href":"https:\/\/testkitplus.com\/fr\/wp-json\/wp\/v2\/media?parent=1692"}],"wp:term":[{"taxonomy":"product_brand","embeddable":true,"href":"https:\/\/testkitplus.com\/fr\/wp-json\/wp\/v2\/product_brand?post=1692"},{"taxonomy":"product_cat","embeddable":true,"href":"https:\/\/testkitplus.com\/fr\/wp-json\/wp\/v2\/product_cat?post=1692"},{"taxonomy":"product_tag","embeddable":true,"href":"https:\/\/testkitplus.com\/fr\/wp-json\/wp\/v2\/product_tag?post=1692"}],"curies":[{"name":"wp","href":"https:\/\/api.w.org\/{rel}","templated":true}]}}