{"id":1688,"date":"2023-09-28T11:31:09","date_gmt":"2023-09-28T15:31:09","guid":{"rendered":"https:\/\/testkitplus.com\/fr\/?post_type=product&#038;p=1688"},"modified":"2024-01-03T16:15:25","modified_gmt":"2024-01-03T21:15:25","slug":"reactif-mecke","status":"publish","type":"product","link":"https:\/\/testkitplus.com\/fr\/produit\/reactif-mecke","title":{"rendered":"R\u00e9actif Mecke"},"content":{"rendered":"<p>Le r\u00e9actif Mecke est un test primaire pour les opiac\u00e9s tels que l&rsquo;h\u00e9ro\u00efne, la morphine et la cod\u00e9ine, ainsi que la MDMA (Molly\/Extasy), le DMT et d&rsquo;autres substances.<\/p>\n<p>Notre r\u00e9actif Mecke contient les m\u00eames produits chimiques r\u00e9actifs que ceux trouv\u00e9s dans les r\u00e9actifs du D\u00e9partement de la Justice des \u00c9tats-Unis. Un tableau montrant les r\u00e9actions de couleur, ainsi qu&rsquo;un flacon de test r\u00e9utilisable, sont \u00e9galement inclus dans le kit.<\/p>\n<p>Pour faciliter la recherche de ce produit, nous r\u00e9pertorions \u00e9galement le r\u00e9actif Mecke en tant que <a href=\"\/fr\/produit\/kit-de-test-opioides\">kit de test pour les opio\u00efdes<\/a> sur notre site.<\/p>\n<h3>Le kit de test contient:<\/h3>\n<ul>\n<li>Assez de liquide de test pour jusqu&rsquo;\u00e0 100 tests<\/li>\n<li>Le tableau de couleurs avec les instructions<\/li>\n<li>Une fiole de test r\u00e9utilisable<\/li>\n<li>Pot de stockage\/transport<\/li>\n<\/ul>\n<p>Remarque : Le r\u00e9actif Mecke commence comme un liquide clair et s&rsquo;assombrit au fil des semaines, en particulier s&rsquo;il n&rsquo;est pas conserv\u00e9 au cong\u00e9lateur. Le r\u00e9actif fonctionnera m\u00eame si le liquide semble noir \u00e0 l&rsquo;int\u00e9rieur de la bouteille, tant que vous pouvez voir la r\u00e9action lors du test sur une surface c\u00e9ramique blanche. Nous recommandons de placer une goutte \u00e0 c\u00f4t\u00e9 de votre \u00e9chantillon en tant que contr\u00f4le.<br \/>\nR\u00e9actions de Couleur du R\u00e9actif Mecke<\/p>\n<h2>Astuces de test<\/h2>\n<ul>\n<li>Les Opiac\u00e9s (H\u00e9ro\u00efne, Morphine, Cod\u00e9ine) virent du vert au bleu\u00e2tre.<\/li>\n<li>Si vous utilisez ce test pour d\u00e9tecter l&rsquo;Ecstasy (MDMA), vous devez vous attendre \u00e0 voir une couleur verte qui vire rapidement au bleu fonc\u00e9\/noir en quelques secondes (voir la <a rel=\"nofollow noopener noreferrer\" title=\"MDMA Test Kit Demo\" href=\"https:\/\/vimeo.com\/836320440\">vid\u00e9o de d\u00e9monstration du test MDMA<\/a>).<\/li>\n<li>Si votre \u00e9chantillon contient plus d&rsquo;une substance qui r\u00e9agit avec le r\u00e9actif, les deux substances r\u00e9agiront au m\u00eame moment, donnant une couleur m\u00e9lang\u00e9e.<\/li>\n<li>Il est toujours pr\u00e9f\u00e9rable de tester avec de multiples liquides de test, tels que le <a title=\"Kit de test MDMA (Ecstasy)\" href=\"http:\/\/testkitplus.com\/fr\/produit\/kit-de-test-mdma-ecstasy\/\">test de Marquis<\/a>, et le <a title=\"Kit de test K\u00e9tamine\/PMA\" href=\"\/fr\/produit\/kit-de-test-ketamine-pma\/\">test de Mandelin<\/a>. Si vous pouvez vous le permettre, nous recommandons vivement le <a title=\"Kit de d\u00e9pistage complet (Tout-En-Un)\" href=\"\/fr\/produit\/kit-de-depistage-complet\/\">Kit de test complet (Tout-En-Un)<\/a>.<\/li>\n<li>La fiole de test fournie avec le kit aide \u00e0 \u00e9viter que votre peau n&rsquo;entre en contact avec le r\u00e9actif durant le test. <a title=\"Fioles de test suppl\u00e9mentaires \u2013 Pack de 5 fioles\" href=\"\/fr\/produit\/fioles-de-test-supplementaires-pack-de-5-fioles\/\">Les fioles de test suppl\u00e9mentaires<\/a> sont \u00e9galement tr\u00e8s utiles lorsque vous \u00eates en d\u00e9placement. Mais l&rsquo;utilisation d&rsquo;une coupelle de c\u00e9ramique blanche peut vous aider \u00e0 voir les r\u00e9sultats plus facilement.<\/li>\n<\/ul>\n<h2>Instructions du kit de test:<\/h2>\n<ol>\n<li>Mettez un petit \u00e9chantillon dans la fiole de test. Votre \u00e9chantillon devrait \u00eatre environ de cette taille: (\u25cf)<!--<\/li--><\/li>\n<li>Tenez la fiole de test au dessus du pot en plastique ouvert, de fa\u00e7on \u00e0 ce que, si une goute rate la fiole, elle tombe dans ce pot.<\/li>\n<li>Verser 1 ou 2 goutes du liquide de test depuis le flacon compte-gouttes sur l&rsquo;\u00e9chantillon. Ne laissez pas l&rsquo;\u00e9chantillon entrer en contact avec le nez du flacon car le r\u00e9actif serait alors contamin\u00e9!<\/li>\n<li>Observez la couleur changer pendant 30 \u00e0 60 secondes. Certaines r\u00e9actions se produisent rapidement (La Coca\u00efne ne met que quelques secondes avant de commencer \u00e0 r\u00e9agir). D&rsquo;autres r\u00e9actions peuvent n\u00e9cessiter plus de temps.<\/li>\n<li>Comparez la couleur de l&rsquo;\u00e9chantillon avec le tableau de couleurs fourni.<\/li>\n<li>Bien fermer le flacon compte-gouttes. Si vous utilisez plus d&rsquo;un liquide de test, assurez-vous qu&rsquo;un seul flacon est ouvert \u00e0 la fois. Si vous inversez accidentellement les bouchons, le liquide de test sera contamin\u00e9 et inutilisable.<\/li>\n<li>Nettoyez minutieusement la fiole de test apr\u00e8s chaque utilisation.<\/li>\n<\/ol>\n<table>\n<tbody>\n<tr>\n<th>Substance<\/th>\n<th>Variation de couleur<\/th>\n<th>Dur\u00e9e \u2192<\/th>\n<\/tr>\n<tr>\n<td>Opiac\u00e9s (H\u00e9ro\u00efne, Morphine, Cod\u00e9ine)<\/td>\n<td>Vert bleu\u00e2tre<\/td>\n<td><img loading=\"lazy\" decoding=\"async\" class=\"img-color-reaction\" alt=\"Mecke Heroin\/Morphine\/Codeine color reaction\" src=\"\/wp-content\/uploads\/images\/reactions\/mecke-heroin-morphine-codeine.png\" width=\"80\" height=\"25\" \/><\/td>\n<\/tr>\n<tr>\n<td>MDMA\/MDA\/MDE (Ecstasy)<\/td>\n<td>Vert \u00e0 bleu fonc\u00e9\/noir<\/td>\n<td><img loading=\"lazy\" decoding=\"async\" class=\"img-color-reaction\" alt=\"Mecke Ecstasy color reaction\" src=\"\/wp-content\/uploads\/images\/reactions\/mecke-ecstasy.png\" width=\"80\" height=\"25\" \/><\/td>\n<\/tr>\n<tr>\n<td>DXM<\/td>\n<td>Jaune<\/td>\n<td><img loading=\"lazy\" decoding=\"async\" class=\"img-color-reaction\" alt=\"Mecke DXM color reaction\" src=\"\/wp-content\/uploads\/images\/reactions\/mecke-dxm.png\" width=\"80\" height=\"25\" \/><\/td>\n<\/tr>\n<tr>\n<td>Amph\u00e9tamine (Speed), Coca\u00efne, K\u00e9tamine<\/td>\n<td>Aucune r\u00e9action<\/td>\n<td><\/td>\n<\/tr>\n<\/tbody>\n<\/table>\n<p>Bien que d&rsquo;autres substances puissent \u00e9galement provoquer des changements de couleur, nous avons constat\u00e9 que le r\u00e9actif Mecke change de couleur avec :<br \/>\n25I-NBOMe, 2C-B, 2C-E, 2C-I, 3-MeO-PCE, 3-MeO-PCP, 5-APB, 5-MeO-DMT, 6-APB, cod\u00e9ine, DMT, DXM, \u00e9thylone, h\u00e9ro\u00efne, ibuprof\u00e8ne, lidoca\u00efne, MDA, MDE, MDMA, MDPV, mescaline, m\u00e9thamph\u00e9tamine, m\u00e9thylone, modafinil (Provigil), morphine, MXE, MXP, oxycodone, PCP, PMA, PMMA, sucre, vitamine C, xylazine.<\/p>\n<p><!-- <strong>Merci de noter<\/strong> que les emballages-produit ne sont actuellement disponible qu\u2019en anglais, mais nous travaillons \u00e0 leur traduction. Pour les instructions en fran\u00e7ais, r\u00e9f\u00e9rez-vous s\u2019il vous pla\u00eet aux pages-produits sur ce site web. Merci\u00a0!\n\n\n\n<h2>Attention<\/h2>\n\n\nLe liquide-test est corrosif et toxique. Gardez hors de port\u00e9e de la peau et des yeux. Ne pas ing\u00e9rer!\n\n\n<hr \/>\n\n\n --><\/p>\n<h2>Autres couleurs de r\u00e9action Mecke<\/h2>\n<p><img loading=\"lazy\" decoding=\"async\" class=\"img-color-reaction\" alt=\"\" src=\"\/fr\/wp-content\/uploads\/images\/reactions\/mecke-color-reactions.jpg\" width=\"361\" height=\"650\" \/><\/p>\n<h2>Notification<\/h2>\n<p>Bien que les tests par r\u00e9actifs constituent la meilleure m\u00e9thode de test sur-le-champ, ils ne sont jamais d\u00e9finitifs \u00e0 100%. Il y a de nombreuses variables qui peuvent influer sur l&rsquo;aspect de la r\u00e9action. L&rsquo;\u00e9clairage, les impuret\u00e9s, et des substances ind\u00e9sirables dans votre \u00e9chantillon peuvent tous jouer un r\u00f4le.<\/p>\n<p>Aucune drogue (qu&rsquo;elle soit l\u00e9gale ou ill\u00e9gale) n&rsquo;est enti\u00e8rement sans danger, nous recommandons d&rsquo;\u00e9viter l&rsquo;utilisation de toutes les drogues r\u00e9cr\u00e9atives.<\/p>\n","protected":false},"excerpt":{"rendered":"<p>Le r\u00e9actif Mecke est un test primaire pour les opiac\u00e9s tels que l&rsquo;h\u00e9ro\u00efne, la morphine et la cod\u00e9ine, ainsi que la MDMA (Molly\/Extasy), le DMT et d&rsquo;autres substances. Notre r\u00e9actif Mecke contient les m\u00eames produits chimiques r\u00e9actifs que ceux trouv\u00e9s dans les r\u00e9actifs du D\u00e9partement de la Justice des \u00c9tats-Unis. Un tableau montrant les r\u00e9actions [&hellip;]<\/p>\n","protected":false},"featured_media":1690,"template":"","meta":[],"product_brand":[],"product_cat":[41],"product_tag":[],"class_list":{"0":"post-1688","1":"product","2":"type-product","3":"status-publish","4":"has-post-thumbnail","6":"product_cat-reactifs","8":"first","9":"instock","10":"taxable","11":"shipping-taxable","12":"purchasable","13":"product-type-simple"},"_links":{"self":[{"href":"https:\/\/testkitplus.com\/fr\/wp-json\/wp\/v2\/product\/1688","targetHints":{"allow":["GET"]}}],"collection":[{"href":"https:\/\/testkitplus.com\/fr\/wp-json\/wp\/v2\/product"}],"about":[{"href":"https:\/\/testkitplus.com\/fr\/wp-json\/wp\/v2\/types\/product"}],"wp:featuredmedia":[{"embeddable":true,"href":"https:\/\/testkitplus.com\/fr\/wp-json\/wp\/v2\/media\/1690"}],"wp:attachment":[{"href":"https:\/\/testkitplus.com\/fr\/wp-json\/wp\/v2\/media?parent=1688"}],"wp:term":[{"taxonomy":"product_brand","embeddable":true,"href":"https:\/\/testkitplus.com\/fr\/wp-json\/wp\/v2\/product_brand?post=1688"},{"taxonomy":"product_cat","embeddable":true,"href":"https:\/\/testkitplus.com\/fr\/wp-json\/wp\/v2\/product_cat?post=1688"},{"taxonomy":"product_tag","embeddable":true,"href":"https:\/\/testkitplus.com\/fr\/wp-json\/wp\/v2\/product_tag?post=1688"}],"curies":[{"name":"wp","href":"https:\/\/api.w.org\/{rel}","templated":true}]}}