{"id":1684,"date":"2023-09-28T00:02:08","date_gmt":"2023-09-28T04:02:08","guid":{"rendered":"https:\/\/testkitplus.com\/fr\/?post_type=product&#038;p=1684"},"modified":"2023-10-07T12:12:32","modified_gmt":"2023-10-07T16:12:32","slug":"reactif-marquis","status":"publish","type":"product","link":"https:\/\/testkitplus.com\/fr\/produit\/reactif-marquis","title":{"rendered":"R\u00e9actif Marquis"},"content":{"rendered":"<p>Le r\u00e9actif Marquis est un test primaire pour la MDMA (Molly\/Extasy), la m\u00e9thamph\u00e9tamine\/amph\u00e9tamine, les cathinones synth\u00e9tiques (sels de bain), les compos\u00e9s \u00ab\u00a0NBOMe\u00a0\u00bb ainsi que d&rsquo;autres substances.<\/p>\n<p>Notre r\u00e9actif Marquis contient les m\u00eames produits chimiques r\u00e9actifs que ceux trouv\u00e9s dans les r\u00e9actifs du D\u00e9partement de la Justice des \u00c9tats-Unis. Un tableau montrant les r\u00e9actions de couleur, ainsi qu&rsquo;un flacon de test r\u00e9utilisable, sont \u00e9galement inclus dans le kit.<\/p>\n<p>Pour faciliter la recherche de ce produit, nous r\u00e9pertorions \u00e9galement le r\u00e9actif Marquis en tant que <a href=\"\/fr\/produit\/kit-de-test-mdma-ecstasy\" title=\"kit de test MDMA\">kit de test MDMA<\/a> sur notre site.<\/p>\n<h3>Le kit de test contient:<\/h3>\n<ul>\n<li>Assez de liquide de test pour jusqu&rsquo;\u00e0 100 tests<\/li>\n<li>Le tableau de couleurs avec les instructions<\/li>\n<li>Une fiole de test r\u00e9utilisable<\/li>\n<li>Pot de stockage\/transport<\/li>\n<\/ul>\n<h2>Instructions du kit de test<\/h2>\n<ol>\n<li>Mettez un petit \u00e9chantillon dans la fiole de test. Votre \u00e9chantillon devrait \u00eatre environ de cette taille: (\u25cf)<\/li>\n<li>Tenez la fiole de test au dessus du pot en plastique ouvert, de fa\u00e7on \u00e0 ce que, si une goute rate la fiole, elle tombe dans ce pot.<\/li>\n<li>Verser 1 ou 2 goutes du liquide de test depuis le flacon compte-gouttes sur l&rsquo;\u00e9chantillon. Ne laissez pas l&rsquo;\u00e9chantillon entrer en contact avec le nez du flacon car le r\u00e9actif serait alors contamin\u00e9!<\/li>\n<li>Observez la couleur changer pendant 30 \u00e0 60 secondes. Certaines r\u00e9actions se produisent rapidement (le MDMA ne demande que quelques secondes pour tourner au violet fonc\u00e9\/noir). D&rsquo;autres r\u00e9actions prennent plus de temps (l&rsquo;aspirine et le sucre changent graduellement de couleur sur une dur\u00e9e de quelques minutes).<\/li>\n<li>Comparez la couleur de l&rsquo;\u00e9chantillon avec le tableau de couleurs fourni.<\/li>\n<li>Bien fermer le flacon compte-gouttes. Si vous utilisez plus d&rsquo;un liquide de test, assurez-vous qu&rsquo;un seul flacon est ouvert \u00e0 la fois. Si vous inversez accidentellement les bouchons, le liquide de test sera contamin\u00e9 et inutilisable.<\/li>\n<li>Nettoyez minutieusement la fiole de test apr\u00e8s chaque utilisation.<\/li>\n<\/ol>\n<table>\n<tbody>\n<tr>\n<th>Substance<\/th>\n<th>Variation de Couleur<\/th>\n<th>Dur\u00e9e \u2192<\/th>\n<th>Vitesse de r\u00e9action<\/th>\n<\/tr>\n<tr>\n<td>MDMA\/MDA\/MDE (Ecstasy)<\/td>\n<td>Violet \u00e0 violet fonc\u00e9\/noir. Le MDMA virera au violet fonc\u00e9 en quelques secondes, au noir ou au violet tr\u00e8s fonc\u00e9 peu apr\u00e8s. Certaines bulles (p\u00e9tillement) peuvent appara\u00eetre au d\u00e9but de la r\u00e9action.<\/td>\n<td><img loading=\"lazy\" decoding=\"async\" class=\"img-color-reaction\" alt=\"Marquis MDMA color reaction\" src=\"\/wp-content\/uploads\/images\/reactions\/marquis-mdma.png\" width=\"80\" height=\"25\" \/><\/td>\n<td>Rapide<br \/>\n(\u2248 5 sec)<\/td>\n<\/tr>\n<tr>\n<td>Amph\u00e9tamine (Speed)<\/td>\n<td>Rouge orang\u00e9 \u00e0 brun rouge\u00e2tre fonc\u00e9.<\/td>\n<td><img loading=\"lazy\" decoding=\"async\" class=\"img-color-reaction\" alt=\"Marquis Speed color reaction\" src=\"\/wp-content\/uploads\/images\/reactions\/marquis-speed.png\" width=\"80\" height=\"25\" \/><\/td>\n<td>Rapide<br \/>\n(\u2248 5 sec)<\/td>\n<\/tr>\n<tr>\n<td>DXM<\/td>\n<td>Gris \u00e0 noir, peut \u00e9mettre une petite quantit\u00e9 de fum\u00e9e imm\u00e9diatement. La r\u00e9action commence apr\u00e8s 10 sec. et prend plus longtemps que le MDMA pour virer au noir.<\/td>\n<td><img loading=\"lazy\" decoding=\"async\" class=\"img-color-reaction\" alt=\"Marquis DXM color reaction\" src=\"\/wp-content\/uploads\/images\/reactions\/marquis-dxm.png\" width=\"80\" height=\"25\" \/><\/td>\n<td>Moyen<br \/>\n(\u2248 20 sec)<\/td>\n<\/tr>\n<tr>\n<td>Coca\u00efne<\/td>\n<td>Aucune r\u00e9action<\/td>\n<td><\/td>\n<td><\/td>\n<\/tr>\n<tr>\n<td>Aspirine<\/td>\n<td>Vire graduellement au rose, puis au rouge clair. Une r\u00e9action tr\u00e8s lente.<\/td>\n<td><img loading=\"lazy\" decoding=\"async\" class=\"img-color-reaction\" alt=\"Marquis Aspirin color reaction\" src=\"\/wp-content\/uploads\/images\/reactions\/marquis-aspirin.png\" width=\"80\" height=\"25\" \/><\/td>\n<td>Lent<br \/>\n(5 min. ou plus)<\/td>\n<\/tr>\n<tr>\n<td>Sucre<\/td>\n<td>Vire graduellement au jaun\u00e2tre, puis au brun. Une r\u00e9action tr\u00e8s lente.<\/td>\n<td><img loading=\"lazy\" decoding=\"async\" class=\"img-color-reaction\" alt=\"Marquis sugar color reaction\" src=\"\/wp-content\/uploads\/images\/reactions\/marquis-sugar.png\" width=\"80\" height=\"25\" \/><\/td>\n<td>Lent<br \/>\n(5 min. ou plus)<\/td>\n<\/tr>\n<\/tbody>\n<\/table>\n<p><!-- Merci de noter que les emballages-produit ne sont actuellement disponible qu\u2019en anglais, mais nous travaillons \u00e0 leur traduction. Pour les instructions en fran\u00e7ais, r\u00e9f\u00e9rez-vous s\u2019il vous pla\u00eet aux pages-produits sur ce site web. Merci\u00a0! \n\n\n<h2>Attention<\/h2>\n\n\nLe liquide-test est corrosif et toxique. Gardez hors de port\u00e9e de la peau et des yeux. Ne pas ing\u00e9rer!\n\n\n<hr \/>\n\n\n--><\/p>\n<h2>Autres couleurs de r\u00e9action<\/h2>\n<p><img loading=\"lazy\" decoding=\"async\" class=\"img-color-reaction\" alt=\"\" src=\"\/fr\/wp-content\/uploads\/images\/reactions\/marquis-color-reactions.jpg\" width=\"361\" height=\"650\" \/><\/p>\n<p>Bien que d&rsquo;autres substances puissent \u00e9galement provoquer des changements de couleur, nous avons constat\u00e9 que le r\u00e9actif Marquis change de couleur avec :<br \/>\n25I-NBOMe, 2C-B, 2C-E, 2C-I, 3-MeO-PCE, 3-MeO-PCP, 5-APB, 5-MeO-DMT, 6-APB, amph\u00e9tamine, aspirine, cod\u00e9ine, DMT, \u00e9thylone, h\u00e9ro\u00efne, ibuprof\u00e8ne, lisdexamf\u00e9tamine (Vyvanse), MDA, MDE, MDMA, MDPV, mescaline, m\u00e9thamph\u00e9tamine, m\u00e9thylone, modafinil (Provigil), morphine, oxycodone, sucre, xylazine.<\/p>\n<h2>Notification<\/h2>\n<p>Bien que les tests par r\u00e9actifs constituent la meilleure m\u00e9thode de test sur-le-champ, ils ne sont jamais d\u00e9finitifs \u00e0 100%. Il y a de nombreuses variables qui peuvent influer sur l&rsquo;aspect de la r\u00e9action. L&rsquo;\u00e9clairage, les impuret\u00e9s, et des substances ind\u00e9sirables dans votre \u00e9chantillon peuvent tous jouer un r\u00f4le.<\/p>\n<p>Aucune drogue (qu&rsquo;elle soit l\u00e9gale ou ill\u00e9gale) n&rsquo;est enti\u00e8rement sans danger, nous recommandons d&rsquo;\u00e9viter l&rsquo;utilisation de toutes les drogues r\u00e9cr\u00e9atives.<\/p>\n","protected":false},"excerpt":{"rendered":"<p>Le r\u00e9actif Marquis est un test primaire pour la MDMA (Molly\/Extasy), la m\u00e9thamph\u00e9tamine\/amph\u00e9tamine, les cathinones synth\u00e9tiques (sels de bain), les compos\u00e9s \u00ab\u00a0NBOMe\u00a0\u00bb ainsi que d&rsquo;autres substances. Notre r\u00e9actif Marquis contient les m\u00eames produits chimiques r\u00e9actifs que ceux trouv\u00e9s dans les r\u00e9actifs du D\u00e9partement de la Justice des \u00c9tats-Unis. Un tableau montrant les r\u00e9actions de couleur, [&hellip;]<\/p>\n","protected":false},"featured_media":1686,"template":"","meta":[],"product_brand":[],"product_cat":[41],"product_tag":[],"class_list":{"0":"post-1684","1":"product","2":"type-product","3":"status-publish","4":"has-post-thumbnail","6":"product_cat-reactifs","8":"first","9":"instock","10":"taxable","11":"shipping-taxable","12":"purchasable","13":"product-type-simple"},"_links":{"self":[{"href":"https:\/\/testkitplus.com\/fr\/wp-json\/wp\/v2\/product\/1684","targetHints":{"allow":["GET"]}}],"collection":[{"href":"https:\/\/testkitplus.com\/fr\/wp-json\/wp\/v2\/product"}],"about":[{"href":"https:\/\/testkitplus.com\/fr\/wp-json\/wp\/v2\/types\/product"}],"wp:featuredmedia":[{"embeddable":true,"href":"https:\/\/testkitplus.com\/fr\/wp-json\/wp\/v2\/media\/1686"}],"wp:attachment":[{"href":"https:\/\/testkitplus.com\/fr\/wp-json\/wp\/v2\/media?parent=1684"}],"wp:term":[{"taxonomy":"product_brand","embeddable":true,"href":"https:\/\/testkitplus.com\/fr\/wp-json\/wp\/v2\/product_brand?post=1684"},{"taxonomy":"product_cat","embeddable":true,"href":"https:\/\/testkitplus.com\/fr\/wp-json\/wp\/v2\/product_cat?post=1684"},{"taxonomy":"product_tag","embeddable":true,"href":"https:\/\/testkitplus.com\/fr\/wp-json\/wp\/v2\/product_tag?post=1684"}],"curies":[{"name":"wp","href":"https:\/\/api.w.org\/{rel}","templated":true}]}}