{"id":1681,"date":"2023-09-27T23:52:16","date_gmt":"2023-09-28T03:52:16","guid":{"rendered":"https:\/\/testkitplus.com\/fr\/?post_type=product&#038;p=1681"},"modified":"2024-01-03T16:18:16","modified_gmt":"2024-01-03T21:18:16","slug":"reactif-mandelin","status":"publish","type":"product","link":"https:\/\/testkitplus.com\/fr\/produit\/reactif-mandelin","title":{"rendered":"R\u00e9actif Mandelin"},"content":{"rendered":"<p>Le r\u00e9actif Mandelin est un produit polyvalent qui peut \u00eatre utilis\u00e9 pour tester des compos\u00e9s tels que la MDMA, la m\u00e9thamph\u00e9tamine\/amph\u00e9tamine et peut \u00e9galement d\u00e9tecter les dangereuses coupures de PMA\/PMMA.<\/p>\n<p>Notre r\u00e9actif Mandelin contient les m\u00eames produits chimiques r\u00e9actifs que ceux trouv\u00e9s dans les r\u00e9actifs du D\u00e9partement de la Justice des \u00c9tats-Unis. Un tableau montrant les r\u00e9actions de couleur, ainsi qu&rsquo;un flacon de test r\u00e9utilisable, sont \u00e9galement inclus dans le kit.<\/p>\n<h3>Le kit de test contient:<\/h3>\n<ul>\n<li>Assez de liquide de test pour jusqu&rsquo;\u00e0 100 tests<\/li>\n<li>Le tableau de couleurs avec les instructions<\/li>\n<li>Une fiole de test r\u00e9utilisable<\/li>\n<li>Pot de stockage\/transport<\/li>\n<\/ul>\n<p>Conseils pour le Test :<\/p>\n<ul>\n<li>Si vous utilisez ce test pour v\u00e9rifier la MDMA (Molly\/Extasy), vous devriez vous attendre \u00e0 voir le liquide de test virer au bleu fonc\u00e9\/noir en quelques secondes seulement apr\u00e8s le contact avec l&rsquo;\u00e9chantillon. Regardez une <a rel=\"nofollow noopener noreferrer\" href=\"https:\/\/vimeo.com\/92543066\" title=\"vid\u00e9o de d\u00e9monstration du test de MDMA\">vid\u00e9o de d\u00e9monstration du test de MDMA<\/a> montrant la r\u00e9action avec le r\u00e9actif Mandelin.\n<li>Il est toujours pr\u00e9f\u00e9rable de tester avec plusieurs liquides de test, tels que le <a href=\"\/fr\/produit\/reactif-marquis\" title=\"R\u00e9actif Marquis\">test Marquis<\/a> et le <a href=\"\/fr\/produit\/reactif-mecke\" title=\"R\u00e9actif Mecke\">test Mecke<\/a>. Si vous le pouvez, nous vous recommandons vivement d&rsquo;obtenir plus d&rsquo;un test.\n<li>Le flacon de test fourni avec le kit aide \u00e0 \u00e9viter tout contact de votre peau avec le r\u00e9actif pendant le test. Des <a href=\"\/fr\/produit\/fioles-de-test-supplementaires-pack-de-5-fioles\" title=\"fioles de test suppl\u00e9mentaires\">fioles de test suppl\u00e9mentaires<\/a> sont \u00e9galement pratiques lorsque vous \u00eates en d\u00e9placement. Cependant, l&rsquo;utilisation d&rsquo;une assiette en c\u00e9ramique blanche peut vous aider \u00e0 voir les r\u00e9sultats plus facilement.\n<\/li>\n<\/ul>\n<h2>Image du Tableau des Couleurs du R\u00e9actif Liebermann<\/h2>\n<p><img loading=\"lazy\" decoding=\"async\" class=\"img-color-reaction\" alt=\"\" src=\"\/fr\/wp-content\/uploads\/images\/reactions\/mandelin-color-reactions.jpg\" width=\"361\" height=\"650\" \/><br \/>\nBien que d&rsquo;autres substances puissent \u00e9galement provoquer des changements de couleur, nous avons constat\u00e9 que le r\u00e9actif Mandelin change de couleur avec :<br \/>\n2C-B, 2C-E, 2C-I, 3-MeO-PCE, 3-MeO-PCP, 5-APB, 5-MeO-DMT, 6-APB, amph\u00e9tamine, aspirine, benzoca\u00efne, DMT, \u00e9ph\u00e9drine, \u00e9thylone, h\u00e9ro\u00efne, ibuprof\u00e8ne, k\u00e9tamine, l\u00e9vamisole, lidoca\u00efne, MDA, MDE, MDMA, MDPV, meph\u00e9drone, mescaline, m\u00e9thamph\u00e9tamine, m\u00e9thylone, modafinil (Provigil), MXE, MXP, parac\u00e9tamol (ac\u00e9taminoph\u00e8ne, Tylenol), ph\u00e9nac\u00e9tine, PMA, PMMA, proca\u00efne, sucre, vitamine C, xylazine.<\/p>\n<h2>Notification<\/h2>\n<p>Bien que les tests par r\u00e9actifs constituent la meilleure m\u00e9thode de test sur-le-champ, ils ne sont jamais d\u00e9finitifs \u00e0 100%. Il y a de nombreuses variables qui peuvent influer sur l&rsquo;aspect de la r\u00e9action. L&rsquo;\u00e9clairage, les impuret\u00e9s, et des substances ind\u00e9sirables dans votre \u00e9chantillon peuvent tous jouer un r\u00f4le.<\/p>\n<p>Aucune drogue (qu&rsquo;elle soit l\u00e9gale ou ill\u00e9gale) n&rsquo;est enti\u00e8rement sans danger, nous recommandons d&rsquo;\u00e9viter l&rsquo;utilisation de toutes les drogues r\u00e9cr\u00e9atives.<\/p>\n","protected":false},"excerpt":{"rendered":"<p>Le r\u00e9actif Mandelin est un produit polyvalent qui peut \u00eatre utilis\u00e9 pour tester des compos\u00e9s tels que la MDMA, la m\u00e9thamph\u00e9tamine\/amph\u00e9tamine et peut \u00e9galement d\u00e9tecter les dangereuses coupures de PMA\/PMMA. Notre r\u00e9actif Mandelin contient les m\u00eames produits chimiques r\u00e9actifs que ceux trouv\u00e9s dans les r\u00e9actifs du D\u00e9partement de la Justice des \u00c9tats-Unis. Un tableau montrant [&hellip;]<\/p>\n","protected":false},"featured_media":1682,"template":"","meta":[],"product_brand":[],"product_cat":[41],"product_tag":[],"class_list":{"0":"post-1681","1":"product","2":"type-product","3":"status-publish","4":"has-post-thumbnail","6":"product_cat-reactifs","8":"first","9":"instock","10":"taxable","11":"shipping-taxable","12":"purchasable","13":"product-type-simple"},"_links":{"self":[{"href":"https:\/\/testkitplus.com\/fr\/wp-json\/wp\/v2\/product\/1681","targetHints":{"allow":["GET"]}}],"collection":[{"href":"https:\/\/testkitplus.com\/fr\/wp-json\/wp\/v2\/product"}],"about":[{"href":"https:\/\/testkitplus.com\/fr\/wp-json\/wp\/v2\/types\/product"}],"wp:featuredmedia":[{"embeddable":true,"href":"https:\/\/testkitplus.com\/fr\/wp-json\/wp\/v2\/media\/1682"}],"wp:attachment":[{"href":"https:\/\/testkitplus.com\/fr\/wp-json\/wp\/v2\/media?parent=1681"}],"wp:term":[{"taxonomy":"product_brand","embeddable":true,"href":"https:\/\/testkitplus.com\/fr\/wp-json\/wp\/v2\/product_brand?post=1681"},{"taxonomy":"product_cat","embeddable":true,"href":"https:\/\/testkitplus.com\/fr\/wp-json\/wp\/v2\/product_cat?post=1681"},{"taxonomy":"product_tag","embeddable":true,"href":"https:\/\/testkitplus.com\/fr\/wp-json\/wp\/v2\/product_tag?post=1681"}],"curies":[{"name":"wp","href":"https:\/\/api.w.org\/{rel}","templated":true}]}}