{"id":1674,"date":"2023-09-27T15:55:02","date_gmt":"2023-09-27T19:55:02","guid":{"rendered":"https:\/\/testkitplus.com\/fr\/?post_type=product&#038;p=1674"},"modified":"2023-10-07T12:11:47","modified_gmt":"2023-10-07T16:11:47","slug":"reactif-hofmann","status":"publish","type":"product","link":"https:\/\/testkitplus.com\/fr\/produit\/reactif-hofmann","title":{"rendered":"R\u00e9actif Hofmann"},"content":{"rendered":"<p>Le r\u00e9actif Hofmann est un test primaire pour la DMT et le LSD. Comme l&rsquo;Ehrlich, le r\u00e9actif Hofmann r\u00e9agit avec une classe de substances appel\u00e9es indoles. Les r\u00e9actions de Hofmann ont tendance \u00e0 \u00eatre plus lentes et \u00e0 produire des couleurs plus distinctes.<\/p>\n<p>Notre kit de test au r\u00e9actif Hofmann contient les m\u00eames produits chimiques r\u00e9actifs que ceux trouv\u00e9s dans les r\u00e9actifs du D\u00e9partement de la Justice des \u00c9tats-Unis. Un tableau montrant les r\u00e9actions de couleur, ainsi qu&rsquo;un flacon de test r\u00e9utilisable, sont \u00e9galement inclus dans le kit.<\/p>\n<p>Pour faciliter la recherche de ce produit, nous r\u00e9pertorions \u00e9galement le r\u00e9actif Hofmann en tant que <a title=\"kit de test DMT\" href=\"\/fr\/produit\/kit-de-test-dmt\">kit de test DMT<\/a> sur notre site.<\/p>\n<p>Un tableau montrant les r\u00e9actions de couleur, ainsi qu&rsquo;un flacon de test r\u00e9utilisable, sont \u00e9galement inclus dans le kit.<\/p>\n<h3>Le kit de test contient:<\/h3>\n<ul>\n<li>Assez de liquide de test pour jusqu&rsquo;\u00e0 100 tests<\/li>\n<li>Le tableau de couleurs avec les instructions<\/li>\n<li>Une fiole de test r\u00e9utilisable<\/li>\n<li>Pot de stockage\/transport<\/li>\n<\/ul>\n<h2>Image du Tableau des Couleurs du R\u00e9actif Hofmann<\/h2>\n<p><img loading=\"lazy\" decoding=\"async\" class=\"img-color-reaction\" alt=\"LSD test\" src=\"\/wp-content\/uploads\/images\/reactions\/dmt-hofmann-color-reactions.jpg\" width=\"450\" height=\"433\" \/><br \/>\nBien que d&rsquo;autres substances puissent \u00e9galement provoquer des changements de couleur, nous avons constat\u00e9 que le r\u00e9actif Hofmann change de couleur avec :<br \/>\n1P-LSD, 2C-E, 5-MeO-DMT, DMT, LSD, proca\u00efne, sucre<br \/>\nAnecdote amusante : \u00ab\u00a0Hofmann\u00a0\u00bb est l&rsquo;orthographe correcte dans ce cas, contrairement \u00e0 \u00ab\u00a0Hoffman\u00a0\u00bb.<\/p>\n<h2>Notification<\/h2>\n<p>Bien que les tests par r\u00e9actifs constituent la meilleure m\u00e9thode de test sur-le-champ, ils ne sont jamais d\u00e9finitifs \u00e0 100%. Il y a de nombreuses variables qui peuvent influer sur l&rsquo;aspect de la r\u00e9action. L&rsquo;\u00e9clairage, les impuret\u00e9s, et des substances ind\u00e9sirables dans votre \u00e9chantillon peuvent tous jouer un r\u00f4le.<\/p>\n<p>Aucune drogue (qu&rsquo;elle soit l\u00e9gale ou ill\u00e9gale) n&rsquo;est enti\u00e8rement sans danger, nous recommandons d&rsquo;\u00e9viter l&rsquo;utilisation de toutes les drogues r\u00e9cr\u00e9atives.<\/p>\n","protected":false},"excerpt":{"rendered":"<p>Le r\u00e9actif Hofmann est un test primaire pour la DMT et le LSD. Comme l&rsquo;Ehrlich, le r\u00e9actif Hofmann r\u00e9agit avec une classe de substances appel\u00e9es indoles. Les r\u00e9actions de Hofmann ont tendance \u00e0 \u00eatre plus lentes et \u00e0 produire des couleurs plus distinctes. Notre kit de test au r\u00e9actif Hofmann contient les m\u00eames produits chimiques [&hellip;]<\/p>\n","protected":false},"featured_media":1675,"template":"","meta":[],"product_brand":[],"product_cat":[41],"product_tag":[],"class_list":{"0":"post-1674","1":"product","2":"type-product","3":"status-publish","4":"has-post-thumbnail","6":"product_cat-reactifs","8":"first","9":"instock","10":"taxable","11":"shipping-taxable","12":"purchasable","13":"product-type-simple"},"_links":{"self":[{"href":"https:\/\/testkitplus.com\/fr\/wp-json\/wp\/v2\/product\/1674","targetHints":{"allow":["GET"]}}],"collection":[{"href":"https:\/\/testkitplus.com\/fr\/wp-json\/wp\/v2\/product"}],"about":[{"href":"https:\/\/testkitplus.com\/fr\/wp-json\/wp\/v2\/types\/product"}],"wp:featuredmedia":[{"embeddable":true,"href":"https:\/\/testkitplus.com\/fr\/wp-json\/wp\/v2\/media\/1675"}],"wp:attachment":[{"href":"https:\/\/testkitplus.com\/fr\/wp-json\/wp\/v2\/media?parent=1674"}],"wp:term":[{"taxonomy":"product_brand","embeddable":true,"href":"https:\/\/testkitplus.com\/fr\/wp-json\/wp\/v2\/product_brand?post=1674"},{"taxonomy":"product_cat","embeddable":true,"href":"https:\/\/testkitplus.com\/fr\/wp-json\/wp\/v2\/product_cat?post=1674"},{"taxonomy":"product_tag","embeddable":true,"href":"https:\/\/testkitplus.com\/fr\/wp-json\/wp\/v2\/product_tag?post=1674"}],"curies":[{"name":"wp","href":"https:\/\/api.w.org\/{rel}","templated":true}]}}