{"id":1670,"date":"2023-09-27T14:30:27","date_gmt":"2023-09-27T18:30:27","guid":{"rendered":"https:\/\/testkitplus.com\/fr\/?post_type=product&#038;p=1670"},"modified":"2023-10-07T12:11:39","modified_gmt":"2023-10-07T16:11:39","slug":"reactif-froehde","status":"publish","type":"product","link":"https:\/\/testkitplus.com\/fr\/produit\/reactif-froehde","title":{"rendered":"R\u00e9actif Froehde"},"content":{"rendered":"<p>Utilisez le kit de test au r\u00e9actif Froehde pour :<\/p>\n<ul>\n<li>Identifier le 5-APB et le 6-APB, qui r\u00e9agissent de mani\u00e8re similaire \u00e0 la MDMA avec le <a href=\"\/fr\/produit\/reactif-marquis\" title=\"R\u00e9actif Marquis\">r\u00e9actif Marquis<\/a>. Le r\u00e9actif Froehde devient d&rsquo;un violet fonc\u00e9 avec le 5-APB\/6-APB et noir avec la MDMA\/MDA\/MDE.\n<li>Tester les cathinones synth\u00e9tiques (\u00e9galement appel\u00e9es \u00ab\u00a0sels de bain\u00a0\u00bb) telles que la m\u00e9thylone, l&rsquo;\u00e9thylone et le MDPV.\n<li>Rechercher les compos\u00e9s dangereux PMA et PMMA, qui sont parfois vendus comme de la MDMA.\n<li>Tester l&rsquo;h\u00e9ro\u00efne et d&rsquo;autres opiac\u00e9s (en combinaison avec les tests <a href=\"\/fr\/produit\/reactif-marquis\" title=\"R\u00e9actif Marquis\">Marquis<\/a> et <a href=\"\/fr\/produit\/reactif-mecke\" title=\"R\u00e9actif Mecke\">Mecke<\/a>).\n<li>D\u00e9tecter les impuret\u00e9s dans la k\u00e9tamine, car ce test ne change pas de couleur avec la k\u00e9tamine pure.\n<\/li>\n<h3>Le kit de test contient:<\/h3>\n<ul>\n<li>Assez de liquide de test pour jusqu&rsquo;\u00e0 100 tests<\/li>\n<li>Le tableau de couleurs avec les instructions<\/li>\n<li>Une fiole de test r\u00e9utilisable<\/li>\n<li>Pot de stockage\/transport<\/li>\n<\/ul>\n<h3>Instructions du Kit de Test<\/h3>\n<ol>\n<li>Placez un petit \u00e9chantillon dans le flacon de test. Votre \u00e9chantillon devrait \u00eatre d&rsquo;environ cette taille : (\u25cf)\n<li>Tenez le flacon de test au-dessus du pot en plastique ouvert, de sorte que si une goutte manque le flacon, elle atterrira dans le pot.\n<li>Appliquez 1 \u00e0 2 gouttes du liquide de test \u00e0 partir du flacon compte-gouttes sur l&rsquo;\u00e9chantillon. NE laissez PAS l&rsquo;\u00e9chantillon toucher l&#8217;embout du flacon, sinon le r\u00e9actif sera contamin\u00e9 !\n<li>Observez le changement de couleur pendant 30 \u00e0 60 secondes.\n<li>Comparez la couleur de la r\u00e9action avec le tableau des couleurs fourni.\n<li>Refermez herm\u00e9tiquement le flacon compte-gouttes. Si vous utilisez plus d&rsquo;un liquide de test, assurez-vous d&rsquo;ouvrir un flacon \u00e0 la fois. Si vous intervertissez accidentellement les bouchons, le liquide de test sera contamin\u00e9 et inutilisable.\n<li>Nettoyez soigneusement le flacon de test apr\u00e8s chaque utilisation.\n<li>Conservez le flacon compte-gouttes dans un endroit frais pour maximiser sa dur\u00e9e de conservation, par exemple au cong\u00e9lateur.\n<\/ol>\n<h3>Image du Tableau des Couleurs du R\u00e9actif Ehrlich<\/h3>\n<p><img loading=\"lazy\" decoding=\"async\" class=\"img-color-reaction\" alt=\"R\u00e9actions color\u00e9es du r\u00e9actif de Froehde\" src=\"\/wp-content\/uploads\/images\/reactions\/froehde-color-reactions.jpg\" width=\"450\" height=\"728\" \/><br \/>\nBien que d&rsquo;autres substances puissent \u00e9galement provoquer des changements de couleur, nous avons constat\u00e9 que le r\u00e9actif Froehde change de couleur avec :<br \/>\n25I-NBOMe, 2C-B, 2C-E, 2C-I, 3-MeO-PCP, 5-APB, 5-MeO-DMT, 6-APB, DMT, \u00e9ph\u00e9drine, \u00e9thylone, h\u00e9ro\u00efne, MDA, MDE, MDMA, mescaline, m\u00e9thylone, modafinil (Provigil), morphine, parac\u00e9tamol (ac\u00e9taminoph\u00e8ne, Tylenol), ph\u00e9nac\u00e9tine, PMA, PMMA, sucre, vitamine C<\/p>\n<h2>Notification<\/h2>\n<p>Bien que les tests par r\u00e9actifs constituent la meilleure m\u00e9thode de test sur-le-champ, ils ne sont jamais d\u00e9finitifs \u00e0 100%. Il y a de nombreuses variables qui peuvent influer sur l&rsquo;aspect de la r\u00e9action. L&rsquo;\u00e9clairage, les impuret\u00e9s, et des substances ind\u00e9sirables dans votre \u00e9chantillon peuvent tous jouer un r\u00f4le.<\/p>\n<p>Aucune drogue (qu&rsquo;elle soit l\u00e9gale ou ill\u00e9gale) n&rsquo;est enti\u00e8rement sans danger, nous recommandons d&rsquo;\u00e9viter l&rsquo;utilisation de toutes les drogues r\u00e9cr\u00e9atives.<\/p>\n","protected":false},"excerpt":{"rendered":"<p>Utilisez le kit de test au r\u00e9actif Froehde pour : Identifier le 5-APB et le 6-APB, qui r\u00e9agissent de mani\u00e8re similaire \u00e0 la MDMA avec le r\u00e9actif Marquis. Le r\u00e9actif Froehde devient d&rsquo;un violet fonc\u00e9 avec le 5-APB\/6-APB et noir avec la MDMA\/MDA\/MDE. Tester les cathinones synth\u00e9tiques (\u00e9galement appel\u00e9es \u00ab\u00a0sels de bain\u00a0\u00bb) telles que la [&hellip;]<\/p>\n","protected":false},"featured_media":1672,"template":"","meta":[],"product_brand":[],"product_cat":[41],"product_tag":[],"class_list":{"0":"post-1670","1":"product","2":"type-product","3":"status-publish","4":"has-post-thumbnail","6":"product_cat-reactifs","8":"first","9":"instock","10":"taxable","11":"shipping-taxable","12":"purchasable","13":"product-type-simple"},"_links":{"self":[{"href":"https:\/\/testkitplus.com\/fr\/wp-json\/wp\/v2\/product\/1670","targetHints":{"allow":["GET"]}}],"collection":[{"href":"https:\/\/testkitplus.com\/fr\/wp-json\/wp\/v2\/product"}],"about":[{"href":"https:\/\/testkitplus.com\/fr\/wp-json\/wp\/v2\/types\/product"}],"wp:featuredmedia":[{"embeddable":true,"href":"https:\/\/testkitplus.com\/fr\/wp-json\/wp\/v2\/media\/1672"}],"wp:attachment":[{"href":"https:\/\/testkitplus.com\/fr\/wp-json\/wp\/v2\/media?parent=1670"}],"wp:term":[{"taxonomy":"product_brand","embeddable":true,"href":"https:\/\/testkitplus.com\/fr\/wp-json\/wp\/v2\/product_brand?post=1670"},{"taxonomy":"product_cat","embeddable":true,"href":"https:\/\/testkitplus.com\/fr\/wp-json\/wp\/v2\/product_cat?post=1670"},{"taxonomy":"product_tag","embeddable":true,"href":"https:\/\/testkitplus.com\/fr\/wp-json\/wp\/v2\/product_tag?post=1670"}],"curies":[{"name":"wp","href":"https:\/\/api.w.org\/{rel}","templated":true}]}}