{"id":1667,"date":"2023-09-27T14:18:02","date_gmt":"2023-09-27T18:18:02","guid":{"rendered":"https:\/\/testkitplus.com\/fr\/?post_type=product&#038;p=1667"},"modified":"2023-10-07T12:11:30","modified_gmt":"2023-10-07T16:11:30","slug":"reactif-folin","status":"publish","type":"product","link":"https:\/\/testkitplus.com\/fr\/produit\/reactif-folin","title":{"rendered":"R\u00e9actif Folin"},"content":{"rendered":"<p>Utilisez ce kit de test Folin pour :<\/p>\n<ul>\n<li>D\u00e9tecter les pip\u00e9razines (telles que la BZP et la TFMPP).<\/li>\n<li>Diff\u00e9rencier entre la MDMA et la MDA (voir \u00e9galement le <a title=\"Kit de Test Simon\" href=\"\/fr\/produit\/reactif-simon\">Kit de Test Simon<\/a>).<\/li>\n<li>Diff\u00e9rencier entre l&rsquo;amph\u00e9tamine et la m\u00e9thamph\u00e9tamine (voir \u00e9galement le Kit de Test Simon).<\/li>\n<\/ul>\n<p><strong>Remarque :<\/strong> Lorsque vous testez des compos\u00e9s tels que la MDMA et les amph\u00e9tamines, le test Folin ne doit \u00eatre utilis\u00e9 qu&rsquo;apr\u00e8s un premier test avec des r\u00e9actifs tels que Marquis et Liebermann. Mieux encore, envisagez des kits mieux adapt\u00e9s tels que nos <a title=\"kits de test MDMA\" href=\"\/fr\/categorie-produit\/kits-de-test\/kits-test-mdma\">kits de test MDMA<\/a> et notre <a href=\"\/fr\/produit\/kit-de-test-meth-amphetamine\" title=\"kit de test meth\/amph\u00e9tamine\">kit de test meth\/amph\u00e9tamine<\/a>.<\/p>\n<h2>Instructions du Kit de Test Folin<\/h2>\n<ol>\n<li>Grattez une petite partie de votre \u00e9chantillon sur une surface de test telle qu&rsquo;une assiette en c\u00e9ramique ou dans le flacon de test fourni.\n<li>D\u00e9posez 1 goutte de \u00ab\u00a0FOLIN A\u00a0\u00bb sur votre \u00e9chantillon.\n<li>D\u00e9posez 1 goutte de \u00ab\u00a0FOLIN B\u00a0\u00bb sur votre \u00e9chantillon. Les deux liquides se m\u00e9langeront.\n<li>Observez le changement de couleur pendant 1 \u00e0 2 minutes.\n<li>Comparez la couleur de l&rsquo;\u00e9chantillon avec le tableau des couleurs fourni.\n<\/ol>\n<p><strong>Pour les pip\u00e9razines :<\/strong> Votre \u00e9chantillon contient probablement une pip\u00e9razine s&rsquo;il ne r\u00e9agit pas en couleur avec les tests <a href=\"\/fr\/produit\/reactif-marquis\" title=\"R\u00e9actif Marquis\">Marquis<\/a>, <a href=\"\/fr\/produit\/reactif-mandelin\" title=\"R\u00e9actif Mandelin\">Mandelin<\/a> et <a href=\"\/fr\/produit\/reactif-mecke\" title=\"R\u00e9actif Mecke\">Mecke<\/a>, mais devient orange avec le test Folin.<br \/>\n<strong>Stockage :<\/strong> Conservez les flacons au cong\u00e9lateur et laissez le liquide d\u00e9congeler avant utilisation. Cela permettra \u00e0 votre kit de test de durer des ann\u00e9es. Le stockage \u00e0 temp\u00e9rature ambiante n&rsquo;est pas recommand\u00e9, car le liquide de test se d\u00e9gradera en quelques mois.<\/p>\n<h3>Image du Tableau des Couleurs du R\u00e9actif Folin<\/h3>\n<p><img loading=\"lazy\" decoding=\"async\" class=\"img-color-reaction\" alt=\"A chart showing Folin reagent color reactions with various substances.\" src=\"\/wp-content\/uploads\/images\/reactions\/folin-color-reactions.jpg\" width=\"361\" height=\"682\" \/><\/p>\n<p>Bien que d&rsquo;autres substances puissent \u00e9galement provoquer des changements de couleur, nous avons constat\u00e9 que le Folin change de couleur avec :<br \/>\namph\u00e9tamine, BZP, lisdexamf\u00e9tamine (Vyvanse), MDA, MDMA, m\u00e9thamph\u00e9tamine, PMA, PMMA, TFMPP<\/p>\n<h2>Notification<\/h2>\n<p>Bien que les tests par r\u00e9actifs constituent la meilleure m\u00e9thode de test sur-le-champ, ils ne sont jamais d\u00e9finitifs \u00e0 100%. Il y a de nombreuses variables qui peuvent influer sur l&rsquo;aspect de la r\u00e9action. L&rsquo;\u00e9clairage, les impuret\u00e9s, et des substances ind\u00e9sirables dans votre \u00e9chantillon peuvent tous jouer un r\u00f4le.<\/p>\n<p>Aucune drogue (qu&rsquo;elle soit l\u00e9gale ou ill\u00e9gale) n&rsquo;est enti\u00e8rement sans danger, nous recommandons d&rsquo;\u00e9viter l&rsquo;utilisation de toutes les drogues r\u00e9cr\u00e9atives.<\/p>\n","protected":false},"excerpt":{"rendered":"<p>Utilisez ce kit de test Folin pour : D\u00e9tecter les pip\u00e9razines (telles que la BZP et la TFMPP). Diff\u00e9rencier entre la MDMA et la MDA (voir \u00e9galement le Kit de Test Simon). Diff\u00e9rencier entre l&rsquo;amph\u00e9tamine et la m\u00e9thamph\u00e9tamine (voir \u00e9galement le Kit de Test Simon). Remarque : Lorsque vous testez des compos\u00e9s tels que la [&hellip;]<\/p>\n","protected":false},"featured_media":1668,"template":"","meta":[],"product_brand":[],"product_cat":[41],"product_tag":[],"class_list":{"0":"post-1667","1":"product","2":"type-product","3":"status-publish","4":"has-post-thumbnail","6":"product_cat-reactifs","8":"first","9":"instock","10":"taxable","11":"shipping-taxable","12":"purchasable","13":"product-type-simple"},"_links":{"self":[{"href":"https:\/\/testkitplus.com\/fr\/wp-json\/wp\/v2\/product\/1667","targetHints":{"allow":["GET"]}}],"collection":[{"href":"https:\/\/testkitplus.com\/fr\/wp-json\/wp\/v2\/product"}],"about":[{"href":"https:\/\/testkitplus.com\/fr\/wp-json\/wp\/v2\/types\/product"}],"wp:featuredmedia":[{"embeddable":true,"href":"https:\/\/testkitplus.com\/fr\/wp-json\/wp\/v2\/media\/1668"}],"wp:attachment":[{"href":"https:\/\/testkitplus.com\/fr\/wp-json\/wp\/v2\/media?parent=1667"}],"wp:term":[{"taxonomy":"product_brand","embeddable":true,"href":"https:\/\/testkitplus.com\/fr\/wp-json\/wp\/v2\/product_brand?post=1667"},{"taxonomy":"product_cat","embeddable":true,"href":"https:\/\/testkitplus.com\/fr\/wp-json\/wp\/v2\/product_cat?post=1667"},{"taxonomy":"product_tag","embeddable":true,"href":"https:\/\/testkitplus.com\/fr\/wp-json\/wp\/v2\/product_tag?post=1667"}],"curies":[{"name":"wp","href":"https:\/\/api.w.org\/{rel}","templated":true}]}}