{"id":1664,"date":"2023-09-27T13:56:05","date_gmt":"2023-09-27T17:56:05","guid":{"rendered":"https:\/\/testkitplus.com\/fr\/?post_type=product&#038;p=1664"},"modified":"2023-10-07T12:11:22","modified_gmt":"2023-10-07T16:11:22","slug":"reactif-ehrlich","status":"publish","type":"product","link":"https:\/\/testkitplus.com\/fr\/produit\/reactif-ehrlich","title":{"rendered":"R\u00e9actif Ehrlich"},"content":{"rendered":"<p>Le r\u00e9actif Ehrlich est un test primaire pour le LSD, la DMT et d&rsquo;autres compos\u00e9s indoles. Les champignons psilocybine (champignons \u00ab\u00a0Magiques\u00a0\u00bb) peuvent \u00e9galement \u00eatre test\u00e9s avec le r\u00e9actif Ehrlich. <\/p>\n<p>Notre r\u00e9actif Ehrlich est le \u00ab\u00a0r\u00e9actif Ehrlich am\u00e9lior\u00e9\u00a0\u00bb, le \u00ab\u00a0r\u00e9actif hallucinog\u00e8ne am\u00e9lior\u00e9\u00a0\u00bb et est \u00e9galement connu sous le nom de \u00ab\u00a0Ehrlich 2.0\u00a0\u00bb. Il a une dur\u00e9e de conservation plus longue, produit moins de vapeurs et fonctionne aussi bien que l&rsquo;Ehrlich classique. Un tableau montrant les r\u00e9actions de couleur, ainsi qu&rsquo;un flacon de test r\u00e9utilisable, sont \u00e9galement inclus dans le kit. <\/p>\n<p>Pour faciliter la recherche de ce produit, nous r\u00e9pertorions \u00e9galement le r\u00e9actif Ehrlich en tant que <a title=\"Kit de test LSD\" href=\"\/fr\/produit\/kit-de-test-lsd\">kit de test LSD<\/a> sur notre site. <\/p>\n<h3>Le kit de test contient :<\/h3>\n<ul>\n<li>Assez de liquide de test pour jusqu&rsquo;\u00e0 100 tests<\/li>\n<li>Le tableau de couleurs avec les instructions<\/li>\n<li>Une fiole de test r\u00e9utilisable<\/li>\n<li>Pot de stockage\/transport<\/li>\n<\/ul>\n<h3>Image du Tableau des Couleurs du R\u00e9actif Ehrlich<\/h3>\n<p><img loading=\"lazy\" decoding=\"async\" class=\"img-color-reaction\" alt=\"Tableau des r\u00e9actions des couleurs au test LSD.\" src=\"\/wp-content\/uploads\/images\/reactions\/lsd-test-ehrlich-color-reactions.jpg\" width=\"361\" height=\"297\" \/><br \/>\nBien que d&rsquo;autres substances puissent \u00e9galement provoquer des changements de couleur, nous avons constat\u00e9 que l&rsquo;Ehrlich provoque des changements de couleur avec :<br \/>\n1P-LSD, 5-MeO-DMT, 6-APB, AL-LAD, benzoca\u00efne, DMT, LSD, proca\u00efne, psilocybine<\/p>\n<h2>Conseils pour le Test des Champignons Psilocybine<\/h2>\n<p>Vous pouvez tester les champignons avec le test Ehrlich. Broyez une petite partie du champignon \u00e0 tester sur une assiette en c\u00e9ramique blanche ou dans le flacon de test inclus dans votre kit. Pour de meilleurs r\u00e9sultats, testez \u00e0 la fois une partie du chapeau et de la tige. Certains champignons ont de faibles concentrations de psilocybine (la substance active dans les champignons psych\u00e9d\u00e9liques) dans la tige, mais des concentrations plus \u00e9lev\u00e9es dans le chapeau, et vice versa. Tester \u00e0 la fois le chapeau et la tige augmente les chances d&rsquo;un r\u00e9sultat positif, qui serait une couleur rose\/violette avec ce test. La r\u00e9action est souvent lente avec les champignons, veuillez pr\u00e9voir 30 minutes ou plus.<\/p>\n<h2>Notification<\/h2>\n<p>Bien que les tests par r\u00e9actifs constituent la meilleure m\u00e9thode de test sur-le-champ, ils ne sont jamais d\u00e9finitifs \u00e0 100%. Il y a de nombreuses variables qui peuvent influer sur l&rsquo;aspect de la r\u00e9action. L&rsquo;\u00e9clairage, les impuret\u00e9s, et des substances ind\u00e9sirables dans votre \u00e9chantillon peuvent tous jouer un r\u00f4le.<\/p>\n<p>Aucune drogue (qu&rsquo;elle soit l\u00e9gale ou ill\u00e9gale) n&rsquo;est enti\u00e8rement sans danger, nous recommandons d&rsquo;\u00e9viter l&rsquo;utilisation de toutes les drogues r\u00e9cr\u00e9atives.<\/p>\n","protected":false},"excerpt":{"rendered":"<p>Le r\u00e9actif Ehrlich est un test primaire pour le LSD, la DMT et d&rsquo;autres compos\u00e9s indoles. Les champignons psilocybine (champignons \u00ab\u00a0Magiques\u00a0\u00bb) peuvent \u00e9galement \u00eatre test\u00e9s avec le r\u00e9actif Ehrlich. Notre r\u00e9actif Ehrlich est le \u00ab\u00a0r\u00e9actif Ehrlich am\u00e9lior\u00e9\u00a0\u00bb, le \u00ab\u00a0r\u00e9actif hallucinog\u00e8ne am\u00e9lior\u00e9\u00a0\u00bb et est \u00e9galement connu sous le nom de \u00ab\u00a0Ehrlich 2.0\u00a0\u00bb. Il a une dur\u00e9e [&hellip;]<\/p>\n","protected":false},"featured_media":86,"template":"","meta":[],"product_brand":[],"product_cat":[41],"product_tag":[],"class_list":{"0":"post-1664","1":"product","2":"type-product","3":"status-publish","4":"has-post-thumbnail","6":"product_cat-reactifs","8":"first","9":"instock","10":"taxable","11":"shipping-taxable","12":"purchasable","13":"product-type-simple"},"_links":{"self":[{"href":"https:\/\/testkitplus.com\/fr\/wp-json\/wp\/v2\/product\/1664","targetHints":{"allow":["GET"]}}],"collection":[{"href":"https:\/\/testkitplus.com\/fr\/wp-json\/wp\/v2\/product"}],"about":[{"href":"https:\/\/testkitplus.com\/fr\/wp-json\/wp\/v2\/types\/product"}],"wp:featuredmedia":[{"embeddable":true,"href":"https:\/\/testkitplus.com\/fr\/wp-json\/wp\/v2\/media\/86"}],"wp:attachment":[{"href":"https:\/\/testkitplus.com\/fr\/wp-json\/wp\/v2\/media?parent=1664"}],"wp:term":[{"taxonomy":"product_brand","embeddable":true,"href":"https:\/\/testkitplus.com\/fr\/wp-json\/wp\/v2\/product_brand?post=1664"},{"taxonomy":"product_cat","embeddable":true,"href":"https:\/\/testkitplus.com\/fr\/wp-json\/wp\/v2\/product_cat?post=1664"},{"taxonomy":"product_tag","embeddable":true,"href":"https:\/\/testkitplus.com\/fr\/wp-json\/wp\/v2\/product_tag?post=1664"}],"curies":[{"name":"wp","href":"https:\/\/api.w.org\/{rel}","templated":true}]}}