{"id":633,"date":"2018-10-06T13:08:00","date_gmt":"2018-10-06T17:08:00","guid":{"rendered":"https:\/\/testkitplus.com\/fr\/?page_id=633"},"modified":"2025-06-12T23:59:38","modified_gmt":"2025-06-13T03:59:38","slug":"kit-de-test-mdma-testez-avant-de-consommer","status":"publish","type":"page","link":"https:\/\/testkitplus.com\/fr\/","title":{"rendered":"<a href=\"\/fr\/shop\">Testez avant de consommer <\/a>"},"content":{"rendered":"<section class=\"testkit-hero\">\n<div class=\"container\">\n<div class=\"row\">\n<div class=\"col-half\">\n<div class=\"hero-content\">\n              <!--\n\n<h1>Why trust dealers?<\/h1>\n\n\n              \n\n<h1>Even if you trust your dealer, do you trust the whole supply chain?<\/h1>\n\n\n              \n\n<p>Test your drugs before you take them.<\/p>\n\n\n              \n\n<h1>Why Guess?<br \/>When Your Drugs are Suss<br \/>Get Test Kit Plus<\/h1>\n\n--><\/p>\n<h1>Pourquoi deviner ? Testez vos drogues avant de les prendre<\/h1>\n<p>Nous proposons des kits de test faciles \u00e0 utiliser, pr\u00e9cis et abordables pour un large \u00e9ventail de substances. <\/p>\n<div class=\"global-btn\"><a href=\"\/fr\/shop\">Kits de test de drogues \u00bb<\/a><\/div>\n<\/p><\/div>\n<\/p><\/div>\n<\/p><\/div>\n<\/p><\/div>\n<\/section>\n<p class=\"home-about-us\">Nous sommes l&rsquo;un des principaux fournisseurs de kits de test de haute qualit\u00e9 <a href=\"\/fr\/categorie-produit\/kits-de-test\/kits-test-mdma\">pour la MDMA<\/a>, <a href=\"\/fr\/categorie-produit\/kits-de-test\/kits-test-cocaine\">la coca\u00efne<\/a>, <a href=\"\/fr\/produit\/kit-de-test-lsd\">le LSD<\/a>, <a href=\"\/fr\/produit\/kit-de-test-meth-amphetamine\">l&rsquo;amph\u00e9tamine<\/a>, <a href=\"\/fr\/produit\/kit-de-test-ketamine\">k\u00e9tamine<\/a>, <a href=\"\/product\/dmt-test-kit\">le DMT<\/a>, et <a href=\"\/shop\">bien plus encore<\/a>.<\/p>\n<div class=\"home-white-bg\"><!-- white bg for sm btns --><\/p>\n<hr class=\"home-divider\">\n<section class=\"home-popular\">\n<h2>Produits populaires<\/h2>\n<div class=\"woocommerce columns-4 \">\n<ul class=\"products columns-4\">\n<li class=\"product type-product post-79252 status-publish first instock product_cat-drug-identification-test-kits product_cat-mdma-test-kits product_cat-packages product_cat-test-kits product_tag-amphetamine-test-kit product_tag-mdma-test-kit product_tag-methamphetamine-test-kit product_tag-test-kit-package has-post-thumbnail taxable shipping-taxable purchasable product-type-variable has-default-attributes\">\n\t<a href=\"\/fr\/categorie-produit\/kits-de-test\/kits-test-mdma\" class=\"woocommerce-LoopProduct-link woocommerce-loop-product__link\"><img width=\"324\" height=\"324\" src=\"https:\/\/testkitplus.com\/wp-content\/uploads\/mdma-test-kit-package-324x324.jpg\" class=\"attachment-woocommerce_thumbnail size-woocommerce_thumbnail\" alt=\"Kits de test MDMA Molly\/Ecstasy\" decoding=\"async\" loading=\"lazy\" srcset=\"https:\/\/testkitplus.com\/wp-content\/uploads\/mdma-test-kit-package-324x324.jpg 324w, https:\/\/testkitplus.com\/wp-content\/uploads\/mdma-test-kit-package-100x100.jpg 100w, https:\/\/testkitplus.com\/wp-content\/uploads\/mdma-test-kit-package-416x416.jpg 416w, https:\/\/testkitplus.com\/wp-content\/uploads\/mdma-test-kit-package-300x300.jpg 300w, https:\/\/testkitplus.com\/wp-content\/uploads\/mdma-test-kit-package-150x150.jpg 150w, https:\/\/testkitplus.com\/wp-content\/uploads\/mdma-test-kit-package-768x768.jpg 768w, https:\/\/testkitplus.com\/wp-content\/uploads\/mdma-test-kit-package-80x80.jpg 80w, https:\/\/testkitplus.com\/wp-content\/uploads\/mdma-test-kit-package-50x50.jpg 50w, https:\/\/testkitplus.com\/wp-content\/uploads\/mdma-test-kit-package-60x60.jpg 60w, https:\/\/testkitplus.com\/wp-content\/uploads\/mdma-test-kit-package-135x135.jpg 135w, https:\/\/testkitplus.com\/wp-content\/uploads\/mdma-test-kit-package.jpg 1000w\" sizes=\"auto, (max-width: 324px) 100vw, 324px\" \/><\/p>\n<h2 class=\"woocommerce-loop-product__title\">Kits de test MDMA (Molly\/Ecstasy) \u00bb<\/h2>\n<p><\/a><\/p>\n<\/li>\n<li class=\"product type-product post-80493 status-publish instock product_cat-drug-identification-test-kits product_cat-lsd-test-kits product_cat-packages product_cat-test-kits product_tag-lsd-test-kit product_tag-test-kit-package has-post-thumbnail taxable shipping-taxable purchasable product-type-variable has-default-attributes\">\n\t<a href=\"\/fr\/produit\/kit-de-test-lsd\" class=\"woocommerce-LoopProduct-link woocommerce-loop-product__link\"><img width=\"324\" height=\"324\" src=\"https:\/\/testkitplus.com\/wp-content\/uploads\/lsd-test-kit-package-324x324.jpg\" class=\"attachment-woocommerce_thumbnail size-woocommerce_thumbnail\" alt=\"Kits de test LSD\" decoding=\"async\" loading=\"lazy\" srcset=\"https:\/\/testkitplus.com\/wp-content\/uploads\/lsd-test-kit-package-324x324.jpg 324w, https:\/\/testkitplus.com\/wp-content\/uploads\/lsd-test-kit-package-100x100.jpg 100w, https:\/\/testkitplus.com\/wp-content\/uploads\/lsd-test-kit-package-416x416.jpg 416w, https:\/\/testkitplus.com\/wp-content\/uploads\/lsd-test-kit-package-300x300.jpg 300w, https:\/\/testkitplus.com\/wp-content\/uploads\/lsd-test-kit-package-150x150.jpg 150w, https:\/\/testkitplus.com\/wp-content\/uploads\/lsd-test-kit-package-768x768.jpg 768w, https:\/\/testkitplus.com\/wp-content\/uploads\/lsd-test-kit-package-135x135.jpg 135w, https:\/\/testkitplus.com\/wp-content\/uploads\/lsd-test-kit-package.jpg 1000w\" sizes=\"auto, (max-width: 324px) 100vw, 324px\" \/><\/p>\n<h2 class=\"woocommerce-loop-product__title\">Kits de test LSD \u00bb<\/h2>\n<p><\/a>\n\t\t<\/li>\n<li class=\"product type-product post-19326 status-publish instock product_cat-drug-identification-test-kits product_cat-fentanyl-test-kits product_cat-test-kits product_tag-fentanyl-test-kit has-post-thumbnail taxable shipping-taxable purchasable product-type-simple\">\n\t<a href=\"\/fr\/produit\/bandelettes-de-test-fentanyl\" class=\"woocommerce-LoopProduct-link woocommerce-loop-product__link\"><img width=\"324\" height=\"324\" src=\"https:\/\/testkitplus.com\/wp-content\/uploads\/fentanyl-test-kit-324x324.jpg\" class=\"attachment-woocommerce_thumbnail size-woocommerce_thumbnail\" alt=\"Bandelettes de test Fentanyl\" decoding=\"async\" loading=\"lazy\" srcset=\"https:\/\/testkitplus.com\/wp-content\/uploads\/fentanyl-test-kit-324x324.jpg 324w, https:\/\/testkitplus.com\/wp-content\/uploads\/fentanyl-test-kit-100x100.jpg 100w, https:\/\/testkitplus.com\/wp-content\/uploads\/fentanyl-test-kit-416x416.jpg 416w, https:\/\/testkitplus.com\/wp-content\/uploads\/fentanyl-test-kit-300x300.jpg 300w, https:\/\/testkitplus.com\/wp-content\/uploads\/fentanyl-test-kit-150x150.jpg 150w, https:\/\/testkitplus.com\/wp-content\/uploads\/fentanyl-test-kit-768x768.jpg 768w, https:\/\/testkitplus.com\/wp-content\/uploads\/fentanyl-test-kit-135x135.jpg 135w, https:\/\/testkitplus.com\/wp-content\/uploads\/fentanyl-test-kit.jpg 1000w\" sizes=\"auto, (max-width: 324px) 100vw, 324px\" \/><\/p>\n<h2 class=\"woocommerce-loop-product__title\">Kits de test pour le fentanyl \u00bb<\/h2>\n<p><\/a>\n\t\t<\/li>\n<li class=\"product type-product post-436 status-publish last instock product_cat-cocaine-test-kits product_cat-drug-purity-test-kits product_cat-test-kits product_tag-cocaine-purity-test-kit product_tag-cocaine-test-kit has-post-thumbnail taxable shipping-taxable purchasable product-type-variable has-default-attributes\">\n\t<a href=\"\/product-category\/test-kits\/cocaine-test-kits\" class=\"woocommerce-LoopProduct-link woocommerce-loop-product__link\"><img width=\"324\" height=\"324\" src=\"https:\/\/testkitplus.com\/wp-content\/uploads\/cocaine-purity-test-kit-324x324.jpg\" class=\"attachment-woocommerce_thumbnail size-woocommerce_thumbnail\" alt=\"Cocaine Purity Test Kit\" decoding=\"async\" loading=\"lazy\" srcset=\"https:\/\/testkitplus.com\/wp-content\/uploads\/cocaine-purity-test-kit-324x324.jpg 324w, https:\/\/testkitplus.com\/wp-content\/uploads\/cocaine-purity-test-kit-100x100.jpg 100w, https:\/\/testkitplus.com\/wp-content\/uploads\/cocaine-purity-test-kit-416x416.jpg 416w, https:\/\/testkitplus.com\/wp-content\/uploads\/cocaine-purity-test-kit-300x300.jpg 300w, https:\/\/testkitplus.com\/wp-content\/uploads\/cocaine-purity-test-kit-150x150.jpg 150w, https:\/\/testkitplus.com\/wp-content\/uploads\/cocaine-purity-test-kit-768x768.jpg 768w, https:\/\/testkitplus.com\/wp-content\/uploads\/cocaine-purity-test-kit-135x135.jpg 135w, https:\/\/testkitplus.com\/wp-content\/uploads\/cocaine-purity-test-kit.jpg 1000w\" sizes=\"auto, (max-width: 324px) 100vw, 324px\" \/><\/p>\n<h2 class=\"woocommerce-loop-product__title\">Kits de test pour la coca\u00efne \u00bb<\/h2>\n<p><\/a>\n\t\t<\/li>\n<\/ul>\n<\/div>\n<p><a href=\"\/fr\/shop\" class=\"button\">Tous les produits \u00bb<\/a><\/p>\n<p><!-- \n\n<section class=\"home-popular\">\n\n<h2>Popular Products<\/h2>\n\n\n[products limit=\"4\" columns=\"4\" skus=\"MQ-FR-SN-PACKAGE, EHRLICH-HOFMANN, TKP-COC-PUR-10PK, TKP-FYL\"]\n\n\n<p><a href=\"\/shop\" class=\"button\">All Products \u00bb<\/a><\/p>\n\n\n<\/section>\n\n --><br \/>\n<\/section>\n<hr class=\"home-divider\">\n<div id=\"homepage-features\" class=\"widget_woothemes_features\">\n<div class=\"features columns-3\">\n<div class=\"home-feature first\">\n            <a href=\"\/fr\/shop\" title=\"Nos kits de test\" ><img loading=\"lazy\" decoding=\"async\"\n               width=\"50\" height=\"50\" src=\"https:\/\/testkitplus.com\/wp-content\/uploads\/drug-test-kist_feature.png\" class=\"attachment-50x50 size-50x50 wp-post-image\" alt=\"Drug Test Kits\" \/><\/a><\/p>\n<h3 class=\"feature-title\"><a href=\"\/fr\/shop\" title=\"Nos kits de test\" >Nos kits de test<\/a><\/h3>\n<div class=\"feature-content\">Testez toute une s\u00e9rie de substances avec nos \u00ab\u00a0<a href=\"\/fr\/categorie-produit\/kits-de-test\/kits-test-mdma\">kits de d\u00e9pistage de la MDMA (Molly)<\/a>\u00ab\u00a0, \u00ab\u00a0<a href=\"\/fr\/produit\/kit-de-test-ketamine\">de la k\u00e9tamine<\/a>\u00ab\u00a0, \u00ab\u00a0<a href=\"\/fr\/produit\/bandelettes-de-test-fentanyl\">du fentanyl<\/a>\u00ab\u00a0, \u00ab\u00a0<a\n               title=\"Kit de test LSD\" href=\"\/fr\/produit\/kit-de-test-lsd\/\">du LSD Kit<\/a>\u00a0\u00bb et \u00ab\u00a0<a title=\"Kits de test de coca\u00efne\" href=\"\/fr\/categorie-produit\/kits-de-test\/kits-test-cocaine\">et de la coca\u00efne<\/a>\u00ab\u00a0. Vous pouvez \u00e9galement d\u00e9pister <a href=\"\/fr\/produit\/kit-de-test-meth-amphetamine\" title=\"Speed (amphetamine) test kit\">le speed<\/a>, <a href=\"\/fr\/produit\/kit-de-test-opioides\">l&rsquo;h\u00e9ro\u00efne<\/a>  et d&rsquo;autres substances.<\/div>\n<\/p><\/div>\n<div class=\"home-feature\">\n<a href=\"\/fr\/pourquoi-tester-vos-drogues\" title=\"Pourquoi vous devriez tester vos drogues?\" ><img loading=\"lazy\" decoding=\"async\" width=\"50\" height=\"50\" src=\"https:\/\/testkitplus.com\/wp-content\/uploads\/why-test-kit_feature.png\" alt=\"Bullseye Icon\" class=\"attachment-50x50 size-50x50 wp-post-image\" alt=\"Pourquoi vous devriez tester vos drogues?\" \/><\/a><\/p>\n<h3 class=\"feature-title\"><a href=\"\/drug-info\/why-test-your-drugs\/\" title=\"D\u00e9tecter les fausses pilules et poudres\" >D\u00e9tecter les fausses pilules et poudres<\/a><\/h3>\n<div class=\"feature-content\">M\u00eame si vous faites confiance \u00e0 votre dealer, vous ne pouvez pas faire confiance \u00e0 l&rsquo;ensemble de la cha\u00eene d&rsquo;approvisionnement. Les fausses pilules et les fausses poudres sont tr\u00e8s faciles \u00e0 fabriquer ! Les tests de d\u00e9pistage de drogues sauvent des vies. Regardez cette vid\u00e9o de <a href=\"\/fr\/pourquoi-tester-vos-drogues\/\">pillules fabriqu\u00e9es<\/a> \u00e0 la maison.<\/div>\n<\/p><\/div>\n<div class=\"home-feature last\">\n           <a href=\"\/fr\/securise-confidentiel-garanti\" title=\"Our Promise to You\" ><img loading=\"lazy\" decoding=\"async\" width=\"50\" height=\"50\" src=\"https:\/\/testkitplus.com\/wp-content\/uploads\/why-buy-test-kit_feature.png\" alt=\"Lock Icon\" class=\"attachment-50x50 size-50x50 wp-post-image\" alt=\"Buy Drug Test Kits\" \/><\/a><\/p>\n<h3 class=\"feature-title\"><a href=\"\/guarantee\" title=\"Our Promise to You\" >Acheter en toute confidentialit\u00e9 et en toute s\u00e9curit\u00e9<\/a><\/h3>\n<div class=\"feature-content\">\n<ul>\n<li>Livr\u00e9 dans un emballage discret.<\/li>\n<li>Achats s\u00e9curis\u00e9s et priv\u00e9s.<\/li>\n<li>Stock\u00e9 au Canada, exp\u00e9di\u00e9 dans le monde entier.<\/li>\n<li>Un service \u00e0 la client\u00e8le hors pair.<\/li><\/div>\n<\/p><\/div>\n<div class=\"fix\"><\/div>\n<\/p><\/div>\n<\/p><\/div>\n<hr class=\"home-bottom-divider\">\n<div id=\"home-cbc\">\n  <img loading=\"lazy\" decoding=\"async\" src=\"https:\/\/testkitplus.com\/wp-content\/uploads\/images\/misc\/CBC-logo.png\" alt=\"CBC Logo\" width=\"43\" height=\"55\" \/><\/p>\n<p>TEST KIT PLUS <b>dans l&rsquo;actualit\u00e9<\/b>: &quot;<a rel=\"noopener\" href=\"http:\/\/www.cbc.ca\/news\/canada\/toronto\/drug-testing-kits-can-help-prevent-deaths-advocates-1.2745446\">Les kits de d\u00e9pistage de drogues peuvent aider \u00e0 pr\u00e9venir les d\u00e9c\u00e8s&#8230;<\/a>&quot;<\/p>\n<\/div>\n<\/div>\n<p><!-- end div for sm btns --><\/p>\n<div class=\"sbuttons\">\n<p>  <a rel=\"nofollow noopener noreferrer\" href=\"https:\/\/instagram.com\/testkitplus\" target=\"_blank\" class=\"sbutton instagram\" tooltip=\"Instagram\"><i class=\"fab fa-instagram\"><\/i><\/a><br \/>\n  <a rel=\"nofollow noopener noreferrer\" href=\"https:\/\/facebook.com\/TestKitPlus\" target=\"_blank\" class=\"sbutton fb\" tooltip=\"Facebook\"><i class=\"fab fa-facebook-f\"><\/i><\/a><br \/>\n  <a rel=\"nofollow noopener noreferrer\" href=\"https:\/\/vimeo.com\/user27173637\" target=\"_blank\" class=\"sbutton vimeo\" tooltip=\"Vimeo\"><i class=\"fab fa-vimeo\"><\/i><\/a><br \/>\n  <a href=\"\/contact\" target=\"_blank\" class=\"sbutton email\" tooltip=\"Email Us\" rel=\"noopener\"><i class=\"fa fa-envelope\"><\/i><\/a>\n<\/div>\n","protected":false},"excerpt":{"rendered":"<p>Pourquoi deviner ? Testez vos drogues avant de les prendre Nous proposons des kits de test faciles \u00e0 utiliser, pr\u00e9cis et abordables pour un large \u00e9ventail de substances. Kits de test de drogues \u00bb Nous sommes l&rsquo;un des principaux fournisseurs de kits de test de haute qualit\u00e9 pour la MDMA, la coca\u00efne, le LSD, l&rsquo;amph\u00e9tamine, [&hellip;]<\/p>\n","protected":false},"author":1,"featured_media":0,"parent":0,"menu_order":0,"comment_status":"closed","ping_status":"closed","template":"template-fullwidth.php","meta":{"footnotes":""},"class_list":["post-633","page","type-page","status-publish","hentry"],"_links":{"self":[{"href":"https:\/\/testkitplus.com\/fr\/wp-json\/wp\/v2\/pages\/633","targetHints":{"allow":["GET"]}}],"collection":[{"href":"https:\/\/testkitplus.com\/fr\/wp-json\/wp\/v2\/pages"}],"about":[{"href":"https:\/\/testkitplus.com\/fr\/wp-json\/wp\/v2\/types\/page"}],"author":[{"embeddable":true,"href":"https:\/\/testkitplus.com\/fr\/wp-json\/wp\/v2\/users\/1"}],"replies":[{"embeddable":true,"href":"https:\/\/testkitplus.com\/fr\/wp-json\/wp\/v2\/comments?post=633"}],"version-history":[{"count":29,"href":"https:\/\/testkitplus.com\/fr\/wp-json\/wp\/v2\/pages\/633\/revisions"}],"predecessor-version":[{"id":2138,"href":"https:\/\/testkitplus.com\/fr\/wp-json\/wp\/v2\/pages\/633\/revisions\/2138"}],"wp:attachment":[{"href":"https:\/\/testkitplus.com\/fr\/wp-json\/wp\/v2\/media?parent=633"}],"curies":[{"name":"wp","href":"https:\/\/api.w.org\/{rel}","templated":true}]}}