{"id":63,"date":"2014-03-04T01:05:21","date_gmt":"2014-03-04T06:05:21","guid":{"rendered":"http:\/\/testkitplus.com\/fr\/?page_id=63"},"modified":"2024-01-03T16:21:59","modified_gmt":"2024-01-03T21:21:59","slug":"pourquoi-tester-vos-drogues","status":"publish","type":"page","link":"https:\/\/testkitplus.com\/fr\/pourquoi-tester-vos-drogues","title":{"rendered":"Pourquoi vous devriez tester vos drogues"},"content":{"rendered":"<p>Il est beaucoup plus difficile de savoir ce que vous avez sans kit de test.<\/p>\n<p>Les fausses pillules sont tr\u00e8s faciles \u00e0 fabriquer! Regardez cette vid\u00e9o de pillules produites \u00e0 la maison:<\/p>\n<p><strong>Des pillules produites avec une presse manuelle:<\/strong><br \/>\n<iframe loading=\"lazy\" width=\"560\" height=\"315\" src=\"\/\/www.youtube.com\/embed\/f5SBbjpatoc\" frameborder=\"0\" allowfullscreen><\/iframe><\/p>\n<hr>\n<h2>Articles de la BBC au sujet de la fausse Ecstasy<\/h2>\n<p>Des produit chimiques hautement dangereux sont vendus \u00e0 la place de l&rsquo;ecstasy:<br \/>\n<a rel=\"noopener\" href=\"http:\/\/www.bbc.co.uk\/news\/uk-scotland-glasgow-west-23263680\">http:\/\/www.bbc.co.uk\/news\/uk-scotland-glasgow-west-23263680<\/a><\/p>\n<p>La vraie Ecstasy dispara\u00eet des clubs:<br \/>\n<a rel=\"noopener\" href=\"http:\/\/www.bbc.co.uk\/newsbeat\/10353130\">http:\/\/www.bbc.co.uk\/newsbeat\/10353130<\/a><\/p>\n<h2>La Solution<\/h2>\n<p>Tester vos drogues est un processus simple. Les <a href=\"\/fr\/categorie-produit\/kits-de-test\/\">kits de test<\/a> sont un moyen abordable de vous prot\u00e9ger.<\/p>\n<p style=\"text-align:center;\"><a class=\"woo-sc-button  custom\" href=\"\/fr\/produit\/kit-de-test-mdma-ecstasy\"> <span class=\"woo-\">Kit de test MDMA (Ecstasy) \u00bb<\/span><\/a> <a class=\"woo-sc-button  custom\" href=\"\/fr\/produit\/kit-de-test-de-drogue-elite-10-en-1\"> <span class=\"woo-\">Kit de d\u00e9pistage complet (Tout-En-Un) \u00bb<\/span><\/a><\/p>\n<h2>D\u00e9mo du test Ecstasy<\/h2>\n<p>Regardez la d\u00e9monstration du test Ecstasy (MDMA):<\/p>\n<p><iframe loading=\"lazy\" width=\"420\" height=\"315\" src=\"\/\/www.youtube.com\/embed\/WQe4vNap168\" frameborder=\"0\" allowfullscreen><\/iframe><\/p>\n","protected":false},"excerpt":{"rendered":"<p>Il est beaucoup plus difficile de savoir ce que vous avez sans kit de test. Les fausses pillules sont tr\u00e8s faciles \u00e0 fabriquer! Regardez cette vid\u00e9o de pillules produites \u00e0 la maison: Des pillules produites avec une presse manuelle: Articles de la BBC au sujet de la fausse Ecstasy Des produit chimiques hautement dangereux sont [&hellip;]<\/p>\n","protected":false},"author":1,"featured_media":0,"parent":0,"menu_order":0,"comment_status":"closed","ping_status":"closed","template":"","meta":{"footnotes":""},"class_list":["post-63","page","type-page","status-publish","hentry"],"_links":{"self":[{"href":"https:\/\/testkitplus.com\/fr\/wp-json\/wp\/v2\/pages\/63","targetHints":{"allow":["GET"]}}],"collection":[{"href":"https:\/\/testkitplus.com\/fr\/wp-json\/wp\/v2\/pages"}],"about":[{"href":"https:\/\/testkitplus.com\/fr\/wp-json\/wp\/v2\/types\/page"}],"author":[{"embeddable":true,"href":"https:\/\/testkitplus.com\/fr\/wp-json\/wp\/v2\/users\/1"}],"replies":[{"embeddable":true,"href":"https:\/\/testkitplus.com\/fr\/wp-json\/wp\/v2\/comments?post=63"}],"version-history":[{"count":10,"href":"https:\/\/testkitplus.com\/fr\/wp-json\/wp\/v2\/pages\/63\/revisions"}],"predecessor-version":[{"id":1951,"href":"https:\/\/testkitplus.com\/fr\/wp-json\/wp\/v2\/pages\/63\/revisions\/1951"}],"wp:attachment":[{"href":"https:\/\/testkitplus.com\/fr\/wp-json\/wp\/v2\/media?parent=63"}],"curies":[{"name":"wp","href":"https:\/\/api.w.org\/{rel}","templated":true}]}}