{"id":22,"date":"2014-03-03T23:13:38","date_gmt":"2014-03-04T04:13:38","guid":{"rendered":"http:\/\/testkitplus.com\/fr\/?page_id=22"},"modified":"2014-03-06T02:44:55","modified_gmt":"2014-03-06T07:44:55","slug":"politique-de-retour","status":"publish","type":"page","link":"https:\/\/testkitplus.com\/fr\/politique-de-retour","title":{"rendered":"Politique de retour"},"content":{"rendered":"<p>Si vous nous avez achet\u00e9 un produit et souhaitez nous le retourner, faites-le simplement sous 30 jours pour un REMBOURSEMENT INT\u00c9GRAL. Aucune question ne vous sera pos\u00e9e. L&#8217;emballage doit demeur\u00e9 scell\u00e9 et ne doit pas \u00eatre ouvert, et aucun produit ne doit avoir \u00e9t\u00e9 utilis\u00e9. Nous ne remboursons pas les frais de port et vous \u00eates responsable des frais de port pour le retour. Afin de nous retourner vos achats, vous devez simplement nous <a href=\"\/fr\/contactez-nous\">envoyer un message<\/a>.<\/p>\n","protected":false},"excerpt":{"rendered":"<p>Si vous nous avez achet\u00e9 un produit et souhaitez nous le retourner, faites-le simplement sous 30 jours pour un REMBOURSEMENT INT\u00c9GRAL. Aucune question ne vous sera pos\u00e9e. L&#8217;emballage doit demeur\u00e9 scell\u00e9 et ne doit pas \u00eatre ouvert, et aucun produit ne doit avoir \u00e9t\u00e9 utilis\u00e9. Nous ne remboursons pas les frais de port et vous [&hellip;]<\/p>\n","protected":false},"author":1,"featured_media":0,"parent":0,"menu_order":0,"comment_status":"closed","ping_status":"closed","template":"","meta":{"footnotes":""},"class_list":["post-22","page","type-page","status-publish","hentry"],"_links":{"self":[{"href":"https:\/\/testkitplus.com\/fr\/wp-json\/wp\/v2\/pages\/22","targetHints":{"allow":["GET"]}}],"collection":[{"href":"https:\/\/testkitplus.com\/fr\/wp-json\/wp\/v2\/pages"}],"about":[{"href":"https:\/\/testkitplus.com\/fr\/wp-json\/wp\/v2\/types\/page"}],"author":[{"embeddable":true,"href":"https:\/\/testkitplus.com\/fr\/wp-json\/wp\/v2\/users\/1"}],"replies":[{"embeddable":true,"href":"https:\/\/testkitplus.com\/fr\/wp-json\/wp\/v2\/comments?post=22"}],"version-history":[{"count":2,"href":"https:\/\/testkitplus.com\/fr\/wp-json\/wp\/v2\/pages\/22\/revisions"}],"predecessor-version":[{"id":138,"href":"https:\/\/testkitplus.com\/fr\/wp-json\/wp\/v2\/pages\/22\/revisions\/138"}],"wp:attachment":[{"href":"https:\/\/testkitplus.com\/fr\/wp-json\/wp\/v2\/media?parent=22"}],"curies":[{"name":"wp","href":"https:\/\/api.w.org\/{rel}","templated":true}]}}