{"id":20,"date":"2014-03-03T23:12:30","date_gmt":"2014-03-04T04:12:30","guid":{"rendered":"http:\/\/testkitplus.com\/fr\/?page_id=20"},"modified":"2017-10-06T19:41:28","modified_gmt":"2017-10-06T23:41:28","slug":"securise-confidentiel-garanti","status":"publish","type":"page","link":"https:\/\/testkitplus.com\/fr\/securise-confidentiel-garanti","title":{"rendered":"S\u00e9curis\u00e9, Confidentiel &#038; Garanti"},"content":{"rendered":"<p>Nous exp\u00e9dions rapidement partout au Canada, Etats-Unis, Australie, ainsi qu&rsquo;en Europe et en Asie. Notre priorit\u00e9 est de vous fournir les meilleurs kits de test \u00e0 prix raisonnable! Voici ce que nos clients disent de nous. <a href=\"\/fr\/temoignages\/\">T\u00e9moignages \u00bb<\/a><\/p>\n<h3>Exp\u00e9dition gratuite 100% confidentielle<\/h3>\n<p>Toutes nos commandes sont exp\u00e9di\u00e9es dans un emballage beige discret. Aucun logo ou autre marque n&rsquo;est visible.<\/p>\n<p>Toutes les informations concernant les commandes sont strictement confidentielles. Merci de voir notre <a href=\"\/fr\/politique-de-confidentialite\">politique de confidentialit\u00e9<\/a> pour plus d&rsquo;information.<\/p>\n<hr \/>\n<h3>Exp\u00e9dition gratuite s\u00fbre &amp; s\u00e9curis\u00e9e<\/h3>\n<div style=\"float: right; margin-left: 10px;\"><\/div>\n<p>Les commandes sont g\u00e9r\u00e9es en utilisant le plus haut niveau de cryptage disponible (SSL 256 bit). Cela garantit que toutes les informations que vous nous envoyez via le World Wide Web seront crypt\u00e9es.<\/p>\n<hr \/>\n<h3>Exp\u00e9dition rapide<\/h3>\n<p>Nous traitons les commandes dans un d\u00e9lai d&rsquo;un jour ouvr\u00e9! Les commandes sont exp\u00e9di\u00e9es par la Poste Canadienne (Canada Post) et USPS. L&rsquo;option Xpresspost est disponible!<\/p>\n<hr \/>\n<h3>Expedition gratuite<\/h3>\n<p>EXPEDITION GRATUITE pour toute commande sup\u00e9rieure \u00e0 100$.<\/p>\n<hr \/>\n<p><!--\n\n<h3>Nous payons TOUTES les taxes!<\/h3>\n\n\nNous payons toutes les taxes applicables sur tous les produits.\n\nVous faites des \u00e9conomies!\n\n\n\n<hr \/>\n\n--><\/p>\n<h3>Garantie 100% Satisfait<\/h3>\n<p>Nous fournissons une exp\u00e9dition rapide et garantissons un niveau de qualit\u00e9 z\u00e9ro-d\u00e9faut des kits de test. Vous souhaitez nous retourner votre commande? Aucun probl\u00e8me, renvoyez la nous pour un remboursement int\u00e9gral. Voir notre <a href=\"\/fr\/politique-de-retour\">politique de retour<\/a>.<\/p>\n<hr \/>\n<h3>Stockage au Canada<\/h3>\n<p>Pas besoin de vous soucier des probl\u00e8mes de d\u00e9douanement, des retards ou des droits de douane. Tout est stock\u00e9 au Canada et exp\u00e9di\u00e9 \u00e0 votre porte.<\/p>\n","protected":false},"excerpt":{"rendered":"<p>Nous exp\u00e9dions rapidement partout au Canada, Etats-Unis, Australie, ainsi qu&rsquo;en Europe et en Asie. Notre priorit\u00e9 est de vous fournir les meilleurs kits de test \u00e0 prix raisonnable! Voici ce que nos clients disent de nous. T\u00e9moignages \u00bb Exp\u00e9dition gratuite 100% confidentielle Toutes nos commandes sont exp\u00e9di\u00e9es dans un emballage beige discret. Aucun logo ou [&hellip;]<\/p>\n","protected":false},"author":1,"featured_media":0,"parent":0,"menu_order":0,"comment_status":"closed","ping_status":"closed","template":"","meta":{"footnotes":""},"class_list":["post-20","page","type-page","status-publish","hentry"],"_links":{"self":[{"href":"https:\/\/testkitplus.com\/fr\/wp-json\/wp\/v2\/pages\/20","targetHints":{"allow":["GET"]}}],"collection":[{"href":"https:\/\/testkitplus.com\/fr\/wp-json\/wp\/v2\/pages"}],"about":[{"href":"https:\/\/testkitplus.com\/fr\/wp-json\/wp\/v2\/types\/page"}],"author":[{"embeddable":true,"href":"https:\/\/testkitplus.com\/fr\/wp-json\/wp\/v2\/users\/1"}],"replies":[{"embeddable":true,"href":"https:\/\/testkitplus.com\/fr\/wp-json\/wp\/v2\/comments?post=20"}],"version-history":[{"count":7,"href":"https:\/\/testkitplus.com\/fr\/wp-json\/wp\/v2\/pages\/20\/revisions"}],"predecessor-version":[{"id":489,"href":"https:\/\/testkitplus.com\/fr\/wp-json\/wp\/v2\/pages\/20\/revisions\/489"}],"wp:attachment":[{"href":"https:\/\/testkitplus.com\/fr\/wp-json\/wp\/v2\/media?parent=20"}],"curies":[{"name":"wp","href":"https:\/\/api.w.org\/{rel}","templated":true}]}}