{"id":1887,"date":"2023-11-01T12:49:59","date_gmt":"2023-11-01T16:49:59","guid":{"rendered":"https:\/\/testkitplus.com\/fr\/?page_id=1887"},"modified":"2023-11-01T12:50:17","modified_gmt":"2023-11-01T16:50:17","slug":"comment-tester-la-methamphetamine","status":"publish","type":"page","link":"https:\/\/testkitplus.com\/fr\/mode-demploi\/comment-tester-la-methamphetamine","title":{"rendered":"Comment tester la m\u00e9thamph\u00e9tamine (M\u00e9th, Cristal, Ice)"},"content":{"rendered":"<p>Comment tester la m\u00e9thamph\u00e9tamine (M\u00e9th, Cristal, Ice)<\/p>\n<p>La m\u00e9thamph\u00e9tamine ne peut pas \u00eatre identifi\u00e9e de mani\u00e8re fiable \u00e0 l&rsquo;\u0153il nu. Nous recommandons de tester l&rsquo;amph\u00e9tamine avec 3 tests. Les deux premiers identifient la m\u00e9thamph\u00e9tamine et aident \u00e0 exclure les compos\u00e9s mal vendus comme m\u00e9thamph\u00e9tamine. Le troisi\u00e8me test peut diff\u00e9rencier l&rsquo;amph\u00e9tamine de la m\u00e9thamph\u00e9tamine.<\/p>\n<ol>\n<li>Le test principal pour la m\u00e9thamph\u00e9tamine est le <a href=\"\/fr\/produit\/reactif-marquis\">test Marquis<\/a>. Si la m\u00e9thamph\u00e9tamine est pr\u00e9sente, elle passe du orange\/rouge au marron avec le temps.<\/li>\n<li>La deuxi\u00e8me \u00e9tape consiste \u00e0 utiliser le <a href=\"\/fr\/produit\/reactif-liebermann\">test Liebermann<\/a>, qui produit une couleur orange. Contrairement au test Marquis, le changement de couleur avec ce test ne devient g\u00e9n\u00e9ralement pas marron.<\/li>\n<\/li>\n<li>Enfin, pour diff\u00e9rencier l&rsquo;amph\u00e9tamine de la m\u00e9thamph\u00e9tamine, utilisez le <a href=\"\/fr\/produit\/reactif-simon\">test Simon<\/a>. Le test Simon devient bleu avec la m\u00e9thamph\u00e9tamine et ne change pas de couleur avec l&rsquo;amph\u00e9tamine.<\/li>\n<\/ol>\n<p>Simon est un test en deux parties, utilisez d&rsquo;abord une goutte de \u00ab\u00a0Simon A\u00a0\u00bb, suivie imm\u00e9diatement d&rsquo;une goutte de \u00ab\u00a0Simon B\u00a0\u00bb.<\/p>\n<p>Nous fournissons un <a href=\"\/fr\/produit\/kit-de-test-meth-amphetamine\">kit de test de m\u00e9thamph\u00e9tamine<\/a> comprenant ces trois tests.<\/p>\n<p style=\"text-align:left;\"><a class=\"woo-sc-button  custom\" href=\"\/fr\/produit\/kit-de-test-meth-amphetamine\" alt=\"Kit de test de m\u00e9thamph\u00e9tamine\"> <span class=\"button\">Kit de test de m\u00e9thamph\u00e9tamine \u00bb<\/span><\/a><\/p>\n<p>Envisagez d&rsquo;obtenir le <a href=\"\/fr\/produit\/reactif-froehde\">r\u00e9actif Froehde<\/a> pour v\u00e9rifier les coupures. Il r\u00e9agit avec la plupart des poudres, mais ne r\u00e9agit pas avec la m\u00e9thamph\u00e9tamine.<\/p>\n<p>Pour une d\u00e9monstration visuelle, veuillez consulter ce qui suit :<\/p>\n<h3>D\u00e9monstration vid\u00e9o du kit de test Meth\/Amphetamine (en anglais)<\/h3>\n<p><div class=\"content-control-container jp-cc content-control-accessible jp-cc-accessible\">[xoo_el_action type=\u00a0\u00bblogin\u00a0\u00bb display=\u00a0\u00bbbutton\u00a0\u00bb text=\u00a0\u00bbSe connecter\/s&rsquo;inscrire pour voir les vid\u00e9os \u00bb\u00a0\u00bb redirect_to=\u00a0\u00bbsame\u00a0\u00bb]<\/p>\n<p style=\"margin-top: 1em;\">Pourquoi ? Parce que cette vid\u00e9o de test de drogue peut contenir un contenu consid\u00e9r\u00e9 comme mature.<\/p>\n<p><\/div><div class=\"content-control-container jp-cc content-control-not-accessible jp-cc-not-accessible\"><\/div><br \/>\n<!--<iframe loading=\"lazy\" width=\"560\" height=\"315\" src=\"https:\/\/www.youtube.com\/embed\/l0wrA8avR2k\" title=\"YouTube video player\" frameborder=\"0\" allow=\"accelerometer; autoplay; clipboard-write; encrypted-media; gyroscope; picture-in-picture\" allowfullscreen><\/iframe>--><\/p>\n<h3>R\u00e9actions de couleur de l&rsquo;amph\u00e9tamine (en anglais)<\/h3>\n<div>\n<iframe id=\"reactionsIframe\" src=\"https:\/\/testkitplus.com\/apps\/drug-test-color-reactions\/?substance=Methamphetamine\" frameborder=\"0\" scrolling=\"no\" style=\"overflow:hidden; width:100%\"> <\/iframe>\n<\/div>\n","protected":false},"excerpt":{"rendered":"<p>Comment tester la m\u00e9thamph\u00e9tamine (M\u00e9th, Cristal, Ice) La m\u00e9thamph\u00e9tamine ne peut pas \u00eatre identifi\u00e9e de mani\u00e8re fiable \u00e0 l&rsquo;\u0153il nu. Nous recommandons de tester l&rsquo;amph\u00e9tamine avec 3 tests. Les deux premiers identifient la m\u00e9thamph\u00e9tamine et aident \u00e0 exclure les compos\u00e9s mal vendus comme m\u00e9thamph\u00e9tamine. Le troisi\u00e8me test peut diff\u00e9rencier l&rsquo;amph\u00e9tamine de la m\u00e9thamph\u00e9tamine. Le test [&hellip;]<\/p>\n","protected":false},"author":1,"featured_media":0,"parent":1864,"menu_order":0,"comment_status":"closed","ping_status":"closed","template":"","meta":{"footnotes":""},"class_list":["post-1887","page","type-page","status-publish","hentry"],"_links":{"self":[{"href":"https:\/\/testkitplus.com\/fr\/wp-json\/wp\/v2\/pages\/1887","targetHints":{"allow":["GET"]}}],"collection":[{"href":"https:\/\/testkitplus.com\/fr\/wp-json\/wp\/v2\/pages"}],"about":[{"href":"https:\/\/testkitplus.com\/fr\/wp-json\/wp\/v2\/types\/page"}],"author":[{"embeddable":true,"href":"https:\/\/testkitplus.com\/fr\/wp-json\/wp\/v2\/users\/1"}],"replies":[{"embeddable":true,"href":"https:\/\/testkitplus.com\/fr\/wp-json\/wp\/v2\/comments?post=1887"}],"version-history":[{"count":1,"href":"https:\/\/testkitplus.com\/fr\/wp-json\/wp\/v2\/pages\/1887\/revisions"}],"predecessor-version":[{"id":1888,"href":"https:\/\/testkitplus.com\/fr\/wp-json\/wp\/v2\/pages\/1887\/revisions\/1888"}],"up":[{"embeddable":true,"href":"https:\/\/testkitplus.com\/fr\/wp-json\/wp\/v2\/pages\/1864"}],"wp:attachment":[{"href":"https:\/\/testkitplus.com\/fr\/wp-json\/wp\/v2\/media?parent=1887"}],"curies":[{"name":"wp","href":"https:\/\/api.w.org\/{rel}","templated":true}]}}