{"id":1885,"date":"2023-11-01T12:40:23","date_gmt":"2023-11-01T16:40:23","guid":{"rendered":"https:\/\/testkitplus.com\/fr\/?page_id=1885"},"modified":"2023-12-28T21:42:53","modified_gmt":"2023-12-29T02:42:53","slug":"comment-tester-la-mdma","status":"publish","type":"page","link":"https:\/\/testkitplus.com\/fr\/mode-demploi\/comment-tester-la-mdma","title":{"rendered":"Comment tester la MDMA (Molly\/Ecstasy) &#8211; Tout ce que vous devez savoir"},"content":{"rendered":"<p>Comment tester la MDMA (Molly\/Ecstasy) &#8211; Tout ce que vous devez savoir<\/p>\n<p>La MDMA, \u00e9galement connue sous le nom de Molly, Ecstasy et d&rsquo;autres <!--<a href=\"\/fr\/drugs-and-their-street-names\">noms de rue<\/a>-->noms de rue, est une drogue r\u00e9cr\u00e9ative courante. Elle a gagn\u00e9 en popularit\u00e9 dans diff\u00e9rents contextes sociaux, notamment lors de f\u00eates, de festivals de musique et dans les clubs. Alors que des mesures sont prises pour l\u00e9galiser la MDMA \u00e0 des fins th\u00e9rapeutiques, le m\u00e9dicament reste ill\u00e9gal dans la plupart des juridictions.<\/p>\n<p>Pour r\u00e9pondre \u00e0 la demande, la fabrication de MDMA a principalement lieu dans des laboratoires clandestins, situ\u00e9s dans diff\u00e9rentes r\u00e9gions du monde. En raison du manque de r\u00e9glementation et de surveillance, la MDMA produite dans des laboratoires clandestins peut \u00eatre contamin\u00e9e par des impuret\u00e9s ou \u00eatre falsifi\u00e9e avec d&rsquo;autres substances. Ces adulterants peuvent \u00eatre ajout\u00e9s intentionnellement pour augmenter les profits, ou involontairement en raison de processus de fabrication inad\u00e9quats. Les adulterants courants comprennent d&rsquo;autres stimulants, des substances aux effets similaires, voire des compos\u00e9s potentiellement dangereux. Souvent, les drogues de rue vendues comme de la MDMA ne contiennent pas du tout de MDMA.<\/p>\n<h2>Drogues mal vendues comme de la MDMA<\/h2>\n<figure class=\"post-image\">\n  <a href=\"\/fr\/categorie-produit\/kits-de-test\/kits-test-mdma\"><img loading=\"lazy\" decoding=\"async\" align=\"left\" src=\"\/wp-content\/uploads\/images\/posts\/drug-baggie-powder.webp\" width=\"300\" height=\"190\" alt=\"Sachets avec de la poudre blanche.\"><\/a><figcaption>Il est impossible d&rsquo;identifier la plupart des drogues ou des m\u00e9langes de drogues \u00e0 l&rsquo;\u0153il nu. Les <a href=\"\/fr\/shop\">kits de test de drogues<\/a> peuvent aider \u00e0 r\u00e9duire les possibilit\u00e9s lors de l&rsquo;\u00e9valuation de pr\u00e9tendues <a href=\"\/fr\/categorie-produit\/kits-de-test\/kits-test-mdma\">pilules et poudres de MDMA<\/a>.<\/figcaption><\/figure>\n<p>Certaines des drogues fr\u00e9quemment mal vendues comme de la MDMA comprennent :<\/p>\n<ul>\n<li><strong>M\u00e9thylone (bk-MDMA) :<\/strong> La m\u00e9thylone est une cathinone synth\u00e9tique appartenant \u00e0 la classe des amph\u00e9tamines substitu\u00e9es. Elle peut produire des effets stimulants et empathog\u00e8nes similaires \u00e0 ceux de la MDMA. La m\u00e9thylone est souvent vendue comme de la MDMA en raison de son apparence et de ses effets similaires, mais ce n&rsquo;est pas la m\u00eame substance. Des preuves actuelles sugg\u00e8rent que la m\u00e9thylone peut pr\u00e9senter un risque de toxicit\u00e9 relativement plus \u00e9lev\u00e9 et est associ\u00e9e \u00e0 une probabilit\u00e9 plus \u00e9lev\u00e9e de provoquer des effets cardiovasculaires tels qu&rsquo;une augmentation du rythme cardiaque, une \u00e9l\u00e9vation de la pression art\u00e9rielle et une vasoconstriction.<\/li>\n<li><strong>M\u00e9ph\u00e9drone (4-MMC) :<\/strong> La m\u00e9ph\u00e9drone est une autre cathinone synth\u00e9tique qui a gagn\u00e9 en popularit\u00e9 en tant que \u00ab\u00a0drogue l\u00e9gale\u00a0\u00bb avant d&rsquo;\u00eatre class\u00e9e comme substance contr\u00f4l\u00e9e dans de nombreux pays. Elle peut produire des effets stimulants et entactog\u00e8nes similaires \u00e0 ceux de la MDMA et est parfois substitu\u00e9e ou vendue comme de la MDMA.<\/li>\n<li><strong>M\u00e9thamph\u00e9tamine (M\u00e9th cristal) :<\/strong> La m\u00e9thamph\u00e9tamine est un puissant stimulant du syst\u00e8me nerveux central qui peut produire de l&rsquo;euphorie, une augmentation de l&rsquo;\u00e9nergie et une concentration accrue. Elle est parfois pr\u00e9sent\u00e9e comme de la MDMA en raison de ses effets stimulants, bien qu&rsquo;elle soit chimiquement distincte. Visitez notre page d&rsquo;informations sur la <a href=\"\/fr\/amphetamines-speed-informations-generales\">m\u00e9thamph\u00e9tamine<\/a> pour en savoir plus.<\/li>\n<li><strong>Cathinones synth\u00e9tiques (Sels de bain) :<\/strong> Les cathinones synth\u00e9tiques sont une grande famille de drogues qui pr\u00e9sentent des similitudes avec les amph\u00e9tamines. Elles peuvent produire des effets stimulants et hallucinog\u00e8nes. Certaines cathinones sp\u00e9cifiques, telles que l&rsquo;alpha-PVP (flakka) ou l&rsquo;alpha-PHP, ont \u00e9t\u00e9 signal\u00e9es comme \u00e9tant vendues comme de la MDMA.<\/li>\n<li><strong>Autres substances :<\/strong> Outre les substances mentionn\u00e9es ci-dessus, d&rsquo;autres drogues telles que les amph\u00e9tamines, la caf\u00e9ine, les cannabino\u00efdes de synth\u00e8se, ou m\u00eame des substances relativement inoffensives telles que du bicarbonate de soude ou du sucre ont \u00e9t\u00e9 d\u00e9couvertes sous la fausse apparence de MDMA. Ces substances peuvent \u00eatre ajout\u00e9es pour imiter l&rsquo;apparence ou le poids des comprim\u00e9s ou des capsules de MDMA.<\/li>\n<\/ul>\n<p>Il est important de noter que la fausse repr\u00e9sentation des drogues pr\u00e9sente des risques importants pour les utilisateurs, car la composition r\u00e9elle et les effets de la substance peuvent diff\u00e9rer de ce qui est attendu. L&rsquo;utilisation de services de v\u00e9rification de drogues ou de kits de test peut vous aider \u00e0 v\u00e9rifier le contenu d&rsquo;une substance et \u00e0 prendre des d\u00e9cisions plus \u00e9clair\u00e9es sur son utilisation. Ce guide est orient\u00e9 vers le d\u00e9pistage des drogues \u00e0 des fins de r\u00e9duction des risques, mais il est \u00e9galement valable \u00e0 des fins acad\u00e9miques, de maintien de l&rsquo;ordre et d&rsquo;autres fins.<\/p>\n<h2>Utilisation de spectrom\u00e8tres pour tester la MDMA<\/h2>\n<figure class=\"post-image\"\">\n  <img loading=\"lazy\" decoding=\"async\" align=\"left\" src=\"\/wp-content\/uploads\/images\/posts\/HPLC-MS-spectrometer.webp\" width=\"300\" height=\"231\" alt=\"Un spectrom\u00e8tre HPLC-MS provenant de Wikipedia.\"><\/a><figcaption>Photo d&rsquo;un spectrom\u00e8tre HPLC-MS. Source : Wikipedia<\/figcaption><\/figure>\n<p> La chromatographie liquide haute performance (CLHP) coupl\u00e9e \u00e0 un spectrom\u00e8tre de masse (SM) (souvent appel\u00e9e CLHP-MS ou LC-MS\/MS) est consid\u00e9r\u00e9e comme la r\u00e9f\u00e9rence pour le test des \u00e9chantillons de drogues.<\/p>\n<p>La CLHP est une technique utilis\u00e9e pour s\u00e9parer et identifier les diff\u00e9rents composants d&rsquo;un m\u00e9lange en fonction de leurs propri\u00e9t\u00e9s chimiques et de leur interaction avec une phase stationnaire et une phase mobile. Elle est couramment utilis\u00e9e pour s\u00e9parer les compos\u00e9s m\u00e9dicamenteux dans des m\u00e9langes complexes.<\/p>\n<p>La spectrom\u00e9trie de masse (SM) est une puissante technique analytique qui ionise les mol\u00e9cules et mesure leurs rapports masse-sur-charge. Elle peut fournir une identification et une quantification tr\u00e8s pr\u00e9cises des substances en fonction de leurs spectres de masse uniques.<\/p>\n<p>Lorsque la CLHP et la SM sont combin\u00e9es, elles offrent une m\u00e9thode compl\u00e8te et fiable d&rsquo;analyse des drogues.<\/p>\n<p>Bien qu&rsquo;extr\u00eamement efficaces, ces spectrom\u00e8tres peuvent co\u00fbter de milliers \u00e0 des centaines de milliers de dollars. Les personnes utilisant des spectrom\u00e8tres ont besoin d&rsquo;une formation importante avant de pouvoir effectuer des tests de mani\u00e8re efficace.<\/p>\n<p>Les services de v\u00e9rification de drogues utilisant des spectrom\u00e8tres rendent les tests complets plus accessibles. Les organisations qui proposent ces services comprennent Energy Control en Espagne. Les prix varient de 60 \u00e0 120 \u20ac (66 \u00e0 130 $ USD) par \u00e9chantillon test\u00e9.<\/p>\n<p>La l\u00e9galit\u00e9 de l&rsquo;envoi d&rsquo;\u00e9chantillons de drogues planifi\u00e9es par courrier \u00e0 des services de v\u00e9rification de drogues peut varier en fonction du pays et de la juridiction. Dans certains endroits, il peut y avoir des cadres juridiques ou des exceptions qui permettent l&rsquo;envoi de substances contr\u00f4l\u00e9es \u00e0 des fins telles que la r\u00e9duction des risques, les initiatives de sant\u00e9 publique ou la recherche. Si vous envisagez d&rsquo;envoyer un \u00e9chantillon de drogue pour un test, il est conseill\u00e9 de contacter directement le service de v\u00e9rification de drogues et de vous renseigner sur leurs politiques, proc\u00e9dures et consid\u00e9rations l\u00e9gales.<\/p>\n<h2>Utilisation de kits de test pour tester la MDMA<\/h2>\n<figure class=\"post-image\"\">\n  <a href=\"\/fr\/produit\/kit-de-test-mdma-ecstasy\" alt=\"Kit de test de MDMA - R\u00e9actif Marquis\"><img decoding=\"async\" align=\"left\" src=\"\/wp-content\/uploads\/marquis-reagent-test-kit-768x541.jpg\" width=300 height=211 alt=\"Un kit de test de drogue montrant une bouteille de r\u00e9actif Marquis, des instructions, un flacon et un bocal de stockage.\"><\/a><figcaption><a href=\"\/fr\/produit\/kit-de-test-mdma-ecstasy\" alt=\"Kit de test de MDMA - R\u00e9actif Marquis\">Kit de test de MDMA<\/a> comprenant le <a href=\"\/fr\/produit\/reactif-marquis\" alt=\"Kit de test de MDMA - R\u00e9actif Marquis\">R\u00e9actif Marquis<\/a><\/figcaption><\/figure>\n<p>Les drogues peuvent \u00eatre identifi\u00e9es de mani\u00e8re pr\u00e9sum\u00e9e \u00e0 l&rsquo;aide de ce que l&rsquo;on appelle des kits de test de r\u00e9actifs. Fondamentalement, les r\u00e9actifs sont des liquides qui changent de couleur au contact de certains compos\u00e9s. Diff\u00e9rents r\u00e9actifs peuvent produire des changements de couleur diff\u00e9rents avec un compos\u00e9 donn\u00e9. L&rsquo;id\u00e9e est qu&rsquo;en observant les changements de couleur, vous pouvez les comparer aux changements de couleur attendus pour la drogue que vous soup\u00e7onnez d&rsquo;\u00eatre pr\u00e9sente dans l&rsquo;\u00e9chantillon. Une limite des tests de r\u00e9actifs est que m\u00eame si les r\u00e9actions de couleur sont coh\u00e9rentes avec une certaine drogue, il n&rsquo;y a aucune garantie que votre \u00e9chantillon soit cette drogue. Vous pouvez cependant exclure des substances. Un r\u00e9actif est g\u00e9n\u00e9ralement nomm\u00e9 d&rsquo;apr\u00e8s la personne qui l&rsquo;a d\u00e9velopp\u00e9 pour la<\/p>\n","protected":false},"excerpt":{"rendered":"<p>Comment tester la MDMA (Molly\/Ecstasy) &#8211; Tout ce que vous devez savoir La MDMA, \u00e9galement connue sous le nom de Molly, Ecstasy et d&rsquo;autres noms de rue, est une drogue r\u00e9cr\u00e9ative courante. Elle a gagn\u00e9 en popularit\u00e9 dans diff\u00e9rents contextes sociaux, notamment lors de f\u00eates, de festivals de musique et dans les clubs. Alors que [&hellip;]<\/p>\n","protected":false},"author":1,"featured_media":0,"parent":1864,"menu_order":0,"comment_status":"closed","ping_status":"closed","template":"","meta":{"footnotes":""},"class_list":["post-1885","page","type-page","status-publish","hentry"],"_links":{"self":[{"href":"https:\/\/testkitplus.com\/fr\/wp-json\/wp\/v2\/pages\/1885","targetHints":{"allow":["GET"]}}],"collection":[{"href":"https:\/\/testkitplus.com\/fr\/wp-json\/wp\/v2\/pages"}],"about":[{"href":"https:\/\/testkitplus.com\/fr\/wp-json\/wp\/v2\/types\/page"}],"author":[{"embeddable":true,"href":"https:\/\/testkitplus.com\/fr\/wp-json\/wp\/v2\/users\/1"}],"replies":[{"embeddable":true,"href":"https:\/\/testkitplus.com\/fr\/wp-json\/wp\/v2\/comments?post=1885"}],"version-history":[{"count":2,"href":"https:\/\/testkitplus.com\/fr\/wp-json\/wp\/v2\/pages\/1885\/revisions"}],"predecessor-version":[{"id":1947,"href":"https:\/\/testkitplus.com\/fr\/wp-json\/wp\/v2\/pages\/1885\/revisions\/1947"}],"up":[{"embeddable":true,"href":"https:\/\/testkitplus.com\/fr\/wp-json\/wp\/v2\/pages\/1864"}],"wp:attachment":[{"href":"https:\/\/testkitplus.com\/fr\/wp-json\/wp\/v2\/media?parent=1885"}],"curies":[{"name":"wp","href":"https:\/\/api.w.org\/{rel}","templated":true}]}}