{"id":1883,"date":"2023-11-01T12:33:36","date_gmt":"2023-11-01T16:33:36","guid":{"rendered":"https:\/\/testkitplus.com\/fr\/?page_id=1883"},"modified":"2023-11-01T12:35:11","modified_gmt":"2023-11-01T16:35:11","slug":"comment-tester-le-lsd","status":"publish","type":"page","link":"https:\/\/testkitplus.com\/fr\/mode-demploi\/comment-tester-le-lsd","title":{"rendered":"Comment tester le LSD"},"content":{"rendered":"<p>Le LSD se pr\u00e9sente g\u00e9n\u00e9ralement sur du papier buvard (comprim\u00e9s) ou est dissous dans un liquide. Le LSD ne peut pas \u00eatre identifi\u00e9 visuellement. Nous recommandons de tester le LSD avec au moins deux tests.<\/p>\n<ol>\n<li>Le test principal pour le LSD est le <a href=\"\/fr\/produit\/reactif-ehrlich\">test Ehrlich<\/a>. Qui produit une couleur violette si le LSD est pr\u00e9sent. <\/li>\n<li>Nous recommandons \u00e9galement le <a href=\"\/fr\/produit\/reactif-hofmann\">test Hofmann<\/a>, comme test secondaire pour le LSD.<\/li>\n<\/ol>\n<p>Les geltabs (petits carr\u00e9s de g\u00e9latine contenant du LSD) peuvent \u00eatre test\u00e9s en pla\u00e7ant une ou deux gouttes du liquide de test sur une tr\u00e8s petite quantit\u00e9 de geltab. Au fil du temps, une couleur de r\u00e9action violette appara\u00eetra avec <a href=\"\/fr\/produit\/reactif-ehrlich\">Ehrlich<\/a> si le LSD est pr\u00e9sent. Les \u00e9chantillons de g\u00e9latine plus importants (comme les carr\u00e9s de gel\u00e9e) ne peuvent pas \u00eatre test\u00e9s. Les brownies, les morceaux de sucre, les cookies, etc. ne peuvent pas \u00eatre test\u00e9s avec le kit car ils contiennent trop de mati\u00e8res \u00e9trang\u00e8res.<\/p>\n<p>Des compos\u00e9s nocifs tels que le DOB, le DOI, le 2C-I-NBOMe ne produisent pas de changement de couleur avec les tests mentionn\u00e9s ci-dessus.<\/p>\n<p style=\"text-align:left;\"><a class=\"button\" href=\"\/fr\/produit\/kit-de-test-lsd\" alt=\"Kit de test de LSD\"> <span>Kit de test de LSD  \u00bb<\/span><\/a><\/p>\n<p>Vous pouvez utiliser les tests <a href=\"\/fr\/produit\/reactif-marquis\">Marquis<\/a> et <a href=\"\/fr\/produit\/reactif-mecke\">Mecke<\/a> pour d\u00e9tecter des compos\u00e9s nocifs tels que le 25I-NBOMe, qui produiront rapidement une couleur sombre (brun\/noir).<\/p>\n<p>Pour une d\u00e9monstration visuelle, veuillez consulter ce qui suit :<\/p>\n<h3>D\u00e9monstration vid\u00e9o du kit de test de LSD (LSD et 1P-LSD)<\/h3>\n<p><div class=\"content-control-container jp-cc content-control-accessible jp-cc-accessible\">[xoo_el_action type=\u00a0\u00bblogin\u00a0\u00bb display=\u00a0\u00bbbutton\u00a0\u00bb text=\u00a0\u00bbSe connecter\/S&rsquo;inscrire pour voir les vid\u00e9os \u00bb\u00a0\u00bb redirect_to=\u00a0\u00bbsame\u00a0\u00bb]<\/p>\n<p style=\"margin-top: 1em;\">Pourquoi ? Parce que cette vid\u00e9o de d\u00e9pistage de drogues comprend ce qui pourrait \u00eatre consid\u00e9r\u00e9 comme un contenu mature.<\/p>\n<p><\/div><div class=\"content-control-container jp-cc content-control-not-accessible jp-cc-not-accessible\"><\/div><!--<iframe loading=\"lazy\" width=\"560\" height=\"315\" src=\"https:\/\/www.youtube.com\/embed\/9KZyA5KgphY\" frameborder=\"0\" allow=\"accelerometer; autoplay; encrypted-media; gyroscope; picture-in-picture\" allowfullscreen><\/iframe>--><\/p>\n<h4>En r\u00e9sum\u00e9 :<\/h4>\n<p>Test principal : <a href=\"\/fr\/produit\/reactif-ehrlich\">r\u00e9actif Ehrlich<\/a><br \/>\nTest secondaire : <a href=\"\/fr\/produit\/reactif-hofmann\">r\u00e9actif Hofmann<\/a><\/p>\n<p>Si les tests ci-dessus ne produisent pas de changement de couleur apr\u00e8s environ 10 minutes, alors vous n&rsquo;avez pas de LSD. Dans ce cas, vous pouvez utiliser les tests suivants pour vous aider \u00e0 identifier votre \u00e9chantillon.<\/p>\n<ul>\n<li><a href=\"\/fr\/produit\/reactif-marquis\">R\u00e9actif Marquis<\/a><\/li>\n<li><a href=\"\/fr\/produit\/reactif-mecke\">R\u00e9actif Mecke<\/li>\n<\/ul>\n<h3>R\u00e9actions color\u00e9es du LSD (en anglais)<\/h3>\n<div>\n<iframe id=\"reactionsIframe\" src=\"https:\/\/testkitplus.com\/apps\/drug-test-color-reactions\/?substance=LSD\" frameborder=\"0\" scrolling=\"no\" style=\"overflow:hidden; width:100%\"> <\/iframe>\n<\/div>\n","protected":false},"excerpt":{"rendered":"<p>Le LSD se pr\u00e9sente g\u00e9n\u00e9ralement sur du papier buvard (comprim\u00e9s) ou est dissous dans un liquide. Le LSD ne peut pas \u00eatre identifi\u00e9 visuellement. Nous recommandons de tester le LSD avec au moins deux tests. Le test principal pour le LSD est le test Ehrlich. Qui produit une couleur violette si le LSD est pr\u00e9sent. [&hellip;]<\/p>\n","protected":false},"author":1,"featured_media":0,"parent":1864,"menu_order":0,"comment_status":"closed","ping_status":"closed","template":"","meta":{"footnotes":""},"class_list":["post-1883","page","type-page","status-publish","hentry"],"_links":{"self":[{"href":"https:\/\/testkitplus.com\/fr\/wp-json\/wp\/v2\/pages\/1883","targetHints":{"allow":["GET"]}}],"collection":[{"href":"https:\/\/testkitplus.com\/fr\/wp-json\/wp\/v2\/pages"}],"about":[{"href":"https:\/\/testkitplus.com\/fr\/wp-json\/wp\/v2\/types\/page"}],"author":[{"embeddable":true,"href":"https:\/\/testkitplus.com\/fr\/wp-json\/wp\/v2\/users\/1"}],"replies":[{"embeddable":true,"href":"https:\/\/testkitplus.com\/fr\/wp-json\/wp\/v2\/comments?post=1883"}],"version-history":[{"count":1,"href":"https:\/\/testkitplus.com\/fr\/wp-json\/wp\/v2\/pages\/1883\/revisions"}],"predecessor-version":[{"id":1884,"href":"https:\/\/testkitplus.com\/fr\/wp-json\/wp\/v2\/pages\/1883\/revisions\/1884"}],"up":[{"embeddable":true,"href":"https:\/\/testkitplus.com\/fr\/wp-json\/wp\/v2\/pages\/1864"}],"wp:attachment":[{"href":"https:\/\/testkitplus.com\/fr\/wp-json\/wp\/v2\/media?parent=1883"}],"curies":[{"name":"wp","href":"https:\/\/api.w.org\/{rel}","templated":true}]}}