{"id":1880,"date":"2023-10-31T21:46:22","date_gmt":"2023-11-01T01:46:22","guid":{"rendered":"https:\/\/testkitplus.com\/fr\/?page_id=1880"},"modified":"2023-12-28T21:41:42","modified_gmt":"2023-12-29T02:41:42","slug":"comment-tester-la-ketamine","status":"publish","type":"page","link":"https:\/\/testkitplus.com\/fr\/mode-demploi\/comment-tester-la-ketamine","title":{"rendered":"Comment tester la k\u00e9tamine"},"content":{"rendered":"<p>La k\u00e9tamine peut se pr\u00e9senter sous forme de poudre, de cristaux ou de liquide et ne peut pas \u00eatre identifi\u00e9e simplement en la regardant. Nous recommandons de tester la k\u00e9tamine avec quatre tests.<\/p>\n<ol>\n<li>Le test principal pour la k\u00e9tamine est le <a href=\"\/fr\/produit\/reactif-morris\">test Morris<\/a>. Il produit une couleur lavande\/violette si la k\u00e9tamine est pr\u00e9sente. Si vous ne pouvez vous permettre qu&rsquo;un seul test pour identifier la k\u00e9tamine, optez pour celui-ci.<\/li>\n<li>Le <a href=\"\/fr\/produit\/reactif-mandelin\">test Mandelin<\/a> est recommand\u00e9 comme test secondaire pour la k\u00e9tamine. <a href=\"\/fr\/produit\/reactif-mandelin\">Mandelin<\/a> vire \u00e0 l&rsquo;orange rouge profond avec la k\u00e9tamine.<\/li>\n<li>Le <a href=\"\/fr\/produit\/reactif-froehde\">test Froehde<\/a> est utile comme test pour les adulterants tels que le MXP, le 4-MeO-PCP, le 3-HO-PCE et d&rsquo;autres. <a href=\"\/fr\/produit\/reactif-froehde\">Froehde<\/a> ne change pas de couleur avec de la k\u00e9tamine pure.<\/li>\n<li>Enfin, le <a href=\"\/fr\/produit\/reactif-liebermann\">test Liebermann<\/a> peut v\u00e9rifier la pr\u00e9sence de 2-MeO-k\u00e9tamine (un analogue de la k\u00e9tamine). <a href=\"\/fr\/produit\/reactif-liebermann\">Liebermann<\/a> est \u00e9galement utile pour \u00e9liminer divers adulterants.<\/li>\n<\/ol>\n<p>Nous proposons un <a href=\"\/fr\/produit\/kit-de-test-ketamine\">ensemble de kits de test de k\u00e9tamine<\/a> comprenant ces quatre tests.<\/p>\n<p style=\"text-align:left;\"><a class=\"button\" href=\"\/fr\/produit\/kit-de-test-ketamine\" alt=\"Kit de test de k\u00e9tamine\">Kit de test de k\u00e9tamine  \u00bb<\/a><\/p>\n<p>Si vous souhaitez v\u00e9rifier d&rsquo;autres dissociatifs, tels que le MXE, le DXM, procurez-vous le <a href=\"\/fr\/produit\/reactif-mecke\">test de Mecke<\/a>. <a href=\"\/fr\/produit\/reactif-mecke\">Mecke<\/a> est un autre bon test pour les coupes de k\u00e9tamine car il ne change pas de couleur avec de la k\u00e9tamine pure.<\/p>\n<h2>D\u00e9monstrations vid\u00e9o des tests de k\u00e9tamine<\/h2>\n<p><!--<iframe loading=\"lazy\" width=\"560\" height=\"315\" src=\"https:\/\/www.youtube-nocookie.com\/embed\/Lyvhv2b_iZ8\" title=\"YouTube video player\" frameborder=\"0\" allow=\"accelerometer; autoplay; clipboard-write; encrypted-media; gyroscope; picture-in-picture; web-share\" allowfullscreen><\/iframe>\n<iframe loading=\"lazy\" width=\"560\" height=\"315\" src=\"https:\/\/www.youtube-nocookie.com\/embed\/G1fE990o6bA\" title=\"YouTube video player\" frameborder=\"0\" allow=\"accelerometer; autoplay; clipboard-write; encrypted-media; gyroscope; picture-in-picture; web-share\" allowfullscreen><\/iframe>--><\/p>\n<p><div class=\"content-control-container jp-cc content-control-accessible jp-cc-accessible\">[xoo_el_action type=\u00a0\u00bblogin\u00a0\u00bb display=\u00a0\u00bbbutton\u00a0\u00bb text=\u00a0\u00bbSe connecter\/S&rsquo;inscrire pour voir les vid\u00e9os \u00bb\u00a0\u00bb redirect_to=\u00a0\u00bbsame\u00a0\u00bb]<\/p>\n<p style=\"margin-top: 1em;\">Pourquoi ? Parce que cette vid\u00e9o de d\u00e9pistage de drogues comprend ce qui pourrait \u00eatre consid\u00e9r\u00e9 comme un contenu mature.<\/p>\n<p><\/div><div class=\"content-control-container jp-cc content-control-not-accessible jp-cc-not-accessible\"><\/div><\/p>\n<h3>R\u00e9sultats des tests de k\u00e9tamine &#8211; R\u00e9actions color\u00e9es (en anglais)<\/h3>\n<div>\n<iframe id=\"reactionsIframe\" src=\"https:\/\/testkitplus.com\/apps\/drug-test-color-reactions\/?substance=Ketamine\" frameborder=\"0\" scrolling=\"no\" style=\"overflow:hidden; width:100%\"> <\/iframe>\n<\/div>\n","protected":false},"excerpt":{"rendered":"<p>La k\u00e9tamine peut se pr\u00e9senter sous forme de poudre, de cristaux ou de liquide et ne peut pas \u00eatre identifi\u00e9e simplement en la regardant. Nous recommandons de tester la k\u00e9tamine avec quatre tests. Le test principal pour la k\u00e9tamine est le test Morris. Il produit une couleur lavande\/violette si la k\u00e9tamine est pr\u00e9sente. Si vous [&hellip;]<\/p>\n","protected":false},"author":1,"featured_media":0,"parent":1864,"menu_order":0,"comment_status":"closed","ping_status":"closed","template":"","meta":{"footnotes":""},"class_list":["post-1880","page","type-page","status-publish","hentry"],"_links":{"self":[{"href":"https:\/\/testkitplus.com\/fr\/wp-json\/wp\/v2\/pages\/1880","targetHints":{"allow":["GET"]}}],"collection":[{"href":"https:\/\/testkitplus.com\/fr\/wp-json\/wp\/v2\/pages"}],"about":[{"href":"https:\/\/testkitplus.com\/fr\/wp-json\/wp\/v2\/types\/page"}],"author":[{"embeddable":true,"href":"https:\/\/testkitplus.com\/fr\/wp-json\/wp\/v2\/users\/1"}],"replies":[{"embeddable":true,"href":"https:\/\/testkitplus.com\/fr\/wp-json\/wp\/v2\/comments?post=1880"}],"version-history":[{"count":3,"href":"https:\/\/testkitplus.com\/fr\/wp-json\/wp\/v2\/pages\/1880\/revisions"}],"predecessor-version":[{"id":1946,"href":"https:\/\/testkitplus.com\/fr\/wp-json\/wp\/v2\/pages\/1880\/revisions\/1946"}],"up":[{"embeddable":true,"href":"https:\/\/testkitplus.com\/fr\/wp-json\/wp\/v2\/pages\/1864"}],"wp:attachment":[{"href":"https:\/\/testkitplus.com\/fr\/wp-json\/wp\/v2\/media?parent=1880"}],"curies":[{"name":"wp","href":"https:\/\/api.w.org\/{rel}","templated":true}]}}