{"id":1877,"date":"2023-10-31T21:39:33","date_gmt":"2023-11-01T01:39:33","guid":{"rendered":"https:\/\/testkitplus.com\/fr\/?page_id=1877"},"modified":"2023-10-31T21:40:28","modified_gmt":"2023-11-01T01:40:28","slug":"comment-tester-le-fentanyl","status":"publish","type":"page","link":"https:\/\/testkitplus.com\/fr\/mode-demploi\/comment-tester-le-fentanyl","title":{"rendered":"Comment tester le fentanyl"},"content":{"rendered":"<p>Le fentanyl est un opio\u00efde puissant, 100 fois plus puissant que la morphine. En raison du risque de surdose, le fentanyl est consid\u00e9r\u00e9 comme une coupe tr\u00e8s dangereuse.<\/p>\n<p>Le test de pr\u00e9sence de fentanyl et d&rsquo;analogues de fentanyl tels que le carfentanil n\u00e9cessite l&rsquo;utilisation de bandes de test, comme celles propos\u00e9es ici:<\/p>\n<p style=\"text-align:center;\"><a class=\"button\" href=\"\/fr\/produit\/bandelettes-de-test-fentanyl\" alt=\"Kits de test de fentanyl\">Bandelettes de test Fentanyl  \u00bb<\/a><\/p>\n<p>Vous obtiendrez une indication de la pr\u00e9sence ou non de fentanyl. Il est fortement recommand\u00e9 de tester l&rsquo;\u00e9chantillon entier, car le fentanyl est rarement r\u00e9parti uniform\u00e9ment.<br \/>\n<figure style=\"width: 565px\" class=\"wp-caption aligncenter\"><img decoding=\"async\" title=\"Fentanyl Carfentanil Heroin Lethal Dose\" src=\"\/wp-content\/uploads\/fentanyl-carfentanyl-heroin-vials.jpg\" alt=\"Dose l\u00e9tale de fentanyl, de carfentanil et d'h\u00e9ro\u00efne\" width=\"565\" \/><figcaption class=\"wp-caption-text\">Fioles montrant la dose l\u00e9tale de chaque drogue. Le carfentanil est bien plus puissant. Les doses indiqu\u00e9es sont suffisantes pour tuer un homme adulte de taille moyenne.<br \/>\nPhoto : bostonglobe.com<\/figcaption><\/figure><\/p>\n<h2>R\u00e9sultats<\/h2>\n<p><img loading=\"lazy\" decoding=\"async\" src=\"\/wp-content\/uploads\/images\/reactions\/fentanyl-test-kit-results.png\" alt=\"R\u00e9sultats du test de fentanyl\" width=\"566\" height=\"96\"><\/p>\n","protected":false},"excerpt":{"rendered":"<p>Le fentanyl est un opio\u00efde puissant, 100 fois plus puissant que la morphine. En raison du risque de surdose, le fentanyl est consid\u00e9r\u00e9 comme une coupe tr\u00e8s dangereuse. Le test de pr\u00e9sence de fentanyl et d&rsquo;analogues de fentanyl tels que le carfentanil n\u00e9cessite l&rsquo;utilisation de bandes de test, comme celles propos\u00e9es ici: Bandelettes de test [&hellip;]<\/p>\n","protected":false},"author":1,"featured_media":0,"parent":1864,"menu_order":0,"comment_status":"closed","ping_status":"closed","template":"","meta":{"footnotes":""},"class_list":["post-1877","page","type-page","status-publish","hentry"],"_links":{"self":[{"href":"https:\/\/testkitplus.com\/fr\/wp-json\/wp\/v2\/pages\/1877","targetHints":{"allow":["GET"]}}],"collection":[{"href":"https:\/\/testkitplus.com\/fr\/wp-json\/wp\/v2\/pages"}],"about":[{"href":"https:\/\/testkitplus.com\/fr\/wp-json\/wp\/v2\/types\/page"}],"author":[{"embeddable":true,"href":"https:\/\/testkitplus.com\/fr\/wp-json\/wp\/v2\/users\/1"}],"replies":[{"embeddable":true,"href":"https:\/\/testkitplus.com\/fr\/wp-json\/wp\/v2\/comments?post=1877"}],"version-history":[{"count":2,"href":"https:\/\/testkitplus.com\/fr\/wp-json\/wp\/v2\/pages\/1877\/revisions"}],"predecessor-version":[{"id":1879,"href":"https:\/\/testkitplus.com\/fr\/wp-json\/wp\/v2\/pages\/1877\/revisions\/1879"}],"up":[{"embeddable":true,"href":"https:\/\/testkitplus.com\/fr\/wp-json\/wp\/v2\/pages\/1864"}],"wp:attachment":[{"href":"https:\/\/testkitplus.com\/fr\/wp-json\/wp\/v2\/media?parent=1877"}],"curies":[{"name":"wp","href":"https:\/\/api.w.org\/{rel}","templated":true}]}}