{"id":1875,"date":"2023-10-31T19:52:54","date_gmt":"2023-10-31T23:52:54","guid":{"rendered":"https:\/\/testkitplus.com\/fr\/?page_id=1875"},"modified":"2023-10-31T19:52:54","modified_gmt":"2023-10-31T23:52:54","slug":"comment-tester-la-dmt","status":"publish","type":"page","link":"https:\/\/testkitplus.com\/fr\/mode-demploi\/comment-tester-la-dmt","title":{"rendered":"Comment tester la DMT (La mol\u00e9cule de l&rsquo;esprit)"},"content":{"rendered":"<p>La DMT ne peut pas \u00eatre identifi\u00e9e de mani\u00e8re fiable \u00e0 l&rsquo;\u0153il nu. Nous recommandons de faire au moins 2 tests lors du test de la DMT. Le test appropri\u00e9 est un processus en plusieurs \u00e9tapes, qui aide \u00e0 r\u00e9duire les chances de faux positifs et \u00e0 d\u00e9tecter les substances vendues \u00e0 tort comme de la DMT.<\/p>\n<ol>\n<li>Le test principal pour la DMT est le <a href=\"\/fr\/produit\/reactif-hofmann\">test de Hofmann<\/a>. Il produit une couleur jaune si la DMT est pr\u00e9sente. <\/li>\n<li>Nous recommandons \u00e9galement le <a href=\"\/fr\/produit\/reactif-marquis\">test Marquis<\/a>, comme test secondaire pour la DMT. Marquis d\u00e9tecte \u00e9galement le 5-MeO-DMT, le DIPT, le DPT, le 4-HO-MET et de nombreuses autres substances.<\/li>\n<li>Le <a href=\"\/fr\/produit\/reactif-ehrlich\">test Ehrlich<\/a> est un excellent test secondaire pour la DMT. Il d\u00e9tecte \u00e9galement l&rsquo;harlamine et le LSD.<\/li>\n<\/ol>\n<p>Nous avons pr\u00e9par\u00e9 un <a href=\"\/fr\/produit\/kit-de-test-dmt\">ensemble de kits de test de DMT<\/a> pour votre commodit\u00e9.<\/p>\n<p><a class=\"button  custom\" href=\"\/fr\/produit\/kit-de-test-dmt\" alt=\"Kits de test de DMT\"> <span class=\"woo-\">Kit de test de DMT \u00bb<\/span><\/a><\/p>\n<p>Si vous souhaitez aller plus loin, utilisez le <a href=\"\/fr\/produit\/reactif-mecke\">test de Mecke<\/a>, qui produit une couleur brune avec la DMT et r\u00e9agit \u00e9galement avec de nombreuses autres substances psychoactives.<br \/>\n<!--Enfin, le <a href=\"\/fr\/produit\/reactif-froehde\">test de Froehde<\/a> ne r\u00e9agit pas avec la DMT, donc si vous obtenez un changement de couleur avec Froehde, votre \u00e9chantillon n'est certainement pas de la DMT pure.--><\/p>\n<h3>D\u00e9monstration vid\u00e9o de l&rsquo;ensemble de kits de test de DMT<\/h3>\n<p><div class=\"content-control-container jp-cc content-control-accessible jp-cc-accessible\">[xoo_el_action type=\u00a0\u00bblogin\u00a0\u00bb display=\u00a0\u00bbbutton\u00a0\u00bb text=\u00a0\u00bbSe connecter\/S&rsquo;inscrire pour voir la vid\u00e9o \u00bb\u00a0\u00bb redirect_to=\u00a0\u00bbsame\u00a0\u00bb]<\/p>\n<p style=\"margin-top: 1em;\">Pourquoi ? Parce que cette vid\u00e9o de d\u00e9pistage de drogues comprend ce qui pourrait \u00eatre consid\u00e9r\u00e9 comme un contenu mature.<\/p>\n<p><\/div><div class=\"content-control-container jp-cc content-control-not-accessible jp-cc-not-accessible\"><\/div><br \/>\n<!--<iframe loading=\"lazy\" width=\"560\" height=\"315\" src=\"https:\/\/www.youtube.com\/embed\/pwMr0cqCq8k\" frameborder=\"0\" allow=\"accelerometer; autoplay; clipboard-write; encrypted-media; gyroscope; picture-in-picture\" allowfullscreen><\/iframe>--><\/p>\n<h3>R\u00e9actions color\u00e9es de la DMT<\/h3>\n<div>\n<iframe id=\"reactionsIframe\" src=\"https:\/\/testkitplus.com\/apps\/drug-test-color-reactions\/?substance=DMT\" frameborder=\"0\" scrolling=\"no\" style=\"overflow:hidden; width:100%\"> <\/iframe>\n<\/div>\n","protected":false},"excerpt":{"rendered":"<p>La DMT ne peut pas \u00eatre identifi\u00e9e de mani\u00e8re fiable \u00e0 l&rsquo;\u0153il nu. Nous recommandons de faire au moins 2 tests lors du test de la DMT. Le test appropri\u00e9 est un processus en plusieurs \u00e9tapes, qui aide \u00e0 r\u00e9duire les chances de faux positifs et \u00e0 d\u00e9tecter les substances vendues \u00e0 tort comme de [&hellip;]<\/p>\n","protected":false},"author":1,"featured_media":0,"parent":1864,"menu_order":0,"comment_status":"closed","ping_status":"closed","template":"","meta":{"footnotes":""},"class_list":["post-1875","page","type-page","status-publish","hentry"],"_links":{"self":[{"href":"https:\/\/testkitplus.com\/fr\/wp-json\/wp\/v2\/pages\/1875","targetHints":{"allow":["GET"]}}],"collection":[{"href":"https:\/\/testkitplus.com\/fr\/wp-json\/wp\/v2\/pages"}],"about":[{"href":"https:\/\/testkitplus.com\/fr\/wp-json\/wp\/v2\/types\/page"}],"author":[{"embeddable":true,"href":"https:\/\/testkitplus.com\/fr\/wp-json\/wp\/v2\/users\/1"}],"replies":[{"embeddable":true,"href":"https:\/\/testkitplus.com\/fr\/wp-json\/wp\/v2\/comments?post=1875"}],"version-history":[{"count":1,"href":"https:\/\/testkitplus.com\/fr\/wp-json\/wp\/v2\/pages\/1875\/revisions"}],"predecessor-version":[{"id":1876,"href":"https:\/\/testkitplus.com\/fr\/wp-json\/wp\/v2\/pages\/1875\/revisions\/1876"}],"up":[{"embeddable":true,"href":"https:\/\/testkitplus.com\/fr\/wp-json\/wp\/v2\/pages\/1864"}],"wp:attachment":[{"href":"https:\/\/testkitplus.com\/fr\/wp-json\/wp\/v2\/media?parent=1875"}],"curies":[{"name":"wp","href":"https:\/\/api.w.org\/{rel}","templated":true}]}}