{"id":1872,"date":"2023-10-31T19:47:33","date_gmt":"2023-10-31T23:47:33","guid":{"rendered":"https:\/\/testkitplus.com\/fr\/?page_id=1872"},"modified":"2023-10-31T19:47:33","modified_gmt":"2023-10-31T23:47:33","slug":"comment-tester-la-cocaine","status":"publish","type":"page","link":"https:\/\/testkitplus.com\/fr\/mode-demploi\/comment-tester-la-cocaine","title":{"rendered":"Comment tester la coca\u00efne"},"content":{"rendered":"<p>La coca\u00efne peut \u00eatre identifi\u00e9e et test\u00e9e pour d\u00e9tecter les coupes en utilisant une combinaison de tests.<\/p>\n<h3>Identification de la coca\u00efne<\/h3>\n<p>Pour aider \u00e0 v\u00e9rifier que votre \u00e9chantillon contient de la coca\u00efne, nous recommandons d&rsquo;utiliser les tests suivants:<\/p>\n<ol>\n<li>Le <a href=\"\/fr\/produit\/reactif-morris\">test de Morris<\/a>: Devient bleu en pr\u00e9sence de coca\u00efne.<\/li>\n<li><a href=\"\/fr\/produit\/reactif-liebermann\">Test de Liebermann<\/a>: Devient jaune avec de la coca\u00efne pure.<\/li>\n<\/ol>\n<h3>Test des coupes de coca\u00efne (Coupes)<\/h3>\n<p>Des substances telles que l&rsquo;\u00e9ph\u00e9drine, le l\u00e9vamisole et l&rsquo;amph\u00e9tamine sont souvent m\u00e9lang\u00e9es \u00e0 la coca\u00efne.<\/p>\n<ul>\n<li>Le <a href=\"\/fr\/produit\/reactif-marquis\">test de Marquis<\/a> est utile pour le d\u00e9pistage de la coca\u00efne pour les (meth)amph\u00e9tamines et les cathinones (sels de bain).<\/li>\n<li>D&rsquo;autres substances telles que l&rsquo;\u00e9ph\u00e9drine, la lidoca\u00efne, la benzoca\u00efne, la proca\u00efne et le l\u00e9vamisole peuvent \u00eatre identifi\u00e9es avec le <a href=\"\/fr\/produit\/kit-de-test-coupe-cocaine\">test des coupes de coca\u00efne<\/a>.<\/li>\n<li>Le <a href=\"\/fr\/produit\/reactif-liebermann\">test de Liebermann<\/a> est \u00e9galement un bon test pour le l\u00e9vamisole. Il peut \u00e9galement \u00e9liminer les amph\u00e9tamines en association avec le test de Marquis susmentionn\u00e9.<\/li>\n<\/ul>\n<p>Le fentanyl est un opio\u00efde dangereux qui peut \u00eatre d\u00e9tect\u00e9 avec notre <a href=\"\/fr\/produit\/bandelettes-de-test-fentanyl\">bandelettes de test Fentanyl<\/a>.<\/p>\n<h3>Test de puret\u00e9 de la coca\u00efne<\/h3>\n<p>Bien que la m\u00e9thode ci-dessus puisse d\u00e9terminer la pr\u00e9sence de coca\u00efne et des adulterants, elle n&rsquo;indique pas la proportion de coca\u00efne dans un \u00e9chantillon. Vous pouvez utiliser un <a href=\"\/fr\/produit\/kit-de-test-purete-cocaine\">test de puret\u00e9 de la coca\u00efne<\/a> pour avoir une id\u00e9e de la quantit\u00e9 de coca\u00efne dans votre \u00e9chantillon.<\/p>\n<p>Il fonctionne en utilisant une quantit\u00e9 sp\u00e9cifique d&rsquo;\u00e9chantillon (20 mg) et en observant le changement de couleur. Plus l&rsquo;\u00e9chantillon de coca\u00efne est pur, plus fonc\u00e9e est la couleur r\u00e9sultante.<br \/>\n<figure style=\"width: 565px\" class=\"wp-caption aligncenter\"><img loading=\"lazy\" decoding=\"async\" title=\"Tableau des couleurs du test de puret\u00e9 de la coca\u00efne\" src=\"\/wp-content\/uploads\/images\/reactions\/cocaine-purity-test-kit-color-chart.jpg\" alt=\"Tableau des couleurs du test de puret\u00e9 de la coca\u00efne\" width=\"565\" height=\"258\" \/><figcaption class=\"wp-caption-text\">Tableau des couleurs du test de puret\u00e9 de la coca\u00efne<\/figcaption><\/figure><\/p>\n<p>Pour plus d&rsquo;informations, veuillez consulter notre <a href =\/fr\/produit\/kit-de-test-purete-cocaine\">Test de puret\u00e9 de la coca\u00efne \u00bb<\/a><\/p>\n","protected":false},"excerpt":{"rendered":"<p>La coca\u00efne peut \u00eatre identifi\u00e9e et test\u00e9e pour d\u00e9tecter les coupes en utilisant une combinaison de tests. Identification de la coca\u00efne Pour aider \u00e0 v\u00e9rifier que votre \u00e9chantillon contient de la coca\u00efne, nous recommandons d&rsquo;utiliser les tests suivants: Le test de Morris: Devient bleu en pr\u00e9sence de coca\u00efne. Test de Liebermann: Devient jaune avec de [&hellip;]<\/p>\n","protected":false},"author":1,"featured_media":0,"parent":1864,"menu_order":0,"comment_status":"closed","ping_status":"closed","template":"","meta":{"footnotes":""},"class_list":["post-1872","page","type-page","status-publish","hentry"],"_links":{"self":[{"href":"https:\/\/testkitplus.com\/fr\/wp-json\/wp\/v2\/pages\/1872","targetHints":{"allow":["GET"]}}],"collection":[{"href":"https:\/\/testkitplus.com\/fr\/wp-json\/wp\/v2\/pages"}],"about":[{"href":"https:\/\/testkitplus.com\/fr\/wp-json\/wp\/v2\/types\/page"}],"author":[{"embeddable":true,"href":"https:\/\/testkitplus.com\/fr\/wp-json\/wp\/v2\/users\/1"}],"replies":[{"embeddable":true,"href":"https:\/\/testkitplus.com\/fr\/wp-json\/wp\/v2\/comments?post=1872"}],"version-history":[{"count":1,"href":"https:\/\/testkitplus.com\/fr\/wp-json\/wp\/v2\/pages\/1872\/revisions"}],"predecessor-version":[{"id":1873,"href":"https:\/\/testkitplus.com\/fr\/wp-json\/wp\/v2\/pages\/1872\/revisions\/1873"}],"up":[{"embeddable":true,"href":"https:\/\/testkitplus.com\/fr\/wp-json\/wp\/v2\/pages\/1864"}],"wp:attachment":[{"href":"https:\/\/testkitplus.com\/fr\/wp-json\/wp\/v2\/media?parent=1872"}],"curies":[{"name":"wp","href":"https:\/\/api.w.org\/{rel}","templated":true}]}}