{"id":1868,"date":"2023-10-30T22:57:54","date_gmt":"2023-10-31T02:57:54","guid":{"rendered":"https:\/\/testkitplus.com\/fr\/?page_id=1868"},"modified":"2023-10-31T19:47:57","modified_gmt":"2023-10-31T23:47:57","slug":"comment-tester-lamphetamine","status":"publish","type":"page","link":"https:\/\/testkitplus.com\/fr\/mode-demploi\/comment-tester-lamphetamine","title":{"rendered":"Comment tester l&rsquo;amph\u00e9tamine"},"content":{"rendered":"<p>L&rsquo;amph\u00e9tamine ne peut pas \u00eatre identifi\u00e9e de mani\u00e8re fiable \u00e0 l&rsquo;\u0153il nu. Nous recommandons de tester l&rsquo;amph\u00e9tamine avec 3 tests. Les deux premiers identifient l&rsquo;amph\u00e9tamine et aident \u00e0 \u00e9liminer les compos\u00e9s vendus \u00e0 tort comme de l&rsquo;amph\u00e9tamine. Le troisi\u00e8me test peut diff\u00e9rencier l&rsquo;amph\u00e9tamine de la m\u00e9thamph\u00e9tamine.<\/p>\n<ol>\n<li>Le test principal pour l&rsquo;amph\u00e9tamine est le <a href=\"\/fr\/produit\/reactif-marquis\">test Marquis<\/a>. Il produit une couleur orange\/rouge si l&rsquo;amph\u00e9tamine est pr\u00e9sente.<\/li>\n<li>La deuxi\u00e8me \u00e9tape consiste \u00e0 utiliser le <a href=\"\/fr\/produit\/reactif-liebermann\">test Liebermann<\/a>, qui produit une couleur orange.<\/li>\n<\/li>\n<li>Enfin, pour diff\u00e9rencier l&rsquo;amph\u00e9tamine de la m\u00e9thamph\u00e9tamine, utilisez le <a href=\"\/fr\/produit\/reactif-simon\">test Simon<\/a>. Simon devient bleu avec la m\u00e9thamph\u00e9tamine et ne change pas de couleur avec l&rsquo;amph\u00e9tamine.<\/li>\n<\/ol>\n<p>Simon est un test en deux parties, utilisez d&rsquo;abord une goutte de \u00ab\u00a0Simon A\u00a0\u00bb, suivie imm\u00e9diatement par une goutte de \u00ab\u00a0Simon B\u00a0\u00bb.<\/p>\n<p>Nous fournissons un <a href=\"\/fr\/produit\/kit-de-test-meth-amphetamine\">kit de test d&rsquo;amph\u00e9tamine<\/a> avec ces trois tests.<\/p>\n<p style=\"text-align:left;\"><a class=\"woo-sc-button  custom\" href=\"\/fr\/produit\/kit-de-test-meth-amphetamine\" alt=\"Kit de test d'amph\u00e9tamine\"> <span class=\"button\">Kit de test d&rsquo;amph\u00e9tamine \u00bb<\/span><\/a><\/p>\n<p>Consid\u00e9rez l&rsquo;achat du <a href=\"\/fr\/produit\/reactif-froehde\">r\u00e9actif de Froehde<\/a> en tant que test suppl\u00e9mentaire pour v\u00e9rifier les coupes. Il r\u00e9agit avec la plupart des poudres, mais ne r\u00e9agit pas avec l&rsquo;amph\u00e9tamine.<\/p>\n<p>Pour une d\u00e9monstration visuelle, veuillez consulter ce qui suit:<\/p>\n<h3>D\u00e9monstration vid\u00e9o du kit de test de m\u00e9th\/amph\u00e9tamine<\/h3>\n<p><div class=\"content-control-container jp-cc content-control-accessible jp-cc-accessible\">[xoo_el_action type=\u00a0\u00bblogin\u00a0\u00bb display=\u00a0\u00bbbutton\u00a0\u00bb text=\u00a0\u00bbSe connecter\/s&rsquo;inscrire pour voir les vid\u00e9os \u00bb\u00a0\u00bb redirect_to=\u00a0\u00bbsame\u00a0\u00bb]<\/p>\n<p style=\"margin-top: 1em;\">Pourquoi ? Parce que cette vid\u00e9o de d\u00e9pistage de drogues comprend ce qui pourrait \u00eatre consid\u00e9r\u00e9 comme un contenu mature.<\/p>\n<p><\/div><div class=\"content-control-container jp-cc content-control-not-accessible jp-cc-not-accessible\"><\/div><br \/>\n<!--<iframe loading=\"lazy\" width=\"560\" height=\"315\" src=\"https:\/\/www.youtube.com\/embed\/l0wrA8avR2k\" title=\"YouTube video player\" frameborder=\"0\" allow=\"accelerometer; autoplay; clipboard-write; encrypted-media; gyroscope; picture-in-picture\" allowfullscreen><\/iframe>--><\/p>\n<h3>R\u00e9actions color\u00e9es de l&rsquo;amph\u00e9tamine (en anglais)<\/h3>\n<div>\n<iframe id=\"reactionsIframe\" src=\"https:\/\/testkitplus.com\/apps\/drug-test-color-reactions\/?substance=Amphetamine\" frameborder=\"0\" scrolling=\"no\" style=\"overflow:hidden; width:100%\"> <\/iframe>\n<\/div>\n","protected":false},"excerpt":{"rendered":"<p>L&rsquo;amph\u00e9tamine ne peut pas \u00eatre identifi\u00e9e de mani\u00e8re fiable \u00e0 l&rsquo;\u0153il nu. Nous recommandons de tester l&rsquo;amph\u00e9tamine avec 3 tests. Les deux premiers identifient l&rsquo;amph\u00e9tamine et aident \u00e0 \u00e9liminer les compos\u00e9s vendus \u00e0 tort comme de l&rsquo;amph\u00e9tamine. Le troisi\u00e8me test peut diff\u00e9rencier l&rsquo;amph\u00e9tamine de la m\u00e9thamph\u00e9tamine. Le test principal pour l&rsquo;amph\u00e9tamine est le test Marquis. [&hellip;]<\/p>\n","protected":false},"author":1,"featured_media":0,"parent":1864,"menu_order":0,"comment_status":"closed","ping_status":"closed","template":"","meta":{"footnotes":""},"class_list":["post-1868","page","type-page","status-publish","hentry"],"_links":{"self":[{"href":"https:\/\/testkitplus.com\/fr\/wp-json\/wp\/v2\/pages\/1868","targetHints":{"allow":["GET"]}}],"collection":[{"href":"https:\/\/testkitplus.com\/fr\/wp-json\/wp\/v2\/pages"}],"about":[{"href":"https:\/\/testkitplus.com\/fr\/wp-json\/wp\/v2\/types\/page"}],"author":[{"embeddable":true,"href":"https:\/\/testkitplus.com\/fr\/wp-json\/wp\/v2\/users\/1"}],"replies":[{"embeddable":true,"href":"https:\/\/testkitplus.com\/fr\/wp-json\/wp\/v2\/comments?post=1868"}],"version-history":[{"count":2,"href":"https:\/\/testkitplus.com\/fr\/wp-json\/wp\/v2\/pages\/1868\/revisions"}],"predecessor-version":[{"id":1871,"href":"https:\/\/testkitplus.com\/fr\/wp-json\/wp\/v2\/pages\/1868\/revisions\/1871"}],"up":[{"embeddable":true,"href":"https:\/\/testkitplus.com\/fr\/wp-json\/wp\/v2\/pages\/1864"}],"wp:attachment":[{"href":"https:\/\/testkitplus.com\/fr\/wp-json\/wp\/v2\/media?parent=1868"}],"curies":[{"name":"wp","href":"https:\/\/api.w.org\/{rel}","templated":true}]}}