{"id":1866,"date":"2023-10-30T22:50:07","date_gmt":"2023-10-31T02:50:07","guid":{"rendered":"https:\/\/testkitplus.com\/fr\/?page_id=1866"},"modified":"2023-10-30T22:50:07","modified_gmt":"2023-10-31T02:50:07","slug":"les-bases-du-depistage-de-drogues","status":"publish","type":"page","link":"https:\/\/testkitplus.com\/fr\/mode-demploi\/les-bases-du-depistage-de-drogues","title":{"rendered":"Les bases du d\u00e9pistage de drogues"},"content":{"rendered":"<p>Le d\u00e9pistage de drogues implique g\u00e9n\u00e9ralement un ou plusieurs des \u00e9l\u00e9ments suivants:<\/p>\n<ol>\n<li><a href=\"#identify\">Identification des substances<\/a><\/li>\n<li><a href=\"#cuts\">Identification des adulterants (\u00ab\u00a0coupes\u00a0\u00bb)<\/a><\/li>\n<li><a href=\"#purity\">Test de puret\u00e9 de la substance<\/a><\/li>\n<\/ol>\n<p>Nous d\u00e9veloppons chaque concept ci-dessous.<\/p>\n<p><strong>Note:<\/strong> Les m\u00e9thodes \u00e9num\u00e9r\u00e9es ci-dessous ne sont pas concluantes \u00e0 100 %. L&rsquo;analyse en laboratoire \u00e0 l&rsquo;aide de la chromatographie en phase gazeuse-spectrom\u00e9trie de masse est consid\u00e9r\u00e9e comme la r\u00e9f\u00e9rence.<\/p>\n<p><a name=\"identify\"><\/a><\/p>\n<h3>Identification des Substances<\/h3>\n<p>Utilisez un kit d&rsquo;identification de substances pour identifier de mani\u00e8re pr\u00e9somptive un \u00e9chantillon. Le test consiste \u00e0 placer une goutte ou deux d&rsquo;un liquide de test (r\u00e9actif) sur une petite partie de votre \u00e9chantillon et \u00e0 observer le changement de couleur, ou l&rsquo;absence de changement de couleur.<\/p>\n<p>Les tests pr\u00e9somptifs, en m\u00e9decine et en sciences m\u00e9dico-l\u00e9gales, analysent un \u00e9chantillon et \u00e9tablissent l&rsquo;une des conclusions suivantes:<\/p>\n<ol>\n<li>L&rsquo;\u00e9chantillon n&rsquo;est certainement pas une certaine substance.<\/li>\n<li>L&rsquo;\u00e9chantillon est probablement la substance.<\/li>\n<\/ol>\n<p>La mani\u00e8re la plus simple de voir comment un test est effectu\u00e9 est de consulter une vid\u00e9o de d\u00e9monstration de test d&rsquo;identification :<\/p>\n<p><div class=\"content-control-container jp-cc content-control-accessible jp-cc-accessible\">[xoo_el_action type=\u00a0\u00bblogin\u00a0\u00bb display=\u00a0\u00bbbutton\u00a0\u00bb text=\u00a0\u00bbSe connecter\/s&rsquo;inscrire pour voir les vid\u00e9os \u00bb\u00a0\u00bb redirect_to=\u00a0\u00bbsame\u00a0\u00bb]<\/p>\n<p style=\"margin-top: 1em;\">Pourquoi ? Parce que cette vid\u00e9o de d\u00e9pistage de drogues comprend ce qui pourrait \u00eatre consid\u00e9r\u00e9 comme un contenu mature.<\/p>\n<p><\/div><div class=\"content-control-container jp-cc content-control-not-accessible jp-cc-not-accessible\"><\/div><\/p>\n<p>Il est recommand\u00e9 d&rsquo;utiliser plus d&rsquo;un test pour r\u00e9duire les chances de faux positifs et pour aider \u00e0 d\u00e9tecter les adulterants.<\/p>\n<p>Vous pouvez \u00e9galement consulter notre page des <a href=\"https:\/\/testkitplus.com\/drug-test-kit-color-reaction-results\">r\u00e9sultats de r\u00e9action de couleur des tests de d\u00e9pistage de drogues<\/a> (en anglais) pour voir quelles r\u00e9actions de couleur vous pouvez attendre pour diff\u00e9rentes substances.<\/p>\n<p><a name=\"cuts\"><\/a><\/p>\n<h3>D\u00e9tection des Adulterants (\u00ab\u00a0coupes\u00a0\u00bb)<\/h3>\n<p>L&rsquo;identification des coupes dans un \u00e9chantillon peut \u00eatre effectu\u00e9e \u00e0 l&rsquo;aide d&rsquo;un test qui ne produit pas de changement de couleur avec un \u00e9chantillon pur. Par exemple, les tests de Marquis et de Froehde ne produisent pas de changement de couleur avec la k\u00e9tamine, ce qui les rend adapt\u00e9s \u00e0 l&rsquo;identification des adulterants. De m\u00eame, Marquis ne change pas de couleur avec de la coca\u00efne pure et produit une couleur rouge avec de l&rsquo;amph\u00e9tamine. Cela fait de Marquis un bon test pour l&rsquo;amph\u00e9tamine dans la coca\u00efne. Id\u00e9alement, vous choisiriez un test qui n&rsquo;interagit pas avec la substance souhait\u00e9e, mais change de couleur avec les adulterants typiques pour ce m\u00e9dicament particulier.<\/p>\n<p>Pour le d\u00e9pistage du fentanyl, nous recommandons des <a href=\"\/fr\/produit\/bandelettes-de-test-fentanyl\">bandelettes de test Fentanyl<\/a>.<\/p>\n<p><a name=\"purity\"><\/a><\/p>\n<h3>Test de Puret\u00e9 de la Substance<\/h3>\n<p>Un moyen rapide d&rsquo;avoir une id\u00e9e de la puret\u00e9 d&rsquo;un \u00e9chantillon est d&rsquo;utiliser un test de puret\u00e9 de drogue. Ils donnent une indication de la proportion d&rsquo;un \u00e9chantillon qui contient la substance en question. Ils ne vous montreront g\u00e9n\u00e9ralement pas quelles coupes se trouvent dans un \u00e9chantillon, mais seulement quelle est la proportion de la substance pr\u00e9vue.<\/p>\n<ul>\n<li><a href=\"\/fr\/produit\/kit-de-test-purete-cocaine\">Test de puret\u00e9 de la coca\u00efne<\/a><\/li>\n<li><a href=\"\/fr\/produit\/kit-de-test-purete-pour-mdma\">Test de puret\u00e9 de la MDMA (Molly)<\/a><\/li>\n<p><!--\t\n\n<li><a href=\"\/product\/heroin-purity-test-kit\">Test de puret\u00e9 de l'h\u00e9ro\u00efne<\/a><\/li>\n\n-->\n<\/ul>\n","protected":false},"excerpt":{"rendered":"<p>Le d\u00e9pistage de drogues implique g\u00e9n\u00e9ralement un ou plusieurs des \u00e9l\u00e9ments suivants: Identification des substances Identification des adulterants (\u00ab\u00a0coupes\u00a0\u00bb) Test de puret\u00e9 de la substance Nous d\u00e9veloppons chaque concept ci-dessous. Note: Les m\u00e9thodes \u00e9num\u00e9r\u00e9es ci-dessous ne sont pas concluantes \u00e0 100 %. L&rsquo;analyse en laboratoire \u00e0 l&rsquo;aide de la chromatographie en phase gazeuse-spectrom\u00e9trie de masse [&hellip;]<\/p>\n","protected":false},"author":1,"featured_media":0,"parent":1864,"menu_order":0,"comment_status":"closed","ping_status":"closed","template":"","meta":{"footnotes":""},"class_list":["post-1866","page","type-page","status-publish","hentry"],"_links":{"self":[{"href":"https:\/\/testkitplus.com\/fr\/wp-json\/wp\/v2\/pages\/1866","targetHints":{"allow":["GET"]}}],"collection":[{"href":"https:\/\/testkitplus.com\/fr\/wp-json\/wp\/v2\/pages"}],"about":[{"href":"https:\/\/testkitplus.com\/fr\/wp-json\/wp\/v2\/types\/page"}],"author":[{"embeddable":true,"href":"https:\/\/testkitplus.com\/fr\/wp-json\/wp\/v2\/users\/1"}],"replies":[{"embeddable":true,"href":"https:\/\/testkitplus.com\/fr\/wp-json\/wp\/v2\/comments?post=1866"}],"version-history":[{"count":2,"href":"https:\/\/testkitplus.com\/fr\/wp-json\/wp\/v2\/pages\/1866\/revisions"}],"predecessor-version":[{"id":1874,"href":"https:\/\/testkitplus.com\/fr\/wp-json\/wp\/v2\/pages\/1866\/revisions\/1874"}],"up":[{"embeddable":true,"href":"https:\/\/testkitplus.com\/fr\/wp-json\/wp\/v2\/pages\/1864"}],"wp:attachment":[{"href":"https:\/\/testkitplus.com\/fr\/wp-json\/wp\/v2\/media?parent=1866"}],"curies":[{"name":"wp","href":"https:\/\/api.w.org\/{rel}","templated":true}]}}