{"id":1864,"date":"2023-10-30T22:44:13","date_gmt":"2023-10-31T02:44:13","guid":{"rendered":"https:\/\/testkitplus.com\/fr\/?page_id=1864"},"modified":"2023-10-30T22:44:13","modified_gmt":"2023-10-31T02:44:13","slug":"mode-demploi","status":"publish","type":"page","link":"https:\/\/testkitplus.com\/fr\/mode-demploi","title":{"rendered":"Mode d&#8217;emploi"},"content":{"rendered":"<p>Des informations sur la mani\u00e8re de tester les drogues et les r\u00e9sultats attendus peuvent \u00eatre trouv\u00e9es ici :<\/p>\n","protected":false},"excerpt":{"rendered":"<p>Des informations sur la mani\u00e8re de tester les drogues et les r\u00e9sultats attendus peuvent \u00eatre trouv\u00e9es ici :<\/p>\n","protected":false},"author":1,"featured_media":0,"parent":0,"menu_order":0,"comment_status":"closed","ping_status":"closed","template":"","meta":{"footnotes":""},"class_list":["post-1864","page","type-page","status-publish","hentry"],"_links":{"self":[{"href":"https:\/\/testkitplus.com\/fr\/wp-json\/wp\/v2\/pages\/1864","targetHints":{"allow":["GET"]}}],"collection":[{"href":"https:\/\/testkitplus.com\/fr\/wp-json\/wp\/v2\/pages"}],"about":[{"href":"https:\/\/testkitplus.com\/fr\/wp-json\/wp\/v2\/types\/page"}],"author":[{"embeddable":true,"href":"https:\/\/testkitplus.com\/fr\/wp-json\/wp\/v2\/users\/1"}],"replies":[{"embeddable":true,"href":"https:\/\/testkitplus.com\/fr\/wp-json\/wp\/v2\/comments?post=1864"}],"version-history":[{"count":1,"href":"https:\/\/testkitplus.com\/fr\/wp-json\/wp\/v2\/pages\/1864\/revisions"}],"predecessor-version":[{"id":1865,"href":"https:\/\/testkitplus.com\/fr\/wp-json\/wp\/v2\/pages\/1864\/revisions\/1865"}],"wp:attachment":[{"href":"https:\/\/testkitplus.com\/fr\/wp-json\/wp\/v2\/media?parent=1864"}],"curies":[{"name":"wp","href":"https:\/\/api.w.org\/{rel}","templated":true}]}}