{"id":1831,"date":"2023-10-11T14:57:34","date_gmt":"2023-10-11T18:57:34","guid":{"rendered":"https:\/\/testkitplus.com\/fr\/?page_id=1831"},"modified":"2023-10-11T14:57:34","modified_gmt":"2023-10-11T18:57:34","slug":"la-cocaine","status":"publish","type":"page","link":"https:\/\/testkitplus.com\/fr\/la-cocaine","title":{"rendered":"La Coca\u00efne"},"content":{"rendered":"<p>La coca\u00efne, chimiquement connue sous le nom de benzoylm\u00e9thyl\u00e9cgonine, est un puissant stimulant addictif qui agit directement sur le cerveau. L&rsquo;abus de coca\u00efne peut entra\u00eener des effets secondaires graves et durables.<\/p>\n<p>Les noms courants dans la rue sont : coke, blow, snow, crack, dust, line, powder, gold dust, flake, etc.<\/p>\n<h2>Qu&rsquo;est-ce que la coca\u00efne exactement ?<\/h2>\n<p>Un alcalo\u00efde de coca\u00efne a d&rsquo;abord \u00e9t\u00e9 extrait des feuilles du coca sud-am\u00e9ricain au milieu du XIXe si\u00e8cle par Friedrich Gaedcke. Il a nomm\u00e9 cet alcalo\u00efde \u00ab\u00a0\u00e9rythroxyline\u00a0\u00bb, mais quelques ann\u00e9es plus tard, il a \u00e9t\u00e9 synth\u00e9tis\u00e9 par Richard Willst\u00e4tter, qui lui a attribu\u00e9 le nom de coca\u00efne ; la signification vient de \u00ab\u00a0coca\u00a0\u00bb et du suffixe alcalo\u00efde \u00ab\u00a0-ine\u00a0\u00bb.<\/p>\n<p>La coca\u00efne en poudre est inhal\u00e9e par le nez, tandis que la forme cristalline de la coca\u00efne (alias crack ou freebase) est fum\u00e9e. Il est \u00e9galement possible d&rsquo;injecter la forme liquide dans les veines, produisant ainsi un effet plus puissant mais de courte dur\u00e9e. \u00c0 la fin du XIXe si\u00e8cle et au d\u00e9but du XXe si\u00e8cle, la coca\u00efne \u00e9tait couramment utilis\u00e9e comme stimulant et m\u00eame pour traiter des maladies ; cependant, en raison des rapports de d\u00e9c\u00e8s, d&rsquo;addiction, de comportement erratique et de probl\u00e8mes psychologiques, la drogue est devenue une substance interdite.<\/p>\n<h2>Principaux effets\/effets secondaires<\/h2>\n<p>La coca\u00efne agit directement sur le cerveau et le syst\u00e8me nerveux central, augmentant les niveaux de dopamine produits. Cela provoque normalement des sentiments de bonheur intense \u00ab\u00a0faux\u00a0\u00bb, des pouss\u00e9es d&rsquo;\u00e9nergie, une dissociation de la r\u00e9alit\u00e9 et de l&rsquo;alerte. Outre les effets mentaux intenses, les sympt\u00f4mes physiques peuvent inclure : rythme cardiaque rapide, transpiration, pupilles dilat\u00e9es et haute pression art\u00e9rielle. Ce puissant stimulant est \u00e9galement connu pour provoquer parfois des comportements violents, des tremblements, des vertiges, des spasmes musculaires, de la parano\u00efa et de l&rsquo;anxi\u00e9t\u00e9. Les effets mentaux \u00e0 long terme sont pratiquement garantis avec une utilisation fr\u00e9quente et continue de la coca\u00efne ; ils peuvent aller de la d\u00e9pression \u00e0 la psychose.<\/p>\n<p>Les effets de la coca\u00efne d\u00e9pendent g\u00e9n\u00e9ralement de la quantit\u00e9 prise \u00e0 chaque fois, et comme les sentiments euphoriques ne durent que bri\u00e8vement, cela peut entra\u00eener une utilisation quotidienne r\u00e9p\u00e9t\u00e9e, qui devient ensuite de la d\u00e9pendance et de l&rsquo;abus. L&rsquo;abus de coca\u00efne peut entra\u00eener de graves effets secondaires physiques \u00e0 long terme tels que : risque d&rsquo;accident vasculaire c\u00e9r\u00e9bral, infarctus du myocarde, probl\u00e8mes pulmonaires chez les fumeurs de crack, infections sanguines, et mort cardiaque ou respiratoire soudaine.<\/p>\n<h2>Kits de test de la coca\u00efne<\/h2>\n<p>Pour avoir une id\u00e9e de la puret\u00e9 d&rsquo;un \u00e9chantillon de coca\u00efne, veuillez consulter notre <a href=\"\/product\/cocaine-purity-test-kit\" alt=\"Kit de test de puret\u00e9 de la coca\u00efne\">kit de test de puret\u00e9 de la coca\u00efne<\/a>, et pour d\u00e9terminer les agents de coupe de la coca\u00efne, veuillez utiliser notre <a href=\"\/product\/cocaine-cuts-test-kit\" alt=\"Kit de test de coupe de la coca\u00efne\">kit de test de coupe de la coca\u00efne<\/a>.<\/p>\n<p style=\"text-align:center;\"><a class=\"button\" href=\"\/fr\/produit\/kit-de-test-purete-cocaine\" alt=\"Kit de test de puret\u00e9 de la coca\u00efne\">Kit de test de puret\u00e9 de la coca\u00efne  \u00bb<\/a> <\/p>\n<p style=\"text-align:center;\"><a class=\"button\" href=\"\/fr\/produit\/kit-de-test-coupe-cocaine\" alt=\"Kit de test de coupe de la coca\u00efne\">Kit de test de coupe de la coca\u00efne  \u00bb<\/a>.<\/p>\n","protected":false},"excerpt":{"rendered":"<p>La coca\u00efne, chimiquement connue sous le nom de benzoylm\u00e9thyl\u00e9cgonine, est un puissant stimulant addictif qui agit directement sur le cerveau. L&rsquo;abus de coca\u00efne peut entra\u00eener des effets secondaires graves et durables. Les noms courants dans la rue sont : coke, blow, snow, crack, dust, line, powder, gold dust, flake, etc. Qu&rsquo;est-ce que la coca\u00efne exactement [&hellip;]<\/p>\n","protected":false},"author":1,"featured_media":0,"parent":0,"menu_order":0,"comment_status":"closed","ping_status":"closed","template":"","meta":{"footnotes":""},"class_list":["post-1831","page","type-page","status-publish","hentry"],"_links":{"self":[{"href":"https:\/\/testkitplus.com\/fr\/wp-json\/wp\/v2\/pages\/1831","targetHints":{"allow":["GET"]}}],"collection":[{"href":"https:\/\/testkitplus.com\/fr\/wp-json\/wp\/v2\/pages"}],"about":[{"href":"https:\/\/testkitplus.com\/fr\/wp-json\/wp\/v2\/types\/page"}],"author":[{"embeddable":true,"href":"https:\/\/testkitplus.com\/fr\/wp-json\/wp\/v2\/users\/1"}],"replies":[{"embeddable":true,"href":"https:\/\/testkitplus.com\/fr\/wp-json\/wp\/v2\/comments?post=1831"}],"version-history":[{"count":1,"href":"https:\/\/testkitplus.com\/fr\/wp-json\/wp\/v2\/pages\/1831\/revisions"}],"predecessor-version":[{"id":1832,"href":"https:\/\/testkitplus.com\/fr\/wp-json\/wp\/v2\/pages\/1831\/revisions\/1832"}],"wp:attachment":[{"href":"https:\/\/testkitplus.com\/fr\/wp-json\/wp\/v2\/media?parent=1831"}],"curies":[{"name":"wp","href":"https:\/\/api.w.org\/{rel}","templated":true}]}}