{"id":1829,"date":"2023-10-11T14:51:42","date_gmt":"2023-10-11T18:51:42","guid":{"rendered":"https:\/\/testkitplus.com\/fr\/?page_id=1829"},"modified":"2023-10-11T14:51:57","modified_gmt":"2023-10-11T18:51:57","slug":"lsd","status":"publish","type":"page","link":"https:\/\/testkitplus.com\/fr\/lsd","title":{"rendered":"LSD &#8211; Tout ce que vous devez savoir"},"content":{"rendered":"<p>Le LSD, chimiquement connu sous le nom de di\u00e9thylamide de l&rsquo;acide lysergique, est sans aucun doute l&rsquo;un des psych\u00e9d\u00e9liques les plus populaires connus de l&rsquo;homme, induisant des \u00e9tats modifi\u00e9s de conscience, des exp\u00e9riences spirituelles et des visions \u00ab\u00a0tripantes\u00a0\u00bb.<\/p>\n<p>Les noms courants de rue pour cette drogue sont : acide, buvard, cid, doses, points et trips.<\/p>\n<h2>Qu&rsquo;est-ce que le LSD exactement ?<\/h2>\n<p>En 1938, un scientifique suisse nomm\u00e9 Albert Hofmann a d\u00e9couvert cette drogue dans l&rsquo;ergotamine (un champignon c\u00e9r\u00e9alien) en cherchant des d\u00e9riv\u00e9s m\u00e9dicaux utiles de l&rsquo;alcalo\u00efde de l&rsquo;ergot. Quelques ann\u00e9es plus tard, Hofmann a go\u00fbt\u00e9 accidentellement la drogue et a pris conscience de ses puissants pouvoirs de modification l\u00e9g\u00e8re de l&rsquo;esprit. Il l&rsquo;a ensuite synth\u00e9tis\u00e9e \u00e0 partir de l&rsquo;ergotamine, l&rsquo;a test\u00e9e r\u00e9cr\u00e9ativement et l&rsquo;a baptis\u00e9e LSD-25.<\/p>\n<p>La cr\u00e9ation de cette drogue peut se faire sous forme de cristaux ou par dilution liquide, et elle est r\u00e9put\u00e9e inodore, incolore, non addictive, et &#8211; sous sa forme pure &#8211; insipide. Le LSD non pur peut avoir un go\u00fbt l\u00e9g\u00e8rement amer ou m\u00e9tallique. L&rsquo;acide est g\u00e9n\u00e9ralement aval\u00e9 ou dissous sous la langue, mais sa forme liquide est inject\u00e9e dans les veines. Vous pouvez trouver cette drogue sous forme de comprim\u00e9s, de buvards absorbants, de morceaux de sucre ou de g\u00e9latine.<\/p>\n<h2>Le LSD et le cerveau<\/h2>\n<p>Le LSD agit en se liant aux r\u00e9cepteurs de la s\u00e9rotonine, en particulier aux r\u00e9cepteurs 5HT2A. Le LSD semble r\u00e9duire la connectivit\u00e9 entre les r\u00e9gions du cerveau responsables des processus cognitifs, mais il augmente la connectivit\u00e9 dans les r\u00e9seaux c\u00e9r\u00e9braux associ\u00e9s aux fonctions sensorielles. De plus, le LSD active \u00e9galement les r\u00e9cepteurs dopaminergiques D1, D2, D4, les r\u00e9cepteurs glutamatergiques NMDA, mGlu2\/mGlu3, et le r\u00e9cepteur TAAR1.<\/p>\n<h2>Principaux effets\/effets secondaires<\/h2>\n<p>Les effets d&rsquo;un trip au LSD varient d&rsquo;une personne \u00e0 l&rsquo;autre, mais ils ont tous en commun une exp\u00e9rience psych\u00e9d\u00e9lique. Ces exp\u00e9riences comprennent des \u00e9tats modifi\u00e9s de conscience, des distorsions auditives, des visions d\u00e9lirantes, de la synesth\u00e9sie, une alt\u00e9ration de la perception du temps et des exp\u00e9riences spirituelles. Les couleurs intenses, les formes g\u00e9om\u00e9triques, les objets en mutation (y compris votre propre corps) et les ondulations dans l&rsquo;air sont parmi les effets visuels les plus courants \u00ab\u00a0tripants\u00a0\u00bb v\u00e9cus par les utilisateurs de LSD. Selon votre \u00e9tat d&rsquo;esprit et votre humeur, le voyage peut \u00e9galement provoquer des visions effrayantes, telles que des formes ou des \u00eatres effrayants ; on parle alors de \u00ab\u00a0mauvais trip\u00a0\u00bb. Des sentiments de panique ou d&rsquo;anxi\u00e9t\u00e9 peuvent \u00e9galement \u00eatre ressentis lors d&rsquo;un mauvais trip.<\/p>\n<p>Outre les effets psychologiques, il existe aussi quelques effets physiques : dilatation des pupilles, perte d&rsquo;app\u00e9tit, augmentation du rythme cardiaque, faiblesse, agitation, engourdissement, naus\u00e9es, \u00e9l\u00e9vation de la glyc\u00e9mie, chair de poule, serrage de la m\u00e2choire, transpiration et tremblements. Apr\u00e8s un trip au LSD, une alt\u00e9ration du jugement et de la m\u00e9moire, de la confusion et une courte dur\u00e9e d&rsquo;attention peuvent \u00eatre pr\u00e9sentes. Cependant, il n&rsquo;existe actuellement aucune \u00e9tude pointant vers des effets graves \u00e0 long terme de l&rsquo;utilisation du LSD.<\/p>\n<h2>Dosage<\/h2>\n<p>Une dose normale compl\u00e8te de LSD varie de 100 \u00e0 200 microgrammes.<\/p>\n<p>Les buvards en papier sont du papier absorbant impr\u00e9gn\u00e9 d&rsquo;une solution liquide de LSD. Le dosage peut varier consid\u00e9rablement d&rsquo;un lot \u00e0 l&rsquo;autre car il n&rsquo;y a pas de \u00ab\u00a0norme de l&rsquo;industrie\u00a0\u00bb. Il en va de m\u00eame pour le LSD liquide, le LSD en g\u00e9latine ou les morceaux de sucre impr\u00e9gn\u00e9s de LSD, etc.<\/p>\n<p>Prendre une dose plus faible est appel\u00e9 \u00ab\u00a0microdosage\u00a0\u00bb et produit des effets diff\u00e9rents. Voir <a href=\"\/posts\/microdosing\">Microdosage : Protocole pour d\u00e9butants<\/a>.<\/p>\n<h2>Toxicit\u00e9<\/h2>\n<p>Il y a eu des d\u00e9c\u00e8s accidentels sous l&rsquo;influence du LSD, mais aucun cas de surdose mortelle de LSD n&rsquo;a \u00e9t\u00e9 signal\u00e9. Il y a eu des cas de personnes prenant par erreur des doses massives de LSD, et m\u00eame si le voyage n&rsquo;\u00e9tait certainement pas agr\u00e9able, personne n&rsquo;est mort en raison de niveaux de toxicit\u00e9. Par exemple, une femme de 49 ans a accidentellement inhal\u00e9 55 milligrammes (environ 550 fois la dose standard) de LSD, pensant que c&rsquo;\u00e9tait de la coca\u00efne. Elle a n\u00e9cessit\u00e9 des soins m\u00e9dicaux, mais apr\u00e8s environ 24 heures, elle allait bien.<\/p>\n<h2>Comment consomme-t-on le LSD ?<\/h2>\n<p>L&rsquo;acide est g\u00e9n\u00e9ralement aval\u00e9 ou dissous sous la langue, mais sa forme liquide est injectable dans les veines. Le LSD est vendu sous forme de comprim\u00e9s, de buvards absorbants, de morceaux de sucre, de g\u00e9latine, et plus encore.<\/p>\n<h2>Dur\u00e9e du voyage<\/h2>\n<p>Les trips au LSD sont connus pour leur longue dur\u00e9e, d&rsquo;environ 6 \u00e0 12 heures.<\/p>\n<h2>Test du LSD<\/h2>\n<p>Les produits chimiques potentiellement vendus par les dealers comme du LSD comprennent le 25I-NBOMe, le DOI, le DOC. Les compos\u00e9s de la famille des NBOMe peuvent \u00eatre nocifs m\u00eame \u00e0 faibles doses, et sont souvent vendus comme du LSD. De nombreuses personnes sont d\u00e9c\u00e9d\u00e9es apr\u00e8s avoir ing\u00e9r\u00e9 un compos\u00e9 NBOMe au lieu de LSD, il est donc essentiel de se procurer un kit de test et de <a href=\"\/fr\/produit\/kit-de-test-lsd\" alt=\"Kit de test de LSD\">tester votre LSD<\/a>.<\/p>\n<p style=\"text-align:center;\"><a class=\"button\" href=\"http:\/\/testkitplus.com\/product\/lsd-test-kit\" alt=\"Kit de test de LSD\"> <span class=\"woo-\">Kit de test de LSD  \u00bb<\/span><\/a><\/p>\n","protected":false},"excerpt":{"rendered":"<p>Le LSD, chimiquement connu sous le nom de di\u00e9thylamide de l&rsquo;acide lysergique, est sans aucun doute l&rsquo;un des psych\u00e9d\u00e9liques les plus populaires connus de l&rsquo;homme, induisant des \u00e9tats modifi\u00e9s de conscience, des exp\u00e9riences spirituelles et des visions \u00ab\u00a0tripantes\u00a0\u00bb. Les noms courants de rue pour cette drogue sont : acide, buvard, cid, doses, points et trips. [&hellip;]<\/p>\n","protected":false},"author":1,"featured_media":0,"parent":0,"menu_order":0,"comment_status":"closed","ping_status":"closed","template":"","meta":{"footnotes":""},"class_list":["post-1829","page","type-page","status-publish","hentry"],"_links":{"self":[{"href":"https:\/\/testkitplus.com\/fr\/wp-json\/wp\/v2\/pages\/1829","targetHints":{"allow":["GET"]}}],"collection":[{"href":"https:\/\/testkitplus.com\/fr\/wp-json\/wp\/v2\/pages"}],"about":[{"href":"https:\/\/testkitplus.com\/fr\/wp-json\/wp\/v2\/types\/page"}],"author":[{"embeddable":true,"href":"https:\/\/testkitplus.com\/fr\/wp-json\/wp\/v2\/users\/1"}],"replies":[{"embeddable":true,"href":"https:\/\/testkitplus.com\/fr\/wp-json\/wp\/v2\/comments?post=1829"}],"version-history":[{"count":1,"href":"https:\/\/testkitplus.com\/fr\/wp-json\/wp\/v2\/pages\/1829\/revisions"}],"predecessor-version":[{"id":1830,"href":"https:\/\/testkitplus.com\/fr\/wp-json\/wp\/v2\/pages\/1829\/revisions\/1830"}],"wp:attachment":[{"href":"https:\/\/testkitplus.com\/fr\/wp-json\/wp\/v2\/media?parent=1829"}],"curies":[{"name":"wp","href":"https:\/\/api.w.org\/{rel}","templated":true}]}}