{"id":1827,"date":"2023-10-11T14:44:16","date_gmt":"2023-10-11T18:44:16","guid":{"rendered":"https:\/\/testkitplus.com\/fr\/?page_id=1827"},"modified":"2023-10-11T14:48:00","modified_gmt":"2023-10-11T18:48:00","slug":"ketamine","status":"publish","type":"page","link":"https:\/\/testkitplus.com\/fr\/ketamine","title":{"rendered":"K\u00e9tamine &#8211; Tout ce que vous devez savoir"},"content":{"rendered":"<p>La k\u00e9tamine est g\u00e9n\u00e9ralement un m\u00e9dicament anesth\u00e9sique dissociatif qui peut alt\u00e9rer la perception visuelle et auditive d&rsquo;une personne. Une personne ressent une sensation de d\u00e9tachement de l&rsquo;environnement et d&rsquo;elle-m\u00eame. \u00c0 faible dose, la k\u00e9tamine entra\u00eene des probl\u00e8mes d&rsquo;apprentissage, de m\u00e9moire et d&rsquo;attention. \u00c0 des doses plus \u00e9lev\u00e9es, elle peut provoquer des hallucinations et plonger une personne dans un \u00e9tat onirique.<\/p>\n<h2>Histoire<\/h2>\n<p>L&rsquo;utilisation de la k\u00e9tamine, en tant qu&rsquo;analg\u00e9sique v\u00e9t\u00e9rinaire, a commenc\u00e9 lorsqu&rsquo;elle a \u00e9t\u00e9 brevet\u00e9e en Belgique en 1963. Les tests sur les humains ont commenc\u00e9 en 1964, o\u00f9 l&rsquo;on a constat\u00e9 que la k\u00e9tamine provoquait des sympt\u00f4mes psych\u00e9d\u00e9liques mineurs. En 1965, il a \u00e9t\u00e9 d\u00e9termin\u00e9 que la k\u00e9tamine pouvait \u00eatre un analg\u00e9sique plus s\u00fbr \u00e0 administrer aux humains, et tout au long de l&rsquo;histoire de la k\u00e9tamine, elle a \u00e9t\u00e9 d\u00e9montr\u00e9e comme ayant de nombreuses applications importantes en m\u00e9decine. Aujourd&rsquo;hui, elle est utilis\u00e9e comme s\u00e9datif pour les enfants et les adultes subissant des interventions chirurgicales mineures, mais sa principale raison d&rsquo;\u00eatre est son utilisation v\u00e9t\u00e9rinaire, en raison des effets psych\u00e9d\u00e9liques qu&rsquo;elle pourrait provoquer chez les humains.<\/p>\n<p>Dans les ann\u00e9es 1970, la k\u00e9tamine est devenue de plus en plus disponible \u00e0 des fins illicites. Sa forme en poudre, en capsules, en solutions injectables et en cristaux a \u00e9t\u00e9 trouv\u00e9e sur le march\u00e9 des drogues illicites. L&rsquo;utilisation de la k\u00e9tamine lors de f\u00eates et de raves est tr\u00e8s courante de nos jours, et malgr\u00e9 ses diff\u00e9rences avec la MDMA (Molly\/Extasy), elle est souvent vendue comme une forme d&rsquo;Extasy. En raison de la mont\u00e9e rapide de son abus, de son utilisation et de sa disponibilit\u00e9, de nombreux gouvernements ont class\u00e9 la k\u00e9tamine comme une substance dangereuse.<\/p>\n<h3>La k\u00e9tamine comme antid\u00e9presseur<\/h3>\n<p>Plus r\u00e9cemment, on a d\u00e9couvert que la k\u00e9tamine avait un potentiel pour traiter la d\u00e9pression. La recherche est en cours, mais on pense que la k\u00e9tamine peut jouer un r\u00f4le essentiel dans le soulagement de la d\u00e9pression et m\u00eame aider \u00e0 r\u00e9duire les sympt\u00f4mes du trouble d\u00e9pressif \u00e0 long terme. Il est important de noter que l&rsquo;utilisation r\u00e9cr\u00e9ative de la k\u00e9tamine n&rsquo;a pas \u00e9t\u00e9 associ\u00e9e \u00e0 une r\u00e9duction de la d\u00e9pression.<\/p>\n<h2>Dosage et mode de consommation<\/h2>\n<p>La k\u00e9tamine peut se pr\u00e9senter sous forme de poudre, de capsules, de solutions injectables et de cristaux. Selon sa forme, la mani\u00e8re dont elle sera consomm\u00e9e et donc son effet diff\u00e8rent.<\/p>\n<ol>\n<li> <strong>Inhalation :<\/strong> Inhaler de la k\u00e9tamine est une m\u00e9thode courante d&rsquo;administration. Le dosage peut varier de 50 mg \u00e0 260 mg, et ses effets peuvent commencer en 5 \u00e0 15 minutes.<\/li>\n<li> <strong>Par voie intraveineuse (IV) :<\/strong> Le dosage peut varier de 50 mg \u00e0 100 mg, produisant une r\u00e9ponse rapide en quelques secondes \u00e0 quelques minutes apr\u00e8s l&rsquo;administration. <\/li>\n<li> <strong>Par voie orale :<\/strong> Le dosage peut varier de 200 mg \u00e0 300 mg. Il s&rsquo;agit d&rsquo;une m\u00e9thode plus lente d&rsquo;administration, avec un d\u00e9but des effets en 5 \u00e0 30 minutes.<\/li>\n<\/ol>\n<h2>Effets \u00e0 court terme<\/h2>\n<p>La k\u00e9tamine est rapidement absorb\u00e9e par la circulation sanguine lorsqu&rsquo;elle est prise et provoque une mont\u00e9e brutale qui dure plus d&rsquo;une heure. Les effets commencent 2 \u00e0 5 minutes apr\u00e8s la prise de la dose. Sous forme injectable, il ne faut que 30 secondes pour que le corps en ressente les effets. La premi\u00e8re sensation d&rsquo;euphorie, telle que d\u00e9crite par les utilisateurs, est une sensation \u00e9crasante de relaxation. Les effets \u00e0 court terme non d\u00e9sir\u00e9s possibles de la k\u00e9tamine sont les suivants :<\/p>\n<ul>\n<li>D\u00e9sorientation et confusion<\/li>\n<li>Augmentation de la fr\u00e9quence cardiaque<\/li>\n<li>Somnolence<\/li>\n<li>Augmentation de la tension art\u00e9rielle<\/li>\n<li>Naus\u00e9es<\/li>\n<li>Maux de t\u00eate<\/li>\n<\/ul>\n<h3>Qu&rsquo;est-ce qu&rsquo;un \u00ab\u00a0K-hole\u00a0\u00bb ?<\/h3>\n<p>La k\u00e9tamine peut induire un \u00e9tat de dissociation (d\u00e9tachement de la r\u00e9alit\u00e9) avec des hallucinations visuelles et auditives. Cela se produit \u00e0 des doses l\u00e9g\u00e8rement inf\u00e9rieures \u00e0 celles qui seraient utilis\u00e9es pour une anesth\u00e9sie g\u00e9n\u00e9rale. La dose n\u00e9cessaire pour induire un \u00ab\u00a0K-hole\u00a0\u00bb varie d&rsquo;une personne \u00e0 l&rsquo;autre.<\/p>\n<h2>Isom\u00e8res de la k\u00e9tamine : S-k\u00e9tamine et R-k\u00e9tamine<\/h2>\n<p>En chimie, les isom\u00e8res sont des mol\u00e9cules qui ont le m\u00eame nombre et le m\u00eame type d&rsquo;atomes. La diff\u00e9rence r\u00e9side dans l&rsquo;arrangement des atomes.<\/p>\n<p>Les revendeurs illicites commercialisent parfois leur produit comme de la s-k\u00e9tamine ou de la r-k\u00e9tamine pour le vendre \u00e0 un prix plus \u00e9lev\u00e9. Malgr\u00e9 leurs affirmations, essentiellement toute la k\u00e9tamine illicite est \u00e0 la fois de la r-k\u00e9tamine et de la s-k\u00e9tamine ensemble (appel\u00e9e k\u00e9tamine rac\u00e9mique). La s\u00e9paration de la k\u00e9tamine rac\u00e9mique en r-k\u00e9tamine et s-k\u00e9tamine \u00e0 l&rsquo;aide de techniques avanc\u00e9es est co\u00fbteuse et chronophage. Ces isom\u00e8res ne sont produits que \u00e0 des fins de recherche et cliniques, ce qui les rend extr\u00eamement difficiles \u00e0 obtenir.<\/p>\n<p>Le fait que la plupart de la k\u00e9tamine sur le march\u00e9 soit rac\u00e9mique ne signifie pas qu&rsquo;elle soit inf\u00e9rieure ou moins efficace. Des \u00e9tudes sur la k\u00e9tamine en tant qu&rsquo;antid\u00e9presseur ont montr\u00e9 que la k\u00e9tamine rac\u00e9mique peut \u00eatre sup\u00e9rieure \u00e0 la r-k\u00e9tamine ou \u00e0 la s-k\u00e9tamine.<\/p>\n<h2>Effets \u00e0 long terme<\/h2>\n<p>Il est tr\u00e8s difficile de d\u00e9terminer les effets \u00e0 long terme de la k\u00e9tamine en raison de ses interactions excessives et impr\u00e9visibles dans le corps. Lorsqu&rsquo;une personne redescend de la k\u00e9tamine, il lui est difficile de dire si elle s&rsquo;est bless\u00e9e, car cette drogue r\u00e9duit ou \u00e9limine la douleur. En cons\u00e9quence, les gens ont souvent tendance \u00e0 se faire du mal. Les effets \u00e0 long terme comprennent des douleurs abdominales graves dues \u00e0 l&rsquo;\u00e9paississement de la vessie et des voies urinaires. Cela peut contraindre les utilisateurs \u00e0 faire enlever leur vessie, car il leur devient tr\u00e8s difficile d&rsquo;uriner. De plus, les abus de la substance entra\u00eenent divers troubles r\u00e9naux.<\/p>\n<h2>Toxicit\u00e9<\/h2>\n<p>La dose l\u00e9tale m\u00e9diane (DL50) est la quantit\u00e9 de m\u00e9dicament qui entra\u00eene la mort de 50 % des animaux de laboratoire test\u00e9s. Gable et al. ont d\u00e9termin\u00e9 le rapport de s\u00e9curit\u00e9 de la k\u00e9tamine par voie orale pour les rongeurs \u00e0 25 et ont estim\u00e9 que la dose l\u00e9tale m\u00e9diane moyenne s&rsquo;\u00e9levait \u00e0 11,3 mg\/kg (IV) ou 678 mg pour un humain de 70 kg.<\/p>\n<h2>D\u00e9pendance \u00e0 la k\u00e9tamine<\/h2>\n<p>En raison du plaisir que peut procurer l&rsquo;effet de la k\u00e9tamine, elle peut entra\u00eener une d\u00e9pendance s\u00e9rieuse.<\/p>\n<h2>Adjuvants courants<\/h2>\n<p>Les \u00e9chantillons de k\u00e9tamine sont parfois d&rsquo;une grande puret\u00e9, mais ils sont souvent m\u00e9lang\u00e9s \u00e0 de la MDMA, de l&rsquo;amph\u00e9tamine, de la m\u00e9thamph\u00e9tamine ou de la coca\u00efne.<\/p>\n<h2>Kit de test de la k\u00e9tamine<\/h2>\n<p>Le kit de test suivant peut d\u00e9tecter la pr\u00e9sence de k\u00e9tamine dans un \u00e9chantillon.<\/p>\n<p style=\"text-align:center;\"><a class=\"button\" href=\"\/fr\/produit\/kit-de-test-ketamine\" alt=\"Kit de test de la k\u00e9tamine\"> Kit de test de la k\u00e9tamine  \u00bb<\/a> <\/p>\n","protected":false},"excerpt":{"rendered":"<p>La k\u00e9tamine est g\u00e9n\u00e9ralement un m\u00e9dicament anesth\u00e9sique dissociatif qui peut alt\u00e9rer la perception visuelle et auditive d&rsquo;une personne. Une personne ressent une sensation de d\u00e9tachement de l&rsquo;environnement et d&rsquo;elle-m\u00eame. \u00c0 faible dose, la k\u00e9tamine entra\u00eene des probl\u00e8mes d&rsquo;apprentissage, de m\u00e9moire et d&rsquo;attention. \u00c0 des doses plus \u00e9lev\u00e9es, elle peut provoquer des hallucinations et plonger une [&hellip;]<\/p>\n","protected":false},"author":1,"featured_media":0,"parent":0,"menu_order":0,"comment_status":"closed","ping_status":"closed","template":"","meta":{"footnotes":""},"class_list":["post-1827","page","type-page","status-publish","hentry"],"_links":{"self":[{"href":"https:\/\/testkitplus.com\/fr\/wp-json\/wp\/v2\/pages\/1827","targetHints":{"allow":["GET"]}}],"collection":[{"href":"https:\/\/testkitplus.com\/fr\/wp-json\/wp\/v2\/pages"}],"about":[{"href":"https:\/\/testkitplus.com\/fr\/wp-json\/wp\/v2\/types\/page"}],"author":[{"embeddable":true,"href":"https:\/\/testkitplus.com\/fr\/wp-json\/wp\/v2\/users\/1"}],"replies":[{"embeddable":true,"href":"https:\/\/testkitplus.com\/fr\/wp-json\/wp\/v2\/comments?post=1827"}],"version-history":[{"count":1,"href":"https:\/\/testkitplus.com\/fr\/wp-json\/wp\/v2\/pages\/1827\/revisions"}],"predecessor-version":[{"id":1828,"href":"https:\/\/testkitplus.com\/fr\/wp-json\/wp\/v2\/pages\/1827\/revisions\/1828"}],"wp:attachment":[{"href":"https:\/\/testkitplus.com\/fr\/wp-json\/wp\/v2\/media?parent=1827"}],"curies":[{"name":"wp","href":"https:\/\/api.w.org\/{rel}","templated":true}]}}