{"id":1819,"date":"2023-10-09T22:38:06","date_gmt":"2023-10-10T02:38:06","guid":{"rendered":"https:\/\/testkitplus.com\/fr\/?page_id=1819"},"modified":"2023-11-13T14:14:45","modified_gmt":"2023-11-13T19:14:45","slug":"amphetamines-speed-informations-generales","status":"publish","type":"page","link":"https:\/\/testkitplus.com\/fr\/amphetamines-speed-informations-generales","title":{"rendered":"Amph\u00e9tamines (Speed) &#8211; Informations g\u00e9n\u00e9rales"},"content":{"rendered":"<p>L&rsquo;amph\u00e9tamine, \u00e9galement connue sous le nom de \u00ab\u00a0Speed\u00a0\u00bb, est un stimulant relativement facile \u00e0 synth\u00e9tiser, ce qui a contribu\u00e9 \u00e0 sa large utilisation.<\/p>\n<h2>Une br\u00e8ve histoire de l&rsquo;amph\u00e9tamine<\/h2>\n<p>Les amph\u00e9tamines ont \u00e9t\u00e9 d\u00e9velopp\u00e9es \u00e0 la fin du XIXe si\u00e8cle, mais elles n&rsquo;ont \u00e9t\u00e9 utilis\u00e9es qu&rsquo;\u00e0 partir des ann\u00e9es 1920. \u00c0 cette \u00e9poque, les professionnels de la sant\u00e9 ont d\u00e9couvert les avantages des amph\u00e9tamines. Ils ont appris que le m\u00e9dicament \u00e9largissait les voies respiratoires et pouvait donc traiter l&rsquo;asthme, les allergies et les rhumes. Il a \u00e9galement \u00e9t\u00e9 d\u00e9couvert que les amph\u00e9tamines aidaient les gens \u00e0 rester \u00e9veill\u00e9s et alertes, et qu&rsquo;elles \u00e9taient administr\u00e9es aux soldats pendant la guerre. Le m\u00e9dicament \u00e9tait disponible l\u00e9galement et \u00e9tait achet\u00e9 par des femmes au foyer et d&rsquo;autres personnes en qu\u00eate des effets de l&rsquo;augmentation de l&rsquo;\u00e9nergie et de la suppression de l&rsquo;app\u00e9tit fournis par l&rsquo;amph\u00e9tamine.<\/p>\n<p>Dans les ann\u00e9es 1970, des restrictions sur le m\u00e9dicament ont \u00e9t\u00e9 impos\u00e9es ; il n&rsquo;\u00e9tait autoris\u00e9 que dans certains m\u00e9dicaments. Aujourd&rsquo;hui, une prescription contenant des amph\u00e9tamines peut \u00eatre donn\u00e9e aux personnes atteintes de narcolepsie et de TDAH.<\/p>\n<h2>Qu&rsquo;est-ce que la m\u00e9thamph\u00e9tamine ?<\/h2>\n<p>La m\u00e9thamph\u00e9tamine est un d\u00e9riv\u00e9 de l&rsquo;amph\u00e9tamine. Les noms courants de la m\u00e9thamph\u00e9tamine incluent \u00ab\u00a0Meth\u00a0\u00bb, \u00ab\u00a0Crystal\u00a0\u00bb, \u00ab\u00a0Glass\u00a0\u00bb, \u00ab\u00a0Crank\u00a0\u00bb, \u00ab\u00a0Tweak\u00a0\u00bb et \u00ab\u00a0Yaba\u00a0\u00bb. Elle a \u00e9t\u00e9 d\u00e9velopp\u00e9e dans les ann\u00e9es 1950 et prescrite \u00e0 des personnes souffrant de d\u00e9pression, d&rsquo;alcoolisme, de la maladie de Parkinson et d&rsquo;ob\u00e9sit\u00e9. Le public a rapidement adopt\u00e9 la m\u00e9thamph\u00e9tamine et a commenc\u00e9 \u00e0 l&rsquo;utiliser pour rester alerte et\/ou perdre du poids. Elle a fini par \u00eatre largement utilis\u00e9e par des personnes, notamment celles travaillant dans le secteur du transport routier. En 2000, une \u00e9tude a \u00e9t\u00e9 r\u00e9alis\u00e9e et environ 5% des personnes aux \u00c9tats-Unis avaient consomm\u00e9 de la m\u00e9thamph\u00e9tamine ou en consommaient encore ; le nombre r\u00e9el est suppos\u00e9 \u00eatre beaucoup plus \u00e9lev\u00e9.<\/p>\n<figure><a href=\"https:\/\/testkitplus.com\/wp-content\/uploads\/images\/substances\/methamphetamine-crystals_lg.jpg\"><img loading=\"lazy\" decoding=\"async\" class=\"size-medium wp-image-458 \" alt=\"Cristaux de m\u00e9thamph\u00e9tamine\" src=\"https:\/\/testkitplus.com\/wp-content\/uploads\/images\/substances\/methamphetamine-crystals.jpg\" width=\"450\" height=\"239\" \/><\/a> <\/p>\n<figure>Cristaux de m\u00e9thamph\u00e9tamine (Crystal Meth). Photo de Erowid.<\/figcaption>\n<\/figure>\n<h2>Les effets de l&rsquo;amph\u00e9tamine et de la m\u00e9thamph\u00e9tamine<\/h2>\n<p>Les deux m\u00e9dicaments sont des psychostimulants, ce qui signifie qu&rsquo;ils augmentent la capacit\u00e9 d&rsquo;une personne \u00e0 rester \u00e9veill\u00e9e et \u00e0 se concentrer davantage. Ils augmentent tous deux les niveaux de nor\u00e9pin\u00e9phrine et de dopamine dans le cerveau. Lorsque ces substances chimiques sont augment\u00e9es, une personne ressentira un sentiment d&rsquo;euphorie et une augmentation de l&rsquo;\u00e9nergie.<\/p>\n<h2>Diff\u00e9rences entre l&rsquo;amph\u00e9tamine et la m\u00e9thamph\u00e9tamine<\/h2>\n<p>Tant l&rsquo;amph\u00e9tamine que la m\u00e9thamph\u00e9tamine peuvent \u00eatre prescrites en m\u00e9dicament, mais la m\u00e9thamph\u00e9tamine est consid\u00e9r\u00e9e comme plus puissante et plus addictive. La FDA indique que l&rsquo;utilit\u00e9 th\u00e9rapeutique limit\u00e9e de la m\u00e9thamph\u00e9tamine doit \u00eatre mise en balance avec les risques inh\u00e9rents \u00e0 son utilisation. La m\u00e9thamph\u00e9tamine est associ\u00e9e \u00e0 un plus grand potentiel de mauvais usage.<\/p>\n<h2>Kit de test Amph\u00e9tamine\/M\u00e9thamph\u00e9tamine<\/h2>\n<p>Pour savoir si une substance est probablement de l&rsquo;amph\u00e9tamine ou de la m\u00e9thamph\u00e9tamine, nous recommandons notre <a href=\"\/fr\/produit\/kit-de-test-meth-amphetamine\">Kit de test Amph\u00e9tamine\/M\u00e9thamph\u00e9tamine<\/a>. Il comprend les <span data-text=\"Un r\u00e9actif est une substance ajout\u00e9e \u00e0 une drogue pour voir si une r\u00e9action chimique se produit, produisant un changement de couleur.\" class=\"tooltip\">r\u00e9actifs<\/span> n\u00e9cessaires pour identifier avec pr\u00e9cision la m\u00e9thamph\u00e9tamine et l&rsquo;amph\u00e9tamine.<\/p>\n<p style=\"text-align:left;\"><a class=\"button\" href=\"\/fr\/produit\/kit-de-test-meth-amphetamine\"> <span class=\"woo-\">Kit de test Amph\u00e9tamine\/M\u00e9thamph\u00e9tamine  \u00bb<\/span><\/a><\/p>\n<h3>D\u00e9monstration vid\u00e9o du kit de test Amph\u00e9tamine\/M\u00e9thamph\u00e9tamine<\/h3>\n<p><!--[content_control status=\"logged_out\"][xoo_el_action type=\"login\" display=\"button\" text=\"Connectez-vous pour voir la vid\u00e9o \u00bb\" redirect_to=\"same\"][\/content_control][content_control]--><\/p>\n<div style=\"padding:56.25% 0 0 0;position:relative;\"><iframe src=\"https:\/\/player.vimeo.com\/video\/808755923\" frameborder=\"0\" allow=\"autoplay; fullscreen; picture-in-picture\" allowfullscreen style=\"position:absolute;top:0;left:0;width:100%;height:100%;\" title=\"methamphetamine-test-kit\"><\/iframe><\/div>\n<p><script src=\"https:\/\/player.vimeo.com\/api\/player.js\"><\/script><!--[\/content_control]--><\/p>\n","protected":false},"excerpt":{"rendered":"<p>L&rsquo;amph\u00e9tamine, \u00e9galement connue sous le nom de \u00ab\u00a0Speed\u00a0\u00bb, est un stimulant relativement facile \u00e0 synth\u00e9tiser, ce qui a contribu\u00e9 \u00e0 sa large utilisation. Une br\u00e8ve histoire de l&rsquo;amph\u00e9tamine Les amph\u00e9tamines ont \u00e9t\u00e9 d\u00e9velopp\u00e9es \u00e0 la fin du XIXe si\u00e8cle, mais elles n&rsquo;ont \u00e9t\u00e9 utilis\u00e9es qu&rsquo;\u00e0 partir des ann\u00e9es 1920. \u00c0 cette \u00e9poque, les professionnels de [&hellip;]<\/p>\n","protected":false},"author":1,"featured_media":0,"parent":0,"menu_order":0,"comment_status":"closed","ping_status":"closed","template":"","meta":{"footnotes":""},"class_list":["post-1819","page","type-page","status-publish","hentry"],"_links":{"self":[{"href":"https:\/\/testkitplus.com\/fr\/wp-json\/wp\/v2\/pages\/1819","targetHints":{"allow":["GET"]}}],"collection":[{"href":"https:\/\/testkitplus.com\/fr\/wp-json\/wp\/v2\/pages"}],"about":[{"href":"https:\/\/testkitplus.com\/fr\/wp-json\/wp\/v2\/types\/page"}],"author":[{"embeddable":true,"href":"https:\/\/testkitplus.com\/fr\/wp-json\/wp\/v2\/users\/1"}],"replies":[{"embeddable":true,"href":"https:\/\/testkitplus.com\/fr\/wp-json\/wp\/v2\/comments?post=1819"}],"version-history":[{"count":8,"href":"https:\/\/testkitplus.com\/fr\/wp-json\/wp\/v2\/pages\/1819\/revisions"}],"predecessor-version":[{"id":1914,"href":"https:\/\/testkitplus.com\/fr\/wp-json\/wp\/v2\/pages\/1819\/revisions\/1914"}],"wp:attachment":[{"href":"https:\/\/testkitplus.com\/fr\/wp-json\/wp\/v2\/media?parent=1819"}],"curies":[{"name":"wp","href":"https:\/\/api.w.org\/{rel}","templated":true}]}}