{"id":1816,"date":"2023-10-09T22:33:50","date_gmt":"2023-10-10T02:33:50","guid":{"rendered":"https:\/\/testkitplus.com\/fr\/?page_id=1816"},"modified":"2024-01-03T16:23:17","modified_gmt":"2024-01-03T21:23:17","slug":"comparaison-de-la-nocivite-des-drogues","status":"publish","type":"page","link":"https:\/\/testkitplus.com\/fr\/comparaison-de-la-nocivite-des-drogues","title":{"rendered":"Comparaison de la nocivit\u00e9 des drogues"},"content":{"rendered":"<p>Les diff\u00e9rentes drogues varient largement en termes de propri\u00e9t\u00e9s et de nocivit\u00e9. Le graphique ci-dessous repr\u00e9sente diverses drogues sur une \u00e9chelle d&rsquo;addiction et de potentiel de danger physique. Ce graphique a \u00e9t\u00e9 extrait d&rsquo;un article du Lancet sur l&rsquo;\u00e9valuation de la <a rel=\"noopener\" href=\"http:\/\/www.thelancet.com\/journals\/lancet\/article\/PIIS0140-6736%2807%2960464-4\/abstract\">nocivit\u00e9 des drogues<\/a> et est publi\u00e9 sur Wikipedia, entre autres endroits.<\/p>\n<figure><a href=\"\/wp-content\/uploads\/images\/substances\/drug-harmfulness-scale.png\"><img loading=\"lazy\" decoding=\"async\" alt=\"\u00c9chelle de nocivit\u00e9\/addiction des drogues\" src=\"\/wp-content\/uploads\/images\/substances\/drug-harmfulness-scale.png\" width=\"532\" height=\"532\" \/><\/a><figcaption>Une cat\u00e9gorisation des drogues dures (en rouge), douces (en jaune) et frontali\u00e8res (en orange).<\/figcaption><\/figure>\n<p>Aucune drogue n&rsquo;est totalement s\u00fbre, et certains critiques arguent que le terme \u00ab\u00a0drogue douce\u00a0\u00bb ne devrait pas \u00eatre utilis\u00e9, car il pourrait laisser penser que certaines drogues sont presque inoffensives.<\/p>\n","protected":false},"excerpt":{"rendered":"<p>Les diff\u00e9rentes drogues varient largement en termes de propri\u00e9t\u00e9s et de nocivit\u00e9. Le graphique ci-dessous repr\u00e9sente diverses drogues sur une \u00e9chelle d&rsquo;addiction et de potentiel de danger physique. Ce graphique a \u00e9t\u00e9 extrait d&rsquo;un article du Lancet sur l&rsquo;\u00e9valuation de la nocivit\u00e9 des drogues et est publi\u00e9 sur Wikipedia, entre autres endroits. Une cat\u00e9gorisation des [&hellip;]<\/p>\n","protected":false},"author":1,"featured_media":0,"parent":0,"menu_order":0,"comment_status":"closed","ping_status":"closed","template":"","meta":{"footnotes":""},"class_list":["post-1816","page","type-page","status-publish","hentry"],"_links":{"self":[{"href":"https:\/\/testkitplus.com\/fr\/wp-json\/wp\/v2\/pages\/1816","targetHints":{"allow":["GET"]}}],"collection":[{"href":"https:\/\/testkitplus.com\/fr\/wp-json\/wp\/v2\/pages"}],"about":[{"href":"https:\/\/testkitplus.com\/fr\/wp-json\/wp\/v2\/types\/page"}],"author":[{"embeddable":true,"href":"https:\/\/testkitplus.com\/fr\/wp-json\/wp\/v2\/users\/1"}],"replies":[{"embeddable":true,"href":"https:\/\/testkitplus.com\/fr\/wp-json\/wp\/v2\/comments?post=1816"}],"version-history":[{"count":2,"href":"https:\/\/testkitplus.com\/fr\/wp-json\/wp\/v2\/pages\/1816\/revisions"}],"predecessor-version":[{"id":1952,"href":"https:\/\/testkitplus.com\/fr\/wp-json\/wp\/v2\/pages\/1816\/revisions\/1952"}],"wp:attachment":[{"href":"https:\/\/testkitplus.com\/fr\/wp-json\/wp\/v2\/media?parent=1816"}],"curies":[{"name":"wp","href":"https:\/\/api.w.org\/{rel}","templated":true}]}}