{"id":1811,"date":"2023-10-09T22:25:33","date_gmt":"2023-10-10T02:25:33","guid":{"rendered":"https:\/\/testkitplus.com\/fr\/?page_id=1811"},"modified":"2023-10-09T22:31:50","modified_gmt":"2023-10-10T02:31:50","slug":"comment-identifier-la-molly-mdma","status":"publish","type":"page","link":"https:\/\/testkitplus.com\/fr\/comment-identifier-la-molly-mdma","title":{"rendered":"Comment identifier la Molly (MDMA)"},"content":{"rendered":"<p>La MDMA (alias Ecstasy, E, X, XTC, Rolls, Beans, Adam, Molly) est l&rsquo;une des drogues festives les plus populaires aujourd&rsquo;hui. Malheureusement, l&rsquo;ecstasy contrefait est bien trop courant. Se faire avoir avec de l&rsquo;ecstasy contrefait va au-del\u00e0 de la mauvaise sensation de se faire arnaquer &#8211; l&rsquo;ecstasy contrefait a conduit de nombreuses personnes sans m\u00e9fiance \u00e0 l&rsquo;h\u00f4pital, et a m\u00eame caus\u00e9 des d\u00e9c\u00e8s.<\/p>\n<p>Rendons une chose parfaitement claire : il est beaucoup plus difficile de savoir ce que vous obtenez sans un <a title=\"Kit de test MDMA (Ecstasy)\" href=\"\/fr\/produit\/kit-de-test-mdma-ecstasy\">kit de test MDMA (Ecstasy)<\/a>. Utiliser un <a href=\"\/fr\/shop\" title=\"Kits de test de substances - Marquis, Mandelin, Mecke, Puret\u00e9 de la coca\u00efne\">kit de test<\/a> est de loin la meilleure m\u00e9thode pour les tests imm\u00e9diats. N\u00e9anmoins, il existe quelques choses \u00e0 faire sans un kit de test qui peuvent augmenter vos chances.<\/p>\n<h2>Formes d&rsquo;ecstasy<\/h2>\n<p>La MDMA est g\u00e9n\u00e9ralement disponible sous forme de comprim\u00e9s, de capsules, de poudre et de petits cristaux.<\/p>\n<h2>Identification de la MDMA<\/h2>\n<p>La MDMA sous forme de poudre cristalline devrait avoir un \u00e9clat, similaire au sable fin de plage. Des formes ou couleurs de particules diff\u00e9rentes pourraient indiquer la pr\u00e9sence de substances ind\u00e9sirables. La MDMA peut \u00e9galement se pr\u00e9senter sous forme de morceaux ou de cristaux plus gros.<\/p>\n<h3>\u00c0 \u00e9viter<\/h3>\n<ol>\n<li>\u00c9vitez les comprim\u00e9s press\u00e9s si possible, optez plut\u00f4t pour de la poudre ou des cristaux. Il est impossible de savoir ce qu&rsquo;il y a dans un comprim\u00e9 en le regardant. Il est \u00e9galement tr\u00e8s facile de fabriquer de faux comprim\u00e9s. Regardez la vid\u00e9o de quelqu&rsquo;un <a title=\"Pourquoi vous devriez tester vos drogues\" href=\"http:\/\/testkitplus.com\/drug-info\/why-test-your-drugs\">fabriquant des comprim\u00e9s<\/a> chez lui.<\/li>\n<li>\u00c9vitez les poudres qui semblent collantes, ou qui sont mates et extr\u00eamement fines. Si votre \u00e9chantillon ressemble \u00e0 de la farine de cuisine ou du sucre en poudre, il vaut mieux s&rsquo;en \u00e9loigner.<\/li>\n<li>\u00c9vitez les substances de couleur brune, rouge, verte ou jaune.<\/li>\n<\/ol>\n<h2>Photos de la MDMA<\/h2>\n<p>La poudre de MDMA ressemble g\u00e9n\u00e9ralement \u00e0 ceci :<\/p>\n<figure><a href=\"\/wp-content\/uploads\/MDMA-crystalline-powder.jpg\"><img loading=\"lazy\" decoding=\"async\" class=\"size-medium wp-image-458 \" alt=\"Poudre de MDMA\" src=\"\/wp-content\/uploads\/MDMA-crystalline-powder-300x186.jpg\" width=\"300\" height=\"186\" \/><\/a><figcaption>Une petite quantit\u00e9 de poudre de MDMA.<\/figcaption><\/figure>\n<hr \/>\n<p>Vous pourriez ne pas obtenir de morceaux de cette taille, mais ces images donnent une id\u00e9e de ce \u00e0 quoi ressemble la MDMA sous forme de cristaux plus gros.<\/p>\n<figure><a href=\"\/wp-content\/uploads\/mdma-chunks.jpg\"><img loading=\"lazy\" decoding=\"async\" class=\"size-medium wp-image-459 \" alt=\"Morceaux de MDMA cristalline\" src=\"\/wp-content\/uploads\/mdma-chunks-300x260.jpg\" width=\"300\" height=\"260\" \/><\/a><figcaption>Morceaux de MDMA cristalline. Photo de Erowid.<\/figcaption><\/figure>\n<figure><a href=\"\/wp-content\/uploads\/mdma-crystals.jpg\"><img loading=\"lazy\" decoding=\"async\" class=\"size-medium wp-image-460 \" alt=\"Cristaux de MDMA\" src=\"\/wp-content\/uploads\/mdma-crystals-300x209.jpg\" width=\"300\" height=\"209\" \/><\/a><figcaption>Gros cristaux de MDMA. Photo de Erowid.<\/figcaption><\/figure>\n<h2>Adjuvants courants de l&rsquo;ecstasy<\/h2>\n<p><strong>DXM (dextrom\u00e9thorphane)<\/strong>, utilis\u00e9 dans les m\u00e9dicaments contre la toux, est une substance couramment vendue \u00e0 la place de l&rsquo;ecstasy. Le DXM n&rsquo;est pas une drogue de danse, et ses effets sont similaires \u00e0 ceux du k\u00e9taconazole et du PCP. Le DXM a contribu\u00e9 \u00e0 provoquer des coups de chaleur chez de nombreux ravers sans m\u00e9fiance, surtout lorsqu&rsquo;il est m\u00e9lang\u00e9 \u00e0 de la MDMA.<\/p>\n<p><strong>PMA et PMMA<\/strong> sont \u00e9galement trop souvent vendus comme de l&rsquo;ecstasy. Le PMA\/PMMA est consid\u00e9r\u00e9 comme beaucoup plus dangereux que la MDMA car \u00e0 des doses l\u00e9g\u00e8rement plus \u00e9lev\u00e9es, le PMA\/PMMA peut provoquer une augmentation de la temp\u00e9rature corporelle et du rythme cardiaque, des convulsions, voire la mort. Le PMA et le PMMA mettent \u00e9galement plus de temps \u00e0 agir que la MDMA. Lorsque les gens ne savent pas qu&rsquo;ils ont pris du PMA, ils peuvent \u00eatre tent\u00e9s de reprendre de la drogue, augmentant ainsi les chances de prendre une dose mortelle.<\/p>\n<h3>S\u00e9rieusement, procurez-vous un kit de test<\/h3>\n<p>Une bien meilleure fa\u00e7on d&rsquo;identifier la MDMA est d&rsquo;utiliser un <a title=\"Kit de test MDMA (Ecstasy)\" href=\"\/fr\/produit\/kit-de-test-mdma-ecstasy\">kit de test Ecstasy (MDMA)<\/a>. Un kit de test co\u00fbte environ le m\u00eame prix qu&rsquo;un comprim\u00e9 et peut vous sauver la vie.<\/p>\n<p style=\"text-align:center;\"><a class=\"button\" href=\"\/fr\/produit\/kit-de-test-mdma-ecstasy\">Kit de test MDMA (Molly) \u00bb<\/a><\/p>\n<p><!-- Pour en savoir plus sur le test de la MDMA, veuillez consulter : <a href=\"\/how-tos\/how-to-test-mdma-molly-ecstasy\" alt=\"Guide de test de la MDMA\">Comment tester la MDMA (Molly\/Ecstasy) \u00bb<\/a>--><\/p>\n","protected":false},"excerpt":{"rendered":"<p>La MDMA (alias Ecstasy, E, X, XTC, Rolls, Beans, Adam, Molly) est l&rsquo;une des drogues festives les plus populaires aujourd&rsquo;hui. Malheureusement, l&rsquo;ecstasy contrefait est bien trop courant. Se faire avoir avec de l&rsquo;ecstasy contrefait va au-del\u00e0 de la mauvaise sensation de se faire arnaquer &#8211; l&rsquo;ecstasy contrefait a conduit de nombreuses personnes sans m\u00e9fiance \u00e0 [&hellip;]<\/p>\n","protected":false},"author":1,"featured_media":0,"parent":0,"menu_order":0,"comment_status":"closed","ping_status":"closed","template":"","meta":{"footnotes":""},"class_list":["post-1811","page","type-page","status-publish","hentry"],"_links":{"self":[{"href":"https:\/\/testkitplus.com\/fr\/wp-json\/wp\/v2\/pages\/1811","targetHints":{"allow":["GET"]}}],"collection":[{"href":"https:\/\/testkitplus.com\/fr\/wp-json\/wp\/v2\/pages"}],"about":[{"href":"https:\/\/testkitplus.com\/fr\/wp-json\/wp\/v2\/types\/page"}],"author":[{"embeddable":true,"href":"https:\/\/testkitplus.com\/fr\/wp-json\/wp\/v2\/users\/1"}],"replies":[{"embeddable":true,"href":"https:\/\/testkitplus.com\/fr\/wp-json\/wp\/v2\/comments?post=1811"}],"version-history":[{"count":5,"href":"https:\/\/testkitplus.com\/fr\/wp-json\/wp\/v2\/pages\/1811\/revisions"}],"predecessor-version":[{"id":1817,"href":"https:\/\/testkitplus.com\/fr\/wp-json\/wp\/v2\/pages\/1811\/revisions\/1817"}],"wp:attachment":[{"href":"https:\/\/testkitplus.com\/fr\/wp-json\/wp\/v2\/media?parent=1811"}],"curies":[{"name":"wp","href":"https:\/\/api.w.org\/{rel}","templated":true}]}}