{"id":1809,"date":"2023-10-09T22:17:23","date_gmt":"2023-10-10T02:17:23","guid":{"rendered":"https:\/\/testkitplus.com\/fr\/?page_id=1809"},"modified":"2025-06-13T10:25:28","modified_gmt":"2025-06-13T14:25:28","slug":"informations-sur-les-drogues","status":"publish","type":"page","link":"https:\/\/testkitplus.com\/fr\/informations-sur-les-drogues","title":{"rendered":"Informations sur les drogues"},"content":{"rendered":"<p>Il existe de nombreuses informations et d\u00e9sinformations sur les drogues. Notre objectif est de fournir \u00e0 nos visiteurs le contenu le plus utile pour permettre une prise de d\u00e9cision \u00e9clair\u00e9e.<\/p>\n<ul>\n<li><a href=\"\/fr\/comparaison-de-la-nocivite-des-drogues\" title=\"Comparaison de la nocivit\u00e9 des drogues\">Comparaison de la nocivit\u00e9 des drogues<\/a><\/li>\n<li><a href=\"\/fr\/comment-identifier-la-molly-mdma\" title=\"Comment identifier la Molly (MDMA)\">Comment identifier la Molly (MDMA\/Ecstasy)<\/a><\/li>\n<li><a href=\"\/fr\/amphetamines-speed-informations-generales\" title=\"Amph\u00e9tamines (Speed) \u2013 Informations g\u00e9n\u00e9rales\">Amph\u00e9tamines (Speed) \u2013 Informations g\u00e9n\u00e9rales<\/a><\/li>\n<li><a href=\"\/fr\/la-cocaine\" title=\"Coca\u00efne - Informations g\u00e9n\u00e9rales\">Coca\u00efne &#8211; Informations g\u00e9n\u00e9rales<\/a><\/li>\n<li><a href=\"\/fr\/ketamine\" title=\"K\u00e9tamine \u2013 Tout ce que vous devez savoir\">K\u00e9tamine \u2013 Tout ce que vous devez savoir<\/a><\/li>\n<li><a href=\"\/fr\/lsd\" title=\"LSD \u2013 Tout ce que vous devez savoir\">LSD \u2013 Tout ce que vous devez savoir<\/a><\/li>\n<li><a href=\"\/drug-info\/links\" title=\"Useful Links\">Useful Links<\/a><\/li>\n<\/ul>\n<p><a class=\"button\" href=\"\/fr\/shop\">Obtenir un kit de d\u00e9pistage de drogues  \u00bb<\/a><\/p>\n","protected":false},"excerpt":{"rendered":"<p>Il existe de nombreuses informations et d\u00e9sinformations sur les drogues. Notre objectif est de fournir \u00e0 nos visiteurs le contenu le plus utile pour permettre une prise de d\u00e9cision \u00e9clair\u00e9e. Comparaison de la nocivit\u00e9 des drogues Comment identifier la Molly (MDMA\/Ecstasy) Amph\u00e9tamines (Speed) \u2013 Informations g\u00e9n\u00e9rales Coca\u00efne &#8211; Informations g\u00e9n\u00e9rales K\u00e9tamine \u2013 Tout ce que [&hellip;]<\/p>\n","protected":false},"author":1,"featured_media":0,"parent":0,"menu_order":0,"comment_status":"closed","ping_status":"closed","template":"","meta":{"footnotes":""},"class_list":["post-1809","page","type-page","status-publish","hentry"],"_links":{"self":[{"href":"https:\/\/testkitplus.com\/fr\/wp-json\/wp\/v2\/pages\/1809","targetHints":{"allow":["GET"]}}],"collection":[{"href":"https:\/\/testkitplus.com\/fr\/wp-json\/wp\/v2\/pages"}],"about":[{"href":"https:\/\/testkitplus.com\/fr\/wp-json\/wp\/v2\/types\/page"}],"author":[{"embeddable":true,"href":"https:\/\/testkitplus.com\/fr\/wp-json\/wp\/v2\/users\/1"}],"replies":[{"embeddable":true,"href":"https:\/\/testkitplus.com\/fr\/wp-json\/wp\/v2\/comments?post=1809"}],"version-history":[{"count":3,"href":"https:\/\/testkitplus.com\/fr\/wp-json\/wp\/v2\/pages\/1809\/revisions"}],"predecessor-version":[{"id":2141,"href":"https:\/\/testkitplus.com\/fr\/wp-json\/wp\/v2\/pages\/1809\/revisions\/2141"}],"wp:attachment":[{"href":"https:\/\/testkitplus.com\/fr\/wp-json\/wp\/v2\/media?parent=1809"}],"curies":[{"name":"wp","href":"https:\/\/api.w.org\/{rel}","templated":true}]}}