{"id":17,"date":"2014-03-03T22:57:07","date_gmt":"2014-03-04T03:57:07","guid":{"rendered":"http:\/\/testkitplus.com\/fr\/?page_id=17"},"modified":"2014-03-03T22:57:07","modified_gmt":"2014-03-04T03:57:07","slug":"politique-de-confidentialite","status":"publish","type":"page","link":"https:\/\/testkitplus.com\/fr\/politique-de-confidentialite","title":{"rendered":"Politique de confidentialit\u00e9"},"content":{"rendered":"<p>Nous endossons fermement les pratiques responsables en mati\u00e8re de commerce \u00e9lectronique. Tous les renseignements personnels qui nous sont soumis sont prot\u00e9g\u00e9s et conserv\u00e9s de fa\u00e7on confidentielle. Vos renseignements personnels ne seront jamais divulgu\u00e9s, vendus ou \u00e9chang\u00e9s \u00e0 de tierces parties. Ceci s&rsquo;applique \u00e9videmment \u00e0 votre adresse de courriel (email).<\/p>\n<p>Pour votre protection, toutes les transactions \u00e9lectroniques sont effectu\u00e9es par un serveur s\u00e9curis\u00e9. Notre site Internet utilise les technologies de cryptage les plus puissantes pour emp\u00eacher l&rsquo;interception et l&rsquo;utilisation de renseignements personnels.<\/p>\n<p>Toutes les commandes sont trait\u00e9es suivant un processus de criblage pour pr\u00e9venir les fraudes. Veuillez noter que votre commande sera retard\u00e9e ou annul\u00e9e si nous ne sommes pas en mesure de v\u00e9rifier la validit\u00e9 de vote carte de cr\u00e9dit aupr\u00e8s de votre institution bancaire. Nous d\u00e9truisons les informations de cartes de cr\u00e9dit une fois les transactions compl\u00e9t\u00e9es.<\/p>\n<p>Notre site Internet utilise des fichiers t\u00e9moins (\u00ab\u00a0cookies\u00a0\u00bb) uniquement pour \u00eatre en mesure d&rsquo;effectuer le suivi des items que vous ajoutez \u00e0 votre panier d&rsquo;achats.<\/p>\n<p><strong>Retrait d\u2019informations<\/strong><br \/>\nSi vous d\u00e9sirez que vos informations soient supprim\u00e9es de notre syst\u00e8me, vous devez simplement nous contacter pour nous faire part de votre demande et nous retirerons toutes vos informations personnelles dans un d\u00e9lai de 72 heures.<\/p>\n<p><strong>Transmission d\u2019informations<\/strong><br \/>\nAucune information partag\u00e9e avec le Centre de Th\u00e9rapie de Montr\u00e9al ne sera transmise \u00e0 une tierce partie. Aucune information ne sera fournie \u00e0 une tierce compagnie \u00e0 des fins commerciales.<\/p>\n<p><strong>Engagement \u00e0 la protection des donn\u00e9es<\/strong><br \/>\nVos donn\u00e9es d\u2019identification personnelles sont prot\u00e9g\u00e9es. Seulement le personnel autoris\u00e9, et nos th\u00e9rapeutes (qui ont accept\u00e9 de garder l\u2019information confidentielle et prot\u00e9g\u00e9e) ont acc\u00e8s \u00e0 l\u2019information.<\/p>\n<p><strong>Informations sur la politique de confidentialit\u00e9<\/strong><br \/>\nSi vous avez des questions, des inqui\u00e9tudes ou des commentaires concernant notre politique de confidentialit\u00e9, s\u2019il-vous-pla\u00eet n\u2019h\u00e9sitez pas \u00e0 nous contacter.<\/p>\n","protected":false},"excerpt":{"rendered":"<p>Nous endossons fermement les pratiques responsables en mati\u00e8re de commerce \u00e9lectronique. Tous les renseignements personnels qui nous sont soumis sont prot\u00e9g\u00e9s et conserv\u00e9s de fa\u00e7on confidentielle. Vos renseignements personnels ne seront jamais divulgu\u00e9s, vendus ou \u00e9chang\u00e9s \u00e0 de tierces parties. Ceci s&rsquo;applique \u00e9videmment \u00e0 votre adresse de courriel (email). Pour votre protection, toutes les transactions [&hellip;]<\/p>\n","protected":false},"author":1,"featured_media":0,"parent":0,"menu_order":0,"comment_status":"closed","ping_status":"closed","template":"","meta":{"footnotes":""},"class_list":["post-17","page","type-page","status-publish","hentry"],"_links":{"self":[{"href":"https:\/\/testkitplus.com\/fr\/wp-json\/wp\/v2\/pages\/17","targetHints":{"allow":["GET"]}}],"collection":[{"href":"https:\/\/testkitplus.com\/fr\/wp-json\/wp\/v2\/pages"}],"about":[{"href":"https:\/\/testkitplus.com\/fr\/wp-json\/wp\/v2\/types\/page"}],"author":[{"embeddable":true,"href":"https:\/\/testkitplus.com\/fr\/wp-json\/wp\/v2\/users\/1"}],"replies":[{"embeddable":true,"href":"https:\/\/testkitplus.com\/fr\/wp-json\/wp\/v2\/comments?post=17"}],"version-history":[{"count":1,"href":"https:\/\/testkitplus.com\/fr\/wp-json\/wp\/v2\/pages\/17\/revisions"}],"predecessor-version":[{"id":18,"href":"https:\/\/testkitplus.com\/fr\/wp-json\/wp\/v2\/pages\/17\/revisions\/18"}],"wp:attachment":[{"href":"https:\/\/testkitplus.com\/fr\/wp-json\/wp\/v2\/media?parent=17"}],"curies":[{"name":"wp","href":"https:\/\/api.w.org\/{rel}","templated":true}]}}