{"id":11,"date":"2014-03-03T22:30:58","date_gmt":"2014-03-04T03:30:58","guid":{"rendered":"http:\/\/testkitplus.com\/fr\/?page_id=11"},"modified":"2014-03-06T02:52:46","modified_gmt":"2014-03-06T07:52:46","slug":"qui-sommes-nous","status":"publish","type":"page","link":"https:\/\/testkitplus.com\/fr\/qui-sommes-nous","title":{"rendered":"Qui sommes-nous?"},"content":{"rendered":"<p>Notre mission est d&rsquo;am\u00e9liorer la s\u00e9curit\u00e9 par la r\u00e9duction des risques. La grande majorit\u00e9 des utilisateurs de drogues dans nos soci\u00e9t\u00e9s ne sont pas d\u00e9pendants et ne sont que des utilisateurs dans un but r\u00e9cr\u00e9atif. Pourtant, dans cette population, la pr\u00e9vention des risques demeure sous-adapt\u00e9e. Nous ne promouvons , ni n&rsquo;approuvons l&rsquo;usage de drogues d&rsquo;aucune sorte, mais nous comprenons que nombreux sont ceux qui d\u00e9cident de consommer des drogues de mani\u00e8re r\u00e9cr\u00e9ative. Nous fournissons du mat\u00e9riel \u00e9ducatif et des kits de d\u00e9pistage des produits de coupe, afin que les gens soient mieux inform\u00e9s et puissent mieux se prot\u00e9ger.<\/p>\n<p>Nous sommes une petite \u00e9quipe bas\u00e9e au Canada, et nous exp\u00e9dions actuellement <a href=\"\/fr\/shop\/\">nos produits<\/a> sur le continent nord-am\u00e9ricain. Si vous \u00eates int\u00e9ress\u00e9s pour distribuer nos produits, merci de <a href=\"\/fr\/contact\" title=\"Contact Test Kit Plus\">nous contacter<\/a>. <\/p>\n","protected":false},"excerpt":{"rendered":"<p>Notre mission est d&rsquo;am\u00e9liorer la s\u00e9curit\u00e9 par la r\u00e9duction des risques. La grande majorit\u00e9 des utilisateurs de drogues dans nos soci\u00e9t\u00e9s ne sont pas d\u00e9pendants et ne sont que des utilisateurs dans un but r\u00e9cr\u00e9atif. Pourtant, dans cette population, la pr\u00e9vention des risques demeure sous-adapt\u00e9e. Nous ne promouvons , ni n&rsquo;approuvons l&rsquo;usage de drogues d&rsquo;aucune [&hellip;]<\/p>\n","protected":false},"author":1,"featured_media":0,"parent":0,"menu_order":0,"comment_status":"closed","ping_status":"closed","template":"","meta":{"footnotes":""},"class_list":["post-11","page","type-page","status-publish","hentry"],"_links":{"self":[{"href":"https:\/\/testkitplus.com\/fr\/wp-json\/wp\/v2\/pages\/11","targetHints":{"allow":["GET"]}}],"collection":[{"href":"https:\/\/testkitplus.com\/fr\/wp-json\/wp\/v2\/pages"}],"about":[{"href":"https:\/\/testkitplus.com\/fr\/wp-json\/wp\/v2\/types\/page"}],"author":[{"embeddable":true,"href":"https:\/\/testkitplus.com\/fr\/wp-json\/wp\/v2\/users\/1"}],"replies":[{"embeddable":true,"href":"https:\/\/testkitplus.com\/fr\/wp-json\/wp\/v2\/comments?post=11"}],"version-history":[{"count":3,"href":"https:\/\/testkitplus.com\/fr\/wp-json\/wp\/v2\/pages\/11\/revisions"}],"predecessor-version":[{"id":140,"href":"https:\/\/testkitplus.com\/fr\/wp-json\/wp\/v2\/pages\/11\/revisions\/140"}],"wp:attachment":[{"href":"https:\/\/testkitplus.com\/fr\/wp-json\/wp\/v2\/media?parent=11"}],"curies":[{"name":"wp","href":"https:\/\/api.w.org\/{rel}","templated":true}]}}